{"id":35521,"date":"2025-10-22T09:15:59","date_gmt":"2025-10-22T07:15:59","guid":{"rendered":"https:\/\/houno.com\/accessories\/invoq-carecycle-clean-tablets-ready\/"},"modified":"2026-01-08T11:19:42","modified_gmt":"2026-01-08T10:19:42","slug":"invoq-carecycle-languettes-de-nettoyage","status":"publish","type":"product","link":"https:\/\/houno.com\/fr\/accessories\/invoq-carecycle-languettes-de-nettoyage\/","title":{"rendered":"Invoq CareCycle Clean"},"content":{"rendered":"\n<section class=\"wp-block-morningtrain-text-sections mtt-text-sections style background_element undefined is-style-bg-white is-style-no_bg\"><div class=\"mtt-text-sections__inner page_container \"><p class=\"mtt-text-sections__tagline mtt-tagline\"><\/p><h2 class=\"mtt-text-sections__title\">Informations sur le produit<\/h2><div class=\"mtt-text-sections__wrap\"><div class=\"mtt-text-sections__text-container\">Languettes de nettoyage sans phosphates, r\u00e9sistantes \u00e0 la salet\u00e9 et respectueuses de l\u2019environnement.<br><br>Le four mixte Invoq vous guide pour placer la quantit\u00e9 de languettes de nettoyage n\u00e9cessaire pour le cycle souhait\u00e9. Ainsi, le rapport d\u00e9tergent\/eau est toujours correct et vous \u00e9vitez toute surconsommation. La formule sans phosphate de la languette de nettoyage est un choix \u00e9cologique qui vous aide \u00e0 atteindre les objectifs \u00e9cologiques de votre entreprise.  <br> <br>Les languettes CareCycle Clean r\u00e9pondent \u00e0 toutes les exigences en mati\u00e8re de facilit\u00e9 de manipulation et d\u2019exp\u00e9dition.<br><br>ATTENTION<br>En raison du risque d&rsquo;irritation cutan\u00e9e, HOUN\u00d6 recommande toujours l&rsquo;utilisation de gants de protection individuels afin d&rsquo;\u00e9viter tout contact direct avec les pastilles CareCycle Clean et CareCycle Descale.<\/div><div class=\"mtt-text-sections__text-container\"><\/div><\/div><\/div><\/section>\n\n\n\n<section class=\"wp-block-morningtrain-separator mtt-separator undefined spacing_top_104\"><div class=\"mtt-separator__border page_container\"><\/div><\/section>\n\n\n\r\n<section class=\"mtt-accordion\">\r\n    <div class=\"mtt-accordion__inner\">\r\n        <div class=\"mtt-accordion__wrap page_container\">\r\n\r\n            \r\n            <div class=\"mtt-accordion__accordions\">\r\n                                            <\/div>\r\n\r\n        <\/div>\r\n    <\/div>\r\n<\/section>\n\n\r\n<section id=\"l'information\" class=\"mtt-accordion spacing_bottom_104 spacing-classes-added\">\r\n    <div class=\"mtt-accordion__inner\">\r\n        <div class=\"mtt-accordion__wrap page_container\">\r\n\r\n            \r\n            <div class=\"mtt-accordion__accordions\">\r\n                                                            <div class=\"mtt-accordion__accordion\">\r\n\r\n                            <div class=\"mtt-accordion__accordion-title\">\r\n                                <p>Sp\u00e9cifications<\/p>\r\n                            <\/div>\r\n\r\n                            <div class=\"mtt-accordion__accordion-content\">\r\n                                <div class=\"mtt-accordion__accordion-content-inner\">\r\n                                    <p>\u2022 Vendu en bo\u00eete<br \/>\n\u2022 Quantit\u00e9 par bo\u00eete : 50 comprim\u00e9s<br \/>\n\u2022 Poids : 1,8 kg<br \/>\n\u2022 L x l x H (mm) : 250 x 165 x 120<br \/>\n\u2022 R\u00e9f\u00e9rence : 114141 <\/p>\n<p>Exp\u00e9dition autoris\u00e9e dans les pays suivants :<br \/>\nPays arabes, Autriche, Br\u00e9sil, R\u00e9publique tch\u00e8que, Danemark, Allemagne, Gr\u00e8ce, Royaume-Uni, Australie, Irlande, \u00c9tats-Unis, Espagne, Italie, Mexique, Estonie, Finlande, France, Belgique, Croatie, Hongrie, Lituanie, Lettonie, Pays-Bas, Pologne, Portugal, Roumanie, Su\u00e8de, Slov\u00e9nie, Slovaquie, Serbie, Afrique du Sud, Suisse, Turquie<\/p>\n                                <\/div>\r\n                            <\/div>\r\n\r\n                        <\/div>\r\n                                            <div class=\"mtt-accordion__accordion\">\r\n\r\n                            <div class=\"mtt-accordion__accordion-title\">\r\n                                <p>Fiche technique<\/p>\r\n                            <\/div>\r\n\r\n                            <div class=\"mtt-accordion__accordion-content\">\r\n                                <div class=\"mtt-accordion__accordion-content-inner\">\r\n                                    <p><a href=\"https:\/\/carecycle-system.net\/\" rel=\"noopener\" target=\"_blank\">Datasheet for Invoq CareCycle Clean<\/a><\/p>\n<p>&nbsp;<\/p>\n                                <\/div>\r\n                            <\/div>\r\n\r\n                        <\/div>\r\n                                                                <\/div>\r\n\r\n        <\/div>\r\n    <\/div>\r\n<\/section>\n\n\n\t<section class=\"mtt-accessories-slider spacing_bottom_184 spacing-classes-added\">\n\t\t<div class=\"mtt-accessories-slider__inner page_container\">\n\n\t\t\t<div class=\"loader mtt-accessories-slider__loader\"><div class=\"loader__inner\"><\/div><\/div>\n\n\t\t\t\n<div class=\"mtt-filter mtt-accessories-slider__filter\">\n\n    <div class=\"mtt-filter__container\">\n                    <h2 class=\"mtt-filter__title\">Accessoires connexes<\/h2>\n            <\/div>\n    \n    <div class=\"mtt-filter__container\">\n\n        \n                    <div class=\"mtt-filter__arrows slider-arrow-wrap\">\n                                                    <div class=\"swiper-button-prev\"><\/div>\n                    <div class=\"swiper-button-next\"><\/div>\n                            <\/div>\n        \n    <\/div>\n\n<\/div>\n\t\t\t<div class=\"mtt-accessories-slider__target\">\n\t\t\t\t<div class=\"swiper-container\">\n\t\t\t\t\t<div class=\"swiper-wrapper\">\n\t\t\t\t\t\t<li class=\"mtt-product-card swiper-slide product type-product post-23647 status-publish first instock product_cat-detergents has-post-thumbnail taxable shipping-taxable purchasable product-type-variable\">\n\t<a href=\"https:\/\/houno.com\/fr\/accessories\/detergent-intense\/\" class=\"woocommerce-LoopProduct-link woocommerce-loop-product__link\">    <div class=\"mtt-product-card__content\">\n        <div class=\"mtt-product-card__brand\">\n            D\u00e9tergents        <\/div>\n        <div class=\"mtt-product-card__image\">\n            <img loading=\"lazy\" decoding=\"async\" width=\"300\" height=\"227\" src=\"https:\/\/houno.com\/wp-content\/uploads\/2021\/01\/webshop_houno-protect-detergent-intense-300x227.png\" class=\"attachment-woocommerce_thumbnail size-woocommerce_thumbnail\" alt=\"D\u00e9tergent intense\" srcset=\"https:\/\/houno.com\/wp-content\/uploads\/2021\/01\/webshop_houno-protect-detergent-intense-300x227.png 300w, https:\/\/houno.com\/wp-content\/uploads\/2021\/01\/webshop_houno-protect-detergent-intense.png 396w\" sizes=\"auto, (max-width: 300px) 100vw, 300px\" \/>        <\/div>\n\n        <div class=\"mtt-product-card__text-wrap\">\n            <div class=\"mtt-product-card__title\">\n                D\u00e9tergent intense            <\/div>\n            <div class=\"mtt-product-card__sub-title\">\n                            <\/div>\n        <\/div>\n\n    <\/div>\n\t<\/a><\/li><li class=\"mtt-product-card swiper-slide product type-product post-23651 status-publish instock product_cat-detergents has-post-thumbnail taxable shipping-taxable purchasable product-type-simple\">\n\t<a href=\"https:\/\/houno.com\/fr\/accessories\/le-kit-de-demarrage-houno-protect\/\" class=\"woocommerce-LoopProduct-link woocommerce-loop-product__link\">    <div class=\"mtt-product-card__content\">\n        <div class=\"mtt-product-card__brand\">\n            D\u00e9tergents        <\/div>\n        <div class=\"mtt-product-card__image\">\n            <img loading=\"lazy\" decoding=\"async\" width=\"300\" height=\"156\" src=\"https:\/\/houno.com\/wp-content\/uploads\/2021\/01\/webshop_HOUN\u00d6-PROTECT-cleaning-package-300x156.png\" class=\"attachment-woocommerce_thumbnail size-woocommerce_thumbnail\" alt=\"Kit de d\u00e9marrage HOUN\u00d6 PROTECT\" srcset=\"https:\/\/houno.com\/wp-content\/uploads\/2021\/01\/webshop_HOUN\u00d6-PROTECT-cleaning-package-300x156.png 300w, https:\/\/houno.com\/wp-content\/uploads\/2021\/01\/webshop_HOUN\u00d6-PROTECT-cleaning-package.png 578w\" sizes=\"auto, (max-width: 300px) 100vw, 300px\" \/>        <\/div>\n\n        <div class=\"mtt-product-card__text-wrap\">\n            <div class=\"mtt-product-card__title\">\n                Kit de d\u00e9marrage HOUN\u00d6 PROTECT            <\/div>\n            <div class=\"mtt-product-card__sub-title\">\n                            <\/div>\n        <\/div>\n\n    <\/div>\n\t<\/a><\/li><li class=\"mtt-product-card swiper-slide product type-product post-24215 status-publish instock product_cat-detergents has-post-thumbnail taxable shipping-taxable purchasable product-type-simple\">\n\t<a href=\"https:\/\/houno.com\/fr\/accessories\/suma-extend-d3\/\" class=\"woocommerce-LoopProduct-link woocommerce-loop-product__link\">    <div class=\"mtt-product-card__content\">\n        <div class=\"mtt-product-card__brand\">\n            D\u00e9tergents        <\/div>\n        <div class=\"mtt-product-card__image\">\n            <img loading=\"lazy\" decoding=\"async\" width=\"249\" height=\"300\" src=\"https:\/\/houno.com\/wp-content\/uploads\/2021\/01\/webshop_Suma-Extend-D3.png\" class=\"attachment-woocommerce_thumbnail size-woocommerce_thumbnail\" alt=\"Suma Extend D3\" \/>        <\/div>\n\n        <div class=\"mtt-product-card__text-wrap\">\n            <div class=\"mtt-product-card__title\">\n                Suma Extend D3            <\/div>\n            <div class=\"mtt-product-card__sub-title\">\n                            <\/div>\n        <\/div>\n\n    <\/div>\n\t<\/a><\/li>\t\t\t\t\t<\/div>\n\t\t\t\t<\/div>\n\t\t\t<\/div>\n\n\t\t<\/div>\n\t<\/section>\n\n","protected":false},"excerpt":{"rendered":"<ul>\n<li>Invoq languettes de nettoyage<\/li>\n<li>Pour Invoq CareCycle uniquement<\/li>\n<li>50 comprim\u00e9s par bo\u00eete. bo\u00eete<\/li>\n<\/ul>\n","protected":false},"featured_media":35536,"template":"","meta":{"_acf_changed":false,"_relevanssi_hide_post":"","_relevanssi_hide_content":"","_relevanssi_pin_for_all":"","_relevanssi_pin_keywords":"","_relevanssi_unpin_keywords":"","_relevanssi_related_keywords":"","_relevanssi_related_include_ids":"","_relevanssi_related_exclude_ids":"","_relevanssi_related_no_append":"","_relevanssi_related_not_related":"","_relevanssi_related_posts":"18551,30571,30024,29800,29868,21953","_relevanssi_noindex_reason":""},"certifications":[],"product_brand":[],"product_cat":[323],"product_tag":[],"class_list":{"0":"post-35521","1":"product","2":"type-product","3":"status-publish","4":"has-post-thumbnail","6":"product_cat-invoq-carecycle","7":"product_shipping_class-marchandises-dangereuses","9":"last","10":"instock","11":"taxable","12":"shipping-taxable","13":"purchasable","14":"product-type-simple"},"acf":[],"yoast_head":"<!-- This site is optimized with the Yoast SEO Premium plugin v27.5 (Yoast SEO v27.5) - https:\/\/yoast.com\/product\/yoast-seo-premium-wordpress\/ -->\n<title>Invoq CareCycle Clean - HOUN\u00d6<\/title>\n<meta name=\"description\" content=\"Phosphate-free cleaning tablets for Invoq ovens. These tablets are tough on dirt and kind to the environment.\" \/>\n<meta name=\"robots\" content=\"index, follow, max-snippet:-1, max-image-preview:large, max-video-preview:-1\" \/>\n<link rel=\"canonical\" href=\"https:\/\/houno.com\/fr\/accessories\/invoq-carecycle-languettes-de-nettoyage\/\" \/>\n<meta property=\"og:locale\" content=\"fr_FR\" \/>\n<meta property=\"og:type\" content=\"article\" \/>\n<meta property=\"og:title\" content=\"Invoq CareCycle Clean\" \/>\n<meta property=\"og:description\" content=\"Phosphate-free cleaning tablets for Invoq ovens. These tablets are tough on dirt and kind to the environment.\" \/>\n<meta property=\"og:url\" content=\"https:\/\/houno.com\/fr\/accessories\/invoq-carecycle-languettes-de-nettoyage\/\" \/>\n<meta property=\"og:site_name\" content=\"HOUN\u00d6\" \/>\n<meta property=\"article:publisher\" content=\"https:\/\/www.facebook.com\/hounocombi\" \/>\n<meta property=\"article:modified_time\" content=\"2026-01-08T10:19:42+00:00\" \/>\n<meta property=\"og:image\" content=\"https:\/\/houno.com\/wp-content\/uploads\/2025\/10\/CareCycle-tabs_11414-2-scaled.png\" \/>\n\t<meta property=\"og:image:width\" content=\"2560\" \/>\n\t<meta property=\"og:image:height\" content=\"1440\" \/>\n\t<meta property=\"og:image:type\" content=\"image\/png\" \/>\n<meta name=\"twitter:card\" content=\"summary_large_image\" \/>\n<meta name=\"twitter:label1\" content=\"Dur\u00e9e de lecture estim\u00e9e\" \/>\n\t<meta name=\"twitter:data1\" content=\"2 minutes\" \/>\n<script type=\"application\/ld+json\" class=\"yoast-schema-graph\">{\"@context\":\"https:\\\/\\\/schema.org\",\"@graph\":[{\"@type\":\"WebPage\",\"@id\":\"https:\\\/\\\/houno.com\\\/fr\\\/accessories\\\/invoq-carecycle-languettes-de-nettoyage\\\/\",\"url\":\"https:\\\/\\\/houno.com\\\/fr\\\/accessories\\\/invoq-carecycle-languettes-de-nettoyage\\\/\",\"name\":\"Invoq CareCycle Clean - HOUN\u00d6\",\"isPartOf\":{\"@id\":\"https:\\\/\\\/houno.com\\\/fr\\\/#website\"},\"primaryImageOfPage\":{\"@id\":\"https:\\\/\\\/houno.com\\\/fr\\\/accessories\\\/invoq-carecycle-languettes-de-nettoyage\\\/#primaryimage\"},\"image\":{\"@id\":\"https:\\\/\\\/houno.com\\\/fr\\\/accessories\\\/invoq-carecycle-languettes-de-nettoyage\\\/#primaryimage\"},\"thumbnailUrl\":\"https:\\\/\\\/houno.com\\\/wp-content\\\/uploads\\\/2025\\\/10\\\/CareCycle-tabs_11414-2-scaled.png\",\"datePublished\":\"2025-10-22T07:15:59+00:00\",\"dateModified\":\"2026-01-08T10:19:42+00:00\",\"description\":\"Phosphate-free cleaning tablets for Invoq ovens. These tablets are tough on dirt and kind to the environment.\",\"breadcrumb\":{\"@id\":\"https:\\\/\\\/houno.com\\\/fr\\\/accessories\\\/invoq-carecycle-languettes-de-nettoyage\\\/#breadcrumb\"},\"inLanguage\":\"fr-FR\",\"potentialAction\":[{\"@type\":\"ReadAction\",\"target\":[\"https:\\\/\\\/houno.com\\\/fr\\\/accessories\\\/invoq-carecycle-languettes-de-nettoyage\\\/\"]}]},{\"@type\":\"ImageObject\",\"inLanguage\":\"fr-FR\",\"@id\":\"https:\\\/\\\/houno.com\\\/fr\\\/accessories\\\/invoq-carecycle-languettes-de-nettoyage\\\/#primaryimage\",\"url\":\"https:\\\/\\\/houno.com\\\/wp-content\\\/uploads\\\/2025\\\/10\\\/CareCycle-tabs_11414-2-scaled.png\",\"contentUrl\":\"https:\\\/\\\/houno.com\\\/wp-content\\\/uploads\\\/2025\\\/10\\\/CareCycle-tabs_11414-2-scaled.png\",\"width\":2560,\"height\":1440},{\"@type\":\"BreadcrumbList\",\"@id\":\"https:\\\/\\\/houno.com\\\/fr\\\/accessories\\\/invoq-carecycle-languettes-de-nettoyage\\\/#breadcrumb\",\"itemListElement\":[{\"@type\":\"ListItem\",\"position\":1,\"name\":\"Home\",\"item\":\"https:\\\/\\\/houno.com\\\/fr\\\/\"},{\"@type\":\"ListItem\",\"position\":2,\"name\":\"Accessoires pour fours\",\"item\":\"https:\\\/\\\/houno.com\\\/fr\\\/accessoires\\\/\"},{\"@type\":\"ListItem\",\"position\":3,\"name\":\"Invoq CareCycle Clean\"}]},{\"@type\":\"WebSite\",\"@id\":\"https:\\\/\\\/houno.com\\\/fr\\\/#website\",\"url\":\"https:\\\/\\\/houno.com\\\/fr\\\/\",\"name\":\"HOUN\u00d6\",\"description\":\"La marque et le fabricant de fours commerciaux haut de gamme visent \u00e0 simplifier l&#039;entretien\",\"publisher\":{\"@id\":\"https:\\\/\\\/houno.com\\\/fr\\\/#organization\"},\"potentialAction\":[{\"@type\":\"SearchAction\",\"target\":{\"@type\":\"EntryPoint\",\"urlTemplate\":\"https:\\\/\\\/houno.com\\\/fr\\\/?s={search_term_string}\"},\"query-input\":{\"@type\":\"PropertyValueSpecification\",\"valueRequired\":true,\"valueName\":\"search_term_string\"}}],\"inLanguage\":\"fr-FR\"},{\"@type\":\"Organization\",\"@id\":\"https:\\\/\\\/houno.com\\\/fr\\\/#organization\",\"name\":\"HOUN\u00d6\",\"url\":\"https:\\\/\\\/houno.com\\\/fr\\\/\",\"logo\":{\"@type\":\"ImageObject\",\"inLanguage\":\"fr-FR\",\"@id\":\"https:\\\/\\\/houno.com\\\/fr\\\/#\\\/schema\\\/logo\\\/image\\\/\",\"url\":\"https:\\\/\\\/houno.com\\\/wp-content\\\/uploads\\\/2021\\\/08\\\/cropped-Houno\u00a6e_id_logo-black-e1634730012288.png\",\"contentUrl\":\"https:\\\/\\\/houno.com\\\/wp-content\\\/uploads\\\/2021\\\/08\\\/cropped-Houno\u00a6e_id_logo-black-e1634730012288.png\",\"width\":250,\"height\":59,\"caption\":\"HOUN\u00d6\"},\"image\":{\"@id\":\"https:\\\/\\\/houno.com\\\/fr\\\/#\\\/schema\\\/logo\\\/image\\\/\"},\"sameAs\":[\"https:\\\/\\\/www.facebook.com\\\/hounocombi\",\"https:\\\/\\\/www.linkedin.com\\\/company\\\/houno\\\/\"]}]}<\/script>\n<!-- \/ Yoast SEO Premium plugin. -->","yoast_head_json":{"title":"Invoq CareCycle Clean - HOUN\u00d6","description":"Phosphate-free cleaning tablets for Invoq ovens. These tablets are tough on dirt and kind to the environment.","robots":{"index":"index","follow":"follow","max-snippet":"max-snippet:-1","max-image-preview":"max-image-preview:large","max-video-preview":"max-video-preview:-1"},"canonical":"https:\/\/houno.com\/fr\/accessories\/invoq-carecycle-languettes-de-nettoyage\/","og_locale":"fr_FR","og_type":"article","og_title":"Invoq CareCycle Clean","og_description":"Phosphate-free cleaning tablets for Invoq ovens. These tablets are tough on dirt and kind to the environment.","og_url":"https:\/\/houno.com\/fr\/accessories\/invoq-carecycle-languettes-de-nettoyage\/","og_site_name":"HOUN\u00d6","article_publisher":"https:\/\/www.facebook.com\/hounocombi","article_modified_time":"2026-01-08T10:19:42+00:00","og_image":[{"width":2560,"height":1440,"url":"https:\/\/houno.com\/wp-content\/uploads\/2025\/10\/CareCycle-tabs_11414-2-scaled.png","type":"image\/png"}],"twitter_card":"summary_large_image","twitter_misc":{"Dur\u00e9e de lecture estim\u00e9e":"2 minutes"},"schema":{"@context":"https:\/\/schema.org","@graph":[{"@type":"WebPage","@id":"https:\/\/houno.com\/fr\/accessories\/invoq-carecycle-languettes-de-nettoyage\/","url":"https:\/\/houno.com\/fr\/accessories\/invoq-carecycle-languettes-de-nettoyage\/","name":"Invoq CareCycle Clean - HOUN\u00d6","isPartOf":{"@id":"https:\/\/houno.com\/fr\/#website"},"primaryImageOfPage":{"@id":"https:\/\/houno.com\/fr\/accessories\/invoq-carecycle-languettes-de-nettoyage\/#primaryimage"},"image":{"@id":"https:\/\/houno.com\/fr\/accessories\/invoq-carecycle-languettes-de-nettoyage\/#primaryimage"},"thumbnailUrl":"https:\/\/houno.com\/wp-content\/uploads\/2025\/10\/CareCycle-tabs_11414-2-scaled.png","datePublished":"2025-10-22T07:15:59+00:00","dateModified":"2026-01-08T10:19:42+00:00","description":"Phosphate-free cleaning tablets for Invoq ovens. These tablets are tough on dirt and kind to the environment.","breadcrumb":{"@id":"https:\/\/houno.com\/fr\/accessories\/invoq-carecycle-languettes-de-nettoyage\/#breadcrumb"},"inLanguage":"fr-FR","potentialAction":[{"@type":"ReadAction","target":["https:\/\/houno.com\/fr\/accessories\/invoq-carecycle-languettes-de-nettoyage\/"]}]},{"@type":"ImageObject","inLanguage":"fr-FR","@id":"https:\/\/houno.com\/fr\/accessories\/invoq-carecycle-languettes-de-nettoyage\/#primaryimage","url":"https:\/\/houno.com\/wp-content\/uploads\/2025\/10\/CareCycle-tabs_11414-2-scaled.png","contentUrl":"https:\/\/houno.com\/wp-content\/uploads\/2025\/10\/CareCycle-tabs_11414-2-scaled.png","width":2560,"height":1440},{"@type":"BreadcrumbList","@id":"https:\/\/houno.com\/fr\/accessories\/invoq-carecycle-languettes-de-nettoyage\/#breadcrumb","itemListElement":[{"@type":"ListItem","position":1,"name":"Home","item":"https:\/\/houno.com\/fr\/"},{"@type":"ListItem","position":2,"name":"Accessoires pour fours","item":"https:\/\/houno.com\/fr\/accessoires\/"},{"@type":"ListItem","position":3,"name":"Invoq CareCycle Clean"}]},{"@type":"WebSite","@id":"https:\/\/houno.com\/fr\/#website","url":"https:\/\/houno.com\/fr\/","name":"HOUN\u00d6","description":"La marque et le fabricant de fours commerciaux haut de gamme visent \u00e0 simplifier l&#039;entretien","publisher":{"@id":"https:\/\/houno.com\/fr\/#organization"},"potentialAction":[{"@type":"SearchAction","target":{"@type":"EntryPoint","urlTemplate":"https:\/\/houno.com\/fr\/?s={search_term_string}"},"query-input":{"@type":"PropertyValueSpecification","valueRequired":true,"valueName":"search_term_string"}}],"inLanguage":"fr-FR"},{"@type":"Organization","@id":"https:\/\/houno.com\/fr\/#organization","name":"HOUN\u00d6","url":"https:\/\/houno.com\/fr\/","logo":{"@type":"ImageObject","inLanguage":"fr-FR","@id":"https:\/\/houno.com\/fr\/#\/schema\/logo\/image\/","url":"https:\/\/houno.com\/wp-content\/uploads\/2021\/08\/cropped-Houno\u00a6e_id_logo-black-e1634730012288.png","contentUrl":"https:\/\/houno.com\/wp-content\/uploads\/2021\/08\/cropped-Houno\u00a6e_id_logo-black-e1634730012288.png","width":250,"height":59,"caption":"HOUN\u00d6"},"image":{"@id":"https:\/\/houno.com\/fr\/#\/schema\/logo\/image\/"},"sameAs":["https:\/\/www.facebook.com\/hounocombi","https:\/\/www.linkedin.com\/company\/houno\/"]}]}},"_links":{"self":[{"href":"https:\/\/houno.com\/fr\/wp-json\/wp\/v2\/product\/35521","targetHints":{"allow":["GET"]}}],"collection":[{"href":"https:\/\/houno.com\/fr\/wp-json\/wp\/v2\/product"}],"about":[{"href":"https:\/\/houno.com\/fr\/wp-json\/wp\/v2\/types\/product"}],"wp:featuredmedia":[{"embeddable":true,"href":"https:\/\/houno.com\/fr\/wp-json\/wp\/v2\/media\/35536"}],"wp:attachment":[{"href":"https:\/\/houno.com\/fr\/wp-json\/wp\/v2\/media?parent=35521"}],"wp:term":[{"taxonomy":"certifications","embeddable":true,"href":"https:\/\/houno.com\/fr\/wp-json\/wp\/v2\/certifications?post=35521"},{"taxonomy":"product_brand","embeddable":true,"href":"https:\/\/houno.com\/fr\/wp-json\/wp\/v2\/product_brand?post=35521"},{"taxonomy":"product_cat","embeddable":true,"href":"https:\/\/houno.com\/fr\/wp-json\/wp\/v2\/product_cat?post=35521"},{"taxonomy":"product_tag","embeddable":true,"href":"https:\/\/houno.com\/fr\/wp-json\/wp\/v2\/product_tag?post=35521"}],"curies":[{"name":"wp","href":"https:\/\/api.w.org\/{rel}","templated":true}]}}