{"id":35515,"date":"2025-10-22T09:16:24","date_gmt":"2025-10-22T07:16:24","guid":{"rendered":"https:\/\/houno.com\/accessories\/invoq-carecycle-descale-tablets\/"},"modified":"2026-01-07T13:46:08","modified_gmt":"2026-01-07T12:46:08","slug":"languette-de-detartrage-invoq","status":"publish","type":"product","link":"https:\/\/houno.com\/fr\/accessories\/languette-de-detartrage-invoq\/","title":{"rendered":"Invoq CareCycle Descale"},"content":{"rendered":"\n<div class=\"wp-block-columns is-layout-flex wp-container-core-columns-is-layout-9d6595d7 wp-block-columns-is-layout-flex\">\n<div class=\"wp-block-column is-layout-flow wp-block-column-is-layout-flow\"><div class=\"wp-text-block page_container styled-text\"><div class=\"wp-text-block__inner\">\n<h2 class=\"wp-block-heading\" id=\"h-product-information\">Informations sur le produit<\/h2>\n<\/div><\/div>\n\n<div class=\"wp-text-block page_container styled-text\"><div class=\"wp-text-block__inner\">\n<p>Les languettes CareCycle Descale peuvent \u00eatre utilis\u00e9s pour les mod\u00e8les Invoq Hybrid pour le d\u00e9tartrage de la chaudi\u00e8re, mais aussi pour tous les mod\u00e8les de four pour \u00e9liminer l\u2019accumulation d\u2019\u00e9chelle dans la cavit\u00e9 du four.<br\/><br\/>Tous les mod\u00e8les Invoq Hybrid sont \u00e9quip\u00e9s d\u2019un syst\u00e8me de d\u00e9tartrage de chaudi\u00e8re. Cela nettoie les d\u00e9p\u00f4ts d\u2019eau dure en assurant des performances optimales. Les languette CareCycle Descale \u00e9liminent l\u2019\u00e9chelle pendant que le four ex\u00e9cute son programme de nettoyage. Aucune autre intervention n\u2019est n\u00e9cessaire.<br\/><br\/>Comme avec CareCycle Clean comprim\u00e9s, le four sugg\u00e8re la quantit\u00e9 requise de comprim\u00e9s de d\u00e9tartrage pour r\u00e9pondre \u00e0 vos besoins.<br\/><br\/><strong>ATTENTION:<\/strong><br\/>En raison du risque d\u2019irritation cutan\u00e9e, HOUN\u00d6 recommande toujours l\u2019utilisation de gants de protection individuels afin d\u2019\u00e9viter tout contact direct avec les pastilles CareCycle Clean et CareCycle Descale.<\/p>\n<\/div><\/div><\/div>\n\n\n\n<div class=\"wp-block-column is-layout-flow wp-block-column-is-layout-flow\"><\/div>\n<\/div>\n\n<section class=\"wp-block-morningtrain-separator mtt-separator undefined spacing_top_104\"><div class=\"mtt-separator__border page_container\"><\/div><\/section>\n\r\n<section class=\"mtt-accordion\">\r\n    <div class=\"mtt-accordion__inner\">\r\n        <div class=\"mtt-accordion__wrap page_container\">\r\n\r\n            \r\n            <div class=\"mtt-accordion__accordions\">\r\n                                            <\/div>\r\n\r\n        <\/div>\r\n    <\/div>\r\n<\/section>\r\n<section id=\"information\" class=\"mtt-accordion spacing_bottom_104 spacing-classes-added\">\r\n    <div class=\"mtt-accordion__inner\">\r\n        <div class=\"mtt-accordion__wrap page_container\">\r\n\r\n            \r\n            <div class=\"mtt-accordion__accordions\">\r\n                                                            <div class=\"mtt-accordion__accordion\">\r\n\r\n                            <div class=\"mtt-accordion__accordion-title\">\r\n                                <p>Sp\u00e9cifications<\/p>\r\n                            <\/div>\r\n\r\n                            <div class=\"mtt-accordion__accordion-content\">\r\n                                <div class=\"mtt-accordion__accordion-content-inner\">\r\n                                    <p>\u2022 Vendu en bo\u00eete<br \/>\n\u2022 Quantit\u00e9 par bo\u00eete : 75 comprim\u00e9s<br \/>\n\u2022 Poids : 830 grammes.<br \/>\n\u2022 L x l x H (mm) : 250 x 165 x 120<br \/>\n\u2022 R\u00e9f\u00e9rence : 114142 <\/p>\n<p>Exp\u00e9dition autoris\u00e9e dans les pays suivants :<br \/>\nPays arabes, Autriche, Br\u00e9sil, R\u00e9publique tch\u00e8que, Danemark, Allemagne, Gr\u00e8ce, Royaume-Uni, Australie, Irlande, \u00c9tats-Unis, Espagne, Italie, Mexique, Estonie, Finlande, France, Belgique, Croatie, Hongrie, Lituanie, Lettonie, Pays-Bas, Pologne, Portugal, Roumanie, Su\u00e8de, Slov\u00e9nie, Slovaquie, Serbie, Afrique du Sud, Suisse, Turquie<\/p>\n                                <\/div>\r\n                            <\/div>\r\n\r\n                        <\/div>\r\n                                            <div class=\"mtt-accordion__accordion\">\r\n\r\n                            <div class=\"mtt-accordion__accordion-title\">\r\n                                <p>Fiche technique<\/p>\r\n                            <\/div>\r\n\r\n                            <div class=\"mtt-accordion__accordion-content\">\r\n                                <div class=\"mtt-accordion__accordion-content-inner\">\r\n                                    <p><a href=\"https:\/\/carecycle-system.net\/\" target=\"_blank\" rel=\"noopener\">Fiche technique pour Invoq CareCycle Descale<\/a><\/p>\n                                <\/div>\r\n                            <\/div>\r\n\r\n                        <\/div>\r\n                                                                <\/div>\r\n\r\n        <\/div>\r\n    <\/div>\r\n<\/section>\n\t<section class=\"mtt-accessories-slider spacing_bottom_184 spacing-classes-added\">\n\t\t<div class=\"mtt-accessories-slider__inner page_container\">\n\n\t\t\t<div class=\"loader mtt-accessories-slider__loader\"><div class=\"loader__inner\"><\/div><\/div>\n\n\t\t\t\n<div class=\"mtt-filter mtt-accessories-slider__filter\">\n\n    <div class=\"mtt-filter__container\">\n                    <h2 class=\"mtt-filter__title\">Accessoires connexes<\/h2>\n            <\/div>\n    \n    <div class=\"mtt-filter__container\">\n\n        \n                    <div class=\"mtt-filter__arrows slider-arrow-wrap\">\n                                                    <div class=\"swiper-button-prev\"><\/div>\n                    <div class=\"swiper-button-next\"><\/div>\n                            <\/div>\n        \n    <\/div>\n\n<\/div>\n\t\t\t<div class=\"mtt-accessories-slider__target\">\n\t\t\t\t<div class=\"swiper-container\">\n\t\t\t\t\t<div class=\"swiper-wrapper\">\n\t\t\t\t\t\t<li class=\"mtt-product-card swiper-slide product type-product post-23652 status-publish first instock product_cat-detergents has-post-thumbnail taxable shipping-taxable purchasable product-type-simple\">\n\t<a href=\"https:\/\/houno.com\/fr\/accessories\/aide-au-rincage-2-5-l\/\" class=\"woocommerce-LoopProduct-link woocommerce-loop-product__link\">    <div class=\"mtt-product-card__content\">\n        <div class=\"mtt-product-card__brand\">\n            D\u00e9tergents        <\/div>\n        <div class=\"mtt-product-card__image\">\n            <img loading=\"lazy\" decoding=\"async\" width=\"300\" height=\"212\" src=\"https:\/\/houno.com\/wp-content\/uploads\/2021\/01\/Webshop_Rinse-aid2-300x212.png\" class=\"attachment-woocommerce_thumbnail size-woocommerce_thumbnail\" alt=\"Aide au rin\u00e7age 2 x 5 l\" srcset=\"https:\/\/houno.com\/wp-content\/uploads\/2021\/01\/Webshop_Rinse-aid2-300x212.png 300w, https:\/\/houno.com\/wp-content\/uploads\/2021\/01\/Webshop_Rinse-aid2.png 424w\" sizes=\"auto, (max-width: 300px) 100vw, 300px\" \/>        <\/div>\n\n        <div class=\"mtt-product-card__text-wrap\">\n            <div class=\"mtt-product-card__title\">\n                Aide au rin\u00e7age 2 x 5 l            <\/div>\n            <div class=\"mtt-product-card__sub-title\">\n                            <\/div>\n        <\/div>\n\n    <\/div>\n\t<\/a><\/li><li class=\"mtt-product-card swiper-slide product type-product post-24216 status-publish instock product_cat-detergents has-post-thumbnail taxable shipping-taxable purchasable product-type-simple\">\n\t<a href=\"https:\/\/houno.com\/fr\/accessories\/suma-calc-d5\/\" class=\"woocommerce-LoopProduct-link woocommerce-loop-product__link\">    <div class=\"mtt-product-card__content\">\n        <div class=\"mtt-product-card__brand\">\n            D\u00e9tergents        <\/div>\n        <div class=\"mtt-product-card__image\">\n            <img loading=\"lazy\" decoding=\"async\" width=\"249\" height=\"300\" src=\"https:\/\/houno.com\/wp-content\/uploads\/2021\/01\/webshop_Suma-Calc-D5.png\" class=\"attachment-woocommerce_thumbnail size-woocommerce_thumbnail\" alt=\"Suma Calc D5\" \/>        <\/div>\n\n        <div class=\"mtt-product-card__text-wrap\">\n            <div class=\"mtt-product-card__title\">\n                Suma Calc D5            <\/div>\n            <div class=\"mtt-product-card__sub-title\">\n                            <\/div>\n        <\/div>\n\n    <\/div>\n\t<\/a><\/li><li class=\"mtt-product-card swiper-slide product type-product post-23651 status-publish instock product_cat-detergents has-post-thumbnail taxable shipping-taxable purchasable product-type-simple\">\n\t<a href=\"https:\/\/houno.com\/fr\/accessories\/le-kit-de-demarrage-houno-protect\/\" class=\"woocommerce-LoopProduct-link woocommerce-loop-product__link\">    <div class=\"mtt-product-card__content\">\n        <div class=\"mtt-product-card__brand\">\n            D\u00e9tergents        <\/div>\n        <div class=\"mtt-product-card__image\">\n            <img loading=\"lazy\" decoding=\"async\" width=\"300\" height=\"156\" src=\"https:\/\/houno.com\/wp-content\/uploads\/2021\/01\/webshop_HOUN\u00d6-PROTECT-cleaning-package-300x156.png\" class=\"attachment-woocommerce_thumbnail size-woocommerce_thumbnail\" alt=\"Kit de d\u00e9marrage HOUN\u00d6 PROTECT\" srcset=\"https:\/\/houno.com\/wp-content\/uploads\/2021\/01\/webshop_HOUN\u00d6-PROTECT-cleaning-package-300x156.png 300w, https:\/\/houno.com\/wp-content\/uploads\/2021\/01\/webshop_HOUN\u00d6-PROTECT-cleaning-package.png 578w\" sizes=\"auto, (max-width: 300px) 100vw, 300px\" \/>        <\/div>\n\n        <div class=\"mtt-product-card__text-wrap\">\n            <div class=\"mtt-product-card__title\">\n                Kit de d\u00e9marrage HOUN\u00d6 PROTECT            <\/div>\n            <div class=\"mtt-product-card__sub-title\">\n                            <\/div>\n        <\/div>\n\n    <\/div>\n\t<\/a><\/li>\t\t\t\t\t<\/div>\n\t\t\t\t<\/div>\n\t\t\t<\/div>\n\n\t\t<\/div>\n\t<\/section>\n\n","protected":false},"excerpt":{"rendered":"<ul>\n<li>Languette de d\u00e9tartrage Invoq<\/li>\n<li>Pour les mod\u00e8les de four Invoq uniquement<\/li>\n<li>75 comprim\u00e9s par bo\u00eete. bo\u00eete<\/li>\n<\/ul>\n","protected":false},"featured_media":20427,"template":"","meta":{"_acf_changed":true,"_relevanssi_hide_post":"","_relevanssi_hide_content":"","_relevanssi_pin_for_all":"","_relevanssi_pin_keywords":"","_relevanssi_unpin_keywords":"","_relevanssi_related_keywords":"","_relevanssi_related_include_ids":"","_relevanssi_related_exclude_ids":"","_relevanssi_related_no_append":"","_relevanssi_related_not_related":"","_relevanssi_related_posts":"1133,1122,1124,1128,1130,1113","_relevanssi_noindex_reason":""},"certifications":[],"product_brand":[],"product_cat":[323],"product_tag":[],"class_list":{"0":"post-35515","1":"product","2":"type-product","3":"status-publish","4":"has-post-thumbnail","6":"product_cat-invoq-carecycle","7":"product_shipping_class-marchandises-dangereuses","9":"last","10":"instock","11":"taxable","12":"shipping-taxable","13":"purchasable","14":"product-type-simple"},"acf":[],"yoast_head":"<!-- This site is optimized with the Yoast SEO Premium plugin v27.5 (Yoast SEO v27.5) - https:\/\/yoast.com\/product\/yoast-seo-premium-wordpress\/ -->\n<title>Invoq CareCycle Descale - HOUN\u00d6<\/title>\n<meta name=\"description\" content=\"Comprim\u00e9s CareCycle Descale pour fours Invoq destin\u00e9s \u00e0 \u00e9liminer les d\u00e9p\u00f4ts calcaires dans la cavit\u00e9 du four et \u00e0 d\u00e9tartrer les chaudi\u00e8res des fours hybrides Invoq.\" \/>\n<meta name=\"robots\" content=\"index, follow, max-snippet:-1, max-image-preview:large, max-video-preview:-1\" \/>\n<link rel=\"canonical\" href=\"https:\/\/houno.com\/fr\/accessories\/languette-de-detartrage-invoq\/\" \/>\n<meta property=\"og:locale\" content=\"fr_FR\" \/>\n<meta property=\"og:type\" content=\"article\" \/>\n<meta property=\"og:title\" content=\"Invoq CareCycle Descale\" \/>\n<meta property=\"og:description\" content=\"Comprim\u00e9s CareCycle Descale pour fours Invoq destin\u00e9s \u00e0 \u00e9liminer les d\u00e9p\u00f4ts calcaires dans la cavit\u00e9 du four et \u00e0 d\u00e9tartrer les chaudi\u00e8res des fours hybrides Invoq.\" \/>\n<meta property=\"og:url\" content=\"https:\/\/houno.com\/fr\/accessories\/languette-de-detartrage-invoq\/\" \/>\n<meta property=\"og:site_name\" content=\"HOUN\u00d6\" \/>\n<meta property=\"article:publisher\" content=\"https:\/\/www.facebook.com\/hounocombi\" \/>\n<meta property=\"article:modified_time\" content=\"2026-01-07T12:46:08+00:00\" \/>\n<meta property=\"og:image\" content=\"https:\/\/houno.com\/wp-content\/uploads\/2023\/02\/CareCycle-Descale_106033_03_fritlagt.png\" \/>\n\t<meta property=\"og:image:width\" content=\"377\" \/>\n\t<meta property=\"og:image:height\" content=\"366\" \/>\n\t<meta property=\"og:image:type\" content=\"image\/png\" \/>\n<meta name=\"twitter:card\" content=\"summary_large_image\" \/>\n<meta name=\"twitter:label1\" content=\"Dur\u00e9e de lecture estim\u00e9e\" \/>\n\t<meta name=\"twitter:data1\" content=\"3 minutes\" \/>\n<script type=\"application\/ld+json\" class=\"yoast-schema-graph\">{\"@context\":\"https:\\\/\\\/schema.org\",\"@graph\":[{\"@type\":\"WebPage\",\"@id\":\"https:\\\/\\\/houno.com\\\/fr\\\/accessories\\\/languette-de-detartrage-invoq\\\/\",\"url\":\"https:\\\/\\\/houno.com\\\/fr\\\/accessories\\\/languette-de-detartrage-invoq\\\/\",\"name\":\"Invoq CareCycle Descale - HOUN\u00d6\",\"isPartOf\":{\"@id\":\"https:\\\/\\\/houno.com\\\/fr\\\/#website\"},\"primaryImageOfPage\":{\"@id\":\"https:\\\/\\\/houno.com\\\/fr\\\/accessories\\\/languette-de-detartrage-invoq\\\/#primaryimage\"},\"image\":{\"@id\":\"https:\\\/\\\/houno.com\\\/fr\\\/accessories\\\/languette-de-detartrage-invoq\\\/#primaryimage\"},\"thumbnailUrl\":\"https:\\\/\\\/houno.com\\\/wp-content\\\/uploads\\\/2023\\\/02\\\/CareCycle-Descale_106033_03_fritlagt.png\",\"datePublished\":\"2025-10-22T07:16:24+00:00\",\"dateModified\":\"2026-01-07T12:46:08+00:00\",\"description\":\"Comprim\u00e9s CareCycle Descale pour fours Invoq destin\u00e9s \u00e0 \u00e9liminer les d\u00e9p\u00f4ts calcaires dans la cavit\u00e9 du four et \u00e0 d\u00e9tartrer les chaudi\u00e8res des fours hybrides Invoq.\",\"breadcrumb\":{\"@id\":\"https:\\\/\\\/houno.com\\\/fr\\\/accessories\\\/languette-de-detartrage-invoq\\\/#breadcrumb\"},\"inLanguage\":\"fr-FR\",\"potentialAction\":[{\"@type\":\"ReadAction\",\"target\":[\"https:\\\/\\\/houno.com\\\/fr\\\/accessories\\\/languette-de-detartrage-invoq\\\/\"]}]},{\"@type\":\"ImageObject\",\"inLanguage\":\"fr-FR\",\"@id\":\"https:\\\/\\\/houno.com\\\/fr\\\/accessories\\\/languette-de-detartrage-invoq\\\/#primaryimage\",\"url\":\"https:\\\/\\\/houno.com\\\/wp-content\\\/uploads\\\/2023\\\/02\\\/CareCycle-Descale_106033_03_fritlagt.png\",\"contentUrl\":\"https:\\\/\\\/houno.com\\\/wp-content\\\/uploads\\\/2023\\\/02\\\/CareCycle-Descale_106033_03_fritlagt.png\",\"width\":377,\"height\":366},{\"@type\":\"BreadcrumbList\",\"@id\":\"https:\\\/\\\/houno.com\\\/fr\\\/accessories\\\/languette-de-detartrage-invoq\\\/#breadcrumb\",\"itemListElement\":[{\"@type\":\"ListItem\",\"position\":1,\"name\":\"Home\",\"item\":\"https:\\\/\\\/houno.com\\\/fr\\\/\"},{\"@type\":\"ListItem\",\"position\":2,\"name\":\"Accessoires pour fours\",\"item\":\"https:\\\/\\\/houno.com\\\/fr\\\/accessoires\\\/\"},{\"@type\":\"ListItem\",\"position\":3,\"name\":\"Invoq CareCycle Descale\"}]},{\"@type\":\"WebSite\",\"@id\":\"https:\\\/\\\/houno.com\\\/fr\\\/#website\",\"url\":\"https:\\\/\\\/houno.com\\\/fr\\\/\",\"name\":\"HOUN\u00d6\",\"description\":\"La marque et le fabricant de fours commerciaux haut de gamme visent \u00e0 simplifier l&#039;entretien\",\"publisher\":{\"@id\":\"https:\\\/\\\/houno.com\\\/fr\\\/#organization\"},\"potentialAction\":[{\"@type\":\"SearchAction\",\"target\":{\"@type\":\"EntryPoint\",\"urlTemplate\":\"https:\\\/\\\/houno.com\\\/fr\\\/?s={search_term_string}\"},\"query-input\":{\"@type\":\"PropertyValueSpecification\",\"valueRequired\":true,\"valueName\":\"search_term_string\"}}],\"inLanguage\":\"fr-FR\"},{\"@type\":\"Organization\",\"@id\":\"https:\\\/\\\/houno.com\\\/fr\\\/#organization\",\"name\":\"HOUN\u00d6\",\"url\":\"https:\\\/\\\/houno.com\\\/fr\\\/\",\"logo\":{\"@type\":\"ImageObject\",\"inLanguage\":\"fr-FR\",\"@id\":\"https:\\\/\\\/houno.com\\\/fr\\\/#\\\/schema\\\/logo\\\/image\\\/\",\"url\":\"https:\\\/\\\/houno.com\\\/wp-content\\\/uploads\\\/2021\\\/08\\\/cropped-Houno\u00a6e_id_logo-black-e1634730012288.png\",\"contentUrl\":\"https:\\\/\\\/houno.com\\\/wp-content\\\/uploads\\\/2021\\\/08\\\/cropped-Houno\u00a6e_id_logo-black-e1634730012288.png\",\"width\":250,\"height\":59,\"caption\":\"HOUN\u00d6\"},\"image\":{\"@id\":\"https:\\\/\\\/houno.com\\\/fr\\\/#\\\/schema\\\/logo\\\/image\\\/\"},\"sameAs\":[\"https:\\\/\\\/www.facebook.com\\\/hounocombi\",\"https:\\\/\\\/www.linkedin.com\\\/company\\\/houno\\\/\"]}]}<\/script>\n<!-- \/ Yoast SEO Premium plugin. -->","yoast_head_json":{"title":"Invoq CareCycle Descale - HOUN\u00d6","description":"Comprim\u00e9s CareCycle Descale pour fours Invoq destin\u00e9s \u00e0 \u00e9liminer les d\u00e9p\u00f4ts calcaires dans la cavit\u00e9 du four et \u00e0 d\u00e9tartrer les chaudi\u00e8res des fours hybrides Invoq.","robots":{"index":"index","follow":"follow","max-snippet":"max-snippet:-1","max-image-preview":"max-image-preview:large","max-video-preview":"max-video-preview:-1"},"canonical":"https:\/\/houno.com\/fr\/accessories\/languette-de-detartrage-invoq\/","og_locale":"fr_FR","og_type":"article","og_title":"Invoq CareCycle Descale","og_description":"Comprim\u00e9s CareCycle Descale pour fours Invoq destin\u00e9s \u00e0 \u00e9liminer les d\u00e9p\u00f4ts calcaires dans la cavit\u00e9 du four et \u00e0 d\u00e9tartrer les chaudi\u00e8res des fours hybrides Invoq.","og_url":"https:\/\/houno.com\/fr\/accessories\/languette-de-detartrage-invoq\/","og_site_name":"HOUN\u00d6","article_publisher":"https:\/\/www.facebook.com\/hounocombi","article_modified_time":"2026-01-07T12:46:08+00:00","og_image":[{"width":377,"height":366,"url":"https:\/\/houno.com\/wp-content\/uploads\/2023\/02\/CareCycle-Descale_106033_03_fritlagt.png","type":"image\/png"}],"twitter_card":"summary_large_image","twitter_misc":{"Dur\u00e9e de lecture estim\u00e9e":"3 minutes"},"schema":{"@context":"https:\/\/schema.org","@graph":[{"@type":"WebPage","@id":"https:\/\/houno.com\/fr\/accessories\/languette-de-detartrage-invoq\/","url":"https:\/\/houno.com\/fr\/accessories\/languette-de-detartrage-invoq\/","name":"Invoq CareCycle Descale - HOUN\u00d6","isPartOf":{"@id":"https:\/\/houno.com\/fr\/#website"},"primaryImageOfPage":{"@id":"https:\/\/houno.com\/fr\/accessories\/languette-de-detartrage-invoq\/#primaryimage"},"image":{"@id":"https:\/\/houno.com\/fr\/accessories\/languette-de-detartrage-invoq\/#primaryimage"},"thumbnailUrl":"https:\/\/houno.com\/wp-content\/uploads\/2023\/02\/CareCycle-Descale_106033_03_fritlagt.png","datePublished":"2025-10-22T07:16:24+00:00","dateModified":"2026-01-07T12:46:08+00:00","description":"Comprim\u00e9s CareCycle Descale pour fours Invoq destin\u00e9s \u00e0 \u00e9liminer les d\u00e9p\u00f4ts calcaires dans la cavit\u00e9 du four et \u00e0 d\u00e9tartrer les chaudi\u00e8res des fours hybrides Invoq.","breadcrumb":{"@id":"https:\/\/houno.com\/fr\/accessories\/languette-de-detartrage-invoq\/#breadcrumb"},"inLanguage":"fr-FR","potentialAction":[{"@type":"ReadAction","target":["https:\/\/houno.com\/fr\/accessories\/languette-de-detartrage-invoq\/"]}]},{"@type":"ImageObject","inLanguage":"fr-FR","@id":"https:\/\/houno.com\/fr\/accessories\/languette-de-detartrage-invoq\/#primaryimage","url":"https:\/\/houno.com\/wp-content\/uploads\/2023\/02\/CareCycle-Descale_106033_03_fritlagt.png","contentUrl":"https:\/\/houno.com\/wp-content\/uploads\/2023\/02\/CareCycle-Descale_106033_03_fritlagt.png","width":377,"height":366},{"@type":"BreadcrumbList","@id":"https:\/\/houno.com\/fr\/accessories\/languette-de-detartrage-invoq\/#breadcrumb","itemListElement":[{"@type":"ListItem","position":1,"name":"Home","item":"https:\/\/houno.com\/fr\/"},{"@type":"ListItem","position":2,"name":"Accessoires pour fours","item":"https:\/\/houno.com\/fr\/accessoires\/"},{"@type":"ListItem","position":3,"name":"Invoq CareCycle Descale"}]},{"@type":"WebSite","@id":"https:\/\/houno.com\/fr\/#website","url":"https:\/\/houno.com\/fr\/","name":"HOUN\u00d6","description":"La marque et le fabricant de fours commerciaux haut de gamme visent \u00e0 simplifier l&#039;entretien","publisher":{"@id":"https:\/\/houno.com\/fr\/#organization"},"potentialAction":[{"@type":"SearchAction","target":{"@type":"EntryPoint","urlTemplate":"https:\/\/houno.com\/fr\/?s={search_term_string}"},"query-input":{"@type":"PropertyValueSpecification","valueRequired":true,"valueName":"search_term_string"}}],"inLanguage":"fr-FR"},{"@type":"Organization","@id":"https:\/\/houno.com\/fr\/#organization","name":"HOUN\u00d6","url":"https:\/\/houno.com\/fr\/","logo":{"@type":"ImageObject","inLanguage":"fr-FR","@id":"https:\/\/houno.com\/fr\/#\/schema\/logo\/image\/","url":"https:\/\/houno.com\/wp-content\/uploads\/2021\/08\/cropped-Houno\u00a6e_id_logo-black-e1634730012288.png","contentUrl":"https:\/\/houno.com\/wp-content\/uploads\/2021\/08\/cropped-Houno\u00a6e_id_logo-black-e1634730012288.png","width":250,"height":59,"caption":"HOUN\u00d6"},"image":{"@id":"https:\/\/houno.com\/fr\/#\/schema\/logo\/image\/"},"sameAs":["https:\/\/www.facebook.com\/hounocombi","https:\/\/www.linkedin.com\/company\/houno\/"]}]}},"_links":{"self":[{"href":"https:\/\/houno.com\/fr\/wp-json\/wp\/v2\/product\/35515","targetHints":{"allow":["GET"]}}],"collection":[{"href":"https:\/\/houno.com\/fr\/wp-json\/wp\/v2\/product"}],"about":[{"href":"https:\/\/houno.com\/fr\/wp-json\/wp\/v2\/types\/product"}],"wp:featuredmedia":[{"embeddable":true,"href":"https:\/\/houno.com\/fr\/wp-json\/wp\/v2\/media\/20427"}],"wp:attachment":[{"href":"https:\/\/houno.com\/fr\/wp-json\/wp\/v2\/media?parent=35515"}],"wp:term":[{"taxonomy":"certifications","embeddable":true,"href":"https:\/\/houno.com\/fr\/wp-json\/wp\/v2\/certifications?post=35515"},{"taxonomy":"product_brand","embeddable":true,"href":"https:\/\/houno.com\/fr\/wp-json\/wp\/v2\/product_brand?post=35515"},{"taxonomy":"product_cat","embeddable":true,"href":"https:\/\/houno.com\/fr\/wp-json\/wp\/v2\/product_cat?post=35515"},{"taxonomy":"product_tag","embeddable":true,"href":"https:\/\/houno.com\/fr\/wp-json\/wp\/v2\/product_tag?post=35515"}],"curies":[{"name":"wp","href":"https:\/\/api.w.org\/{rel}","templated":true}]}}