{"id":34523,"date":"2025-06-26T10:57:15","date_gmt":"2025-06-26T08:57:15","guid":{"rendered":"https:\/\/houno.com\/accessories\/hydroshield-water-filters-replacement\/"},"modified":"2025-07-07T11:56:32","modified_gmt":"2025-07-07T09:56:32","slug":"hydroshield-remplacement-filtre-a-eau","status":"publish","type":"product","link":"https:\/\/houno.com\/fr\/accessories\/hydroshield-remplacement-filtre-a-eau\/","title":{"rendered":"HydroShield &#8211; remplacement du filtre \u00e0 eau"},"content":{"rendered":"\n<section class=\"wp-block-morningtrain-text-sections mtt-text-sections style background_element undefined is-style-no_bg\"><div class=\"mtt-text-sections__inner page_container  spacing_top_120 spacing_bottom_120\"><p class=\"mtt-text-sections__tagline mtt-tagline\">Filtre \u00e0 eau HydroShield HOUN\u00d6 de remplacement<\/p><h2 class=\"mtt-text-sections__title\">Informations sur le produit<\/h2><div class=\"mtt-text-sections__wrap\"><div class=\"mtt-text-sections__text-container\">Le filtre \u00e0 eau HydroShield \u00e9limine la duret\u00e9 totale ainsi que les produits chimiques nocifs pour garantir une alimentation en eau correcte de votre four Invoq. <br><br>La capacit\u00e9 du filtre et la n\u00e9cessit\u00e9 de le remplacer sont g\u00e9r\u00e9es par le four. <br><br>Les HydroShields sont sp\u00e9cialement con\u00e7us pour les fours Invoq et approuv\u00e9s pour la pr\u00e9paration des aliments conform\u00e9ment aux directives HACCP. <br><br><strong>Technologie HydroShield<\/strong> <br><br>&#8211; Filtration \u00e0 cinq niveaux pour une qualit\u00e9 d&rsquo;eau constante et optimale.<br>&#8211; Pratique et compact pour une installation flexible (verticale ou horizontale).<br>&#8211; Connexion conviviale via le contr\u00f4leur du four.<br>&#8211; Contr\u00f4le de la consommation d&rsquo;eau<br>&#8211; Guidage de l&rsquo;utilisateur pour un remplacement opportun du filtre.<br>&#8211; Remplacement rapide et facile du filtre.<br>&#8211; Vanne de fermeture automatique lors du remplacement du filtre.<br>&#8211; Capuchon hygi\u00e9nique sur le filtre \u00e0 la livraison. <\/div><div class=\"mtt-text-sections__text-container\"><strong>Eau filtr\u00e9e au charbon<\/strong><br><br>Prot\u00e9gez votre four des effets n\u00e9fastes du tartre et des autres min\u00e9raux en veillant \u00e0 ce que la qualit\u00e9 de l&rsquo;eau soit appropri\u00e9e. HydroShield \u00e9limine \u00e0 la fois la duret\u00e9 carbonat\u00e9e et la duret\u00e9 totale, emp\u00eachant ainsi l&rsquo;accumulation de r\u00e9sidus qui provoquent la corrosion et l&rsquo;endommagement de l&rsquo;acier inoxydable de votre four.  <br><br>Le processus de filtration \u00e9limine les particules et le charbon actif qu&rsquo;il contient \u00e9limine les odeurs, les saveurs, les sulfates et le chlore. Filtrez l&rsquo;eau et cr\u00e9ez des conditions optimales pour votre four Invoq. <br><br>&#8211; La taille L (3600) est recommand\u00e9e pour une duret\u00e9 dH 3-6.<br>&#8211; Taille XL (6000) recommand\u00e9e pour une duret\u00e9 dH 6-30. <br><br>Les bienfaits de l&rsquo;eau claire :<br><br>&#8211; Vapeur pure pour les meilleurs r\u00e9sultats de cuisson et de p\u00e2tisserie. <br>&#8211; Moins d&rsquo;entretien gr\u00e2ce au contr\u00f4le de l&rsquo;\u00e9chelle. <br>&#8211; De meilleurs r\u00e9sultats de nettoyage avec moins de produits chimiques, ce qui vous permet de r\u00e9aliser des \u00e9conomies. <br>&#8211; Cavit\u00e9 du four propre et brillante et vue d\u00e9gag\u00e9e \u00e0 travers la porte vitr\u00e9e. <br>&#8211; Un fonctionnement quotidien fiable et une productivit\u00e9 \u00e9lev\u00e9e sans interruption. <br>&#8211; Une dur\u00e9e de vie plus longue pour votre four. <\/div><\/div><\/div><\/section>\n\n\n\n\t<section class=\"mtt-accessories-slider spacing_top_80 spacing_bottom_80 spacing-classes-added\">\n\t\t<div class=\"mtt-accessories-slider__inner page_container\">\n\n\t\t\t<div class=\"loader mtt-accessories-slider__loader\"><div class=\"loader__inner\"><\/div><\/div>\n\n\t\t\t\n<div class=\"mtt-filter mtt-accessories-slider__filter\">\n\n    <div class=\"mtt-filter__container\">\n                    <h2 class=\"mtt-filter__title\">Autres accessoires de four dont vous pourriez avoir besoin<\/h2>\n            <\/div>\n    \n    <div class=\"mtt-filter__container\">\n\n        \n                    <div class=\"mtt-filter__arrows slider-arrow-wrap\">\n                                                    <div class=\"swiper-button-prev\"><\/div>\n                    <div class=\"swiper-button-next\"><\/div>\n                            <\/div>\n        \n    <\/div>\n\n<\/div>\n\t\t\t<div class=\"mtt-accessories-slider__target\">\n\t\t\t\t<div class=\"swiper-container\">\n\t\t\t\t\t<div class=\"swiper-wrapper\">\n\t\t\t\t\t\t<li class=\"mtt-product-card swiper-slide product type-product post-34690 status-publish first instock product_cat-filtres-a-eau has-post-thumbnail taxable shipping-taxable purchasable product-type-variable\">\n\t<a href=\"https:\/\/houno.com\/fr\/accessories\/kit-complet-de-filtres-a-eau-pour-boues-depuration\/\" class=\"woocommerce-LoopProduct-link woocommerce-loop-product__link\">    <div class=\"mtt-product-card__content\">\n        <div class=\"mtt-product-card__brand\">\n            Filtres \u00e0 eau        <\/div>\n        <div class=\"mtt-product-card__image\">\n            <img loading=\"lazy\" decoding=\"async\" width=\"300\" height=\"300\" src=\"https:\/\/houno.com\/wp-content\/uploads\/2025\/06\/108138_HydroShield_L_C_b-transparent-300x300.png\" class=\"attachment-woocommerce_thumbnail size-woocommerce_thumbnail\" alt=\"Ensemble complet de filtres \u00e0 eau HydroShield\" srcset=\"https:\/\/houno.com\/wp-content\/uploads\/2025\/06\/108138_HydroShield_L_C_b-transparent-300x300.png 300w, https:\/\/houno.com\/wp-content\/uploads\/2025\/06\/108138_HydroShield_L_C_b-transparent-100x100.png 100w, https:\/\/houno.com\/wp-content\/uploads\/2025\/06\/108138_HydroShield_L_C_b-transparent-150x150.png 150w, https:\/\/houno.com\/wp-content\/uploads\/2025\/06\/108138_HydroShield_L_C_b-transparent.png 500w\" sizes=\"auto, (max-width: 300px) 100vw, 300px\" \/>        <\/div>\n\n        <div class=\"mtt-product-card__text-wrap\">\n            <div class=\"mtt-product-card__title\">\n                Ensemble complet de filtres \u00e0 eau HydroShield            <\/div>\n            <div class=\"mtt-product-card__sub-title\">\n                            <\/div>\n        <\/div>\n\n    <\/div>\n\t<\/a><\/li><li class=\"mtt-product-card swiper-slide product type-product post-24219 status-publish instock product_cat-filtres-a-eau has-post-thumbnail taxable shipping-taxable purchasable product-type-simple\">\n\t<a href=\"https:\/\/houno.com\/fr\/accessories\/kit-de-montage-pour-filtre-a-eau\/\" class=\"woocommerce-LoopProduct-link woocommerce-loop-product__link\">    <div class=\"mtt-product-card__content\">\n        <div class=\"mtt-product-card__brand\">\n            Filtres \u00e0 eau        <\/div>\n        <div class=\"mtt-product-card__image\">\n            <img loading=\"lazy\" decoding=\"async\" width=\"300\" height=\"265\" src=\"https:\/\/houno.com\/wp-content\/uploads\/2025\/06\/Mounting-kit_transparent-e1750926301509-300x265.png\" class=\"attachment-woocommerce_thumbnail size-woocommerce_thumbnail\" alt=\"Kit de montage pour filtre \u00e0 eau\" srcset=\"https:\/\/houno.com\/wp-content\/uploads\/2025\/06\/Mounting-kit_transparent-e1750926301509-300x265.png 300w, https:\/\/houno.com\/wp-content\/uploads\/2025\/06\/Mounting-kit_transparent-e1750926301509-1024x904.png 1024w, https:\/\/houno.com\/wp-content\/uploads\/2025\/06\/Mounting-kit_transparent-e1750926301509-768x678.png 768w, https:\/\/houno.com\/wp-content\/uploads\/2025\/06\/Mounting-kit_transparent-e1750926301509-600x530.png 600w, https:\/\/houno.com\/wp-content\/uploads\/2025\/06\/Mounting-kit_transparent-e1750926301509.png 1348w\" sizes=\"auto, (max-width: 300px) 100vw, 300px\" \/>        <\/div>\n\n        <div class=\"mtt-product-card__text-wrap\">\n            <div class=\"mtt-product-card__title\">\n                Kit de montage pour filtre \u00e0 eau            <\/div>\n            <div class=\"mtt-product-card__sub-title\">\n                            <\/div>\n        <\/div>\n\n    <\/div>\n\t<\/a><\/li><li class=\"mtt-product-card swiper-slide product type-product post-24221 status-publish instock product_cat-filtres-a-eau has-post-thumbnail taxable shipping-taxable purchasable product-type-simple\">\n\t<a href=\"https:\/\/houno.com\/fr\/accessories\/kit-de-tuyau-pour-filtre-a-eau\/\" class=\"woocommerce-LoopProduct-link woocommerce-loop-product__link\">    <div class=\"mtt-product-card__content\">\n        <div class=\"mtt-product-card__brand\">\n            Filtres \u00e0 eau        <\/div>\n        <div class=\"mtt-product-card__image\">\n            <img loading=\"lazy\" decoding=\"async\" width=\"300\" height=\"190\" src=\"https:\/\/houno.com\/wp-content\/uploads\/2021\/01\/webshop_Hose-kit-for-water-filters-300x190.png\" class=\"attachment-woocommerce_thumbnail size-woocommerce_thumbnail\" alt=\"Kit de tuyau pour filtre \u00e0 eau\" srcset=\"https:\/\/houno.com\/wp-content\/uploads\/2021\/01\/webshop_Hose-kit-for-water-filters-300x190.png 300w, https:\/\/houno.com\/wp-content\/uploads\/2021\/01\/webshop_Hose-kit-for-water-filters.png 473w\" sizes=\"auto, (max-width: 300px) 100vw, 300px\" \/>        <\/div>\n\n        <div class=\"mtt-product-card__text-wrap\">\n            <div class=\"mtt-product-card__title\">\n                Kit de tuyau pour filtre \u00e0 eau            <\/div>\n            <div class=\"mtt-product-card__sub-title\">\n                            <\/div>\n        <\/div>\n\n    <\/div>\n\t<\/a><\/li><li class=\"mtt-product-card swiper-slide product type-product post-24222 status-publish last instock product_cat-filtres-a-eau has-post-thumbnail taxable shipping-taxable purchasable product-type-simple\">\n\t<a href=\"https:\/\/houno.com\/fr\/accessories\/tete-de-filtre\/\" class=\"woocommerce-LoopProduct-link woocommerce-loop-product__link\">    <div class=\"mtt-product-card__content\">\n        <div class=\"mtt-product-card__brand\">\n            Filtres \u00e0 eau        <\/div>\n        <div class=\"mtt-product-card__image\">\n            <img loading=\"lazy\" decoding=\"async\" width=\"300\" height=\"327\" src=\"https:\/\/houno.com\/wp-content\/uploads\/2021\/01\/Filter-head_Houno-1_transparent-300x327.png\" class=\"attachment-woocommerce_thumbnail size-woocommerce_thumbnail\" alt=\"T\u00eate de filtre - pour filtre \u00e0 eau\" srcset=\"https:\/\/houno.com\/wp-content\/uploads\/2021\/01\/Filter-head_Houno-1_transparent-300x327.png 300w, https:\/\/houno.com\/wp-content\/uploads\/2021\/01\/Filter-head_Houno-1_transparent-939x1024.png 939w, https:\/\/houno.com\/wp-content\/uploads\/2021\/01\/Filter-head_Houno-1_transparent-768x838.png 768w, https:\/\/houno.com\/wp-content\/uploads\/2021\/01\/Filter-head_Houno-1_transparent-600x655.png 600w, https:\/\/houno.com\/wp-content\/uploads\/2021\/01\/Filter-head_Houno-1_transparent-275x300.png 275w, https:\/\/houno.com\/wp-content\/uploads\/2021\/01\/Filter-head_Houno-1_transparent.png 1604w\" sizes=\"auto, (max-width: 300px) 100vw, 300px\" \/>        <\/div>\n\n        <div class=\"mtt-product-card__text-wrap\">\n            <div class=\"mtt-product-card__title\">\n                T\u00eate de filtre &#8211; pour filtre \u00e0 eau            <\/div>\n            <div class=\"mtt-product-card__sub-title\">\n                            <\/div>\n        <\/div>\n\n    <\/div>\n\t<\/a><\/li><li class=\"mtt-product-card swiper-slide product type-product post-24225 status-publish first instock product_cat-filtres-a-eau has-post-thumbnail taxable shipping-taxable purchasable product-type-simple\">\n\t<a href=\"https:\/\/houno.com\/fr\/accessories\/bandelettes-dessai-pour-mesurer-la-durete-totale-de-leau\/\" class=\"woocommerce-LoopProduct-link woocommerce-loop-product__link\">    <div class=\"mtt-product-card__content\">\n        <div class=\"mtt-product-card__brand\">\n            Filtres \u00e0 eau        <\/div>\n        <div class=\"mtt-product-card__image\">\n            <img loading=\"lazy\" decoding=\"async\" width=\"259\" height=\"200\" src=\"https:\/\/houno.com\/wp-content\/uploads\/2021\/01\/Webshop_test-strips1.png\" class=\"attachment-woocommerce_thumbnail size-woocommerce_thumbnail\" alt=\"Total hardness test strips\" \/>        <\/div>\n\n        <div class=\"mtt-product-card__text-wrap\">\n            <div class=\"mtt-product-card__title\">\n                Bandelettes d&rsquo;essai pour mesurer la duret\u00e9 totale de l&rsquo;eau            <\/div>\n            <div class=\"mtt-product-card__sub-title\">\n                            <\/div>\n        <\/div>\n\n    <\/div>\n\t<\/a><\/li><li class=\"mtt-product-card swiper-slide product type-product post-24931 status-publish instock product_cat-filtres-a-eau has-post-thumbnail taxable shipping-taxable purchasable product-type-simple\">\n\t<a href=\"https:\/\/houno.com\/fr\/accessories\/test-des-gouttelettes-pour-mesurer-la-durete-totale-de-leau\/\" class=\"woocommerce-LoopProduct-link woocommerce-loop-product__link\">    <div class=\"mtt-product-card__content\">\n        <div class=\"mtt-product-card__brand\">\n            Filtres \u00e0 eau        <\/div>\n        <div class=\"mtt-product-card__image\">\n            <img loading=\"lazy\" decoding=\"async\" width=\"300\" height=\"217\" src=\"https:\/\/houno.com\/wp-content\/uploads\/2021\/01\/webshop_total-hardness-test-300x217.png\" class=\"attachment-woocommerce_thumbnail size-woocommerce_thumbnail\" alt=\"Test des gouttelettes pour mesurer la duret\u00e9 totale de l&#039;eau\" srcset=\"https:\/\/houno.com\/wp-content\/uploads\/2021\/01\/webshop_total-hardness-test-300x217.png 300w, https:\/\/houno.com\/wp-content\/uploads\/2021\/01\/webshop_total-hardness-test.png 415w\" sizes=\"auto, (max-width: 300px) 100vw, 300px\" \/>        <\/div>\n\n        <div class=\"mtt-product-card__text-wrap\">\n            <div class=\"mtt-product-card__title\">\n                Test des gouttelettes pour mesurer la duret\u00e9 totale de l&rsquo;eau            <\/div>\n            <div class=\"mtt-product-card__sub-title\">\n                            <\/div>\n        <\/div>\n\n    <\/div>\n\t<\/a><\/li>\t\t\t\t\t<\/div>\n\t\t\t\t<\/div>\n\t\t\t<\/div>\n\n\t\t<\/div>\n\t<\/section>\n\n","protected":false},"excerpt":{"rendered":"<p>Prolongez la dur\u00e9e de vie de vos fours HOUN\u00d6 Invoq en utilisant nos filtres \u00e0 eau HydroShield pour pr\u00e9venir la calcification et r\u00e9duire l&rsquo;usure caus\u00e9e par la duret\u00e9 de l&rsquo;eau. <\/p>\n","protected":false},"featured_media":34516,"template":"","meta":{"_acf_changed":true,"_relevanssi_hide_post":"","_relevanssi_hide_content":"","_relevanssi_pin_for_all":"","_relevanssi_pin_keywords":"","_relevanssi_unpin_keywords":"","_relevanssi_related_keywords":"","_relevanssi_related_include_ids":"","_relevanssi_related_exclude_ids":"","_relevanssi_related_no_append":"","_relevanssi_related_not_related":"","_relevanssi_related_posts":"28565,31261,30125,30009,29891,32408","_relevanssi_noindex_reason":""},"certifications":[],"product_brand":[],"product_cat":[324],"product_tag":[],"class_list":{"0":"post-34523","1":"product","2":"type-product","3":"status-publish","4":"has-post-thumbnail","6":"product_cat-filtres-a-eau","7":"product_shipping_class-misc","9":"","10":"instock","11":"taxable","12":"shipping-taxable","13":"purchasable","14":"product-type-variable"},"acf":[],"yoast_head":"<!-- This site is optimized with the Yoast SEO Premium plugin v27.3 (Yoast SEO v27.4) - https:\/\/yoast.com\/product\/yoast-seo-premium-wordpress\/ -->\n<title>HydroShield - remplacement du filtre \u00e0 eau pour les fours HOUN\u00d6 Invoq<\/title>\n<meta name=\"description\" content=\"Prolongez la dur\u00e9e de vie de vos fours HOUN\u00d6 Invoq en utilisant nos filtres \u00e0 eau HydroShield pour pr\u00e9venir la calcification et r\u00e9duire l&#039;usure caus\u00e9e par la duret\u00e9 de l&#039;eau.\" \/>\n<meta name=\"robots\" content=\"index, follow, max-snippet:-1, max-image-preview:large, max-video-preview:-1\" \/>\n<link rel=\"canonical\" href=\"https:\/\/houno.com\/fr\/accessories\/hydroshield-remplacement-filtre-a-eau\/\" \/>\n<meta property=\"og:locale\" content=\"fr_FR\" \/>\n<meta property=\"og:type\" content=\"article\" \/>\n<meta property=\"og:title\" content=\"HydroShield - remplacement du filtre \u00e0 eau\" \/>\n<meta property=\"og:description\" content=\"Prolongez la dur\u00e9e de vie de vos fours HOUN\u00d6 Invoq en utilisant nos filtres \u00e0 eau HydroShield pour pr\u00e9venir la calcification et r\u00e9duire l&#039;usure caus\u00e9e par la duret\u00e9 de l&#039;eau.\" \/>\n<meta property=\"og:url\" content=\"https:\/\/houno.com\/fr\/accessories\/hydroshield-remplacement-filtre-a-eau\/\" \/>\n<meta property=\"og:site_name\" content=\"HOUN\u00d6\" \/>\n<meta property=\"article:publisher\" content=\"https:\/\/www.facebook.com\/hounocombi\" \/>\n<meta property=\"article:modified_time\" content=\"2025-07-07T09:56:32+00:00\" \/>\n<meta property=\"og:image\" content=\"https:\/\/houno.com\/wp-content\/uploads\/2025\/06\/HydroShield-two-sizes.png\" \/>\n\t<meta property=\"og:image:width\" content=\"1500\" \/>\n\t<meta property=\"og:image:height\" content=\"1417\" \/>\n\t<meta property=\"og:image:type\" content=\"image\/png\" \/>\n<meta name=\"twitter:card\" content=\"summary_large_image\" \/>\n<meta name=\"twitter:label1\" content=\"Dur\u00e9e de lecture estim\u00e9e\" \/>\n\t<meta name=\"twitter:data1\" content=\"4 minutes\" \/>\n<script type=\"application\/ld+json\" class=\"yoast-schema-graph\">{\"@context\":\"https:\\\/\\\/schema.org\",\"@graph\":[{\"@type\":\"WebPage\",\"@id\":\"https:\\\/\\\/houno.com\\\/fr\\\/accessories\\\/hydroshield-remplacement-filtre-a-eau\\\/\",\"url\":\"https:\\\/\\\/houno.com\\\/fr\\\/accessories\\\/hydroshield-remplacement-filtre-a-eau\\\/\",\"name\":\"HydroShield - remplacement du filtre \u00e0 eau pour les fours HOUN\u00d6 Invoq\",\"isPartOf\":{\"@id\":\"https:\\\/\\\/houno.com\\\/fr\\\/#website\"},\"primaryImageOfPage\":{\"@id\":\"https:\\\/\\\/houno.com\\\/fr\\\/accessories\\\/hydroshield-remplacement-filtre-a-eau\\\/#primaryimage\"},\"image\":{\"@id\":\"https:\\\/\\\/houno.com\\\/fr\\\/accessories\\\/hydroshield-remplacement-filtre-a-eau\\\/#primaryimage\"},\"thumbnailUrl\":\"https:\\\/\\\/houno.com\\\/wp-content\\\/uploads\\\/2025\\\/06\\\/HydroShield-two-sizes.png\",\"datePublished\":\"2025-06-26T08:57:15+00:00\",\"dateModified\":\"2025-07-07T09:56:32+00:00\",\"description\":\"Prolongez la dur\u00e9e de vie de vos fours HOUN\u00d6 Invoq en utilisant nos filtres \u00e0 eau HydroShield pour pr\u00e9venir la calcification et r\u00e9duire l'usure caus\u00e9e par la duret\u00e9 de l'eau.\",\"breadcrumb\":{\"@id\":\"https:\\\/\\\/houno.com\\\/fr\\\/accessories\\\/hydroshield-remplacement-filtre-a-eau\\\/#breadcrumb\"},\"inLanguage\":\"fr-FR\",\"potentialAction\":[{\"@type\":\"ReadAction\",\"target\":[\"https:\\\/\\\/houno.com\\\/fr\\\/accessories\\\/hydroshield-remplacement-filtre-a-eau\\\/\"]}]},{\"@type\":\"ImageObject\",\"inLanguage\":\"fr-FR\",\"@id\":\"https:\\\/\\\/houno.com\\\/fr\\\/accessories\\\/hydroshield-remplacement-filtre-a-eau\\\/#primaryimage\",\"url\":\"https:\\\/\\\/houno.com\\\/wp-content\\\/uploads\\\/2025\\\/06\\\/HydroShield-two-sizes.png\",\"contentUrl\":\"https:\\\/\\\/houno.com\\\/wp-content\\\/uploads\\\/2025\\\/06\\\/HydroShield-two-sizes.png\",\"width\":1500,\"height\":1417},{\"@type\":\"BreadcrumbList\",\"@id\":\"https:\\\/\\\/houno.com\\\/fr\\\/accessories\\\/hydroshield-remplacement-filtre-a-eau\\\/#breadcrumb\",\"itemListElement\":[{\"@type\":\"ListItem\",\"position\":1,\"name\":\"Home\",\"item\":\"https:\\\/\\\/houno.com\\\/fr\\\/\"},{\"@type\":\"ListItem\",\"position\":2,\"name\":\"Accessoires pour fours\",\"item\":\"https:\\\/\\\/houno.com\\\/fr\\\/accessoires\\\/\"},{\"@type\":\"ListItem\",\"position\":3,\"name\":\"HydroShield &#8211; remplacement du filtre \u00e0 eau\"}]},{\"@type\":\"WebSite\",\"@id\":\"https:\\\/\\\/houno.com\\\/fr\\\/#website\",\"url\":\"https:\\\/\\\/houno.com\\\/fr\\\/\",\"name\":\"HOUN\u00d6\",\"description\":\"La marque et le fabricant de fours commerciaux haut de gamme visent \u00e0 simplifier l&#039;entretien\",\"publisher\":{\"@id\":\"https:\\\/\\\/houno.com\\\/fr\\\/#organization\"},\"potentialAction\":[{\"@type\":\"SearchAction\",\"target\":{\"@type\":\"EntryPoint\",\"urlTemplate\":\"https:\\\/\\\/houno.com\\\/fr\\\/?s={search_term_string}\"},\"query-input\":{\"@type\":\"PropertyValueSpecification\",\"valueRequired\":true,\"valueName\":\"search_term_string\"}}],\"inLanguage\":\"fr-FR\"},{\"@type\":\"Organization\",\"@id\":\"https:\\\/\\\/houno.com\\\/fr\\\/#organization\",\"name\":\"HOUN\u00d6\",\"url\":\"https:\\\/\\\/houno.com\\\/fr\\\/\",\"logo\":{\"@type\":\"ImageObject\",\"inLanguage\":\"fr-FR\",\"@id\":\"https:\\\/\\\/houno.com\\\/fr\\\/#\\\/schema\\\/logo\\\/image\\\/\",\"url\":\"https:\\\/\\\/houno.com\\\/wp-content\\\/uploads\\\/2021\\\/08\\\/cropped-Houno\u00a6e_id_logo-black-e1634730012288.png\",\"contentUrl\":\"https:\\\/\\\/houno.com\\\/wp-content\\\/uploads\\\/2021\\\/08\\\/cropped-Houno\u00a6e_id_logo-black-e1634730012288.png\",\"width\":250,\"height\":59,\"caption\":\"HOUN\u00d6\"},\"image\":{\"@id\":\"https:\\\/\\\/houno.com\\\/fr\\\/#\\\/schema\\\/logo\\\/image\\\/\"},\"sameAs\":[\"https:\\\/\\\/www.facebook.com\\\/hounocombi\",\"https:\\\/\\\/www.linkedin.com\\\/company\\\/houno\\\/\"]}]}<\/script>\n<!-- \/ Yoast SEO Premium plugin. -->","yoast_head_json":{"title":"HydroShield - remplacement du filtre \u00e0 eau pour les fours HOUN\u00d6 Invoq","description":"Prolongez la dur\u00e9e de vie de vos fours HOUN\u00d6 Invoq en utilisant nos filtres \u00e0 eau HydroShield pour pr\u00e9venir la calcification et r\u00e9duire l'usure caus\u00e9e par la duret\u00e9 de l'eau.","robots":{"index":"index","follow":"follow","max-snippet":"max-snippet:-1","max-image-preview":"max-image-preview:large","max-video-preview":"max-video-preview:-1"},"canonical":"https:\/\/houno.com\/fr\/accessories\/hydroshield-remplacement-filtre-a-eau\/","og_locale":"fr_FR","og_type":"article","og_title":"HydroShield - remplacement du filtre \u00e0 eau","og_description":"Prolongez la dur\u00e9e de vie de vos fours HOUN\u00d6 Invoq en utilisant nos filtres \u00e0 eau HydroShield pour pr\u00e9venir la calcification et r\u00e9duire l'usure caus\u00e9e par la duret\u00e9 de l'eau.","og_url":"https:\/\/houno.com\/fr\/accessories\/hydroshield-remplacement-filtre-a-eau\/","og_site_name":"HOUN\u00d6","article_publisher":"https:\/\/www.facebook.com\/hounocombi","article_modified_time":"2025-07-07T09:56:32+00:00","og_image":[{"width":1500,"height":1417,"url":"https:\/\/houno.com\/wp-content\/uploads\/2025\/06\/HydroShield-two-sizes.png","type":"image\/png"}],"twitter_card":"summary_large_image","twitter_misc":{"Dur\u00e9e de lecture estim\u00e9e":"4 minutes"},"schema":{"@context":"https:\/\/schema.org","@graph":[{"@type":"WebPage","@id":"https:\/\/houno.com\/fr\/accessories\/hydroshield-remplacement-filtre-a-eau\/","url":"https:\/\/houno.com\/fr\/accessories\/hydroshield-remplacement-filtre-a-eau\/","name":"HydroShield - remplacement du filtre \u00e0 eau pour les fours HOUN\u00d6 Invoq","isPartOf":{"@id":"https:\/\/houno.com\/fr\/#website"},"primaryImageOfPage":{"@id":"https:\/\/houno.com\/fr\/accessories\/hydroshield-remplacement-filtre-a-eau\/#primaryimage"},"image":{"@id":"https:\/\/houno.com\/fr\/accessories\/hydroshield-remplacement-filtre-a-eau\/#primaryimage"},"thumbnailUrl":"https:\/\/houno.com\/wp-content\/uploads\/2025\/06\/HydroShield-two-sizes.png","datePublished":"2025-06-26T08:57:15+00:00","dateModified":"2025-07-07T09:56:32+00:00","description":"Prolongez la dur\u00e9e de vie de vos fours HOUN\u00d6 Invoq en utilisant nos filtres \u00e0 eau HydroShield pour pr\u00e9venir la calcification et r\u00e9duire l'usure caus\u00e9e par la duret\u00e9 de l'eau.","breadcrumb":{"@id":"https:\/\/houno.com\/fr\/accessories\/hydroshield-remplacement-filtre-a-eau\/#breadcrumb"},"inLanguage":"fr-FR","potentialAction":[{"@type":"ReadAction","target":["https:\/\/houno.com\/fr\/accessories\/hydroshield-remplacement-filtre-a-eau\/"]}]},{"@type":"ImageObject","inLanguage":"fr-FR","@id":"https:\/\/houno.com\/fr\/accessories\/hydroshield-remplacement-filtre-a-eau\/#primaryimage","url":"https:\/\/houno.com\/wp-content\/uploads\/2025\/06\/HydroShield-two-sizes.png","contentUrl":"https:\/\/houno.com\/wp-content\/uploads\/2025\/06\/HydroShield-two-sizes.png","width":1500,"height":1417},{"@type":"BreadcrumbList","@id":"https:\/\/houno.com\/fr\/accessories\/hydroshield-remplacement-filtre-a-eau\/#breadcrumb","itemListElement":[{"@type":"ListItem","position":1,"name":"Home","item":"https:\/\/houno.com\/fr\/"},{"@type":"ListItem","position":2,"name":"Accessoires pour fours","item":"https:\/\/houno.com\/fr\/accessoires\/"},{"@type":"ListItem","position":3,"name":"HydroShield &#8211; remplacement du filtre \u00e0 eau"}]},{"@type":"WebSite","@id":"https:\/\/houno.com\/fr\/#website","url":"https:\/\/houno.com\/fr\/","name":"HOUN\u00d6","description":"La marque et le fabricant de fours commerciaux haut de gamme visent \u00e0 simplifier l&#039;entretien","publisher":{"@id":"https:\/\/houno.com\/fr\/#organization"},"potentialAction":[{"@type":"SearchAction","target":{"@type":"EntryPoint","urlTemplate":"https:\/\/houno.com\/fr\/?s={search_term_string}"},"query-input":{"@type":"PropertyValueSpecification","valueRequired":true,"valueName":"search_term_string"}}],"inLanguage":"fr-FR"},{"@type":"Organization","@id":"https:\/\/houno.com\/fr\/#organization","name":"HOUN\u00d6","url":"https:\/\/houno.com\/fr\/","logo":{"@type":"ImageObject","inLanguage":"fr-FR","@id":"https:\/\/houno.com\/fr\/#\/schema\/logo\/image\/","url":"https:\/\/houno.com\/wp-content\/uploads\/2021\/08\/cropped-Houno\u00a6e_id_logo-black-e1634730012288.png","contentUrl":"https:\/\/houno.com\/wp-content\/uploads\/2021\/08\/cropped-Houno\u00a6e_id_logo-black-e1634730012288.png","width":250,"height":59,"caption":"HOUN\u00d6"},"image":{"@id":"https:\/\/houno.com\/fr\/#\/schema\/logo\/image\/"},"sameAs":["https:\/\/www.facebook.com\/hounocombi","https:\/\/www.linkedin.com\/company\/houno\/"]}]}},"_links":{"self":[{"href":"https:\/\/houno.com\/fr\/wp-json\/wp\/v2\/product\/34523","targetHints":{"allow":["GET"]}}],"collection":[{"href":"https:\/\/houno.com\/fr\/wp-json\/wp\/v2\/product"}],"about":[{"href":"https:\/\/houno.com\/fr\/wp-json\/wp\/v2\/types\/product"}],"wp:featuredmedia":[{"embeddable":true,"href":"https:\/\/houno.com\/fr\/wp-json\/wp\/v2\/media\/34516"}],"wp:attachment":[{"href":"https:\/\/houno.com\/fr\/wp-json\/wp\/v2\/media?parent=34523"}],"wp:term":[{"taxonomy":"certifications","embeddable":true,"href":"https:\/\/houno.com\/fr\/wp-json\/wp\/v2\/certifications?post=34523"},{"taxonomy":"product_brand","embeddable":true,"href":"https:\/\/houno.com\/fr\/wp-json\/wp\/v2\/product_brand?post=34523"},{"taxonomy":"product_cat","embeddable":true,"href":"https:\/\/houno.com\/fr\/wp-json\/wp\/v2\/product_cat?post=34523"},{"taxonomy":"product_tag","embeddable":true,"href":"https:\/\/houno.com\/fr\/wp-json\/wp\/v2\/product_tag?post=34523"}],"curies":[{"name":"wp","href":"https:\/\/api.w.org\/{rel}","templated":true}]}}