{"id":23647,"date":"2021-01-05T17:31:17","date_gmt":"2023-11-19T00:50:26","guid":{"rendered":"https:\/\/houno.com\/accessories\/detergent-intense-2\/"},"modified":"2025-03-05T08:33:11","modified_gmt":"2025-03-05T07:33:11","slug":"detergent-intense","status":"publish","type":"product","link":"https:\/\/houno.com\/fr\/accessories\/detergent-intense\/","title":{"rendered":"D\u00e9tergent intense"},"content":{"rendered":"\n<section class=\"wp-block-morningtrain-text-sections mtt-text-sections style background_element undefined is-style-bg-white is-style-no_bg\"><div class=\"mtt-text-sections__inner page_container \"><p class=\"mtt-text-sections__tagline mtt-tagline\"><\/p><h2 class=\"mtt-text-sections__title\">Informations sur le produit<\/h2><div class=\"mtt-text-sections__wrap\"><div class=\"mtt-text-sections__text-container\">D\u00e9tergent pour nettoyer les fours avec le syst\u00e8me de nettoyage automatique. Le fait<br>de combiner des composants alcalins, tensioactifs et de liaison au calcium assure un<br>nettoyage efficace de la salet\u00e9 et des composants coll\u00e9s. De plus, il emp\u00eache les d\u00e9p\u00f4ts de<br>calcium dans l\u2019eau dure.<br>Utilisez l\u2019aide au rin\u00e7age en plus du d\u00e9tergent intense.<br><br>Dosage de d\u00e9tergent intense et d\u2019aide au rin\u00e7age\u00a0<br>En moyenne, le four mixte HOUN\u00d6 utilise trois parties de detergent intense avec une partie de l\u2019aide au rin\u00e7age<\/div><div class=\"mtt-text-sections__text-container\"><\/div><\/div><\/div><\/section>\n\n\n\n<section class=\"wp-block-morningtrain-separator mtt-separator undefined spacing_top_104\"><div class=\"mtt-separator__border page_container\"><\/div><\/section>\n\n\n\r\n<section id=\"l'information\" class=\"mtt-accordion spacing_bottom_104 spacing-classes-added\">\r\n    <div class=\"mtt-accordion__inner\">\r\n        <div class=\"mtt-accordion__wrap page_container\">\r\n\r\n            \r\n            <div class=\"mtt-accordion__accordions\">\r\n                                                            <div class=\"mtt-accordion__accordion\">\r\n\r\n                            <div class=\"mtt-accordion__accordion-title\">\r\n                                <p>Sp\u00e9cifications &#8211; 2 x 5 l<\/p>\r\n                            <\/div>\r\n\r\n                            <div class=\"mtt-accordion__accordion-content\">\r\n                                <div class=\"mtt-accordion__accordion-content-inner\">\r\n                                    <p>\u2022 Vendu par paire<br \/>\n\u2022 Quantit\u00e9 par bo\u00eete : 2 unit\u00e9s x 5 l<br \/>\n\u2022 Poids : 13,6 kg<br \/>\n\u2022 L x L x H (mm) : 280 x 190 x 300<br \/>\n\u2022 Num\u00e9ro d&rsquo;article 30500571<\/p>\n<p>Approuv\u00e9 pour l&rsquo;exp\u00e9dition dans les pays suivants :<br \/>\nDanemark, Norv\u00e8ge, Su\u00e8de, Royaume-Uni, Irlande, Pologne, Allemagne, Suisse, Autriche, R\u00e9publique tch\u00e8que, Bulgarie, Lettonie, Lituanie, Roumanie, Hongrie, Slov\u00e9nie, France, Italie, Portugal, Espagne.<\/p>\n                                <\/div>\r\n                            <\/div>\r\n\r\n                        <\/div>\r\n                                            <div class=\"mtt-accordion__accordion\">\r\n\r\n                            <div class=\"mtt-accordion__accordion-title\">\r\n                                <p>Specifications &#8211; 4 x 5 l<\/p>\r\n                            <\/div>\r\n\r\n                            <div class=\"mtt-accordion__accordion-content\">\r\n                                <div class=\"mtt-accordion__accordion-content-inner\">\r\n                                    <p>\u2022 Vendu par paire<br \/>\n\u2022 Quantit\u00e9 par bo\u00eete : 4 unit\u00e9s x 5 l<br \/>\n\u2022 Poids : 27,2 kg<br \/>\n\u2022 L x L x H (mm) : 280 x 380 x 300<br \/>\n\u2022 Num\u00e9ro d&rsquo;article 30500626<\/p>\n<p>Approuv\u00e9 pour l&rsquo;exp\u00e9dition dans les pays suivants :<br \/>\nDanemark, Norv\u00e8ge, Su\u00e8de, Royaume-Uni, Irlande, Pologne, Allemagne, Suisse, Autriche, R\u00e9publique tch\u00e8que, Bulgarie, Lettonie, Lituanie, Roumanie, Hongrie, Slov\u00e9nie, France, Italie, Portugal, Espagne.<\/p>\n                                <\/div>\r\n                            <\/div>\r\n\r\n                        <\/div>\r\n                                            <div class=\"mtt-accordion__accordion\">\r\n\r\n                            <div class=\"mtt-accordion__accordion-title\">\r\n                                <p>Fiche technique<\/p>\r\n                            <\/div>\r\n\r\n                            <div class=\"mtt-accordion__accordion-content\">\r\n                                <div class=\"mtt-accordion__accordion-content-inner\">\r\n                                    <p>Fiche technique pour HOUN\u00d6 PROTECT D\u00e9tergent Intense<\/p>\n<p><span style=\"color: #000000;\">\u2022 <a style=\"color: #000000;\" href=\"https:\/\/houno.com\/wp-content\/uploads\/2025\/03\/HounProtectDetergentIntense_FR.pdf\" target=\"_blank\" rel=\"noopener\">Fran\u00e7ais<\/a><\/span><br \/>\n<span style=\"color: #000000;\">\u2022 <a style=\"color: #000000;\" href=\"https:\/\/houno.com\/wp-content\/uploads\/2025\/03\/HounProtectDetergentIntense_EN.pdf\" target=\"_blank\" rel=\"noopener\">Anglais<\/a><\/span><br \/>\n<span style=\"color: #000000;\">\u2022 <a style=\"color: #000000;\" href=\"https:\/\/houno.com\/wp-content\/uploads\/2025\/03\/HounProtectDetergentIntense_DA.pdf\" target=\"_blank\" rel=\"noopener\">Danois<\/a><br \/>\n<span style=\"color: #000000;\">\u2022 <a style=\"color: #000000;\" href=\"https:\/\/houno.com\/wp-content\/uploads\/2021\/02\/Datasheet_Detergent-Insense_DE.pdf\" target=\"_blank\" rel=\"noopener\">Allemand<\/a><\/span><br \/>\n<span style=\"color: #000000;\">\u2022 <a style=\"color: #000000;\" href=\"https:\/\/houno.com\/wp-content\/uploads\/2021\/02\/Datasheet_Detergent-Insense_SE.pdf\" target=\"_blank\" rel=\"noopener\">Su\u00e9dois<\/a><\/span><br \/>\n<span style=\"color: #000000;\">\u2022 <a style=\"color: #000000;\" href=\"https:\/\/houno.com\/wp-content\/uploads\/2021\/02\/Datasheet_Detergent-Insense_NO.pdf\" target=\"_blank\" rel=\"noopener\">Norv\u00e9gien<\/a><\/span><\/span><\/p>\n                                <\/div>\r\n                            <\/div>\r\n\r\n                        <\/div>\r\n                                            <div class=\"mtt-accordion__accordion\">\r\n\r\n                            <div class=\"mtt-accordion__accordion-title\">\r\n                                <p>Manuel d&rsquo;installation<\/p>\r\n                            <\/div>\r\n\r\n                            <div class=\"mtt-accordion__accordion-content\">\r\n                                <div class=\"mtt-accordion__accordion-content-inner\">\r\n                                    <p>Manuel d&rsquo;installation HOUN\u00d6 PROTECT pour les mod\u00e8les Visual Cooking et CombiSlim<\/p>\n<p><span style=\"color: #000000;\">\u2022 <a style=\"color: #000000;\" href=\"https:\/\/houno.com\/wp-content\/uploads\/2021\/02\/HOUNO-PROTECT_UserAndInstallationManual_2_7_1_0520_FR.pdf\" target=\"_blank\" rel=\"noopener\">Fran\u00e7ais<\/a><\/span><br \/>\n<span style=\"color: #000000;\">\u2022 <a style=\"color: #000000;\" href=\"https:\/\/houno.com\/wp-content\/uploads\/2021\/02\/HOUNO-PROTECT_UserAndInstallationManual_2_7_1_0520_EN.pdf\" target=\"_blank\" rel=\"noopener\">Anglais<\/a><\/span><br \/>\n<span style=\"color: #000000;\">\u2022 <a style=\"color: #000000;\" href=\"https:\/\/houno.com\/wp-content\/uploads\/2021\/02\/HOUNO-PROTECT_UserAndInstallationManual_2_7_1_0520_DA.pdf\" target=\"_blank\" rel=\"noopener\">Danois<\/a><\/span><br \/>\n\u2022 <a style=\"color: #000000;\" href=\"https:\/\/houno.com\/wp-content\/uploads\/2021\/02\/HOUNO-PROTECT_UserAndInstallationManual_2_7_1_0520_PL.pdf\" target=\"_blank\" rel=\"noopener\">Polonais<\/a><br \/>\n\u2022 <a style=\"color: #000000;\" href=\"https:\/\/houno.com\/wp-content\/uploads\/2021\/02\/HOUNO-PROTECT_UserAndInstallationManual_2_7_1_0520_RU.pdf\" target=\"_blank\" rel=\"noopener\">Russie<\/a><\/p>\n                                <\/div>\r\n                            <\/div>\r\n\r\n                        <\/div>\r\n                                                                <\/div>\r\n\r\n        <\/div>\r\n    <\/div>\r\n<\/section>\n\n\n\t<section class=\"mtt-accessories-slider spacing_bottom_184 spacing-classes-added\">\n\t\t<div class=\"mtt-accessories-slider__inner page_container\">\n\n\t\t\t<div class=\"loader mtt-accessories-slider__loader\"><div class=\"loader__inner\"><\/div><\/div>\n\n\t\t\t\n<div class=\"mtt-filter mtt-accessories-slider__filter\">\n\n    <div class=\"mtt-filter__container\">\n                    <h2 class=\"mtt-filter__title\">Accessoires connexes<\/h2>\n            <\/div>\n    \n    <div class=\"mtt-filter__container\">\n\n        \n                    <div class=\"mtt-filter__arrows slider-arrow-wrap\">\n                                                    <div class=\"swiper-button-prev\"><\/div>\n                    <div class=\"swiper-button-next\"><\/div>\n                            <\/div>\n        \n    <\/div>\n\n<\/div>\n\t\t\t<div class=\"mtt-accessories-slider__target\">\n\t\t\t\t<div class=\"swiper-container\">\n\t\t\t\t\t<div class=\"swiper-wrapper\">\n\t\t\t\t\t\t<li class=\"mtt-product-card swiper-slide product type-product post-23651 status-publish first instock product_cat-detergents has-post-thumbnail taxable shipping-taxable purchasable product-type-simple\">\n\t<a href=\"https:\/\/houno.com\/fr\/accessories\/le-kit-de-demarrage-houno-protect\/\" class=\"woocommerce-LoopProduct-link woocommerce-loop-product__link\">    <div class=\"mtt-product-card__content\">\n        <div class=\"mtt-product-card__brand\">\n            D\u00e9tergents        <\/div>\n        <div class=\"mtt-product-card__image\">\n            <img loading=\"lazy\" decoding=\"async\" width=\"300\" height=\"156\" src=\"https:\/\/houno.com\/wp-content\/uploads\/2021\/01\/webshop_HOUN\u00d6-PROTECT-cleaning-package-300x156.png\" class=\"attachment-woocommerce_thumbnail size-woocommerce_thumbnail\" alt=\"Kit de d\u00e9marrage HOUN\u00d6 PROTECT\" srcset=\"https:\/\/houno.com\/wp-content\/uploads\/2021\/01\/webshop_HOUN\u00d6-PROTECT-cleaning-package-300x156.png 300w, https:\/\/houno.com\/wp-content\/uploads\/2021\/01\/webshop_HOUN\u00d6-PROTECT-cleaning-package.png 578w\" sizes=\"auto, (max-width: 300px) 100vw, 300px\" \/>        <\/div>\n\n        <div class=\"mtt-product-card__text-wrap\">\n            <div class=\"mtt-product-card__title\">\n                Kit de d\u00e9marrage HOUN\u00d6 PROTECT            <\/div>\n            <div class=\"mtt-product-card__sub-title\">\n                            <\/div>\n        <\/div>\n\n    <\/div>\n\t<\/a><\/li><li class=\"mtt-product-card swiper-slide product type-product post-23652 status-publish instock product_cat-detergents has-post-thumbnail taxable shipping-taxable purchasable product-type-simple\">\n\t<a href=\"https:\/\/houno.com\/fr\/accessories\/aide-au-rincage-2-5-l\/\" class=\"woocommerce-LoopProduct-link woocommerce-loop-product__link\">    <div class=\"mtt-product-card__content\">\n        <div class=\"mtt-product-card__brand\">\n            D\u00e9tergents        <\/div>\n        <div class=\"mtt-product-card__image\">\n            <img loading=\"lazy\" decoding=\"async\" width=\"300\" height=\"212\" src=\"https:\/\/houno.com\/wp-content\/uploads\/2021\/01\/Webshop_Rinse-aid2-300x212.png\" class=\"attachment-woocommerce_thumbnail size-woocommerce_thumbnail\" alt=\"Aide au rin\u00e7age 2 x 5 l\" srcset=\"https:\/\/houno.com\/wp-content\/uploads\/2021\/01\/Webshop_Rinse-aid2-300x212.png 300w, https:\/\/houno.com\/wp-content\/uploads\/2021\/01\/Webshop_Rinse-aid2.png 424w\" sizes=\"auto, (max-width: 300px) 100vw, 300px\" \/>        <\/div>\n\n        <div class=\"mtt-product-card__text-wrap\">\n            <div class=\"mtt-product-card__title\">\n                Aide au rin\u00e7age 2 x 5 l            <\/div>\n            <div class=\"mtt-product-card__sub-title\">\n                            <\/div>\n        <\/div>\n\n    <\/div>\n\t<\/a><\/li><li class=\"mtt-product-card swiper-slide product type-product post-24215 status-publish instock product_cat-detergents has-post-thumbnail taxable shipping-taxable purchasable product-type-simple\">\n\t<a href=\"https:\/\/houno.com\/fr\/accessories\/suma-extend-d3\/\" class=\"woocommerce-LoopProduct-link woocommerce-loop-product__link\">    <div class=\"mtt-product-card__content\">\n        <div class=\"mtt-product-card__brand\">\n            D\u00e9tergents        <\/div>\n        <div class=\"mtt-product-card__image\">\n            <img loading=\"lazy\" decoding=\"async\" width=\"249\" height=\"300\" src=\"https:\/\/houno.com\/wp-content\/uploads\/2021\/01\/webshop_Suma-Extend-D3.png\" class=\"attachment-woocommerce_thumbnail size-woocommerce_thumbnail\" alt=\"Suma Extend D3\" \/>        <\/div>\n\n        <div class=\"mtt-product-card__text-wrap\">\n            <div class=\"mtt-product-card__title\">\n                Suma Extend D3            <\/div>\n            <div class=\"mtt-product-card__sub-title\">\n                            <\/div>\n        <\/div>\n\n    <\/div>\n\t<\/a><\/li><li class=\"mtt-product-card swiper-slide product type-product post-24216 status-publish last instock product_cat-detergents has-post-thumbnail taxable shipping-taxable purchasable product-type-simple\">\n\t<a href=\"https:\/\/houno.com\/fr\/accessories\/suma-calc-d5\/\" class=\"woocommerce-LoopProduct-link woocommerce-loop-product__link\">    <div class=\"mtt-product-card__content\">\n        <div class=\"mtt-product-card__brand\">\n            D\u00e9tergents        <\/div>\n        <div class=\"mtt-product-card__image\">\n            <img loading=\"lazy\" decoding=\"async\" width=\"249\" height=\"300\" src=\"https:\/\/houno.com\/wp-content\/uploads\/2021\/01\/webshop_Suma-Calc-D5.png\" class=\"attachment-woocommerce_thumbnail size-woocommerce_thumbnail\" alt=\"Suma Calc D5\" \/>        <\/div>\n\n        <div class=\"mtt-product-card__text-wrap\">\n            <div class=\"mtt-product-card__title\">\n                Suma Calc D5            <\/div>\n            <div class=\"mtt-product-card__sub-title\">\n                            <\/div>\n        <\/div>\n\n    <\/div>\n\t<\/a><\/li><li class=\"mtt-product-card swiper-slide product type-product post-24217 status-publish first instock product_cat-detergents has-post-thumbnail taxable shipping-taxable purchasable product-type-simple\">\n\t<a href=\"https:\/\/houno.com\/fr\/accessories\/kit-de-tuyau-pour-detergents\/\" class=\"woocommerce-LoopProduct-link woocommerce-loop-product__link\">    <div class=\"mtt-product-card__content\">\n        <div class=\"mtt-product-card__brand\">\n            D\u00e9tergents        <\/div>\n        <div class=\"mtt-product-card__image\">\n            <img loading=\"lazy\" decoding=\"async\" width=\"300\" height=\"289\" src=\"https:\/\/houno.com\/wp-content\/uploads\/2021\/01\/webshop_Hose-kit-for-detergents-300x289.png\" class=\"attachment-woocommerce_thumbnail size-woocommerce_thumbnail\" alt=\"Kit de tuyau pour d\u00e9tergents\" srcset=\"https:\/\/houno.com\/wp-content\/uploads\/2021\/01\/webshop_Hose-kit-for-detergents-300x289.png 300w, https:\/\/houno.com\/wp-content\/uploads\/2021\/01\/webshop_Hose-kit-for-detergents.png 311w\" sizes=\"auto, (max-width: 300px) 100vw, 300px\" \/>        <\/div>\n\n        <div class=\"mtt-product-card__text-wrap\">\n            <div class=\"mtt-product-card__title\">\n                Kit de tuyau pour d\u00e9tergents            <\/div>\n            <div class=\"mtt-product-card__sub-title\">\n                            <\/div>\n        <\/div>\n\n    <\/div>\n\t<\/a><\/li>\t\t\t\t\t<\/div>\n\t\t\t\t<\/div>\n\t\t\t<\/div>\n\n\t\t<\/div>\n\t<\/section>\n\n","protected":false},"excerpt":{"rendered":"<ul>\n<li>Assure l&rsquo;\u00e9limination efficace de la salet\u00e9 et des composants coll\u00e9s<\/li>\n<li>Pr\u00e9vient les d\u00e9p\u00f4ts de calcaire dans l&rsquo;eau dure<\/li>\n<li>Pour les fours \u00e9quip\u00e9s d&rsquo;un syst\u00e8me de nettoyage automatique<\/li>\n<li>Vendu par paire<\/li>\n<li>Disponible en 2 tailles d&rsquo;unit\u00e9s<\/li>\n<\/ul>\n","protected":false},"featured_media":2070,"template":"","meta":{"_acf_changed":true,"_relevanssi_hide_post":"","_relevanssi_hide_content":"","_relevanssi_pin_for_all":"","_relevanssi_pin_keywords":"","_relevanssi_unpin_keywords":"","_relevanssi_related_keywords":"","_relevanssi_related_include_ids":"","_relevanssi_related_exclude_ids":"","_relevanssi_related_no_append":"","_relevanssi_related_not_related":"","_relevanssi_related_posts":"18551,1117,22351,22694,1122,22392","_relevanssi_noindex_reason":""},"certifications":[],"product_brand":[],"product_cat":[311],"product_tag":[],"class_list":{"0":"post-23647","1":"product","2":"type-product","3":"status-publish","4":"has-post-thumbnail","6":"product_cat-detergents","7":"product_shipping_class-marchandises-dangereuses","9":"","10":"instock","11":"taxable","12":"shipping-taxable","13":"purchasable","14":"product-type-variable"},"acf":[],"yoast_head":"<!-- This site is optimized with the Yoast SEO Premium plugin v27.4 (Yoast SEO v27.4) - https:\/\/yoast.com\/product\/yoast-seo-premium-wordpress\/ -->\n<title>D\u00e9tergent intense - HOUN\u00d6<\/title>\n<meta name=\"robots\" content=\"index, follow, max-snippet:-1, max-image-preview:large, max-video-preview:-1\" \/>\n<link rel=\"canonical\" href=\"https:\/\/houno.com\/fr\/accessories\/detergent-intense\/\" \/>\n<meta property=\"og:locale\" content=\"fr_FR\" \/>\n<meta property=\"og:type\" content=\"article\" \/>\n<meta property=\"og:title\" content=\"D\u00e9tergent intense\" \/>\n<meta property=\"og:description\" content=\"Assure l&#039;\u00e9limination efficace de la salet\u00e9 et des composants coll\u00e9s Pr\u00e9vient les d\u00e9p\u00f4ts de calcaire dans l&#039;eau dure Pour les fours \u00e9quip\u00e9s d&#039;un syst\u00e8me de nettoyage automatique Vendu par paire Disponible en 2 tailles d&#039;unit\u00e9s\" \/>\n<meta property=\"og:url\" content=\"https:\/\/houno.com\/fr\/accessories\/detergent-intense\/\" \/>\n<meta property=\"og:site_name\" content=\"HOUN\u00d6\" \/>\n<meta property=\"article:publisher\" content=\"https:\/\/www.facebook.com\/hounocombi\" \/>\n<meta property=\"article:modified_time\" content=\"2025-03-05T07:33:11+00:00\" \/>\n<meta property=\"og:image\" content=\"https:\/\/houno.com\/wp-content\/uploads\/2021\/01\/webshop_houno-protect-detergent-intense.png\" \/>\n\t<meta property=\"og:image:width\" content=\"396\" \/>\n\t<meta property=\"og:image:height\" content=\"300\" \/>\n\t<meta property=\"og:image:type\" content=\"image\/png\" \/>\n<meta name=\"twitter:card\" content=\"summary_large_image\" \/>\n<meta name=\"twitter:label1\" content=\"Dur\u00e9e de lecture estim\u00e9e\" \/>\n\t<meta name=\"twitter:data1\" content=\"1 minute\" \/>\n<script type=\"application\/ld+json\" class=\"yoast-schema-graph\">{\"@context\":\"https:\\\/\\\/schema.org\",\"@graph\":[{\"@type\":\"WebPage\",\"@id\":\"https:\\\/\\\/houno.com\\\/fr\\\/accessories\\\/detergent-intense\\\/\",\"url\":\"https:\\\/\\\/houno.com\\\/fr\\\/accessories\\\/detergent-intense\\\/\",\"name\":\"D\u00e9tergent intense - HOUN\u00d6\",\"isPartOf\":{\"@id\":\"https:\\\/\\\/houno.com\\\/fr\\\/#website\"},\"primaryImageOfPage\":{\"@id\":\"https:\\\/\\\/houno.com\\\/fr\\\/accessories\\\/detergent-intense\\\/#primaryimage\"},\"image\":{\"@id\":\"https:\\\/\\\/houno.com\\\/fr\\\/accessories\\\/detergent-intense\\\/#primaryimage\"},\"thumbnailUrl\":\"https:\\\/\\\/houno.com\\\/wp-content\\\/uploads\\\/2021\\\/01\\\/webshop_houno-protect-detergent-intense.png\",\"datePublished\":\"2023-11-19T00:50:26+00:00\",\"dateModified\":\"2025-03-05T07:33:11+00:00\",\"breadcrumb\":{\"@id\":\"https:\\\/\\\/houno.com\\\/fr\\\/accessories\\\/detergent-intense\\\/#breadcrumb\"},\"inLanguage\":\"fr-FR\",\"potentialAction\":[{\"@type\":\"ReadAction\",\"target\":[\"https:\\\/\\\/houno.com\\\/fr\\\/accessories\\\/detergent-intense\\\/\"]}]},{\"@type\":\"ImageObject\",\"inLanguage\":\"fr-FR\",\"@id\":\"https:\\\/\\\/houno.com\\\/fr\\\/accessories\\\/detergent-intense\\\/#primaryimage\",\"url\":\"https:\\\/\\\/houno.com\\\/wp-content\\\/uploads\\\/2021\\\/01\\\/webshop_houno-protect-detergent-intense.png\",\"contentUrl\":\"https:\\\/\\\/houno.com\\\/wp-content\\\/uploads\\\/2021\\\/01\\\/webshop_houno-protect-detergent-intense.png\",\"width\":396,\"height\":300},{\"@type\":\"BreadcrumbList\",\"@id\":\"https:\\\/\\\/houno.com\\\/fr\\\/accessories\\\/detergent-intense\\\/#breadcrumb\",\"itemListElement\":[{\"@type\":\"ListItem\",\"position\":1,\"name\":\"Home\",\"item\":\"https:\\\/\\\/houno.com\\\/fr\\\/\"},{\"@type\":\"ListItem\",\"position\":2,\"name\":\"Accessoires pour fours\",\"item\":\"https:\\\/\\\/houno.com\\\/fr\\\/accessoires\\\/\"},{\"@type\":\"ListItem\",\"position\":3,\"name\":\"D\u00e9tergent intense\"}]},{\"@type\":\"WebSite\",\"@id\":\"https:\\\/\\\/houno.com\\\/fr\\\/#website\",\"url\":\"https:\\\/\\\/houno.com\\\/fr\\\/\",\"name\":\"HOUN\u00d6\",\"description\":\"La marque et le fabricant de fours commerciaux haut de gamme visent \u00e0 simplifier l&#039;entretien\",\"publisher\":{\"@id\":\"https:\\\/\\\/houno.com\\\/fr\\\/#organization\"},\"potentialAction\":[{\"@type\":\"SearchAction\",\"target\":{\"@type\":\"EntryPoint\",\"urlTemplate\":\"https:\\\/\\\/houno.com\\\/fr\\\/?s={search_term_string}\"},\"query-input\":{\"@type\":\"PropertyValueSpecification\",\"valueRequired\":true,\"valueName\":\"search_term_string\"}}],\"inLanguage\":\"fr-FR\"},{\"@type\":\"Organization\",\"@id\":\"https:\\\/\\\/houno.com\\\/fr\\\/#organization\",\"name\":\"HOUN\u00d6\",\"url\":\"https:\\\/\\\/houno.com\\\/fr\\\/\",\"logo\":{\"@type\":\"ImageObject\",\"inLanguage\":\"fr-FR\",\"@id\":\"https:\\\/\\\/houno.com\\\/fr\\\/#\\\/schema\\\/logo\\\/image\\\/\",\"url\":\"https:\\\/\\\/houno.com\\\/wp-content\\\/uploads\\\/2021\\\/08\\\/cropped-Houno\u00a6e_id_logo-black-e1634730012288.png\",\"contentUrl\":\"https:\\\/\\\/houno.com\\\/wp-content\\\/uploads\\\/2021\\\/08\\\/cropped-Houno\u00a6e_id_logo-black-e1634730012288.png\",\"width\":250,\"height\":59,\"caption\":\"HOUN\u00d6\"},\"image\":{\"@id\":\"https:\\\/\\\/houno.com\\\/fr\\\/#\\\/schema\\\/logo\\\/image\\\/\"},\"sameAs\":[\"https:\\\/\\\/www.facebook.com\\\/hounocombi\",\"https:\\\/\\\/www.linkedin.com\\\/company\\\/houno\\\/\"]}]}<\/script>\n<!-- \/ Yoast SEO Premium plugin. -->","yoast_head_json":{"title":"D\u00e9tergent intense - HOUN\u00d6","robots":{"index":"index","follow":"follow","max-snippet":"max-snippet:-1","max-image-preview":"max-image-preview:large","max-video-preview":"max-video-preview:-1"},"canonical":"https:\/\/houno.com\/fr\/accessories\/detergent-intense\/","og_locale":"fr_FR","og_type":"article","og_title":"D\u00e9tergent intense","og_description":"Assure l'\u00e9limination efficace de la salet\u00e9 et des composants coll\u00e9s Pr\u00e9vient les d\u00e9p\u00f4ts de calcaire dans l'eau dure Pour les fours \u00e9quip\u00e9s d'un syst\u00e8me de nettoyage automatique Vendu par paire Disponible en 2 tailles d'unit\u00e9s","og_url":"https:\/\/houno.com\/fr\/accessories\/detergent-intense\/","og_site_name":"HOUN\u00d6","article_publisher":"https:\/\/www.facebook.com\/hounocombi","article_modified_time":"2025-03-05T07:33:11+00:00","og_image":[{"width":396,"height":300,"url":"https:\/\/houno.com\/wp-content\/uploads\/2021\/01\/webshop_houno-protect-detergent-intense.png","type":"image\/png"}],"twitter_card":"summary_large_image","twitter_misc":{"Dur\u00e9e de lecture estim\u00e9e":"1 minute"},"schema":{"@context":"https:\/\/schema.org","@graph":[{"@type":"WebPage","@id":"https:\/\/houno.com\/fr\/accessories\/detergent-intense\/","url":"https:\/\/houno.com\/fr\/accessories\/detergent-intense\/","name":"D\u00e9tergent intense - HOUN\u00d6","isPartOf":{"@id":"https:\/\/houno.com\/fr\/#website"},"primaryImageOfPage":{"@id":"https:\/\/houno.com\/fr\/accessories\/detergent-intense\/#primaryimage"},"image":{"@id":"https:\/\/houno.com\/fr\/accessories\/detergent-intense\/#primaryimage"},"thumbnailUrl":"https:\/\/houno.com\/wp-content\/uploads\/2021\/01\/webshop_houno-protect-detergent-intense.png","datePublished":"2023-11-19T00:50:26+00:00","dateModified":"2025-03-05T07:33:11+00:00","breadcrumb":{"@id":"https:\/\/houno.com\/fr\/accessories\/detergent-intense\/#breadcrumb"},"inLanguage":"fr-FR","potentialAction":[{"@type":"ReadAction","target":["https:\/\/houno.com\/fr\/accessories\/detergent-intense\/"]}]},{"@type":"ImageObject","inLanguage":"fr-FR","@id":"https:\/\/houno.com\/fr\/accessories\/detergent-intense\/#primaryimage","url":"https:\/\/houno.com\/wp-content\/uploads\/2021\/01\/webshop_houno-protect-detergent-intense.png","contentUrl":"https:\/\/houno.com\/wp-content\/uploads\/2021\/01\/webshop_houno-protect-detergent-intense.png","width":396,"height":300},{"@type":"BreadcrumbList","@id":"https:\/\/houno.com\/fr\/accessories\/detergent-intense\/#breadcrumb","itemListElement":[{"@type":"ListItem","position":1,"name":"Home","item":"https:\/\/houno.com\/fr\/"},{"@type":"ListItem","position":2,"name":"Accessoires pour fours","item":"https:\/\/houno.com\/fr\/accessoires\/"},{"@type":"ListItem","position":3,"name":"D\u00e9tergent intense"}]},{"@type":"WebSite","@id":"https:\/\/houno.com\/fr\/#website","url":"https:\/\/houno.com\/fr\/","name":"HOUN\u00d6","description":"La marque et le fabricant de fours commerciaux haut de gamme visent \u00e0 simplifier l&#039;entretien","publisher":{"@id":"https:\/\/houno.com\/fr\/#organization"},"potentialAction":[{"@type":"SearchAction","target":{"@type":"EntryPoint","urlTemplate":"https:\/\/houno.com\/fr\/?s={search_term_string}"},"query-input":{"@type":"PropertyValueSpecification","valueRequired":true,"valueName":"search_term_string"}}],"inLanguage":"fr-FR"},{"@type":"Organization","@id":"https:\/\/houno.com\/fr\/#organization","name":"HOUN\u00d6","url":"https:\/\/houno.com\/fr\/","logo":{"@type":"ImageObject","inLanguage":"fr-FR","@id":"https:\/\/houno.com\/fr\/#\/schema\/logo\/image\/","url":"https:\/\/houno.com\/wp-content\/uploads\/2021\/08\/cropped-Houno\u00a6e_id_logo-black-e1634730012288.png","contentUrl":"https:\/\/houno.com\/wp-content\/uploads\/2021\/08\/cropped-Houno\u00a6e_id_logo-black-e1634730012288.png","width":250,"height":59,"caption":"HOUN\u00d6"},"image":{"@id":"https:\/\/houno.com\/fr\/#\/schema\/logo\/image\/"},"sameAs":["https:\/\/www.facebook.com\/hounocombi","https:\/\/www.linkedin.com\/company\/houno\/"]}]}},"_links":{"self":[{"href":"https:\/\/houno.com\/fr\/wp-json\/wp\/v2\/product\/23647","targetHints":{"allow":["GET"]}}],"collection":[{"href":"https:\/\/houno.com\/fr\/wp-json\/wp\/v2\/product"}],"about":[{"href":"https:\/\/houno.com\/fr\/wp-json\/wp\/v2\/types\/product"}],"wp:featuredmedia":[{"embeddable":true,"href":"https:\/\/houno.com\/fr\/wp-json\/wp\/v2\/media\/2070"}],"wp:attachment":[{"href":"https:\/\/houno.com\/fr\/wp-json\/wp\/v2\/media?parent=23647"}],"wp:term":[{"taxonomy":"certifications","embeddable":true,"href":"https:\/\/houno.com\/fr\/wp-json\/wp\/v2\/certifications?post=23647"},{"taxonomy":"product_brand","embeddable":true,"href":"https:\/\/houno.com\/fr\/wp-json\/wp\/v2\/product_brand?post=23647"},{"taxonomy":"product_cat","embeddable":true,"href":"https:\/\/houno.com\/fr\/wp-json\/wp\/v2\/product_cat?post=23647"},{"taxonomy":"product_tag","embeddable":true,"href":"https:\/\/houno.com\/fr\/wp-json\/wp\/v2\/product_tag?post=23647"}],"curies":[{"name":"wp","href":"https:\/\/api.w.org\/{rel}","templated":true}]}}