{"id":25544,"date":"2024-03-06T05:45:41","date_gmt":"2024-03-06T04:45:41","guid":{"rendered":"https:\/\/houno.com\/entreprise\/"},"modified":"2024-03-06T05:50:44","modified_gmt":"2024-03-06T04:50:44","slug":"entreprise","status":"publish","type":"page","link":"https:\/\/houno.com\/fr\/entreprise\/","title":{"rendered":"Entreprise"},"content":{"rendered":"<div class=\"style light_blue\">\r\n<header class=\"woocommerce-products-header shop-cover background_element \">\r\n    <div class=\"woocommerce-products-header__inner page_container\">\r\n        <div class=\"woocommerce-products-header__text\">\r\n            <div class=\"mtt-tagline\">Qui sommes-nous ?<\/div>\r\n            <h1>Racines scandinaves, esprit mondial<\/h1>\r\n            <div class=\"text\"><p>HOUN\u00d6 s&rsquo;appuie sur une longue tradition de savoir-faire artisanal et de mat\u00e9riaux de premi\u00e8re qualit\u00e9. Nos racines scandinaves sont tr\u00e8s visibles dans le design et la fonctionnalit\u00e9 de nos fours.<\/p>\n<\/div>\r\n                    <\/div>\r\n        <div class=\"woocommerce-products-header__image\">\r\n            <div class=\"image object-fit\">\r\n                                    <img decoding=\"async\" src=\"https:\/\/houno.com\/wp-content\/uploads\/2021\/12\/per-mandrup-1-300x222.png\" data-full=\"https:\/\/houno.com\/wp-content\/uploads\/2021\/12\/per-mandrup-1-1130x837.png\" alt=\"per mandrup\" lazy-load>\r\n                            <\/div>\r\n        <\/div>\r\n    <\/div>\r\n<\/header><\/div>\n\n<div class=\"style no_bg\">\r\n<section class=\"mtt-text-image mtt-text-image--direction-image_text spacing_top_80 spacing-classes-added\">\r\n    <div class=\"mtt-text-image__inner after_background_element background_element_mobile\">\r\n        <div class=\"mtt-text-image__wrap page_container\">\r\n\r\n            <div class=\"mtt-text-image__text-container text_element\">\r\n                                    <div class=\"mtt-text-image__tagline mtt-tagline\">Rencontrez-nous pr\u00e8s de chez vous<\/div>\r\n                                                    <h2 class=\"mtt-text-image__title\">Expositions internationales<\/h2>\r\n                                                    <div class=\"mtt-text-image__text\">Chez HOUN\u00d6, nous participons chaque ann\u00e9e \u00e0 plus de 40 expositions dans le monde entier. Rencontrez-nous lors d&rsquo;une exposition pr\u00e8s de chez vous, o\u00f9 vous aurez l&rsquo;occasion de d\u00e9couvrir notre vaste s\u00e9lection de fours mixtes.<\/div>\r\n                                    <div class=\"button-section mtt-text-image__buttons\">\n\n        \n                    <a href=\"https:\/\/houno.com\/fr\/evenements\/\" class=\" button dash\">\n                        Voir les expositions                    <\/a>\n                \n                \n    <\/div>\n            <\/div>\r\n\r\n            <div class=\"mtt-text-image__images-container\">\r\n                                                <div class=\"mtt-text-image__image object-fit\">\r\n                    <picture>\r\n                                                <img decoding=\"async\" src=\"https:\/\/houno.com\/wp-content\/uploads\/2021\/09\/Combiuser_cover-img1.2-300x236.png\" \r\n                             data-full=\"https:\/\/houno.com\/wp-content\/uploads\/2021\/09\/Combiuser_cover-img1.2.png\" \r\n                             alt=\"Combiuser_cover img1.2\" \r\n                             lazy-load\r\n                             loading=\"lazy\">\r\n                    <\/picture>\r\n                <\/div>\r\n                                \t\t\t\t            <\/div>\r\n\r\n        <\/div>\r\n    <\/div>\r\n<\/section><\/div>\n\n\n<section class=\"wp-block-morningtrain-counter-line mtt-counter-line mtt-counter-line--count-3 undefined mtt-counter-line--count-6 is-style-color-black\"><div class=\"mtt-counter-line__inner page_container  spacing_bottom_56\"><h2 class=\"mtt-counter-line__title\">HOUN\u00d6 en chiffres<\/h2><div class=\"mtt-counter-line__wrap\"><div class=\"mtt-counter-line__item\"><div class=\"mtt-counter-line__item-inner\"><p class=\"mtt-counter-line__number\">100+<\/p><p class=\"mtt-counter-line__text\"> EMPLOY\u00c9S dans le monde entier<\/p><\/div><\/div><span class=\"mtt-counter-line__separator\"><\/span><div class=\"mtt-counter-line__item\"><div class=\"mtt-counter-line__item-inner\"><p class=\"mtt-counter-line__number\">+8<\/p><p class=\"mtt-counter-line__text\">diff\u00e9rentes nationalit\u00e9s<\/p><\/div><\/div><span class=\"mtt-counter-line__separator\"><\/span><div class=\"mtt-counter-line__item\"><div class=\"mtt-counter-line__item-inner\"><p class=\"mtt-counter-line__number\">+360<\/p><p class=\"mtt-counter-line__text\">tasses de caf\u00e9 consomm\u00e9es chaque jour<\/p><\/div><\/div><span class=\"mtt-counter-line__separator\"><\/span><div class=\"mtt-counter-line__item\"><div class=\"mtt-counter-line__item-inner\"><p class=\"mtt-counter-line__number\">+40<\/p><p class=\"mtt-counter-line__text\">des ann\u00e9es d&rsquo;exp\u00e9rience avec les fours mixtes<\/p><\/div><\/div><span class=\"mtt-counter-line__separator\"><\/span><div class=\"mtt-counter-line__item\"><div class=\"mtt-counter-line__item-inner\"><p class=\"mtt-counter-line__number\">100%<\/p><p class=\"mtt-counter-line__text\">DANISH QUALITY<\/p><\/div><\/div><span class=\"mtt-counter-line__separator\"><\/span><div class=\"mtt-counter-line__item\"><div class=\"mtt-counter-line__item-inner\"><p class=\"mtt-counter-line__number\">+60.000<\/p><p class=\"mtt-counter-line__text\">OVENS EXP\u00c9DI\u00c9S<\/p><\/div><\/div><span class=\"mtt-counter-line__separator\"><\/span><\/div><\/div><\/section>\n\n\n<div class=\"style no_bg\">\r\n<section class=\"mtt-text-image mtt-text-image--direction-image_text\">\r\n    <div class=\"mtt-text-image__inner after_background_element background_element_mobile\">\r\n        <div class=\"mtt-text-image__wrap page_container\">\r\n\r\n            <div class=\"mtt-text-image__text-container text_element\">\r\n                                    <div class=\"mtt-text-image__tagline mtt-tagline\">L&rsquo;histoire<\/div>\r\n                                                    <h2 class=\"mtt-text-image__title\">D\u00e9couvrez notre histoire<\/h2>\r\n                                                    <div class=\"mtt-text-image__text\">Deux fr\u00e8res, un restaurant et un sens aigu de l&rsquo;opportunit\u00e9. C&rsquo;est ainsi que l&rsquo;aventure de HOUN\u00d6 a commenc\u00e9.<\/div>\r\n                                    <div class=\"button-section mtt-text-image__buttons\">\n\n        \n                    <a href=\"https:\/\/houno.com\/en\/company\/houno-story\/\" class=\" button dash\">\n                        Pour en savoir plus, cliquez sur COMMENT TOUT A COMMENC\u00c9                    <\/a>\n                \n                \n    <\/div>\n            <\/div>\r\n\r\n            <div class=\"mtt-text-image__images-container\">\r\n                                                <div class=\"mtt-text-image__image object-fit\">\r\n                    <picture>\r\n                                                <img decoding=\"async\" src=\"https:\/\/houno.com\/wp-content\/uploads\/2021\/12\/gl.img_.-300x222.png\" \r\n                             data-full=\"https:\/\/houno.com\/wp-content\/uploads\/2021\/12\/gl.img_..png\" \r\n                             alt=\"gl.img.\" \r\n                             lazy-load\r\n                             loading=\"lazy\">\r\n                    <\/picture>\r\n                <\/div>\r\n                                \t\t\t\t            <\/div>\r\n\r\n        <\/div>\r\n    <\/div>\r\n<\/section><\/div>\n\n<div class=\"style no_bg\">\r\n<section class=\"mtt-text-image mtt-text-image--direction-text_image\">\r\n    <div class=\"mtt-text-image__inner after_background_element background_element_mobile\">\r\n        <div class=\"mtt-text-image__wrap page_container\">\r\n\r\n            <div class=\"mtt-text-image__text-container text_element\">\r\n                                    <div class=\"mtt-text-image__tagline mtt-tagline\">Fier partenaire<\/div>\r\n                                                    <h2 class=\"mtt-text-image__title\">Fait partie de la Middleby Corporation<\/h2>\r\n                                                    <div class=\"mtt-text-image__text\">Depuis 2006, HOUN\u00d6 fait partie du groupe am\u00e9ricain Middleby Corporation.\r\n\r\nMiddleby Corporation est un ensemble de marques internationales de premier plan qui se consacrent \u00e0 la fabrication et \u00e0 la distribution d&rsquo;un grand nombre d&rsquo;appareils de cuisine parmi les plus connus au monde.<\/div>\r\n                                    <div class=\"button-section mtt-text-image__buttons\">\n\n        \n                    <a href=\"https:\/\/www.middleby.com\/\" target=\"_blank\" class=\" button dash\">\n                        Visitez la soci\u00e9t\u00e9 middleby                    <\/a>\n                \n                \n    <\/div>\n            <\/div>\r\n\r\n            <div class=\"mtt-text-image__images-container\">\r\n                                                <div class=\"mtt-text-image__image object-fit\">\r\n                    <picture>\r\n                                                <img decoding=\"async\" src=\"https:\/\/houno.com\/wp-content\/uploads\/2021\/12\/Middleby_Corporation-Logo.wine_-300x200.png\" \r\n                             data-full=\"https:\/\/houno.com\/wp-content\/uploads\/2021\/12\/Middleby_Corporation-Logo.wine_.png\" \r\n                             alt=\"Middleby_Corporation-Logo.wine\" \r\n                             lazy-load\r\n                             loading=\"lazy\">\r\n                    <\/picture>\r\n                <\/div>\r\n                                \t\t\t\t            <\/div>\r\n\r\n        <\/div>\r\n    <\/div>\r\n<\/section><\/div>","protected":false},"excerpt":{"rendered":"","protected":false},"author":2,"featured_media":0,"parent":0,"menu_order":0,"comment_status":"closed","ping_status":"closed","template":"","meta":{"_acf_changed":false,"_relevanssi_hide_post":"","_relevanssi_hide_content":"","_relevanssi_pin_for_all":"","_relevanssi_pin_keywords":"","_relevanssi_unpin_keywords":"","_relevanssi_related_keywords":"","_relevanssi_related_include_ids":"","_relevanssi_related_exclude_ids":"","_relevanssi_related_no_append":"","_relevanssi_related_not_related":"","_relevanssi_related_posts":"20912,21953,19083,1115,22404,1130","_relevanssi_noindex_reason":"","footnotes":""},"class_list":["post-25544","page","type-page","status-publish","hentry"],"acf":[],"yoast_head":"<!-- This site is optimized with the Yoast SEO Premium plugin v27.4 (Yoast SEO v27.4) - https:\/\/yoast.com\/product\/yoast-seo-premium-wordpress\/ -->\n<title>\u00c0 propos de HOUN\u00d6<\/title>\n<meta name=\"robots\" content=\"index, follow, max-snippet:-1, max-image-preview:large, max-video-preview:-1\" \/>\n<link rel=\"canonical\" href=\"https:\/\/houno.com\/fr\/entreprise\/\" \/>\n<meta property=\"og:locale\" content=\"fr_FR\" \/>\n<meta property=\"og:type\" content=\"article\" \/>\n<meta property=\"og:title\" content=\"Entreprise\" \/>\n<meta property=\"og:url\" content=\"https:\/\/houno.com\/fr\/entreprise\/\" \/>\n<meta property=\"og:site_name\" content=\"HOUN\u00d6\" \/>\n<meta property=\"article:publisher\" content=\"https:\/\/www.facebook.com\/hounocombi\" \/>\n<meta property=\"article:modified_time\" content=\"2024-03-06T04:50:44+00:00\" \/>\n<meta name=\"twitter:card\" content=\"summary_large_image\" \/>\n<meta name=\"twitter:label1\" content=\"Dur\u00e9e de lecture estim\u00e9e\" \/>\n\t<meta name=\"twitter:data1\" content=\"1 minute\" \/>\n<script type=\"application\/ld+json\" class=\"yoast-schema-graph\">{\"@context\":\"https:\\\/\\\/schema.org\",\"@graph\":[{\"@type\":\"WebPage\",\"@id\":\"https:\\\/\\\/houno.com\\\/fr\\\/entreprise\\\/\",\"url\":\"https:\\\/\\\/houno.com\\\/fr\\\/entreprise\\\/\",\"name\":\"\u00c0 propos de HOUN\u00d6\",\"isPartOf\":{\"@id\":\"https:\\\/\\\/houno.com\\\/fr\\\/#website\"},\"datePublished\":\"2024-03-06T04:45:41+00:00\",\"dateModified\":\"2024-03-06T04:50:44+00:00\",\"breadcrumb\":{\"@id\":\"https:\\\/\\\/houno.com\\\/fr\\\/entreprise\\\/#breadcrumb\"},\"inLanguage\":\"fr-FR\",\"potentialAction\":[{\"@type\":\"ReadAction\",\"target\":[\"https:\\\/\\\/houno.com\\\/fr\\\/entreprise\\\/\"]}]},{\"@type\":\"BreadcrumbList\",\"@id\":\"https:\\\/\\\/houno.com\\\/fr\\\/entreprise\\\/#breadcrumb\",\"itemListElement\":[{\"@type\":\"ListItem\",\"position\":1,\"name\":\"Home\",\"item\":\"https:\\\/\\\/houno.com\\\/fr\\\/\"},{\"@type\":\"ListItem\",\"position\":2,\"name\":\"Entreprise\"}]},{\"@type\":\"WebSite\",\"@id\":\"https:\\\/\\\/houno.com\\\/fr\\\/#website\",\"url\":\"https:\\\/\\\/houno.com\\\/fr\\\/\",\"name\":\"HOUN\u00d6\",\"description\":\"La marque et le fabricant de fours commerciaux haut de gamme visent \u00e0 simplifier l&#039;entretien\",\"publisher\":{\"@id\":\"https:\\\/\\\/houno.com\\\/fr\\\/#organization\"},\"potentialAction\":[{\"@type\":\"SearchAction\",\"target\":{\"@type\":\"EntryPoint\",\"urlTemplate\":\"https:\\\/\\\/houno.com\\\/fr\\\/?s={search_term_string}\"},\"query-input\":{\"@type\":\"PropertyValueSpecification\",\"valueRequired\":true,\"valueName\":\"search_term_string\"}}],\"inLanguage\":\"fr-FR\"},{\"@type\":\"Organization\",\"@id\":\"https:\\\/\\\/houno.com\\\/fr\\\/#organization\",\"name\":\"HOUN\u00d6\",\"url\":\"https:\\\/\\\/houno.com\\\/fr\\\/\",\"logo\":{\"@type\":\"ImageObject\",\"inLanguage\":\"fr-FR\",\"@id\":\"https:\\\/\\\/houno.com\\\/fr\\\/#\\\/schema\\\/logo\\\/image\\\/\",\"url\":\"https:\\\/\\\/houno.com\\\/wp-content\\\/uploads\\\/2021\\\/08\\\/cropped-Houno\u00a6e_id_logo-black-e1634730012288.png\",\"contentUrl\":\"https:\\\/\\\/houno.com\\\/wp-content\\\/uploads\\\/2021\\\/08\\\/cropped-Houno\u00a6e_id_logo-black-e1634730012288.png\",\"width\":250,\"height\":59,\"caption\":\"HOUN\u00d6\"},\"image\":{\"@id\":\"https:\\\/\\\/houno.com\\\/fr\\\/#\\\/schema\\\/logo\\\/image\\\/\"},\"sameAs\":[\"https:\\\/\\\/www.facebook.com\\\/hounocombi\",\"https:\\\/\\\/www.linkedin.com\\\/company\\\/houno\\\/\"]}]}<\/script>\n<!-- \/ Yoast SEO Premium plugin. -->","yoast_head_json":{"title":"\u00c0 propos de HOUN\u00d6","robots":{"index":"index","follow":"follow","max-snippet":"max-snippet:-1","max-image-preview":"max-image-preview:large","max-video-preview":"max-video-preview:-1"},"canonical":"https:\/\/houno.com\/fr\/entreprise\/","og_locale":"fr_FR","og_type":"article","og_title":"Entreprise","og_url":"https:\/\/houno.com\/fr\/entreprise\/","og_site_name":"HOUN\u00d6","article_publisher":"https:\/\/www.facebook.com\/hounocombi","article_modified_time":"2024-03-06T04:50:44+00:00","twitter_card":"summary_large_image","twitter_misc":{"Dur\u00e9e de lecture estim\u00e9e":"1 minute"},"schema":{"@context":"https:\/\/schema.org","@graph":[{"@type":"WebPage","@id":"https:\/\/houno.com\/fr\/entreprise\/","url":"https:\/\/houno.com\/fr\/entreprise\/","name":"\u00c0 propos de HOUN\u00d6","isPartOf":{"@id":"https:\/\/houno.com\/fr\/#website"},"datePublished":"2024-03-06T04:45:41+00:00","dateModified":"2024-03-06T04:50:44+00:00","breadcrumb":{"@id":"https:\/\/houno.com\/fr\/entreprise\/#breadcrumb"},"inLanguage":"fr-FR","potentialAction":[{"@type":"ReadAction","target":["https:\/\/houno.com\/fr\/entreprise\/"]}]},{"@type":"BreadcrumbList","@id":"https:\/\/houno.com\/fr\/entreprise\/#breadcrumb","itemListElement":[{"@type":"ListItem","position":1,"name":"Home","item":"https:\/\/houno.com\/fr\/"},{"@type":"ListItem","position":2,"name":"Entreprise"}]},{"@type":"WebSite","@id":"https:\/\/houno.com\/fr\/#website","url":"https:\/\/houno.com\/fr\/","name":"HOUN\u00d6","description":"La marque et le fabricant de fours commerciaux haut de gamme visent \u00e0 simplifier l&#039;entretien","publisher":{"@id":"https:\/\/houno.com\/fr\/#organization"},"potentialAction":[{"@type":"SearchAction","target":{"@type":"EntryPoint","urlTemplate":"https:\/\/houno.com\/fr\/?s={search_term_string}"},"query-input":{"@type":"PropertyValueSpecification","valueRequired":true,"valueName":"search_term_string"}}],"inLanguage":"fr-FR"},{"@type":"Organization","@id":"https:\/\/houno.com\/fr\/#organization","name":"HOUN\u00d6","url":"https:\/\/houno.com\/fr\/","logo":{"@type":"ImageObject","inLanguage":"fr-FR","@id":"https:\/\/houno.com\/fr\/#\/schema\/logo\/image\/","url":"https:\/\/houno.com\/wp-content\/uploads\/2021\/08\/cropped-Houno\u00a6e_id_logo-black-e1634730012288.png","contentUrl":"https:\/\/houno.com\/wp-content\/uploads\/2021\/08\/cropped-Houno\u00a6e_id_logo-black-e1634730012288.png","width":250,"height":59,"caption":"HOUN\u00d6"},"image":{"@id":"https:\/\/houno.com\/fr\/#\/schema\/logo\/image\/"},"sameAs":["https:\/\/www.facebook.com\/hounocombi","https:\/\/www.linkedin.com\/company\/houno\/"]}]}},"_links":{"self":[{"href":"https:\/\/houno.com\/fr\/wp-json\/wp\/v2\/pages\/25544","targetHints":{"allow":["GET"]}}],"collection":[{"href":"https:\/\/houno.com\/fr\/wp-json\/wp\/v2\/pages"}],"about":[{"href":"https:\/\/houno.com\/fr\/wp-json\/wp\/v2\/types\/page"}],"author":[{"embeddable":true,"href":"https:\/\/houno.com\/fr\/wp-json\/wp\/v2\/users\/2"}],"replies":[{"embeddable":true,"href":"https:\/\/houno.com\/fr\/wp-json\/wp\/v2\/comments?post=25544"}],"version-history":[{"count":0,"href":"https:\/\/houno.com\/fr\/wp-json\/wp\/v2\/pages\/25544\/revisions"}],"wp:attachment":[{"href":"https:\/\/houno.com\/fr\/wp-json\/wp\/v2\/media?parent=25544"}],"curies":[{"name":"wp","href":"https:\/\/api.w.org\/{rel}","templated":true}]}}