{"id":25533,"date":"2024-03-06T05:40:38","date_gmt":"2024-03-06T04:40:38","guid":{"rendered":"https:\/\/houno.com\/faq\/faq-fours-combi\/"},"modified":"2024-03-06T05:40:40","modified_gmt":"2024-03-06T04:40:40","slug":"faq-fours-combi","status":"publish","type":"page","link":"https:\/\/houno.com\/fr\/faq\/faq-fours-combi\/","title":{"rendered":"FAQ Fours combi"},"content":{"rendered":"\r\n<section class=\"mtt-accordion\">\r\n    <div class=\"mtt-accordion__inner\">\r\n        <div class=\"mtt-accordion__wrap page_container\">\r\n\r\n            \r\n            <div class=\"mtt-accordion__accordions\">\r\n                                            <\/div>\r\n\r\n        <\/div>\r\n    <\/div>\r\n<\/section>\r\n<section class=\"mtt-accordion spacing_top_120 spacing-classes-added\">\r\n    <div class=\"mtt-accordion__inner\">\r\n        <div class=\"mtt-accordion__wrap page_container\">\r\n\r\n                            <h1 class=\"mtt-accordion__title\">Fours combin\u00e9s<\/h1>\r\n            \r\n            <div class=\"mtt-accordion__accordions\">\r\n                                                            <div class=\"mtt-accordion__accordion\">\r\n\r\n                            <div class=\"mtt-accordion__accordion-title\">\r\n                                <p>Quel est l&rsquo;avantage d&rsquo;un ventilateur r\u00e9versible ?<\/p>\r\n                            <\/div>\r\n\r\n                            <div class=\"mtt-accordion__accordion-content\">\r\n                                <div class=\"mtt-accordion__accordion-content-inner\">\r\n                                    <p>Un ventilateur r\u00e9versible est id\u00e9al pour obtenir des r\u00e9sultats de cuisson, de cuisson \u00e0 la vapeur et de r\u00f4tissage uniformes, car le ventilateur assure une distribution uniforme de la chaleur et de la vapeur lorsqu&rsquo;il tourne automatiquement dans l&rsquo;enceinte du four.<\/p>\n                                <\/div>\r\n                            <\/div>\r\n\r\n                        <\/div>\r\n                                            <div class=\"mtt-accordion__accordion\">\r\n\r\n                            <div class=\"mtt-accordion__accordion-title\">\r\n                                <p>Comment utiliser le Total Fan Control ?<\/p>\r\n                            <\/div>\r\n\r\n                            <div class=\"mtt-accordion__accordion-content\">\r\n                                <div class=\"mtt-accordion__accordion-content-inner\">\r\n                                    <p>Avec Total Fan Control, vous contr\u00f4lez la vitesse du ventilateur. Vous avez le choix entre 9 vitesses de ventilation.<\/p>\n<p>La vitesse basse du ventilateur est id\u00e9ale pour la cuisson de produits l\u00e9gers tels que les profiteroles, les meringues, les souffl\u00e9s et le r\u00f4tissage \u00e0 long terme.<\/p>\n<p>La vitesse moyenne du ventilateur est id\u00e9ale pour les p\u00e2tisseries, les croissants, le saumon et le sous-vide.<\/p>\n<p>La vitesse \u00e9lev\u00e9e du ventilateur est utilis\u00e9e principalement pour les l\u00e9gumes, la cuisson du pain, le poulet, etc. o\u00f9 une cuisson uniforme et une cro\u00fbte croustillante sont indispensables.<\/p>\n                                <\/div>\r\n                            <\/div>\r\n\r\n                        <\/div>\r\n                                            <div class=\"mtt-accordion__accordion\">\r\n\r\n                            <div class=\"mtt-accordion__accordion-title\">\r\n                                <p>Puis-je sous-vider dans un four combi ?<\/p>\r\n                            <\/div>\r\n\r\n                            <div class=\"mtt-accordion__accordion-content\">\r\n                                <div class=\"mtt-accordion__accordion-content-inner\">\r\n                                    <p>Oui, il est possible de faire du sous-vide avec un four combi gr\u00e2ce \u00e0 sa r\u00e9gulation pr\u00e9cise de la temp\u00e9rature.<\/p>\n<p>La cuisson sous vide est id\u00e9ale pour conserver les produits tr\u00e8s juteux et nutritifs.<\/p>\n<p>Sceller le produit souhait\u00e9 sous vide, l&rsquo;enfourner, choisir le programme CombiSmart avec 30 % d&rsquo;humidit\u00e9.<\/p>\n                                <\/div>\r\n                            <\/div>\r\n\r\n                        <\/div>\r\n                                            <div class=\"mtt-accordion__accordion\">\r\n\r\n                            <div class=\"mtt-accordion__accordion-title\">\r\n                                <p>Pourquoi mon four mixte ne cuit-il pas uniform\u00e9ment ?<\/p>\r\n                            <\/div>\r\n\r\n                            <div class=\"mtt-accordion__accordion-content\">\r\n                                <div class=\"mtt-accordion__accordion-content-inner\">\r\n                                    <p>Le pr\u00e9chauffage de votre four mixte est essentiel et constitue une condition pr\u00e9alable \u00e0 l&rsquo;obtention de r\u00e9sultats de cuisson homog\u00e8nes. Nous vous recommandons de pr\u00e9chauffer votre four mixte de 40 \u00e0 50\u00b0C de plus que la temp\u00e9rature souhait\u00e9e pour la cuisson. Veillez \u00e0 charger le four mixte le plus rapidement possible apr\u00e8s le pr\u00e9chauffage afin de r\u00e9duire la chute de temp\u00e9rature.<\/p>\n<p>Pour garantir des r\u00e9sultats de cuisson uniformes sur toutes les \u00e9tag\u00e8res, en particulier lors de la cuisson de produits congel\u00e9s &#8211; par exemple des p\u00e2tisseries danoises, ouvrez l&rsquo;\u00e9chappement pour vous assurer que l&rsquo;humidit\u00e9 est \u00e9vacu\u00e9e de la chambre du four.<\/p>\n                                <\/div>\r\n                            <\/div>\r\n\r\n                        <\/div>\r\n                                            <div class=\"mtt-accordion__accordion\">\r\n\r\n                            <div class=\"mtt-accordion__accordion-title\">\r\n                                <p>Pourquoi mes couennes ne cr\u00e9pitent-elles pas ?<\/p>\r\n                            <\/div>\r\n\r\n                            <div class=\"mtt-accordion__accordion-content\">\r\n                                <div class=\"mtt-accordion__accordion-content-inner\">\r\n                                    <p>Pour obtenir des cro\u00fbtes cr\u00e9pitantes, ouvrez le conduit d&rsquo;\u00e9vacuation afin d&rsquo;\u00e9liminer l&rsquo;humidit\u00e9 dans la chambre du four, ce qui rend les cro\u00fbtes croustillantes.<\/p>\n<p>L&rsquo;ouverture de l&rsquo;\u00e9chappement permet d&rsquo;\u00e9liminer l&rsquo;humidit\u00e9 pr\u00e9sente dans la chambre du four, ce qui rend les produits plus croustillants. Il en va de m\u00eame pour la cuisson du pain, afin d&rsquo;obtenir une cro\u00fbte croustillante, puis d&rsquo;ouvrir l&rsquo;\u00e9chappement \u00e0 la fin du processus de pr\u00e9paration.<\/p>\n                                <\/div>\r\n                            <\/div>\r\n\r\n                        <\/div>\r\n                                                                <\/div>\r\n\r\n        <\/div>\r\n    <\/div>\r\n<\/section><div class=\"wp-text-block page_container styled-text\"><div class=\"wp-text-block__inner\">\n<p><\/p>\n<\/div><\/div><div class=\"wp-text-block page_container styled-text\"><div class=\"wp-text-block__inner\">\n<h2 class=\"wp-block-heading\">Autres FAQ<\/h2>\n<\/div><\/div><div class=\"style light_blue\">\r\n<section class=\"mtt-support-boxes spacing_top_56 spacing_bottom_184 spacing-classes-added\">\r\n    <div class=\"mtt-support-boxes__inner page_container\">\r\n        <div class=\"mtt-support-boxes__wrap\">\r\n                                                <div class=\"mtt-support-boxes__box background_element\">\r\n\r\n                                                    <div class=\"mtt-support-boxes__box-icon\">\r\n                                <img loading=\"lazy\" decoding=\"async\" width=\"50\" height=\"50\" src=\"https:\/\/houno.com\/wp-content\/uploads\/2021\/08\/Detergent_istock_black-1-e1628681428292.png\" class=\"attachment-170x100x size-170x100x\" alt=\"\" \/>                            <\/div>\r\n                        \r\n                        <div class=\"mtt-support-boxes__box-title\">\r\n                                                            D\u00e9tergents                                                    <\/div>\r\n\r\n                        <div class=\"mtt-support-boxes__box-text\">\r\n                                                    <\/div>\r\n\r\n                        <div class=\"mtt-support-boxes__button border_element\">\r\n\t                        \t\t                            <a href=\"https:\/\/houno.com\/en\/faq-main-page\/faq-detergents\/\" class=\"button dash\">\r\n\t\t\t                            FAQ sur les d\u00e9tergents\t\t                            <\/a>\r\n\t\t                                                    <\/div>\r\n\r\n                    <\/div>\r\n                                    <div class=\"mtt-support-boxes__box background_element\">\r\n\r\n                                                    <div class=\"mtt-support-boxes__box-icon\">\r\n                                <img loading=\"lazy\" decoding=\"async\" width=\"48\" height=\"48\" src=\"https:\/\/houno.com\/wp-content\/uploads\/2021\/08\/outline_water_drop_black_24dp.png\" class=\"attachment-170x100x size-170x100x\" alt=\"\" \/>                            <\/div>\r\n                        \r\n                        <div class=\"mtt-support-boxes__box-title\">\r\n                                                            Traitement de l&rsquo;eau                                                    <\/div>\r\n\r\n                        <div class=\"mtt-support-boxes__box-text\">\r\n                                                    <\/div>\r\n\r\n                        <div class=\"mtt-support-boxes__button border_element\">\r\n\t                        \t\t                            <a href=\"https:\/\/houno.com\/en\/faq-main-page\/faq-water-treatment\/\" class=\"button dash\">\r\n\t\t\t                            FAQ traitement de l&rsquo;eau\t\t                            <\/a>\r\n\t\t                                                    <\/div>\r\n\r\n                    <\/div>\r\n                                    <div class=\"mtt-support-boxes__box background_element\">\r\n\r\n                                                    <div class=\"mtt-support-boxes__box-icon\">\r\n                                <img loading=\"lazy\" decoding=\"async\" width=\"48\" height=\"48\" src=\"https:\/\/houno.com\/wp-content\/uploads\/2021\/08\/outline_view_headline_black_24dp.png\" class=\"attachment-170x100x size-170x100x\" alt=\"\" \/>                            <\/div>\r\n                        \r\n                        <div class=\"mtt-support-boxes__box-title\">\r\n                                                            Grilles, plats et plaques                                                    <\/div>\r\n\r\n                        <div class=\"mtt-support-boxes__box-text\">\r\n                                                    <\/div>\r\n\r\n                        <div class=\"mtt-support-boxes__button border_element\">\r\n\t                        \t\t                            <a href=\"https:\/\/houno.com\/en\/faq-main-page\/faq-grills-trays-sheets\/\" class=\"button dash\">\r\n\t\t\t                            FAQ Grilles, plateaux et feuilles\t\t                            <\/a>\r\n\t\t                                                    <\/div>\r\n\r\n                    <\/div>\r\n                                    <div class=\"mtt-support-boxes__box background_element\">\r\n\r\n                                                    <div class=\"mtt-support-boxes__box-icon\">\r\n                                <img loading=\"lazy\" decoding=\"async\" width=\"48\" height=\"48\" src=\"https:\/\/houno.com\/wp-content\/uploads\/2021\/08\/outline_cloud_black_24dp.png\" class=\"attachment-170x100x size-170x100x\" alt=\"\" \/>                            <\/div>\r\n                        \r\n                        <div class=\"mtt-support-boxes__box-title\">\r\n                                                            Questions g\u00e9n\u00e9rales                                                    <\/div>\r\n\r\n                        <div class=\"mtt-support-boxes__box-text\">\r\n                                                    <\/div>\r\n\r\n                        <div class=\"mtt-support-boxes__button border_element\">\r\n\t                        \t\t                            <a href=\"https:\/\/houno.com\/en\/contact\/\" class=\"button dash\" target=\"_blank\">\r\n\t\t\t                            Nous contacter\t\t                            <\/a>\r\n\t\t                                                    <\/div>\r\n\r\n                    <\/div>\r\n                                        \r\n        <\/div>\r\n    <\/div>\r\n<\/section><\/div>","protected":false},"excerpt":{"rendered":"<p>Autres FAQ<\/p>\n","protected":false},"author":4,"featured_media":0,"parent":24844,"menu_order":0,"comment_status":"closed","ping_status":"closed","template":"","meta":{"_acf_changed":false,"_relevanssi_hide_post":"","_relevanssi_hide_content":"","_relevanssi_pin_for_all":"","_relevanssi_pin_keywords":"","_relevanssi_unpin_keywords":"","_relevanssi_related_keywords":"","_relevanssi_related_include_ids":"","_relevanssi_related_exclude_ids":"","_relevanssi_related_no_append":"","_relevanssi_related_not_related":"","_relevanssi_related_posts":"","_relevanssi_noindex_reason":"","footnotes":""},"class_list":["post-25533","page","type-page","status-publish","hentry"],"acf":[],"yoast_head":"<!-- This site is optimized with the Yoast SEO Premium plugin v27.5 (Yoast SEO v27.5) - https:\/\/yoast.com\/product\/yoast-seo-premium-wordpress\/ -->\n<title>FAQ fours combi | Toutes les r\u00e9ponses \u00e0 vos questions | HOUN\u00d6<\/title>\n<meta name=\"robots\" content=\"index, follow, max-snippet:-1, max-image-preview:large, max-video-preview:-1\" \/>\n<link rel=\"canonical\" href=\"https:\/\/houno.com\/fr\/faq\/faq-fours-combi\/\" \/>\n<meta property=\"og:locale\" content=\"fr_FR\" \/>\n<meta property=\"og:type\" content=\"article\" \/>\n<meta property=\"og:title\" content=\"FAQ Fours combi\" \/>\n<meta property=\"og:description\" content=\"Autres FAQ\" \/>\n<meta property=\"og:url\" content=\"https:\/\/houno.com\/fr\/faq\/faq-fours-combi\/\" \/>\n<meta property=\"og:site_name\" content=\"HOUN\u00d6\" \/>\n<meta property=\"article:publisher\" content=\"https:\/\/www.facebook.com\/hounocombi\" \/>\n<meta property=\"article:modified_time\" content=\"2024-03-06T04:40:40+00:00\" \/>\n<meta name=\"twitter:card\" content=\"summary_large_image\" \/>\n<script type=\"application\/ld+json\" class=\"yoast-schema-graph\">{\"@context\":\"https:\\\/\\\/schema.org\",\"@graph\":[{\"@type\":\"WebPage\",\"@id\":\"https:\\\/\\\/houno.com\\\/fr\\\/faq\\\/faq-fours-combi\\\/\",\"url\":\"https:\\\/\\\/houno.com\\\/fr\\\/faq\\\/faq-fours-combi\\\/\",\"name\":\"FAQ fours combi | Toutes les r\u00e9ponses \u00e0 vos questions | HOUN\u00d6\",\"isPartOf\":{\"@id\":\"https:\\\/\\\/houno.com\\\/fr\\\/#website\"},\"datePublished\":\"2024-03-06T04:40:38+00:00\",\"dateModified\":\"2024-03-06T04:40:40+00:00\",\"breadcrumb\":{\"@id\":\"https:\\\/\\\/houno.com\\\/fr\\\/faq\\\/faq-fours-combi\\\/#breadcrumb\"},\"inLanguage\":\"fr-FR\",\"potentialAction\":[{\"@type\":\"ReadAction\",\"target\":[\"https:\\\/\\\/houno.com\\\/fr\\\/faq\\\/faq-fours-combi\\\/\"]}]},{\"@type\":\"BreadcrumbList\",\"@id\":\"https:\\\/\\\/houno.com\\\/fr\\\/faq\\\/faq-fours-combi\\\/#breadcrumb\",\"itemListElement\":[{\"@type\":\"ListItem\",\"position\":1,\"name\":\"Home\",\"item\":\"https:\\\/\\\/houno.com\\\/fr\\\/\"},{\"@type\":\"ListItem\",\"position\":2,\"name\":\"FAQ\",\"item\":\"https:\\\/\\\/houno.com\\\/fr\\\/faq\\\/\"},{\"@type\":\"ListItem\",\"position\":3,\"name\":\"FAQ Fours combi\"}]},{\"@type\":\"WebSite\",\"@id\":\"https:\\\/\\\/houno.com\\\/fr\\\/#website\",\"url\":\"https:\\\/\\\/houno.com\\\/fr\\\/\",\"name\":\"HOUN\u00d6\",\"description\":\"La marque et le fabricant de fours commerciaux haut de gamme visent \u00e0 simplifier l&#039;entretien\",\"publisher\":{\"@id\":\"https:\\\/\\\/houno.com\\\/fr\\\/#organization\"},\"potentialAction\":[{\"@type\":\"SearchAction\",\"target\":{\"@type\":\"EntryPoint\",\"urlTemplate\":\"https:\\\/\\\/houno.com\\\/fr\\\/?s={search_term_string}\"},\"query-input\":{\"@type\":\"PropertyValueSpecification\",\"valueRequired\":true,\"valueName\":\"search_term_string\"}}],\"inLanguage\":\"fr-FR\"},{\"@type\":\"Organization\",\"@id\":\"https:\\\/\\\/houno.com\\\/fr\\\/#organization\",\"name\":\"HOUN\u00d6\",\"url\":\"https:\\\/\\\/houno.com\\\/fr\\\/\",\"logo\":{\"@type\":\"ImageObject\",\"inLanguage\":\"fr-FR\",\"@id\":\"https:\\\/\\\/houno.com\\\/fr\\\/#\\\/schema\\\/logo\\\/image\\\/\",\"url\":\"https:\\\/\\\/houno.com\\\/wp-content\\\/uploads\\\/2021\\\/08\\\/cropped-Houno\u00a6e_id_logo-black-e1634730012288.png\",\"contentUrl\":\"https:\\\/\\\/houno.com\\\/wp-content\\\/uploads\\\/2021\\\/08\\\/cropped-Houno\u00a6e_id_logo-black-e1634730012288.png\",\"width\":250,\"height\":59,\"caption\":\"HOUN\u00d6\"},\"image\":{\"@id\":\"https:\\\/\\\/houno.com\\\/fr\\\/#\\\/schema\\\/logo\\\/image\\\/\"},\"sameAs\":[\"https:\\\/\\\/www.facebook.com\\\/hounocombi\",\"https:\\\/\\\/www.linkedin.com\\\/company\\\/houno\\\/\"]}]}<\/script>\n<!-- \/ Yoast SEO Premium plugin. -->","yoast_head_json":{"title":"FAQ fours combi | Toutes les r\u00e9ponses \u00e0 vos questions | HOUN\u00d6","robots":{"index":"index","follow":"follow","max-snippet":"max-snippet:-1","max-image-preview":"max-image-preview:large","max-video-preview":"max-video-preview:-1"},"canonical":"https:\/\/houno.com\/fr\/faq\/faq-fours-combi\/","og_locale":"fr_FR","og_type":"article","og_title":"FAQ Fours combi","og_description":"Autres FAQ","og_url":"https:\/\/houno.com\/fr\/faq\/faq-fours-combi\/","og_site_name":"HOUN\u00d6","article_publisher":"https:\/\/www.facebook.com\/hounocombi","article_modified_time":"2024-03-06T04:40:40+00:00","twitter_card":"summary_large_image","schema":{"@context":"https:\/\/schema.org","@graph":[{"@type":"WebPage","@id":"https:\/\/houno.com\/fr\/faq\/faq-fours-combi\/","url":"https:\/\/houno.com\/fr\/faq\/faq-fours-combi\/","name":"FAQ fours combi | Toutes les r\u00e9ponses \u00e0 vos questions | HOUN\u00d6","isPartOf":{"@id":"https:\/\/houno.com\/fr\/#website"},"datePublished":"2024-03-06T04:40:38+00:00","dateModified":"2024-03-06T04:40:40+00:00","breadcrumb":{"@id":"https:\/\/houno.com\/fr\/faq\/faq-fours-combi\/#breadcrumb"},"inLanguage":"fr-FR","potentialAction":[{"@type":"ReadAction","target":["https:\/\/houno.com\/fr\/faq\/faq-fours-combi\/"]}]},{"@type":"BreadcrumbList","@id":"https:\/\/houno.com\/fr\/faq\/faq-fours-combi\/#breadcrumb","itemListElement":[{"@type":"ListItem","position":1,"name":"Home","item":"https:\/\/houno.com\/fr\/"},{"@type":"ListItem","position":2,"name":"FAQ","item":"https:\/\/houno.com\/fr\/faq\/"},{"@type":"ListItem","position":3,"name":"FAQ Fours combi"}]},{"@type":"WebSite","@id":"https:\/\/houno.com\/fr\/#website","url":"https:\/\/houno.com\/fr\/","name":"HOUN\u00d6","description":"La marque et le fabricant de fours commerciaux haut de gamme visent \u00e0 simplifier l&#039;entretien","publisher":{"@id":"https:\/\/houno.com\/fr\/#organization"},"potentialAction":[{"@type":"SearchAction","target":{"@type":"EntryPoint","urlTemplate":"https:\/\/houno.com\/fr\/?s={search_term_string}"},"query-input":{"@type":"PropertyValueSpecification","valueRequired":true,"valueName":"search_term_string"}}],"inLanguage":"fr-FR"},{"@type":"Organization","@id":"https:\/\/houno.com\/fr\/#organization","name":"HOUN\u00d6","url":"https:\/\/houno.com\/fr\/","logo":{"@type":"ImageObject","inLanguage":"fr-FR","@id":"https:\/\/houno.com\/fr\/#\/schema\/logo\/image\/","url":"https:\/\/houno.com\/wp-content\/uploads\/2021\/08\/cropped-Houno\u00a6e_id_logo-black-e1634730012288.png","contentUrl":"https:\/\/houno.com\/wp-content\/uploads\/2021\/08\/cropped-Houno\u00a6e_id_logo-black-e1634730012288.png","width":250,"height":59,"caption":"HOUN\u00d6"},"image":{"@id":"https:\/\/houno.com\/fr\/#\/schema\/logo\/image\/"},"sameAs":["https:\/\/www.facebook.com\/hounocombi","https:\/\/www.linkedin.com\/company\/houno\/"]}]}},"_links":{"self":[{"href":"https:\/\/houno.com\/fr\/wp-json\/wp\/v2\/pages\/25533","targetHints":{"allow":["GET"]}}],"collection":[{"href":"https:\/\/houno.com\/fr\/wp-json\/wp\/v2\/pages"}],"about":[{"href":"https:\/\/houno.com\/fr\/wp-json\/wp\/v2\/types\/page"}],"author":[{"embeddable":true,"href":"https:\/\/houno.com\/fr\/wp-json\/wp\/v2\/users\/4"}],"replies":[{"embeddable":true,"href":"https:\/\/houno.com\/fr\/wp-json\/wp\/v2\/comments?post=25533"}],"version-history":[{"count":0,"href":"https:\/\/houno.com\/fr\/wp-json\/wp\/v2\/pages\/25533\/revisions"}],"up":[{"embeddable":true,"href":"https:\/\/houno.com\/fr\/wp-json\/wp\/v2\/pages\/24844"}],"wp:attachment":[{"href":"https:\/\/houno.com\/fr\/wp-json\/wp\/v2\/media?parent=25533"}],"curies":[{"name":"wp","href":"https:\/\/api.w.org\/{rel}","templated":true}]}}