{"id":24848,"date":"2024-01-29T00:40:11","date_gmt":"2024-01-28T23:40:11","guid":{"rendered":"https:\/\/houno.com\/faq\/faq-pieces-detachees\/"},"modified":"2025-06-24T10:59:19","modified_gmt":"2025-06-24T08:59:19","slug":"faq-pieces-detachees","status":"publish","type":"page","link":"https:\/\/houno.com\/fr\/faq\/faq-pieces-detachees\/","title":{"rendered":"FAQ Pi\u00e8ces d\u00e9tach\u00e9es"},"content":{"rendered":"\r\n<section class=\"mtt-accordion\">\r\n    <div class=\"mtt-accordion__inner\">\r\n        <div class=\"mtt-accordion__wrap page_container\">\r\n\r\n            \r\n            <div class=\"mtt-accordion__accordions\">\r\n                                            <\/div>\r\n\r\n        <\/div>\r\n    <\/div>\r\n<\/section>\r\n<section class=\"mtt-accordion spacing_top_120 spacing-classes-added\">\r\n    <div class=\"mtt-accordion__inner\">\r\n        <div class=\"mtt-accordion__wrap page_container\">\r\n\r\n                            <h1 class=\"mtt-accordion__title\">Pi\u00e8ces d\u00e9tach\u00e9es<\/h1>\r\n            \r\n            <div class=\"mtt-accordion__accordions\">\r\n                                                            <div class=\"mtt-accordion__accordion\">\r\n\r\n                            <div class=\"mtt-accordion__accordion-title\">\r\n                                <p>Comment commander une pi\u00e8ce d\u00e9tach\u00e9e ?<\/p>\r\n                            <\/div>\r\n\r\n                            <div class=\"mtt-accordion__accordion-content\">\r\n                                <div class=\"mtt-accordion__accordion-content-inner\">\r\n                                    <p>T\u00e9l\u00e9chargez et remplissez le bon de commande avec les pi\u00e8ces d\u00e9tach\u00e9es n\u00e9cessaires. Veuillez sp\u00e9cifier les num\u00e9ros des pi\u00e8ces d\u00e9tach\u00e9es. Vous pouvez trouver le catalogue des pi\u00e8ces d\u00e9tach\u00e9es ici.<\/p>\n<p>Envoyez le bon de commande \u00e0 spareparts@houno.com. Notre \u00e9quipe vous enverra une confirmation de commande dans les 24 heures.<\/p>\n<p><a href=\"https:\/\/houno.com\/fr\/pieces-detachees\/\">Le formulaire de commande se trouve ici.<\/a><\/p>\n                                <\/div>\r\n                            <\/div>\r\n\r\n                        <\/div>\r\n                                            <div class=\"mtt-accordion__accordion\">\r\n\r\n                            <div class=\"mtt-accordion__accordion-title\">\r\n                                <p>O\u00f9 puis-je trouver la liste des prix des pi\u00e8ces d\u00e9tach\u00e9es ?<\/p>\r\n                            <\/div>\r\n\r\n                            <div class=\"mtt-accordion__accordion-content\">\r\n                                <div class=\"mtt-accordion__accordion-content-inner\">\r\n                                    <p>Contactez le service technique de HOUN\u00d6.<\/p>\n<p>T\u00e9l\u00e9phone : +45 8711 4711<br \/>\nCourrier : techsupport@houno.com<\/p>\n                                <\/div>\r\n                            <\/div>\r\n\r\n                        <\/div>\r\n                                            <div class=\"mtt-accordion__accordion\">\r\n\r\n                            <div class=\"mtt-accordion__accordion-title\">\r\n                                <p>Avez-vous une liste de pi\u00e8ces d\u00e9tach\u00e9es recommand\u00e9es ?<\/p>\r\n                            <\/div>\r\n\r\n                            <div class=\"mtt-accordion__accordion-content\">\r\n                                <div class=\"mtt-accordion__accordion-content-inner\">\r\n                                    <p>Oui. Notre \u00e9quipe d&rsquo;assistance technique a \u00e9tabli sa liste de pi\u00e8ces d\u00e9tach\u00e9es recommand\u00e9es sur la base d&rsquo;ann\u00e9es d&rsquo;exp\u00e9rience et de demandes de nos clients. Si les temps d&rsquo;arr\u00eat sont synonymes de perte de production pour vos clients, envisagez de conserver un petit stock recommand\u00e9 de pi\u00e8ces d\u00e9tach\u00e9es.<\/p>\n<p>Contactez le support technique de HOUN\u00d6 pour recevoir la liste.<\/p>\n<p>T\u00e9l\u00e9phone : +45 8711 4711<br \/>\nCourrier : techsupport@houno.com<\/p>\n                                <\/div>\r\n                            <\/div>\r\n\r\n                        <\/div>\r\n                                            <div class=\"mtt-accordion__accordion\">\r\n\r\n                            <div class=\"mtt-accordion__accordion-title\">\r\n                                <p>Je ne trouve pas la pi\u00e8ce d\u00e9tach\u00e9e dont j&rsquo;ai besoin &#8211; que dois-je faire ? <\/p>\r\n                            <\/div>\r\n\r\n                            <div class=\"mtt-accordion__accordion-content\">\r\n                                <div class=\"mtt-accordion__accordion-content-inner\">\r\n                                    <p>Si vous ne trouvez pas la pi\u00e8ce d\u00e9tach\u00e9e dont vous avez besoin ou si vous avez d&rsquo;autres questions concernant nos pi\u00e8ces d\u00e9tach\u00e9es, n&rsquo;h\u00e9sitez pas \u00e0 contacter directement notre \u00e9quipe charg\u00e9e des pi\u00e8ces d\u00e9tach\u00e9es.<\/p>\n<p>T\u00e9l\u00e9phone : +45 8711 4711<br \/>\nDu lundi au vendredi : 08:00 \u00e0 15:00<\/p>\n<p>Courrier : <a href=\"mailto:techsupport@houno.com\">techsupport@houno.com<\/a><br \/>\nNous ferons de notre mieux pour vous r\u00e9pondre dans les 24 heures.<\/p>\n                                <\/div>\r\n                            <\/div>\r\n\r\n                        <\/div>\r\n                                            <div class=\"mtt-accordion__accordion\">\r\n\r\n                            <div class=\"mtt-accordion__accordion-title\">\r\n                                <p>Combien de temps faut-il pour obtenir ma pi\u00e8ce d\u00e9tach\u00e9e ? <\/p>\r\n                            <\/div>\r\n\r\n                            <div class=\"mtt-accordion__accordion-content\">\r\n                                <div class=\"mtt-accordion__accordion-content-inner\">\r\n                                    <p><strong>Livraison standard<\/strong><br \/>\nDanemark : 1-3 jours ouvrables<br \/>\nPays de l&rsquo;UE : 3-5 jours ouvrables<br \/>\nPays hors UE : 5-7 jours ouvrables<\/p>\n<p><strong>Livraison express<\/strong><br \/>\nDanemark : 1-2 jours ouvrables<br \/>\nPays de l&rsquo;UE : 1-2 jours ouvrables<br \/>\nPays hors UE : 3-5 jours ouvrables<\/p>\n<p>Si vous souhaitez commander vos pi\u00e8ces en livraison express, veuillez en informer notre \u00e9quipe Pi\u00e8ces d\u00e9tach\u00e9es au pr\u00e9alable.<\/p>\n                                <\/div>\r\n                            <\/div>\r\n\r\n                        <\/div>\r\n                                            <div class=\"mtt-accordion__accordion\">\r\n\r\n                            <div class=\"mtt-accordion__accordion-title\">\r\n                                <p>HOUN\u00d6 ne fournit-il que des pi\u00e8ces d&rsquo;origine ?<\/p>\r\n                            <\/div>\r\n\r\n                            <div class=\"mtt-accordion__accordion-content\">\r\n                                <div class=\"mtt-accordion__accordion-content-inner\">\r\n                                    <p>Oui. En achetant des pi\u00e8ces d\u00e9tach\u00e9es directement aupr\u00e8s de HOUN\u00d6, vous avez la garantie d&rsquo;obtenir des pi\u00e8ces originales de haute qualit\u00e9. La plupart des pi\u00e8ces d\u00e9tach\u00e9es sont disponibles jusqu&rsquo;\u00e0 dix ans apr\u00e8s l&rsquo;arr\u00eat de la production d&rsquo;un produit.<\/p>\n                                <\/div>\r\n                            <\/div>\r\n\r\n                        <\/div>\r\n                                            <div class=\"mtt-accordion__accordion\">\r\n\r\n                            <div class=\"mtt-accordion__accordion-title\">\r\n                                <p>Avez-vous des pi\u00e8ces de rechange en stock ?<\/p>\r\n                            <\/div>\r\n\r\n                            <div class=\"mtt-accordion__accordion-content\">\r\n                                <div class=\"mtt-accordion__accordion-content-inner\">\r\n                                    <p>Oui. La plupart de nos pi\u00e8ces d\u00e9tach\u00e9es sont en stock, ce qui vous permet de commander rapidement les pi\u00e8ces dont vous avez besoin afin d&rsquo;\u00e9viter les temps d&rsquo;arr\u00eat inutiles.<\/p>\n                                <\/div>\r\n                            <\/div>\r\n\r\n                        <\/div>\r\n                                                                <\/div>\r\n\r\n        <\/div>\r\n    <\/div>\r\n<\/section><div class=\"wp-text-block page_container styled-text\"><div class=\"wp-text-block__inner\">\n<p><\/p>\n<\/div><\/div><div class=\"wp-text-block page_container styled-text\"><div class=\"wp-text-block__inner\">\n<h2 class=\"wp-block-heading\">Autres FAQ<\/h2>\n<\/div><\/div><div class=\"style light_blue\">\r\n<section class=\"mtt-support-boxes spacing_top_56 spacing_bottom_184 spacing-classes-added\">\r\n    <div class=\"mtt-support-boxes__inner page_container\">\r\n        <div class=\"mtt-support-boxes__wrap\">\r\n                                                <div class=\"mtt-support-boxes__box background_element\">\r\n\r\n                                                    <div class=\"mtt-support-boxes__box-icon\">\r\n                                <img loading=\"lazy\" decoding=\"async\" width=\"50\" height=\"43\" src=\"https:\/\/houno.com\/wp-content\/uploads\/2021\/08\/oven-icon_TMI_fritlagt-50px-ok.png\" class=\"attachment-170x100x size-170x100x\" alt=\"\" \/>                            <\/div>\r\n                        \r\n                        <div class=\"mtt-support-boxes__box-title\">\r\n                                                            Combi ovens                                                    <\/div>\r\n\r\n                        <div class=\"mtt-support-boxes__box-text\">\r\n                                                    <\/div>\r\n\r\n                        <div class=\"mtt-support-boxes__button border_element\">\r\n\t                        \t\t                            <a href=\"https:\/\/houno.com\/en\/faq-main-page\/faq-combi-ovens\/\" class=\"button dash\">\r\n\t\t\t                            FAQ Fours Combi\t\t                            <\/a>\r\n\t\t                                                    <\/div>\r\n\r\n                    <\/div>\r\n                                    <div class=\"mtt-support-boxes__box background_element\">\r\n\r\n                                                    <div class=\"mtt-support-boxes__box-icon\">\r\n                                <img loading=\"lazy\" decoding=\"async\" width=\"48\" height=\"48\" src=\"https:\/\/houno.com\/wp-content\/uploads\/2021\/06\/outline_record_voice_over_black_24dp.png\" class=\"attachment-170x100x size-170x100x\" alt=\"\" \/>                            <\/div>\r\n                        \r\n                        <div class=\"mtt-support-boxes__box-title\">\r\n                                                            Technical support                                                    <\/div>\r\n\r\n                        <div class=\"mtt-support-boxes__box-text\">\r\n                                                    <\/div>\r\n\r\n                        <div class=\"mtt-support-boxes__button border_element\">\r\n\t                        \t\t                            <a href=\"https:\/\/houno.com\/en\/faq-main-page\/faq-tech-support\/\" class=\"button dash\">\r\n\t\t\t                            FAQ Support technique\t\t                            <\/a>\r\n\t\t                                                    <\/div>\r\n\r\n                    <\/div>\r\n                                    <div class=\"mtt-support-boxes__box background_element\">\r\n\r\n                                                    <div class=\"mtt-support-boxes__box-icon\">\r\n                                                            <\/div>\r\n                        \r\n                        <div class=\"mtt-support-boxes__box-title\">\r\n                                                            Warranty                                                    <\/div>\r\n\r\n                        <div class=\"mtt-support-boxes__box-text\">\r\n                                                    <\/div>\r\n\r\n                        <div class=\"mtt-support-boxes__button border_element\">\r\n\t                        \t\t                            <a href=\"https:\/\/houno.com\/en\/faq-main-page\/faq-warranty\/\" class=\"button dash\">\r\n\t\t\t                            FAQ Garantie\t\t                            <\/a>\r\n\t\t                                                    <\/div>\r\n\r\n                    <\/div>\r\n                                    <div class=\"mtt-support-boxes__box background_element\">\r\n\r\n                                                    <div class=\"mtt-support-boxes__box-icon\">\r\n                                <img loading=\"lazy\" decoding=\"async\" width=\"48\" height=\"48\" src=\"https:\/\/houno.com\/wp-content\/uploads\/2021\/08\/outline_shopping_cart_black_24dp-e1628579976648.png\" class=\"attachment-170x100x size-170x100x\" alt=\"\" \/>                            <\/div>\r\n                        \r\n                        <div class=\"mtt-support-boxes__box-title\">\r\n                                                            Shop online                                                    <\/div>\r\n\r\n                        <div class=\"mtt-support-boxes__box-text\">\r\n                                                    <\/div>\r\n\r\n                        <div class=\"mtt-support-boxes__button border_element\">\r\n\t                        \t\t                            <a href=\"https:\/\/houno.com\/en\/support\/faq\/faq-shop\/\" class=\"button dash\">\r\n\t\t\t                            FAQ Boutique en ligne\t\t                            <\/a>\r\n\t\t                                                    <\/div>\r\n\r\n                    <\/div>\r\n                                        \r\n        <\/div>\r\n    <\/div>\r\n<\/section><\/div>","protected":false},"excerpt":{"rendered":"<p>Autres FAQ<\/p>\n","protected":false},"author":4,"featured_media":0,"parent":24844,"menu_order":0,"comment_status":"closed","ping_status":"closed","template":"","meta":{"_acf_changed":false,"_relevanssi_hide_post":"","_relevanssi_hide_content":"","_relevanssi_pin_for_all":"","_relevanssi_pin_keywords":"","_relevanssi_unpin_keywords":"","_relevanssi_related_keywords":"","_relevanssi_related_include_ids":"","_relevanssi_related_exclude_ids":"","_relevanssi_related_no_append":"","_relevanssi_related_not_related":"","_relevanssi_related_posts":"","_relevanssi_noindex_reason":"","footnotes":""},"class_list":["post-24848","page","type-page","status-publish","hentry"],"acf":[],"yoast_head":"<!-- This site is optimized with the Yoast SEO Premium plugin v27.5 (Yoast SEO v27.5) - https:\/\/yoast.com\/product\/yoast-seo-premium-wordpress\/ -->\n<title>FAQ pi\u00e8ces d\u00e9tach\u00e9es | Toutes les r\u00e9ponses \u00e0 vos questions | HOUN\u00d6<\/title>\n<meta name=\"robots\" content=\"index, follow, max-snippet:-1, max-image-preview:large, max-video-preview:-1\" \/>\n<link rel=\"canonical\" href=\"https:\/\/houno.com\/fr\/faq\/faq-pieces-detachees\/\" \/>\n<meta property=\"og:locale\" content=\"fr_FR\" \/>\n<meta property=\"og:type\" content=\"article\" \/>\n<meta property=\"og:title\" content=\"FAQ Pi\u00e8ces d\u00e9tach\u00e9es\" \/>\n<meta property=\"og:description\" content=\"Autres FAQ\" \/>\n<meta property=\"og:url\" content=\"https:\/\/houno.com\/fr\/faq\/faq-pieces-detachees\/\" \/>\n<meta property=\"og:site_name\" content=\"HOUN\u00d6\" \/>\n<meta property=\"article:publisher\" content=\"https:\/\/www.facebook.com\/hounocombi\" \/>\n<meta property=\"article:modified_time\" content=\"2025-06-24T08:59:19+00:00\" \/>\n<meta name=\"twitter:card\" content=\"summary_large_image\" \/>\n<script type=\"application\/ld+json\" class=\"yoast-schema-graph\">{\"@context\":\"https:\\\/\\\/schema.org\",\"@graph\":[{\"@type\":\"WebPage\",\"@id\":\"https:\\\/\\\/houno.com\\\/fr\\\/faq\\\/faq-pieces-detachees\\\/\",\"url\":\"https:\\\/\\\/houno.com\\\/fr\\\/faq\\\/faq-pieces-detachees\\\/\",\"name\":\"FAQ pi\u00e8ces d\u00e9tach\u00e9es | Toutes les r\u00e9ponses \u00e0 vos questions | HOUN\u00d6\",\"isPartOf\":{\"@id\":\"https:\\\/\\\/houno.com\\\/fr\\\/#website\"},\"datePublished\":\"2024-01-28T23:40:11+00:00\",\"dateModified\":\"2025-06-24T08:59:19+00:00\",\"breadcrumb\":{\"@id\":\"https:\\\/\\\/houno.com\\\/fr\\\/faq\\\/faq-pieces-detachees\\\/#breadcrumb\"},\"inLanguage\":\"fr-FR\",\"potentialAction\":[{\"@type\":\"ReadAction\",\"target\":[\"https:\\\/\\\/houno.com\\\/fr\\\/faq\\\/faq-pieces-detachees\\\/\"]}]},{\"@type\":\"BreadcrumbList\",\"@id\":\"https:\\\/\\\/houno.com\\\/fr\\\/faq\\\/faq-pieces-detachees\\\/#breadcrumb\",\"itemListElement\":[{\"@type\":\"ListItem\",\"position\":1,\"name\":\"Home\",\"item\":\"https:\\\/\\\/houno.com\\\/fr\\\/\"},{\"@type\":\"ListItem\",\"position\":2,\"name\":\"FAQ\",\"item\":\"https:\\\/\\\/houno.com\\\/fr\\\/faq\\\/\"},{\"@type\":\"ListItem\",\"position\":3,\"name\":\"FAQ Pi\u00e8ces d\u00e9tach\u00e9es\"}]},{\"@type\":\"WebSite\",\"@id\":\"https:\\\/\\\/houno.com\\\/fr\\\/#website\",\"url\":\"https:\\\/\\\/houno.com\\\/fr\\\/\",\"name\":\"HOUN\u00d6\",\"description\":\"La marque et le fabricant de fours commerciaux haut de gamme visent \u00e0 simplifier l&#039;entretien\",\"publisher\":{\"@id\":\"https:\\\/\\\/houno.com\\\/fr\\\/#organization\"},\"potentialAction\":[{\"@type\":\"SearchAction\",\"target\":{\"@type\":\"EntryPoint\",\"urlTemplate\":\"https:\\\/\\\/houno.com\\\/fr\\\/?s={search_term_string}\"},\"query-input\":{\"@type\":\"PropertyValueSpecification\",\"valueRequired\":true,\"valueName\":\"search_term_string\"}}],\"inLanguage\":\"fr-FR\"},{\"@type\":\"Organization\",\"@id\":\"https:\\\/\\\/houno.com\\\/fr\\\/#organization\",\"name\":\"HOUN\u00d6\",\"url\":\"https:\\\/\\\/houno.com\\\/fr\\\/\",\"logo\":{\"@type\":\"ImageObject\",\"inLanguage\":\"fr-FR\",\"@id\":\"https:\\\/\\\/houno.com\\\/fr\\\/#\\\/schema\\\/logo\\\/image\\\/\",\"url\":\"https:\\\/\\\/houno.com\\\/wp-content\\\/uploads\\\/2021\\\/08\\\/cropped-Houno\u00a6e_id_logo-black-e1634730012288.png\",\"contentUrl\":\"https:\\\/\\\/houno.com\\\/wp-content\\\/uploads\\\/2021\\\/08\\\/cropped-Houno\u00a6e_id_logo-black-e1634730012288.png\",\"width\":250,\"height\":59,\"caption\":\"HOUN\u00d6\"},\"image\":{\"@id\":\"https:\\\/\\\/houno.com\\\/fr\\\/#\\\/schema\\\/logo\\\/image\\\/\"},\"sameAs\":[\"https:\\\/\\\/www.facebook.com\\\/hounocombi\",\"https:\\\/\\\/www.linkedin.com\\\/company\\\/houno\\\/\"]}]}<\/script>\n<!-- \/ Yoast SEO Premium plugin. -->","yoast_head_json":{"title":"FAQ pi\u00e8ces d\u00e9tach\u00e9es | Toutes les r\u00e9ponses \u00e0 vos questions | HOUN\u00d6","robots":{"index":"index","follow":"follow","max-snippet":"max-snippet:-1","max-image-preview":"max-image-preview:large","max-video-preview":"max-video-preview:-1"},"canonical":"https:\/\/houno.com\/fr\/faq\/faq-pieces-detachees\/","og_locale":"fr_FR","og_type":"article","og_title":"FAQ Pi\u00e8ces d\u00e9tach\u00e9es","og_description":"Autres FAQ","og_url":"https:\/\/houno.com\/fr\/faq\/faq-pieces-detachees\/","og_site_name":"HOUN\u00d6","article_publisher":"https:\/\/www.facebook.com\/hounocombi","article_modified_time":"2025-06-24T08:59:19+00:00","twitter_card":"summary_large_image","schema":{"@context":"https:\/\/schema.org","@graph":[{"@type":"WebPage","@id":"https:\/\/houno.com\/fr\/faq\/faq-pieces-detachees\/","url":"https:\/\/houno.com\/fr\/faq\/faq-pieces-detachees\/","name":"FAQ pi\u00e8ces d\u00e9tach\u00e9es | Toutes les r\u00e9ponses \u00e0 vos questions | HOUN\u00d6","isPartOf":{"@id":"https:\/\/houno.com\/fr\/#website"},"datePublished":"2024-01-28T23:40:11+00:00","dateModified":"2025-06-24T08:59:19+00:00","breadcrumb":{"@id":"https:\/\/houno.com\/fr\/faq\/faq-pieces-detachees\/#breadcrumb"},"inLanguage":"fr-FR","potentialAction":[{"@type":"ReadAction","target":["https:\/\/houno.com\/fr\/faq\/faq-pieces-detachees\/"]}]},{"@type":"BreadcrumbList","@id":"https:\/\/houno.com\/fr\/faq\/faq-pieces-detachees\/#breadcrumb","itemListElement":[{"@type":"ListItem","position":1,"name":"Home","item":"https:\/\/houno.com\/fr\/"},{"@type":"ListItem","position":2,"name":"FAQ","item":"https:\/\/houno.com\/fr\/faq\/"},{"@type":"ListItem","position":3,"name":"FAQ Pi\u00e8ces d\u00e9tach\u00e9es"}]},{"@type":"WebSite","@id":"https:\/\/houno.com\/fr\/#website","url":"https:\/\/houno.com\/fr\/","name":"HOUN\u00d6","description":"La marque et le fabricant de fours commerciaux haut de gamme visent \u00e0 simplifier l&#039;entretien","publisher":{"@id":"https:\/\/houno.com\/fr\/#organization"},"potentialAction":[{"@type":"SearchAction","target":{"@type":"EntryPoint","urlTemplate":"https:\/\/houno.com\/fr\/?s={search_term_string}"},"query-input":{"@type":"PropertyValueSpecification","valueRequired":true,"valueName":"search_term_string"}}],"inLanguage":"fr-FR"},{"@type":"Organization","@id":"https:\/\/houno.com\/fr\/#organization","name":"HOUN\u00d6","url":"https:\/\/houno.com\/fr\/","logo":{"@type":"ImageObject","inLanguage":"fr-FR","@id":"https:\/\/houno.com\/fr\/#\/schema\/logo\/image\/","url":"https:\/\/houno.com\/wp-content\/uploads\/2021\/08\/cropped-Houno\u00a6e_id_logo-black-e1634730012288.png","contentUrl":"https:\/\/houno.com\/wp-content\/uploads\/2021\/08\/cropped-Houno\u00a6e_id_logo-black-e1634730012288.png","width":250,"height":59,"caption":"HOUN\u00d6"},"image":{"@id":"https:\/\/houno.com\/fr\/#\/schema\/logo\/image\/"},"sameAs":["https:\/\/www.facebook.com\/hounocombi","https:\/\/www.linkedin.com\/company\/houno\/"]}]}},"_links":{"self":[{"href":"https:\/\/houno.com\/fr\/wp-json\/wp\/v2\/pages\/24848","targetHints":{"allow":["GET"]}}],"collection":[{"href":"https:\/\/houno.com\/fr\/wp-json\/wp\/v2\/pages"}],"about":[{"href":"https:\/\/houno.com\/fr\/wp-json\/wp\/v2\/types\/page"}],"author":[{"embeddable":true,"href":"https:\/\/houno.com\/fr\/wp-json\/wp\/v2\/users\/4"}],"replies":[{"embeddable":true,"href":"https:\/\/houno.com\/fr\/wp-json\/wp\/v2\/comments?post=24848"}],"version-history":[{"count":1,"href":"https:\/\/houno.com\/fr\/wp-json\/wp\/v2\/pages\/24848\/revisions"}],"predecessor-version":[{"id":34459,"href":"https:\/\/houno.com\/fr\/wp-json\/wp\/v2\/pages\/24848\/revisions\/34459"}],"up":[{"embeddable":true,"href":"https:\/\/houno.com\/fr\/wp-json\/wp\/v2\/pages\/24844"}],"wp:attachment":[{"href":"https:\/\/houno.com\/fr\/wp-json\/wp\/v2\/media?parent=24848"}],"curies":[{"name":"wp","href":"https:\/\/api.w.org\/{rel}","templated":true}]}}