{"id":24842,"date":"2024-01-29T00:00:19","date_gmt":"2024-01-28T23:00:19","guid":{"rendered":"https:\/\/houno.com\/garantie\/"},"modified":"2024-04-27T20:14:42","modified_gmt":"2024-04-27T18:14:42","slug":"garantie","status":"publish","type":"page","link":"https:\/\/houno.com\/fr\/garantie\/","title":{"rendered":"Garantie"},"content":{"rendered":"<div class=\"style sand\">\r\n<header class=\"woocommerce-products-header shop-cover background_element \">\r\n    <div class=\"woocommerce-products-header__inner page_container\">\r\n        <div class=\"woocommerce-products-header__text\">\r\n            <div class=\"mtt-tagline\">Garantie<\/div>\r\n            <h1>Nous vous couvrons<\/h1>\r\n            <div class=\"text\"><p>HOUN\u00d6 produit des fours mixtes de haute qualit\u00e9 con\u00e7us pour durer. Seuls des composants de haute qualit\u00e9 sont utilis\u00e9s, tous con\u00e7us et test\u00e9s pour survivre \u00e0 la vie moderne en cuisine.<\/p>\n<p>&nbsp;<\/p>\n<\/div>\r\n                <div class=\"button-section buttons\">\n\n        \n                    <a href=\"https:\/\/houno.com\/download\/23755\/\" target=\"_blank\" class=\" button dash\">\n                        Conditions de garantie du fabricant HOUN\u00d6                     <\/a>\n                \n                \n    <\/div>\n        <\/div>\r\n        <div class=\"woocommerce-products-header__image\">\r\n            <div class=\"image object-fit\">\r\n                                    <img decoding=\"async\" src=\"https:\/\/houno.com\/wp-content\/uploads\/2023\/08\/Invoq_1-1-GN-300x169.jpg\" data-full=\"https:\/\/houno.com\/wp-content\/uploads\/2023\/08\/Invoq_1-1-GN-1130x636.jpg\" alt=\"Invoq oven series\" lazy-load>\r\n                            <\/div>\r\n        <\/div>\r\n    <\/div>\r\n<\/header><\/div>\n\n\n<div style=\"height:60px\" aria-hidden=\"true\" class=\"wp-block-spacer\"><\/div>\n\n\n<div class=\"wp-text-block page_container styled-text\"><div class=\"wp-text-block__inner\">\n<p>Suivez la proc\u00e9dure, c&rsquo;est aussi simple que cela !<\/p>\n<\/div><\/div>\n\n<div class=\"wp-text-block page_container styled-text\"><div class=\"wp-text-block__inner\">\n<h2 class=\"wp-block-heading\" id=\"h-comment-assurer-la-garantie\">Comment assurer la garantie<\/h2>\n<\/div><\/div>\n\n<div class=\"style no_bg\"><section class=\"product-registration-widget page_container\">\n\t<div class=\"product-registration-widget__inner background_element\">\n\t\t\t\t<div class=\"product-registration-widget__text\">\n\t\t\t<h2>\u00c9tape 1 &#8211; Enregistrer votre four pour b\u00e9n\u00e9ficier de la garantie<\/h2>\t\t\t<p>L&rsquo;enregistrement doit \u00eatre effectu\u00e9 dans les 8 semaines suivant l&rsquo;installation du four.<\/p>\n<p>&nbsp;<\/p>\n\t\t\t<div class=\"product-registration-widget__form\">\n                <form action=\"\" method=\"post\">\n                    <input type=\"hidden\" name=\"post_id\" value=\"24842\">\n                    <div class=\"input-wrap float-label product-registration-widget__form-row\">\n                        <label for=\"name\">Name<\/label>\n                        <input type=\"text\" id=\"name\" name=\"name\" value=\"\" required title=\"Name\">\n                    <\/div>\n                    <div class=\"product-registration-widget__form-row\">\n                        <div class=\"input-wrap float-label\">\n                            <label for=\"serial\">Num\u00e9ro de s\u00e9rie<\/label>\n                            <input type=\"text\" id=\"serial\" name=\"serial\" maxlength=\"13\" required pattern=\"(\\d){6}-(\\d){6}\" title=\"Le format doit \u00eatre le suivant XXXXXX-XXXXXX o\u00f9 X est une lettre ou un chiffre\">\n                        <\/div>\n\n                        <div class=\"input-wrap float-label\">\n                            <label for=\"installation_date\">Date d&rsquo;installation<\/label>\n                            <input type=\"text\" id=\"installation_date\" name=\"installation_date\" value=\"\" required title=\"Date d'installation\" autocomplete=\"off\">\n                        <\/div>\n                    <\/div>\n                    <div class=\"product-registration-widget__form-row\">\n                        <div class=\"input-wrap float-label\">\n                            <label for=\"installed_at\">Lieu d&rsquo;installation<\/label>\n                            <input type=\"text\" id=\"installed_at\" name=\"installed_at\" value=\"\" required title=\"Lieu d'installation\">\n                        <\/div>\n\n                        <div class=\"input-wrap float-label\">\n                            <label for=\"installed_by\">Install\u00e9 par<\/label>\n                            <input type=\"text\" id=\"installed_by\" name=\"installed_by\" value=\"\" required title=\"Install\u00e9 par\">\n                        <\/div>\n                    <\/div>\n                    <div class=\"product-registration-widget__form-row submit\">\n                        <div class=\"product-registration-widget__form-message\" style=\"width: auto;\">\n                            <button type=\"submit\" class=\"button primary\">Register product<\/button>\n                        <\/div>\n                        <div class=\"product-registration-widget__form-message hidden\" style=\"padding-left: 18px;\">\n                            <div class=\"product-registration-widget__form-message-indicator\">\n                                <p><\/p>\n                            <\/div>\n                        <\/div>\n                    <\/div>\n                <\/form>\n\t\t\t<\/div>\n\t\t<\/div>\n\t<\/div>\n<\/section>\n<\/div>\n\n\n<section class=\"wp-block-morningtrain-text-sections mtt-text-sections style background_element undefined\"><div class=\"mtt-text-sections__inner page_container  spacing_top_120 spacing_bottom_120\"><p class=\"mtt-text-sections__tagline mtt-tagline\"><a href=\"https:\/\/houno.com\/download\/16078\/\"><strong>T\u00e9l\u00e9charger la liste de contr\u00f4le pour l&rsquo;installation ici<\/strong><\/a><\/p><h2 class=\"mtt-text-sections__title\"><a href=\"https:\/\/houno.com\/download\/16078\/\">Obtenez votre liste de contr\u00f4le d&rsquo;installation \u00e0 remplir et \u00e0 finaliser<\/a><\/h2><div class=\"mtt-text-sections__wrap\"><div class=\"mtt-text-sections__text-container\"><strong>\u00c9tape 2 &#8211; Remplir la liste de contr\u00f4le de l&rsquo;installation<\/strong><br><br>Pour que le four soit couvert par la garantie, la liste de contr\u00f4le d&rsquo;installation doit \u00eatre remplie apr\u00e8s l&rsquo;installation du four.<br><br><\/div><div class=\"mtt-text-sections__text-container\"><strong>\u00c9tape 3 &#8211; R\u00e9visez, signez et enregistrez votre liste de contr\u00f4le<\/strong><br><br>Passez en revue la liste de contr\u00f4le de l&rsquo;installation avec l&rsquo;utilisateur final, puis faites signer la liste de contr\u00f4le par le technicien et l&rsquo;utilisateur final. Conservez-la en cas de recours \u00e0 la garantie en tant qu&rsquo;information suivante.<br> <br>*La liste de contr\u00f4le doit \u00eatre pr\u00e9sent\u00e9e \u00e0 la demande de HOUN\u00d6.<\/div><\/div><\/div><\/section>\n\n\n<div class=\"style no_bg\">\r\n<section class=\"mtt-text-list-image\">\r\n    <div class=\"mtt-text-list-image__inner after_background_element\">\r\n        <div class=\"mtt-text-list-image__wrap page_container\">\r\n\r\n            <div class=\"mtt-text-list-image__text-container\">\r\n                                    <div class=\"mtt-text-list-image__tagline mtt-tagline\">Suivez les quatre \u00e9tapes <\/div>\r\n                                                    <h2 class=\"mtt-text-list-image__title\">Comment d\u00e9clarer un sinistre &#8211; partenaires de service uniquement<\/h2>\r\n                                                    <div class=\"mtt-text-list-image__list\">\r\n                                                    <div class=\"mtt-text-list-image__list-item\">\r\n                                <span>Premi\u00e8re \u00e9tape<\/span>\r\n                                <h4>Remplacer l&rsquo;article cass\u00e9<\/h4>\r\n\t                            <div class=\"mtt-text-list-image__list-item__text\">\r\n\t\t                            <p>Pour \u00e9viter une immobilisation inutile du four mixte, le partenaire de service remplacera l&rsquo;\u00e9l\u00e9ment cass\u00e9 avant de contacter HOUN\u00d6.<\/p>\n\t                            <\/div>\r\n                                                            <\/div>\r\n                                                    <div class=\"mtt-text-list-image__list-item\">\r\n                                <span>Deuxi\u00e8me \u00e9tape<\/span>\r\n                                <h4>Soumettre une demande de remboursement<\/h4>\r\n\t                            <div class=\"mtt-text-list-image__list-item__text\">\r\n\t\t                            <p>Veuillez remplir le formulaire pour entamer la proc\u00e9dure de demande d&rsquo;indemnisation. Pour nous aider \u00e0 acc\u00e9l\u00e9rer le traitement de votre demande, veuillez nous fournir autant d&rsquo;informations d\u00e9taill\u00e9es que possible sur le probl\u00e8me, y compris des photos et\/ou des vid\u00e9os. Veuillez envoyer votre candidature \u00e0 techsupport@houno.com.<\/p>\n\t                            <\/div>\r\n                                                                                                        <a class=\"button dash\" href=\"https:\/\/houno.com\/wp-content\/uploads\/2021\/11\/Warranty-Claim-ENG-rev.-1.0.docx\"  target=\"_blank\">T\u00e9l\u00e9charger le formulaire de demande<\/a>\r\n                                                            <\/div>\r\n                                                    <div class=\"mtt-text-list-image__list-item\">\r\n                                <span>Troisi\u00e8me \u00e9tape<\/span>\r\n                                <h4>V\u00e9rification<\/h4>\r\n\t                            <div class=\"mtt-text-list-image__list-item__text\">\r\n\t\t                            <p>D\u00e8s r\u00e9ception de votre r\u00e9clamation, notre \u00e9quipe d&rsquo;assistance technique l&rsquo;examinera. Vous recevrez une r\u00e9ponse le jour m\u00eame de l&rsquo;introduction de la demande si celle-ci est re\u00e7ue dans les heures d&rsquo;ouverture.<\/p>\n\t                            <\/div>\r\n                                                            <\/div>\r\n                                                    <div class=\"mtt-text-list-image__list-item\">\r\n                                <span>Quatri\u00e8me \u00e9tape<\/span>\r\n                                <h4>Remplacement de poste<\/h4>\r\n\t                            <div class=\"mtt-text-list-image__list-item__text\">\r\n\t\t                            <p>Si la r\u00e9clamation est accept\u00e9e, le partenaire de service sera cr\u00e9dit\u00e9 du montant de l&rsquo;article remplac\u00e9.<\/p>\n\t                            <\/div>\r\n                                                            <\/div>\r\n                                            <\/div>\r\n                            <\/div>\r\n\r\n            <div class=\"mtt-text-list-image__images-container\">\r\n\t\t\t\t                <div class=\"mtt-text-list-image__image object-fit\">\r\n                    <picture>\r\n                                                                            <img decoding=\"async\" src=\"https:\/\/houno.com\/wp-content\/uploads\/2021\/08\/QUOTE-til-claim1-292x300.png\" data-full=\"https:\/\/houno.com\/wp-content\/uploads\/2021\/08\/QUOTE-til-claim1.png\" alt=\"QUOTE til claim1\" lazy-load>\r\n                                            <\/picture>\r\n                <\/div>\r\n                \t\t\t\t            <\/div>\r\n\r\n        <\/div>\r\n    <\/div>\r\n<\/section><\/div>\n\n<div class=\"style light_sand\">\r\n<section class=\"mtt-text-image mtt-text-image--direction-text_image spacing_bottom_152 spacing-classes-added\">\r\n    <div class=\"mtt-text-image__inner after_background_element background_element_mobile\">\r\n        <div class=\"mtt-text-image__wrap page_container\">\r\n\r\n            <div class=\"mtt-text-image__text-container text_element\">\r\n                                    <div class=\"mtt-text-image__tagline mtt-tagline\">FAQ<\/div>\r\n                                                    <h2 class=\"mtt-text-image__title\">Des questions sur la garantie ?<\/h2>\r\n                                                    <div class=\"mtt-text-image__text\">Ne vous inqui\u00e9tez pas ! Nous avons rassembl\u00e9 ici les questions les plus fr\u00e9quemment pos\u00e9es sur la garantie HOUN\u00d6 et d&rsquo;autres sujets pertinents.<\/div>\r\n                                    <div class=\"button-section mtt-text-image__buttons\">\n\n        \n                    <a href=\"https:\/\/houno.com\/fr\/faq\/faq-garantie\/\" class=\" button dash\">\n                        Voir les questions sur la garantie                    <\/a>\n                \n                \n    <\/div>\n            <\/div>\r\n\r\n            <div class=\"mtt-text-image__images-container\">\r\n                                                <div class=\"mtt-text-image__image object-fit\">\r\n                    <picture>\r\n                                                <img decoding=\"async\" src=\"https:\/\/houno.com\/wp-content\/uploads\/2022\/03\/FAQ_beige-300x222.png\" \r\n                             data-full=\"https:\/\/houno.com\/wp-content\/uploads\/2022\/03\/FAQ_beige.png\" \r\n                             alt=\"FAQ_beige\" \r\n                             lazy-load\r\n                             loading=\"lazy\">\r\n                    <\/picture>\r\n                <\/div>\r\n                                \t\t\t\t            <\/div>\r\n\r\n        <\/div>\r\n    <\/div>\r\n<\/section><\/div>","protected":false},"excerpt":{"rendered":"<p>Suivez la proc\u00e9dure, c&rsquo;est aussi simple que cela ! Comment assurer la garantie<\/p>\n","protected":false},"author":4,"featured_media":0,"parent":0,"menu_order":0,"comment_status":"closed","ping_status":"closed","template":"","meta":{"_acf_changed":false,"_relevanssi_hide_post":"","_relevanssi_hide_content":"","_relevanssi_pin_for_all":"","_relevanssi_pin_keywords":"","_relevanssi_unpin_keywords":"","_relevanssi_related_keywords":"","_relevanssi_related_include_ids":"","_relevanssi_related_exclude_ids":"","_relevanssi_related_no_append":"","_relevanssi_related_not_related":"","_relevanssi_related_posts":"21764,1111,1124,1135,20516,21846","_relevanssi_noindex_reason":"","footnotes":""},"class_list":["post-24842","page","type-page","status-publish","hentry"],"acf":[],"yoast_head":"<!-- This site is optimized with the Yoast SEO Premium plugin v27.4 (Yoast SEO v27.4) - https:\/\/yoast.com\/product\/yoast-seo-premium-wordpress\/ -->\n<title>Votre garantie sur votre four HOUN\u00d6 | HOUN\u00d6<\/title>\n<meta name=\"robots\" content=\"index, follow, max-snippet:-1, max-image-preview:large, max-video-preview:-1\" \/>\n<link rel=\"canonical\" href=\"https:\/\/houno.com\/fr\/garantie\/\" \/>\n<meta property=\"og:locale\" content=\"fr_FR\" \/>\n<meta property=\"og:type\" content=\"article\" \/>\n<meta property=\"og:title\" content=\"Garantie\" \/>\n<meta property=\"og:description\" content=\"Suivez la proc\u00e9dure, c&rsquo;est aussi simple que cela ! Comment assurer la garantie\" \/>\n<meta property=\"og:url\" content=\"https:\/\/houno.com\/fr\/garantie\/\" \/>\n<meta property=\"og:site_name\" content=\"HOUN\u00d6\" \/>\n<meta property=\"article:publisher\" content=\"https:\/\/www.facebook.com\/hounocombi\" \/>\n<meta property=\"article:modified_time\" content=\"2024-04-27T18:14:42+00:00\" \/>\n<meta name=\"twitter:card\" content=\"summary_large_image\" \/>\n<meta name=\"twitter:label1\" content=\"Dur\u00e9e de lecture estim\u00e9e\" \/>\n\t<meta name=\"twitter:data1\" content=\"1 minute\" \/>\n<script type=\"application\/ld+json\" class=\"yoast-schema-graph\">{\"@context\":\"https:\\\/\\\/schema.org\",\"@graph\":[{\"@type\":\"WebPage\",\"@id\":\"https:\\\/\\\/houno.com\\\/fr\\\/garantie\\\/\",\"url\":\"https:\\\/\\\/houno.com\\\/fr\\\/garantie\\\/\",\"name\":\"Votre garantie sur votre four HOUN\u00d6 | HOUN\u00d6\",\"isPartOf\":{\"@id\":\"https:\\\/\\\/houno.com\\\/fr\\\/#website\"},\"datePublished\":\"2024-01-28T23:00:19+00:00\",\"dateModified\":\"2024-04-27T18:14:42+00:00\",\"breadcrumb\":{\"@id\":\"https:\\\/\\\/houno.com\\\/fr\\\/garantie\\\/#breadcrumb\"},\"inLanguage\":\"fr-FR\",\"potentialAction\":[{\"@type\":\"ReadAction\",\"target\":[\"https:\\\/\\\/houno.com\\\/fr\\\/garantie\\\/\"]}]},{\"@type\":\"BreadcrumbList\",\"@id\":\"https:\\\/\\\/houno.com\\\/fr\\\/garantie\\\/#breadcrumb\",\"itemListElement\":[{\"@type\":\"ListItem\",\"position\":1,\"name\":\"Home\",\"item\":\"https:\\\/\\\/houno.com\\\/fr\\\/\"},{\"@type\":\"ListItem\",\"position\":2,\"name\":\"Garantie\"}]},{\"@type\":\"WebSite\",\"@id\":\"https:\\\/\\\/houno.com\\\/fr\\\/#website\",\"url\":\"https:\\\/\\\/houno.com\\\/fr\\\/\",\"name\":\"HOUN\u00d6\",\"description\":\"La marque et le fabricant de fours commerciaux haut de gamme visent \u00e0 simplifier l&#039;entretien\",\"publisher\":{\"@id\":\"https:\\\/\\\/houno.com\\\/fr\\\/#organization\"},\"potentialAction\":[{\"@type\":\"SearchAction\",\"target\":{\"@type\":\"EntryPoint\",\"urlTemplate\":\"https:\\\/\\\/houno.com\\\/fr\\\/?s={search_term_string}\"},\"query-input\":{\"@type\":\"PropertyValueSpecification\",\"valueRequired\":true,\"valueName\":\"search_term_string\"}}],\"inLanguage\":\"fr-FR\"},{\"@type\":\"Organization\",\"@id\":\"https:\\\/\\\/houno.com\\\/fr\\\/#organization\",\"name\":\"HOUN\u00d6\",\"url\":\"https:\\\/\\\/houno.com\\\/fr\\\/\",\"logo\":{\"@type\":\"ImageObject\",\"inLanguage\":\"fr-FR\",\"@id\":\"https:\\\/\\\/houno.com\\\/fr\\\/#\\\/schema\\\/logo\\\/image\\\/\",\"url\":\"https:\\\/\\\/houno.com\\\/wp-content\\\/uploads\\\/2021\\\/08\\\/cropped-Houno\u00a6e_id_logo-black-e1634730012288.png\",\"contentUrl\":\"https:\\\/\\\/houno.com\\\/wp-content\\\/uploads\\\/2021\\\/08\\\/cropped-Houno\u00a6e_id_logo-black-e1634730012288.png\",\"width\":250,\"height\":59,\"caption\":\"HOUN\u00d6\"},\"image\":{\"@id\":\"https:\\\/\\\/houno.com\\\/fr\\\/#\\\/schema\\\/logo\\\/image\\\/\"},\"sameAs\":[\"https:\\\/\\\/www.facebook.com\\\/hounocombi\",\"https:\\\/\\\/www.linkedin.com\\\/company\\\/houno\\\/\"]}]}<\/script>\n<!-- \/ Yoast SEO Premium plugin. -->","yoast_head_json":{"title":"Votre garantie sur votre four HOUN\u00d6 | HOUN\u00d6","robots":{"index":"index","follow":"follow","max-snippet":"max-snippet:-1","max-image-preview":"max-image-preview:large","max-video-preview":"max-video-preview:-1"},"canonical":"https:\/\/houno.com\/fr\/garantie\/","og_locale":"fr_FR","og_type":"article","og_title":"Garantie","og_description":"Suivez la proc\u00e9dure, c&rsquo;est aussi simple que cela ! Comment assurer la garantie","og_url":"https:\/\/houno.com\/fr\/garantie\/","og_site_name":"HOUN\u00d6","article_publisher":"https:\/\/www.facebook.com\/hounocombi","article_modified_time":"2024-04-27T18:14:42+00:00","twitter_card":"summary_large_image","twitter_misc":{"Dur\u00e9e de lecture estim\u00e9e":"1 minute"},"schema":{"@context":"https:\/\/schema.org","@graph":[{"@type":"WebPage","@id":"https:\/\/houno.com\/fr\/garantie\/","url":"https:\/\/houno.com\/fr\/garantie\/","name":"Votre garantie sur votre four HOUN\u00d6 | HOUN\u00d6","isPartOf":{"@id":"https:\/\/houno.com\/fr\/#website"},"datePublished":"2024-01-28T23:00:19+00:00","dateModified":"2024-04-27T18:14:42+00:00","breadcrumb":{"@id":"https:\/\/houno.com\/fr\/garantie\/#breadcrumb"},"inLanguage":"fr-FR","potentialAction":[{"@type":"ReadAction","target":["https:\/\/houno.com\/fr\/garantie\/"]}]},{"@type":"BreadcrumbList","@id":"https:\/\/houno.com\/fr\/garantie\/#breadcrumb","itemListElement":[{"@type":"ListItem","position":1,"name":"Home","item":"https:\/\/houno.com\/fr\/"},{"@type":"ListItem","position":2,"name":"Garantie"}]},{"@type":"WebSite","@id":"https:\/\/houno.com\/fr\/#website","url":"https:\/\/houno.com\/fr\/","name":"HOUN\u00d6","description":"La marque et le fabricant de fours commerciaux haut de gamme visent \u00e0 simplifier l&#039;entretien","publisher":{"@id":"https:\/\/houno.com\/fr\/#organization"},"potentialAction":[{"@type":"SearchAction","target":{"@type":"EntryPoint","urlTemplate":"https:\/\/houno.com\/fr\/?s={search_term_string}"},"query-input":{"@type":"PropertyValueSpecification","valueRequired":true,"valueName":"search_term_string"}}],"inLanguage":"fr-FR"},{"@type":"Organization","@id":"https:\/\/houno.com\/fr\/#organization","name":"HOUN\u00d6","url":"https:\/\/houno.com\/fr\/","logo":{"@type":"ImageObject","inLanguage":"fr-FR","@id":"https:\/\/houno.com\/fr\/#\/schema\/logo\/image\/","url":"https:\/\/houno.com\/wp-content\/uploads\/2021\/08\/cropped-Houno\u00a6e_id_logo-black-e1634730012288.png","contentUrl":"https:\/\/houno.com\/wp-content\/uploads\/2021\/08\/cropped-Houno\u00a6e_id_logo-black-e1634730012288.png","width":250,"height":59,"caption":"HOUN\u00d6"},"image":{"@id":"https:\/\/houno.com\/fr\/#\/schema\/logo\/image\/"},"sameAs":["https:\/\/www.facebook.com\/hounocombi","https:\/\/www.linkedin.com\/company\/houno\/"]}]}},"_links":{"self":[{"href":"https:\/\/houno.com\/fr\/wp-json\/wp\/v2\/pages\/24842","targetHints":{"allow":["GET"]}}],"collection":[{"href":"https:\/\/houno.com\/fr\/wp-json\/wp\/v2\/pages"}],"about":[{"href":"https:\/\/houno.com\/fr\/wp-json\/wp\/v2\/types\/page"}],"author":[{"embeddable":true,"href":"https:\/\/houno.com\/fr\/wp-json\/wp\/v2\/users\/4"}],"replies":[{"embeddable":true,"href":"https:\/\/houno.com\/fr\/wp-json\/wp\/v2\/comments?post=24842"}],"version-history":[{"count":0,"href":"https:\/\/houno.com\/fr\/wp-json\/wp\/v2\/pages\/24842\/revisions"}],"wp:attachment":[{"href":"https:\/\/houno.com\/fr\/wp-json\/wp\/v2\/media?parent=24842"}],"curies":[{"name":"wp","href":"https:\/\/api.w.org\/{rel}","templated":true}]}}