{"id":24819,"date":"2024-01-28T20:22:37","date_gmt":"2024-01-28T19:22:37","guid":{"rendered":"https:\/\/houno.com\/conditions-legales-de-vente-houno-a-s\/"},"modified":"2024-04-26T12:26:49","modified_gmt":"2024-04-26T10:26:49","slug":"conditions-legales-de-vente-houno-a-s","status":"publish","type":"page","link":"https:\/\/houno.com\/fr\/conditions-legales-de-vente-houno-a-s\/","title":{"rendered":"Conditions l\u00e9gales de vente &#8211; HOUN\u00d6 A\/S"},"content":{"rendered":"\n    <section class=\"mtt-markets spacing_top_56 spacing_bottom_80 spacing-classes-added\">\n        <div class=\"mtt-markets__inner page_container\">\n\n                            <div class=\"mtt-markets__title-container\">\n                    <h2 class=\"mtt-markets__title\">Conditions g\u00e9n\u00e9rales d&rsquo;utilisation<\/h2>\n                <\/div>\n            \n            <div class=\"mtt-markets__box-wrap\">\n                \n<a href=\"https:\/\/houno.com\/download\/23786\/\" class=\"market-box\" target=\"_blank\">\n    <div class=\"market-box__image-container object-fit\">\n        <img decoding=\"async\" src=\"https:\/\/houno.com\/wp-content\/uploads\/2021\/09\/Bla-baggrund-300x207.gif\" data-full=\"https:\/\/houno.com\/wp-content\/uploads\/2021\/09\/Bla-baggrund-752x519.gif\" alt=\"Bl\u00e5-baggrund\" lazy-load>\n    <\/div>\n    <div class=\"market-box__text-container\">\n        <h3 class=\"market-box__title\">Fours et pi\u00e8ces d\u00e9tach\u00e9es HOUN\u00d6<\/h3>\n                    <p class=\"market-box__text\">Conditions de vente et de livraison<br \/>\r\n<br \/>\r\n<br \/>\r\n<br \/>\r\n<br \/>\r\n<br \/>\r\n<br \/>\r\n<\/p>\n            <\/div>\n<\/a>\n<a href=\"https:\/\/houno.com\/fr\/conditions-de-vente-et-de-livraison-boutique-en-ligne\/\" class=\"market-box\">\n    <div class=\"market-box__image-container object-fit\">\n        <img decoding=\"async\" src=\"https:\/\/houno.com\/wp-content\/uploads\/2021\/09\/Bla-baggrund-300x207.gif\" data-full=\"https:\/\/houno.com\/wp-content\/uploads\/2021\/09\/Bla-baggrund-752x519.gif\" alt=\"Bl\u00e5-baggrund\" lazy-load>\n    <\/div>\n    <div class=\"market-box__text-container\">\n        <h3 class=\"market-box__title\">Boutique en ligne<\/h3>\n                    <p class=\"market-box__text\">Conditions de vente et de livraison<br \/>\r\n<br \/>\r\n<br \/>\r\n<br \/>\r\n<br \/>\r\n<br \/>\r\n<br \/>\r\n<\/p>\n            <\/div>\n<\/a>            <\/div>\n\n        <\/div>\n    <\/section>\n\n","protected":false},"excerpt":{"rendered":"","protected":false},"author":4,"featured_media":0,"parent":0,"menu_order":0,"comment_status":"closed","ping_status":"closed","template":"","meta":{"_acf_changed":false,"_relevanssi_hide_post":"","_relevanssi_hide_content":"","_relevanssi_pin_for_all":"","_relevanssi_pin_keywords":"","_relevanssi_unpin_keywords":"","_relevanssi_related_keywords":"","_relevanssi_related_include_ids":"","_relevanssi_related_exclude_ids":"","_relevanssi_related_no_append":"","_relevanssi_related_not_related":"","_relevanssi_related_posts":"1133,25320,1124,1122,1130,20516","_relevanssi_noindex_reason":"","footnotes":""},"class_list":["post-24819","page","type-page","status-publish","hentry"],"acf":[],"yoast_head":"<!-- This site is optimized with the Yoast SEO Premium plugin v27.4 (Yoast SEO v27.4) - https:\/\/yoast.com\/product\/yoast-seo-premium-wordpress\/ -->\n<title>Mentions l\u00e9gales et protection de la vie priv\u00e9e HOUN\u00d6<\/title>\n<meta name=\"robots\" content=\"index, follow, max-snippet:-1, max-image-preview:large, max-video-preview:-1\" \/>\n<link rel=\"canonical\" href=\"https:\/\/houno.com\/fr\/conditions-legales-de-vente-houno-a-s\/\" \/>\n<meta property=\"og:locale\" content=\"fr_FR\" \/>\n<meta property=\"og:type\" content=\"article\" \/>\n<meta property=\"og:title\" content=\"Conditions l\u00e9gales de vente - HOUN\u00d6 A\/S\" \/>\n<meta property=\"og:url\" content=\"https:\/\/houno.com\/fr\/conditions-legales-de-vente-houno-a-s\/\" \/>\n<meta property=\"og:site_name\" content=\"HOUN\u00d6\" \/>\n<meta property=\"article:publisher\" content=\"https:\/\/www.facebook.com\/hounocombi\" \/>\n<meta property=\"article:modified_time\" content=\"2024-04-26T10:26:49+00:00\" \/>\n<meta name=\"twitter:card\" content=\"summary_large_image\" \/>\n<script type=\"application\/ld+json\" class=\"yoast-schema-graph\">{\"@context\":\"https:\\\/\\\/schema.org\",\"@graph\":[{\"@type\":\"WebPage\",\"@id\":\"https:\\\/\\\/houno.com\\\/fr\\\/conditions-legales-de-vente-houno-a-s\\\/\",\"url\":\"https:\\\/\\\/houno.com\\\/fr\\\/conditions-legales-de-vente-houno-a-s\\\/\",\"name\":\"Mentions l\u00e9gales et protection de la vie priv\u00e9e HOUN\u00d6\",\"isPartOf\":{\"@id\":\"https:\\\/\\\/houno.com\\\/fr\\\/#website\"},\"datePublished\":\"2024-01-28T19:22:37+00:00\",\"dateModified\":\"2024-04-26T10:26:49+00:00\",\"breadcrumb\":{\"@id\":\"https:\\\/\\\/houno.com\\\/fr\\\/conditions-legales-de-vente-houno-a-s\\\/#breadcrumb\"},\"inLanguage\":\"fr-FR\",\"potentialAction\":[{\"@type\":\"ReadAction\",\"target\":[\"https:\\\/\\\/houno.com\\\/fr\\\/conditions-legales-de-vente-houno-a-s\\\/\"]}]},{\"@type\":\"BreadcrumbList\",\"@id\":\"https:\\\/\\\/houno.com\\\/fr\\\/conditions-legales-de-vente-houno-a-s\\\/#breadcrumb\",\"itemListElement\":[{\"@type\":\"ListItem\",\"position\":1,\"name\":\"Home\",\"item\":\"https:\\\/\\\/houno.com\\\/fr\\\/\"},{\"@type\":\"ListItem\",\"position\":2,\"name\":\"Conditions l\u00e9gales de vente &#8211; HOUN\u00d6 A\\\/S\"}]},{\"@type\":\"WebSite\",\"@id\":\"https:\\\/\\\/houno.com\\\/fr\\\/#website\",\"url\":\"https:\\\/\\\/houno.com\\\/fr\\\/\",\"name\":\"HOUN\u00d6\",\"description\":\"La marque et le fabricant de fours commerciaux haut de gamme visent \u00e0 simplifier l&#039;entretien\",\"publisher\":{\"@id\":\"https:\\\/\\\/houno.com\\\/fr\\\/#organization\"},\"potentialAction\":[{\"@type\":\"SearchAction\",\"target\":{\"@type\":\"EntryPoint\",\"urlTemplate\":\"https:\\\/\\\/houno.com\\\/fr\\\/?s={search_term_string}\"},\"query-input\":{\"@type\":\"PropertyValueSpecification\",\"valueRequired\":true,\"valueName\":\"search_term_string\"}}],\"inLanguage\":\"fr-FR\"},{\"@type\":\"Organization\",\"@id\":\"https:\\\/\\\/houno.com\\\/fr\\\/#organization\",\"name\":\"HOUN\u00d6\",\"url\":\"https:\\\/\\\/houno.com\\\/fr\\\/\",\"logo\":{\"@type\":\"ImageObject\",\"inLanguage\":\"fr-FR\",\"@id\":\"https:\\\/\\\/houno.com\\\/fr\\\/#\\\/schema\\\/logo\\\/image\\\/\",\"url\":\"https:\\\/\\\/houno.com\\\/wp-content\\\/uploads\\\/2021\\\/08\\\/cropped-Houno\u00a6e_id_logo-black-e1634730012288.png\",\"contentUrl\":\"https:\\\/\\\/houno.com\\\/wp-content\\\/uploads\\\/2021\\\/08\\\/cropped-Houno\u00a6e_id_logo-black-e1634730012288.png\",\"width\":250,\"height\":59,\"caption\":\"HOUN\u00d6\"},\"image\":{\"@id\":\"https:\\\/\\\/houno.com\\\/fr\\\/#\\\/schema\\\/logo\\\/image\\\/\"},\"sameAs\":[\"https:\\\/\\\/www.facebook.com\\\/hounocombi\",\"https:\\\/\\\/www.linkedin.com\\\/company\\\/houno\\\/\"]}]}<\/script>\n<!-- \/ Yoast SEO Premium plugin. -->","yoast_head_json":{"title":"Mentions l\u00e9gales et protection de la vie priv\u00e9e HOUN\u00d6","robots":{"index":"index","follow":"follow","max-snippet":"max-snippet:-1","max-image-preview":"max-image-preview:large","max-video-preview":"max-video-preview:-1"},"canonical":"https:\/\/houno.com\/fr\/conditions-legales-de-vente-houno-a-s\/","og_locale":"fr_FR","og_type":"article","og_title":"Conditions l\u00e9gales de vente - HOUN\u00d6 A\/S","og_url":"https:\/\/houno.com\/fr\/conditions-legales-de-vente-houno-a-s\/","og_site_name":"HOUN\u00d6","article_publisher":"https:\/\/www.facebook.com\/hounocombi","article_modified_time":"2024-04-26T10:26:49+00:00","twitter_card":"summary_large_image","schema":{"@context":"https:\/\/schema.org","@graph":[{"@type":"WebPage","@id":"https:\/\/houno.com\/fr\/conditions-legales-de-vente-houno-a-s\/","url":"https:\/\/houno.com\/fr\/conditions-legales-de-vente-houno-a-s\/","name":"Mentions l\u00e9gales et protection de la vie priv\u00e9e HOUN\u00d6","isPartOf":{"@id":"https:\/\/houno.com\/fr\/#website"},"datePublished":"2024-01-28T19:22:37+00:00","dateModified":"2024-04-26T10:26:49+00:00","breadcrumb":{"@id":"https:\/\/houno.com\/fr\/conditions-legales-de-vente-houno-a-s\/#breadcrumb"},"inLanguage":"fr-FR","potentialAction":[{"@type":"ReadAction","target":["https:\/\/houno.com\/fr\/conditions-legales-de-vente-houno-a-s\/"]}]},{"@type":"BreadcrumbList","@id":"https:\/\/houno.com\/fr\/conditions-legales-de-vente-houno-a-s\/#breadcrumb","itemListElement":[{"@type":"ListItem","position":1,"name":"Home","item":"https:\/\/houno.com\/fr\/"},{"@type":"ListItem","position":2,"name":"Conditions l\u00e9gales de vente &#8211; HOUN\u00d6 A\/S"}]},{"@type":"WebSite","@id":"https:\/\/houno.com\/fr\/#website","url":"https:\/\/houno.com\/fr\/","name":"HOUN\u00d6","description":"La marque et le fabricant de fours commerciaux haut de gamme visent \u00e0 simplifier l&#039;entretien","publisher":{"@id":"https:\/\/houno.com\/fr\/#organization"},"potentialAction":[{"@type":"SearchAction","target":{"@type":"EntryPoint","urlTemplate":"https:\/\/houno.com\/fr\/?s={search_term_string}"},"query-input":{"@type":"PropertyValueSpecification","valueRequired":true,"valueName":"search_term_string"}}],"inLanguage":"fr-FR"},{"@type":"Organization","@id":"https:\/\/houno.com\/fr\/#organization","name":"HOUN\u00d6","url":"https:\/\/houno.com\/fr\/","logo":{"@type":"ImageObject","inLanguage":"fr-FR","@id":"https:\/\/houno.com\/fr\/#\/schema\/logo\/image\/","url":"https:\/\/houno.com\/wp-content\/uploads\/2021\/08\/cropped-Houno\u00a6e_id_logo-black-e1634730012288.png","contentUrl":"https:\/\/houno.com\/wp-content\/uploads\/2021\/08\/cropped-Houno\u00a6e_id_logo-black-e1634730012288.png","width":250,"height":59,"caption":"HOUN\u00d6"},"image":{"@id":"https:\/\/houno.com\/fr\/#\/schema\/logo\/image\/"},"sameAs":["https:\/\/www.facebook.com\/hounocombi","https:\/\/www.linkedin.com\/company\/houno\/"]}]}},"_links":{"self":[{"href":"https:\/\/houno.com\/fr\/wp-json\/wp\/v2\/pages\/24819","targetHints":{"allow":["GET"]}}],"collection":[{"href":"https:\/\/houno.com\/fr\/wp-json\/wp\/v2\/pages"}],"about":[{"href":"https:\/\/houno.com\/fr\/wp-json\/wp\/v2\/types\/page"}],"author":[{"embeddable":true,"href":"https:\/\/houno.com\/fr\/wp-json\/wp\/v2\/users\/4"}],"replies":[{"embeddable":true,"href":"https:\/\/houno.com\/fr\/wp-json\/wp\/v2\/comments?post=24819"}],"version-history":[{"count":0,"href":"https:\/\/houno.com\/fr\/wp-json\/wp\/v2\/pages\/24819\/revisions"}],"wp:attachment":[{"href":"https:\/\/houno.com\/fr\/wp-json\/wp\/v2\/media?parent=24819"}],"curies":[{"name":"wp","href":"https:\/\/api.w.org\/{rel}","templated":true}]}}