{"id":29547,"date":"2024-10-23T00:47:51","date_gmt":"2024-10-22T22:47:51","guid":{"rendered":"https:\/\/houno.com\/?page_id=29547"},"modified":"2024-10-23T01:01:58","modified_gmt":"2024-10-22T23:01:58","slug":"press-hub","status":"publish","type":"page","link":"https:\/\/houno.com\/en\/company\/press-hub\/","title":{"rendered":"Welcome to the HOUN\u00d6 press hub"},"content":{"rendered":"\r\n<section class=\"mtt-text-cover-slider\">\r\n    <div class=\"mtt-text-cover-slider__inner page_container\">\r\n\r\n                    <p class=\"mtt-text-cover-slider__tagline mtt-tagline\">HOUN\u00d6 newsroom<\/p>\r\n        \r\n        <div class=\"mtt-text-cover-slider__wrap\">\r\n            <div class=\"mtt-text-cover-slider__wrap-left\">\r\n                <h1 class=\"mtt-text-cover-slider__title\">Welcome to the HOUN\u00d6 press hub<\/h1>                            <\/div>\r\n                            <div class=\"mtt-text-cover-slider__wrap-right no-controls\">\r\n                    <div class=\"mtt-text-cover-slider__text\"><p>We&#8217;re delighted you&#8217;re interested in the latest news from HOUN\u00d6. Our press hub provides the latest news releases, PR contacts, and access to our digital media library.<\/p>\n<\/div>\r\n                                    <\/div>\r\n                    <\/div>\r\n\r\n    <\/div>\r\n\r\n            <div class=\"mtt-text-cover-slider__images-container\">\r\n            <div class=\"swiper-container\">\r\n                <div class=\"swiper-wrapper\">\r\n                                                <div class=\"mtt-text-cover-slider__image-slide swiper-slide object-fit\">\r\n                                <img decoding=\"async\" src=\"https:\/\/houno.com\/wp-content\/uploads\/2021\/12\/headquarter_himmel-300x207.png\" data-full=\"https:\/\/houno.com\/wp-content\/uploads\/2021\/12\/headquarter_himmel-1100x758.png\" alt=\"headquarter_himmel\" lazy-load>\r\n                            <\/div>\r\n                                        <\/div>\r\n            <\/div>\r\n        <\/div>\r\n        <div class=\"vertical-stamp\">Est. 1977 Denmark<\/div><\/section>\n\n\n<div style=\"height:80px\" aria-hidden=\"true\" class=\"wp-block-spacer\"><\/div>\n\n\n<div class=\"wp-text-block page_container styled-text\"><div class=\"wp-text-block__inner\">\n<h3 class=\"wp-block-heading\" id=\"h-let-s-get-started-to-discover-what-s-new-with-our-products-and-services\">Let&#8217;s get started to discover what&#8217;s new with our products and services.<\/h3>\n<\/div><\/div>\n\n\n    <section id=\"press-releases-archive\" class=\"mtt-press-releases-archive spacing_top_120 spacing_bottom_120 spacing-classes-added\" data-url=\"\">\n        <div class=\"mtt-press-releases-archive__inner page_container\">\n\n            <div class=\"loader loader--full mtt-press-releases-archive__loader\"><div class=\"loader__inner\"><\/div><\/div>\n\n            <div class=\"mtt-filter mtt-press-releases-archive__filter\">\n                <div class=\"mtt-filter__container\">\n                                            <h2 class=\"mtt-filter__title\">All the latest press news<\/h2>\n                                    <\/div>\n            <\/div>\n\n            <div class=\"mtt-press-releases-archive__target\">\n                <a href=\"https:\/\/houno.com\/en\/press\/houno-climate-report-2025\/\" class=\"mtt-news-card\">\n    <div class=\"mtt-news-card__image-container object-fit\">\n                    <img decoding=\"async\" src=\"https:\/\/houno.com\/wp-content\/uploads\/2025\/05\/Invoq-Climate-report-2025_cover-212x300.jpg\" data-full=\"https:\/\/houno.com\/wp-content\/uploads\/2025\/05\/Invoq-Climate-report-2025_cover-424x600.jpg\" alt=\"Invoq-Climate-report-2025_cover\" lazy-load>\n            <\/div>\n    <div class=\"mtt-news-card__text-container\">\n        <p class=\"mtt-news-card__tagline\">Press release<span>|<\/span>02 May 2025, 07:57<\/p>\n        <h3 class=\"mtt-news-card__title\">HOUN\u00d6 Climate Report 2025\u00a0<\/h3>\n        <div class=\"mtt-news-card__excerpt\"><p>HOUN\u00d6 is moving towards climate-neutral manufacturing by 2030. Download our climate report to see our progress and effort. <\/p>\n<\/div>\n    <\/div>\n<\/a><a href=\"https:\/\/houno.com\/en\/press\/houno-certificates\/\" class=\"mtt-news-card\">\n    <div class=\"mtt-news-card__image-container object-fit\">\n                    <img decoding=\"async\" src=\"https:\/\/houno.com\/wp-content\/themes\/houno\/assets\/img\/houno-placeholder-small.jpg\" data-full=\"https:\/\/houno.com\/wp-content\/themes\/houno\/assets\/img\/houno-placeholder.jpg\" alt=\"placeholder\" lazy-load>\n            <\/div>\n    <div class=\"mtt-news-card__text-container\">\n        <p class=\"mtt-news-card__tagline\">Press release<span>|<\/span>28 October 2024, 13:43<\/p>\n        <h3 class=\"mtt-news-card__title\">Definitions of HOUN\u00d6&#8217;s certificates<\/h3>\n        <div class=\"mtt-news-card__excerpt\"><p>Learn more about the definition of certificates that HOUN\u00d6 oven products and manufacture process have obtained <\/p>\n<\/div>\n    <\/div>\n<\/a><a href=\"https:\/\/houno.com\/en\/press\/invoq-commercial-ovens-energy-star-certified\/\" class=\"mtt-news-card\">\n    <div class=\"mtt-news-card__image-container object-fit\">\n                    <img decoding=\"async\" src=\"https:\/\/houno.com\/wp-content\/uploads\/2024\/10\/Energy-star-Energy-Star_blue-Invoq-240x300.jpg\" data-full=\"https:\/\/houno.com\/wp-content\/uploads\/2024\/10\/Energy-star-Energy-Star_blue-Invoq-480x600.jpg\" alt=\"Energy star-Energy Star_blue &#8211; Invoq\" lazy-load>\n            <\/div>\n    <div class=\"mtt-news-card__text-container\">\n        <p class=\"mtt-news-card__tagline\">Press release<span>|<\/span>22 October 2024, 09:53<\/p>\n        <h3 class=\"mtt-news-card__title\">HOUN\u00d6 Invoq oven is ENERGY STAR\u00ae certified<\/h3>\n        <div class=\"mtt-news-card__excerpt\"><p>Discover more about how HOUN\u00d6 Invoq ovens as the certified eco-friendly &#038; energy-saving commercial ovens with Energy Star save your costs<\/p>\n<\/div>\n    <\/div>\n<\/a><a href=\"https:\/\/houno.com\/en\/press\/iso-certified-company\/\" class=\"mtt-news-card\">\n    <div class=\"mtt-news-card__image-container object-fit\">\n                    <img decoding=\"async\" src=\"https:\/\/houno.com\/wp-content\/themes\/houno\/assets\/img\/houno-placeholder-small.jpg\" data-full=\"https:\/\/houno.com\/wp-content\/themes\/houno\/assets\/img\/houno-placeholder.jpg\" alt=\"placeholder\" lazy-load>\n            <\/div>\n    <div class=\"mtt-news-card__text-container\">\n        <p class=\"mtt-news-card__tagline\">Press release<span>|<\/span>22 October 2024, 08:51<\/p>\n        <h3 class=\"mtt-news-card__title\">HOUN\u00d6 achieves ISO 9001:2015 and 14001:2015 certifications<\/h3>\n        <div class=\"mtt-news-card__excerpt\"><p>HOUN\u00d6 is certified with ISO 9001:2015 and ISO 14001:2015 &#8211; A significant milestone toward operational excellence and sustainability.<\/p>\n<\/div>\n    <\/div>\n<\/a>            <\/div>\n\n                        \n        <\/div>\n    <\/section>\n\n","protected":false},"excerpt":{"rendered":"<p>You can find the latest press news from HOUN\u00d6, our PR contact person, as well as get accessible to our digital media hub.<\/p>\n","protected":false},"author":298,"featured_media":17190,"parent":808,"menu_order":0,"comment_status":"closed","ping_status":"closed","template":"","meta":{"_acf_changed":false,"_relevanssi_hide_post":"","_relevanssi_hide_content":"","_relevanssi_pin_for_all":"","_relevanssi_pin_keywords":"","_relevanssi_unpin_keywords":"","_relevanssi_related_keywords":"","_relevanssi_related_include_ids":"","_relevanssi_related_exclude_ids":"","_relevanssi_related_no_append":"","_relevanssi_related_not_related":"","_relevanssi_related_posts":"1117,24558,21284,22392,1124,1135","_relevanssi_noindex_reason":"","footnotes":""},"class_list":["post-29547","page","type-page","status-publish","has-post-thumbnail","hentry"],"acf":[],"yoast_head":"<!-- This site is optimized with the Yoast SEO Premium plugin v27.3 (Yoast SEO v27.4) - https:\/\/yoast.com\/product\/yoast-seo-premium-wordpress\/ -->\n<title>Welcome to the HOUN\u00d6 press hub - HOUN\u00d6<\/title>\n<meta name=\"description\" content=\"You can find the latest press news from HOUN\u00d6, our PR contact person, as well as get accessible to our digital media hub.\" \/>\n<meta name=\"robots\" content=\"index, follow, max-snippet:-1, max-image-preview:large, max-video-preview:-1\" \/>\n<link rel=\"canonical\" href=\"https:\/\/houno.com\/en\/company\/press-hub\/\" \/>\n<meta property=\"og:locale\" content=\"en_US\" \/>\n<meta property=\"og:type\" content=\"article\" \/>\n<meta property=\"og:title\" content=\"Welcome to the HOUN\u00d6 press hub\" \/>\n<meta property=\"og:description\" content=\"You can find the latest press news from HOUN\u00d6, our PR contact person, as well as get accessible to our digital media hub.\" \/>\n<meta property=\"og:url\" content=\"https:\/\/houno.com\/en\/company\/press-hub\/\" \/>\n<meta property=\"og:site_name\" content=\"HOUN\u00d6\" \/>\n<meta property=\"article:publisher\" content=\"https:\/\/www.facebook.com\/hounocombi\" \/>\n<meta property=\"article:modified_time\" content=\"2024-10-22T23:01:58+00:00\" \/>\n<meta property=\"og:image\" content=\"https:\/\/houno.com\/wp-content\/uploads\/2021\/12\/headquarter_himmel.png\" \/>\n\t<meta property=\"og:image:width\" content=\"2000\" \/>\n\t<meta property=\"og:image:height\" content=\"1378\" \/>\n\t<meta property=\"og:image:type\" content=\"image\/png\" \/>\n<meta name=\"twitter:card\" content=\"summary_large_image\" \/>\n<meta name=\"twitter:label1\" content=\"Est. reading time\" \/>\n\t<meta name=\"twitter:data1\" content=\"1 minute\" \/>\n<script type=\"application\/ld+json\" class=\"yoast-schema-graph\">{\"@context\":\"https:\\\/\\\/schema.org\",\"@graph\":[{\"@type\":\"WebPage\",\"@id\":\"https:\\\/\\\/houno.com\\\/en\\\/company\\\/press-hub\\\/\",\"url\":\"https:\\\/\\\/houno.com\\\/en\\\/company\\\/press-hub\\\/\",\"name\":\"Welcome to the HOUN\u00d6 press hub - HOUN\u00d6\",\"isPartOf\":{\"@id\":\"https:\\\/\\\/houno.com\\\/en\\\/#website\"},\"primaryImageOfPage\":{\"@id\":\"https:\\\/\\\/houno.com\\\/en\\\/company\\\/press-hub\\\/#primaryimage\"},\"image\":{\"@id\":\"https:\\\/\\\/houno.com\\\/en\\\/company\\\/press-hub\\\/#primaryimage\"},\"thumbnailUrl\":\"https:\\\/\\\/houno.com\\\/wp-content\\\/uploads\\\/2021\\\/12\\\/headquarter_himmel.png\",\"datePublished\":\"2024-10-22T22:47:51+00:00\",\"dateModified\":\"2024-10-22T23:01:58+00:00\",\"description\":\"You can find the latest press news from HOUN\u00d6, our PR contact person, as well as get accessible to our digital media hub.\",\"breadcrumb\":{\"@id\":\"https:\\\/\\\/houno.com\\\/en\\\/company\\\/press-hub\\\/#breadcrumb\"},\"inLanguage\":\"en-US\",\"potentialAction\":[{\"@type\":\"ReadAction\",\"target\":[\"https:\\\/\\\/houno.com\\\/en\\\/company\\\/press-hub\\\/\"]}]},{\"@type\":\"ImageObject\",\"inLanguage\":\"en-US\",\"@id\":\"https:\\\/\\\/houno.com\\\/en\\\/company\\\/press-hub\\\/#primaryimage\",\"url\":\"https:\\\/\\\/houno.com\\\/wp-content\\\/uploads\\\/2021\\\/12\\\/headquarter_himmel.png\",\"contentUrl\":\"https:\\\/\\\/houno.com\\\/wp-content\\\/uploads\\\/2021\\\/12\\\/headquarter_himmel.png\",\"width\":2000,\"height\":1378},{\"@type\":\"BreadcrumbList\",\"@id\":\"https:\\\/\\\/houno.com\\\/en\\\/company\\\/press-hub\\\/#breadcrumb\",\"itemListElement\":[{\"@type\":\"ListItem\",\"position\":1,\"name\":\"Home\",\"item\":\"https:\\\/\\\/houno.com\\\/en\\\/\"},{\"@type\":\"ListItem\",\"position\":2,\"name\":\"Company\",\"item\":\"https:\\\/\\\/houno.com\\\/en\\\/company\\\/\"},{\"@type\":\"ListItem\",\"position\":3,\"name\":\"Welcome to the HOUN\u00d6 press hub\"}]},{\"@type\":\"WebSite\",\"@id\":\"https:\\\/\\\/houno.com\\\/en\\\/#website\",\"url\":\"https:\\\/\\\/houno.com\\\/en\\\/\",\"name\":\"HOUN\u00d6\",\"description\":\"Premium commercial combi and bake ovens manufacturer aims for making service simple, smart and efficient\",\"publisher\":{\"@id\":\"https:\\\/\\\/houno.com\\\/en\\\/#organization\"},\"potentialAction\":[{\"@type\":\"SearchAction\",\"target\":{\"@type\":\"EntryPoint\",\"urlTemplate\":\"https:\\\/\\\/houno.com\\\/en\\\/?s={search_term_string}\"},\"query-input\":{\"@type\":\"PropertyValueSpecification\",\"valueRequired\":true,\"valueName\":\"search_term_string\"}}],\"inLanguage\":\"en-US\"},{\"@type\":\"Organization\",\"@id\":\"https:\\\/\\\/houno.com\\\/en\\\/#organization\",\"name\":\"HOUN\u00d6\",\"url\":\"https:\\\/\\\/houno.com\\\/en\\\/\",\"logo\":{\"@type\":\"ImageObject\",\"inLanguage\":\"en-US\",\"@id\":\"https:\\\/\\\/houno.com\\\/en\\\/#\\\/schema\\\/logo\\\/image\\\/\",\"url\":\"https:\\\/\\\/houno.com\\\/wp-content\\\/uploads\\\/2021\\\/08\\\/cropped-Houno\u00a6e_id_logo-black-e1634730012288.png\",\"contentUrl\":\"https:\\\/\\\/houno.com\\\/wp-content\\\/uploads\\\/2021\\\/08\\\/cropped-Houno\u00a6e_id_logo-black-e1634730012288.png\",\"width\":250,\"height\":59,\"caption\":\"HOUN\u00d6\"},\"image\":{\"@id\":\"https:\\\/\\\/houno.com\\\/en\\\/#\\\/schema\\\/logo\\\/image\\\/\"},\"sameAs\":[\"https:\\\/\\\/www.facebook.com\\\/hounocombi\",\"https:\\\/\\\/www.linkedin.com\\\/company\\\/houno\\\/\"]}]}<\/script>\n<!-- \/ Yoast SEO Premium plugin. -->","yoast_head_json":{"title":"Welcome to the HOUN\u00d6 press hub - HOUN\u00d6","description":"You can find the latest press news from HOUN\u00d6, our PR contact person, as well as get accessible to our digital media hub.","robots":{"index":"index","follow":"follow","max-snippet":"max-snippet:-1","max-image-preview":"max-image-preview:large","max-video-preview":"max-video-preview:-1"},"canonical":"https:\/\/houno.com\/en\/company\/press-hub\/","og_locale":"en_US","og_type":"article","og_title":"Welcome to the HOUN\u00d6 press hub","og_description":"You can find the latest press news from HOUN\u00d6, our PR contact person, as well as get accessible to our digital media hub.","og_url":"https:\/\/houno.com\/en\/company\/press-hub\/","og_site_name":"HOUN\u00d6","article_publisher":"https:\/\/www.facebook.com\/hounocombi","article_modified_time":"2024-10-22T23:01:58+00:00","og_image":[{"width":2000,"height":1378,"url":"https:\/\/houno.com\/wp-content\/uploads\/2021\/12\/headquarter_himmel.png","type":"image\/png"}],"twitter_card":"summary_large_image","twitter_misc":{"Est. reading time":"1 minute"},"schema":{"@context":"https:\/\/schema.org","@graph":[{"@type":"WebPage","@id":"https:\/\/houno.com\/en\/company\/press-hub\/","url":"https:\/\/houno.com\/en\/company\/press-hub\/","name":"Welcome to the HOUN\u00d6 press hub - HOUN\u00d6","isPartOf":{"@id":"https:\/\/houno.com\/en\/#website"},"primaryImageOfPage":{"@id":"https:\/\/houno.com\/en\/company\/press-hub\/#primaryimage"},"image":{"@id":"https:\/\/houno.com\/en\/company\/press-hub\/#primaryimage"},"thumbnailUrl":"https:\/\/houno.com\/wp-content\/uploads\/2021\/12\/headquarter_himmel.png","datePublished":"2024-10-22T22:47:51+00:00","dateModified":"2024-10-22T23:01:58+00:00","description":"You can find the latest press news from HOUN\u00d6, our PR contact person, as well as get accessible to our digital media hub.","breadcrumb":{"@id":"https:\/\/houno.com\/en\/company\/press-hub\/#breadcrumb"},"inLanguage":"en-US","potentialAction":[{"@type":"ReadAction","target":["https:\/\/houno.com\/en\/company\/press-hub\/"]}]},{"@type":"ImageObject","inLanguage":"en-US","@id":"https:\/\/houno.com\/en\/company\/press-hub\/#primaryimage","url":"https:\/\/houno.com\/wp-content\/uploads\/2021\/12\/headquarter_himmel.png","contentUrl":"https:\/\/houno.com\/wp-content\/uploads\/2021\/12\/headquarter_himmel.png","width":2000,"height":1378},{"@type":"BreadcrumbList","@id":"https:\/\/houno.com\/en\/company\/press-hub\/#breadcrumb","itemListElement":[{"@type":"ListItem","position":1,"name":"Home","item":"https:\/\/houno.com\/en\/"},{"@type":"ListItem","position":2,"name":"Company","item":"https:\/\/houno.com\/en\/company\/"},{"@type":"ListItem","position":3,"name":"Welcome to the HOUN\u00d6 press hub"}]},{"@type":"WebSite","@id":"https:\/\/houno.com\/en\/#website","url":"https:\/\/houno.com\/en\/","name":"HOUN\u00d6","description":"Premium commercial combi and bake ovens manufacturer aims for making service simple, smart and efficient","publisher":{"@id":"https:\/\/houno.com\/en\/#organization"},"potentialAction":[{"@type":"SearchAction","target":{"@type":"EntryPoint","urlTemplate":"https:\/\/houno.com\/en\/?s={search_term_string}"},"query-input":{"@type":"PropertyValueSpecification","valueRequired":true,"valueName":"search_term_string"}}],"inLanguage":"en-US"},{"@type":"Organization","@id":"https:\/\/houno.com\/en\/#organization","name":"HOUN\u00d6","url":"https:\/\/houno.com\/en\/","logo":{"@type":"ImageObject","inLanguage":"en-US","@id":"https:\/\/houno.com\/en\/#\/schema\/logo\/image\/","url":"https:\/\/houno.com\/wp-content\/uploads\/2021\/08\/cropped-Houno\u00a6e_id_logo-black-e1634730012288.png","contentUrl":"https:\/\/houno.com\/wp-content\/uploads\/2021\/08\/cropped-Houno\u00a6e_id_logo-black-e1634730012288.png","width":250,"height":59,"caption":"HOUN\u00d6"},"image":{"@id":"https:\/\/houno.com\/en\/#\/schema\/logo\/image\/"},"sameAs":["https:\/\/www.facebook.com\/hounocombi","https:\/\/www.linkedin.com\/company\/houno\/"]}]}},"_links":{"self":[{"href":"https:\/\/houno.com\/en\/wp-json\/wp\/v2\/pages\/29547","targetHints":{"allow":["GET"]}}],"collection":[{"href":"https:\/\/houno.com\/en\/wp-json\/wp\/v2\/pages"}],"about":[{"href":"https:\/\/houno.com\/en\/wp-json\/wp\/v2\/types\/page"}],"author":[{"embeddable":true,"href":"https:\/\/houno.com\/en\/wp-json\/wp\/v2\/users\/298"}],"replies":[{"embeddable":true,"href":"https:\/\/houno.com\/en\/wp-json\/wp\/v2\/comments?post=29547"}],"version-history":[{"count":0,"href":"https:\/\/houno.com\/en\/wp-json\/wp\/v2\/pages\/29547\/revisions"}],"up":[{"embeddable":true,"href":"https:\/\/houno.com\/en\/wp-json\/wp\/v2\/pages\/808"}],"wp:featuredmedia":[{"embeddable":true,"href":"https:\/\/houno.com\/en\/wp-json\/wp\/v2\/media\/17190"}],"wp:attachment":[{"href":"https:\/\/houno.com\/en\/wp-json\/wp\/v2\/media?parent=29547"}],"curies":[{"name":"wp","href":"https:\/\/api.w.org\/{rel}","templated":true}]}}