{"id":2802,"date":"2021-02-08T22:44:55","date_gmt":"2021-02-08T21:44:55","guid":{"rendered":"https:\/\/houno.com\/da.flamingo.ws\/?page_id=2802"},"modified":"2024-05-29T09:24:48","modified_gmt":"2024-05-29T07:24:48","slug":"houno-story","status":"publish","type":"page","link":"https:\/\/houno.com\/en\/company\/houno-story\/","title":{"rendered":"HOUN\u00d6 story"},"content":{"rendered":"\r\n<section class=\"mtt-text-cover-slider\">\r\n    <div class=\"mtt-text-cover-slider__inner page_container\">\r\n\r\n                    <p class=\"mtt-text-cover-slider__tagline mtt-tagline\">The story about HOUN\u00d6<\/p>\r\n        \r\n        <div class=\"mtt-text-cover-slider__wrap\">\r\n            <div class=\"mtt-text-cover-slider__wrap-left\">\r\n                <h1 class=\"mtt-text-cover-slider__title\">The Danish premium commercial oven manufacturer since 1977<\/h1>                            <\/div>\r\n                            <div class=\"mtt-text-cover-slider__wrap-right no-controls\">\r\n                    <div class=\"mtt-text-cover-slider__text\"><p>Two brothers, a restaurant, and a keen eye for spotting an opportunity at manufacturing reliable commercial ovens for professional cooking. This is how the journey of HOUN\u00d6 initially started.<\/p>\n<\/div>\r\n                                    <\/div>\r\n                    <\/div>\r\n\r\n    <\/div>\r\n\r\n            <div class=\"mtt-text-cover-slider__images-container\">\r\n            <div class=\"swiper-container\">\r\n                <div class=\"swiper-wrapper\">\r\n                                                <div class=\"mtt-text-cover-slider__image-slide swiper-slide object-fit\">\r\n                                <img decoding=\"async\" src=\"https:\/\/houno.com\/wp-content\/uploads\/2021\/09\/HOUNO-headquarter3-300x106.png\" data-full=\"https:\/\/houno.com\/wp-content\/uploads\/2021\/09\/HOUNO-headquarter3-1100x388.png\" alt=\"HOUN\u00d6 headquarter3\" lazy-load>\r\n                            <\/div>\r\n                                        <\/div>\r\n            <\/div>\r\n        <\/div>\r\n        <div class=\"vertical-stamp\">Est. 1977 Denmark<\/div><\/section>\n\n\n<div style=\"height:80px\" aria-hidden=\"true\" class=\"wp-block-spacer\"><\/div>\n\n\n<div class=\"wp-text-block page_container styled-text\"><div class=\"wp-text-block__inner\">\n<h2 class=\"wp-block-heading\" id=\"h-houno-s-story-started-with-houmoller-brothers-ambition\">HOUN\u00d6&#8217;s story started with Houm\u00f8ller brothers&#8217; ambition<\/h2>\n<\/div><\/div>\n\n<div class=\"wp-text-block page_container styled-text\"><div class=\"wp-text-block__inner\">\n<p>1977 was the year when the two Houm\u00f8ller brothers, Svend and Hans J\u00f8rgen, built their first combi oven in Randers, Denmark. The idea of making the combi oven first saw its peak of daylight, when success at Svend\u2019s blooming restaurant meant the need for bigger kitchen ovens. None of the industrial ovens on the market at that time suited his needs.<br><br>So the brothers decided to build their very own combi oven starting in Hans J\u00f8rgen\u2019s garage. With a solid background in engineering, Hans J\u00f8rgen had the skills to develop and lay out <br>the technical foundation for what later became HOUN\u00d6\u2019s first combi oven. Later on, Hans J\u00f8rgen was never shy to admit that the first prototype was not the prettiest but worked perfectly. <\/p>\n<\/div><\/div>\n\n<div class=\"wp-text-block page_container styled-text\"><div class=\"wp-text-block__inner\">\n<p>&nbsp;<\/p>\n<\/div><\/div>\n\n<div class=\"wp-text-block page_container styled-text\"><div class=\"wp-text-block__inner\">\n<h3 class=\"wp-block-heading\" id=\"h-houno-s-journey-from-local-to-global-scale\">HOUN\u00d6&#8217;s journey from local to global scale<\/h3>\n<\/div><\/div>\n\n\n<div class=\"wp-block-columns is-layout-flex wp-container-core-columns-is-layout-9d6595d7 wp-block-columns-is-layout-flex\">\n<div class=\"wp-block-column is-layout-flow wp-block-column-is-layout-flow\" style=\"flex-basis:50%\"><div class=\"wp-text-block page_container styled-text\"><div class=\"wp-text-block__inner\">\n<p>HOUN\u00d6 has long since outgrown the small garage, and resides in a 3.200 m2 manufacturing site still located in Randers making it a strong part of our Danish DNA.<br><br>And the rest is history. With more than 45 years of experience in the combi oven industry, HOUN\u00d6 has continued to develop a strong knowhow within innovation and IoT in the combi oven industry.<br>As a result, engineering remains a strong backbone at the HOUN\u00d6 we know today where quality, functionality combined with elegant Danish design is the essence of our products.<br><br>In 2006 HOUN\u00d6 was acquired by the American <strong><a href=\"https:\/\/www.middleby.com\/\" target=\"_blank\" rel=\"noreferrer noopener\">Middleby Corporation<\/a><\/strong> providing professional foodservice and food processing equipment worldwide.<br><br>Fun fact 1 in 3 restaurants worldwide uses Middleby equipment.<\/p>\n<\/div><\/div><\/div>\n\n\n\n<div class=\"wp-block-column is-vertically-aligned-center is-layout-flow wp-block-column-is-layout-flow\" style=\"flex-basis:50%\">\n<figure class=\"wp-block-embed aligncenter is-type-video is-provider-youtube wp-block-embed-youtube wp-embed-aspect-16-9 wp-has-aspect-ratio\"><div class=\"wp-block-embed__wrapper\">\n<iframe loading=\"lazy\" title=\"Discover the Secret to culinary mastery: A Sneak Peek Into Invoq Oven&#039;s Production Process!\" width=\"500\" height=\"281\" src=\"https:\/\/www.youtube.com\/embed\/nKLfKZ1yajw?feature=oembed\" frameborder=\"0\" allow=\"accelerometer; autoplay; clipboard-write; encrypted-media; gyroscope; picture-in-picture; web-share\" referrerpolicy=\"strict-origin-when-cross-origin\" allowfullscreen><\/iframe>\n<\/div><\/figure>\n<\/div>\n<\/div>\n\n\n<div class=\"wp-text-block page_container styled-text\"><div class=\"wp-text-block__inner\">\n<p><br><\/p>\n<\/div><\/div>","protected":false},"excerpt":{"rendered":"<p>HOUN\u00d6&#8217;s story started with Houm\u00f8ller brothers&#8217; ambition 1977 was the year when the two Houm\u00f8ller brothers, Svend and Hans J\u00f8rgen, built their first combi oven in Randers, Denmark. The idea of making the combi oven first saw its peak of daylight, when success at Svend\u2019s blooming restaurant meant the need for bigger kitchen ovens. None [&hellip;]<\/p>\n","protected":false},"author":2,"featured_media":0,"parent":808,"menu_order":0,"comment_status":"closed","ping_status":"closed","template":"","meta":{"_acf_changed":false,"_relevanssi_hide_post":"","_relevanssi_hide_content":"","_relevanssi_pin_for_all":"","_relevanssi_pin_keywords":"","_relevanssi_unpin_keywords":"","_relevanssi_related_keywords":"","_relevanssi_related_include_ids":"","_relevanssi_related_exclude_ids":"","_relevanssi_related_no_append":"","_relevanssi_related_not_related":"","_relevanssi_related_posts":"1133,1122,1124,1130,1128,1113","_relevanssi_noindex_reason":"","footnotes":""},"class_list":["post-2802","page","type-page","status-publish","hentry"],"acf":[],"yoast_head":"<!-- This site is optimized with the Yoast SEO Premium plugin v27.5 (Yoast SEO v27.5) - https:\/\/yoast.com\/product\/yoast-seo-premium-wordpress\/ -->\n<title>Discover the HOUN\u00d6 story | HOUN\u00d6<\/title>\n<meta name=\"robots\" content=\"index, follow, max-snippet:-1, max-image-preview:large, max-video-preview:-1\" \/>\n<link rel=\"canonical\" href=\"https:\/\/houno.com\/en\/company\/houno-story\/\" \/>\n<meta property=\"og:locale\" content=\"en_US\" \/>\n<meta property=\"og:type\" content=\"article\" \/>\n<meta property=\"og:title\" content=\"HOUN\u00d6 story\" \/>\n<meta property=\"og:description\" content=\"HOUN\u00d6&#8217;s story started with Houm\u00f8ller brothers&#8217; ambition 1977 was the year when the two Houm\u00f8ller brothers, Svend and Hans J\u00f8rgen, built their first combi oven in Randers, Denmark. The idea of making the combi oven first saw its peak of daylight, when success at Svend\u2019s blooming restaurant meant the need for bigger kitchen ovens. None [&hellip;]\" \/>\n<meta property=\"og:url\" content=\"https:\/\/houno.com\/en\/company\/houno-story\/\" \/>\n<meta property=\"og:site_name\" content=\"HOUN\u00d6\" \/>\n<meta property=\"article:publisher\" content=\"https:\/\/www.facebook.com\/hounocombi\" \/>\n<meta property=\"article:modified_time\" content=\"2024-05-29T07:24:48+00:00\" \/>\n<meta name=\"twitter:card\" content=\"summary_large_image\" \/>\n<meta name=\"twitter:label1\" content=\"Est. reading time\" \/>\n\t<meta name=\"twitter:data1\" content=\"2 minutes\" \/>\n<script type=\"application\/ld+json\" class=\"yoast-schema-graph\">{\"@context\":\"https:\\\/\\\/schema.org\",\"@graph\":[{\"@type\":\"WebPage\",\"@id\":\"https:\\\/\\\/houno.com\\\/en\\\/company\\\/houno-story\\\/\",\"url\":\"https:\\\/\\\/houno.com\\\/en\\\/company\\\/houno-story\\\/\",\"name\":\"Discover the HOUN\u00d6 story | HOUN\u00d6\",\"isPartOf\":{\"@id\":\"https:\\\/\\\/houno.com\\\/en\\\/#website\"},\"datePublished\":\"2021-02-08T21:44:55+00:00\",\"dateModified\":\"2024-05-29T07:24:48+00:00\",\"breadcrumb\":{\"@id\":\"https:\\\/\\\/houno.com\\\/en\\\/company\\\/houno-story\\\/#breadcrumb\"},\"inLanguage\":\"en-US\",\"potentialAction\":[{\"@type\":\"ReadAction\",\"target\":[\"https:\\\/\\\/houno.com\\\/en\\\/company\\\/houno-story\\\/\"]}]},{\"@type\":\"BreadcrumbList\",\"@id\":\"https:\\\/\\\/houno.com\\\/en\\\/company\\\/houno-story\\\/#breadcrumb\",\"itemListElement\":[{\"@type\":\"ListItem\",\"position\":1,\"name\":\"Home\",\"item\":\"https:\\\/\\\/houno.com\\\/en\\\/\"},{\"@type\":\"ListItem\",\"position\":2,\"name\":\"Company\",\"item\":\"https:\\\/\\\/houno.com\\\/en\\\/company\\\/\"},{\"@type\":\"ListItem\",\"position\":3,\"name\":\"HOUN\u00d6 story\"}]},{\"@type\":\"WebSite\",\"@id\":\"https:\\\/\\\/houno.com\\\/en\\\/#website\",\"url\":\"https:\\\/\\\/houno.com\\\/en\\\/\",\"name\":\"HOUN\u00d6\",\"description\":\"Premium commercial combi and bake ovens manufacturer aims for making service simple, smart and efficient\",\"publisher\":{\"@id\":\"https:\\\/\\\/houno.com\\\/en\\\/#organization\"},\"potentialAction\":[{\"@type\":\"SearchAction\",\"target\":{\"@type\":\"EntryPoint\",\"urlTemplate\":\"https:\\\/\\\/houno.com\\\/en\\\/?s={search_term_string}\"},\"query-input\":{\"@type\":\"PropertyValueSpecification\",\"valueRequired\":true,\"valueName\":\"search_term_string\"}}],\"inLanguage\":\"en-US\"},{\"@type\":\"Organization\",\"@id\":\"https:\\\/\\\/houno.com\\\/en\\\/#organization\",\"name\":\"HOUN\u00d6\",\"url\":\"https:\\\/\\\/houno.com\\\/en\\\/\",\"logo\":{\"@type\":\"ImageObject\",\"inLanguage\":\"en-US\",\"@id\":\"https:\\\/\\\/houno.com\\\/en\\\/#\\\/schema\\\/logo\\\/image\\\/\",\"url\":\"https:\\\/\\\/houno.com\\\/wp-content\\\/uploads\\\/2021\\\/08\\\/cropped-Houno\u00a6e_id_logo-black-e1634730012288.png\",\"contentUrl\":\"https:\\\/\\\/houno.com\\\/wp-content\\\/uploads\\\/2021\\\/08\\\/cropped-Houno\u00a6e_id_logo-black-e1634730012288.png\",\"width\":250,\"height\":59,\"caption\":\"HOUN\u00d6\"},\"image\":{\"@id\":\"https:\\\/\\\/houno.com\\\/en\\\/#\\\/schema\\\/logo\\\/image\\\/\"},\"sameAs\":[\"https:\\\/\\\/www.facebook.com\\\/hounocombi\",\"https:\\\/\\\/www.linkedin.com\\\/company\\\/houno\\\/\"]}]}<\/script>\n<!-- \/ Yoast SEO Premium plugin. -->","yoast_head_json":{"title":"Discover the HOUN\u00d6 story | HOUN\u00d6","robots":{"index":"index","follow":"follow","max-snippet":"max-snippet:-1","max-image-preview":"max-image-preview:large","max-video-preview":"max-video-preview:-1"},"canonical":"https:\/\/houno.com\/en\/company\/houno-story\/","og_locale":"en_US","og_type":"article","og_title":"HOUN\u00d6 story","og_description":"HOUN\u00d6&#8217;s story started with Houm\u00f8ller brothers&#8217; ambition 1977 was the year when the two Houm\u00f8ller brothers, Svend and Hans J\u00f8rgen, built their first combi oven in Randers, Denmark. The idea of making the combi oven first saw its peak of daylight, when success at Svend\u2019s blooming restaurant meant the need for bigger kitchen ovens. None [&hellip;]","og_url":"https:\/\/houno.com\/en\/company\/houno-story\/","og_site_name":"HOUN\u00d6","article_publisher":"https:\/\/www.facebook.com\/hounocombi","article_modified_time":"2024-05-29T07:24:48+00:00","twitter_card":"summary_large_image","twitter_misc":{"Est. reading time":"2 minutes"},"schema":{"@context":"https:\/\/schema.org","@graph":[{"@type":"WebPage","@id":"https:\/\/houno.com\/en\/company\/houno-story\/","url":"https:\/\/houno.com\/en\/company\/houno-story\/","name":"Discover the HOUN\u00d6 story | HOUN\u00d6","isPartOf":{"@id":"https:\/\/houno.com\/en\/#website"},"datePublished":"2021-02-08T21:44:55+00:00","dateModified":"2024-05-29T07:24:48+00:00","breadcrumb":{"@id":"https:\/\/houno.com\/en\/company\/houno-story\/#breadcrumb"},"inLanguage":"en-US","potentialAction":[{"@type":"ReadAction","target":["https:\/\/houno.com\/en\/company\/houno-story\/"]}]},{"@type":"BreadcrumbList","@id":"https:\/\/houno.com\/en\/company\/houno-story\/#breadcrumb","itemListElement":[{"@type":"ListItem","position":1,"name":"Home","item":"https:\/\/houno.com\/en\/"},{"@type":"ListItem","position":2,"name":"Company","item":"https:\/\/houno.com\/en\/company\/"},{"@type":"ListItem","position":3,"name":"HOUN\u00d6 story"}]},{"@type":"WebSite","@id":"https:\/\/houno.com\/en\/#website","url":"https:\/\/houno.com\/en\/","name":"HOUN\u00d6","description":"Premium commercial combi and bake ovens manufacturer aims for making service simple, smart and efficient","publisher":{"@id":"https:\/\/houno.com\/en\/#organization"},"potentialAction":[{"@type":"SearchAction","target":{"@type":"EntryPoint","urlTemplate":"https:\/\/houno.com\/en\/?s={search_term_string}"},"query-input":{"@type":"PropertyValueSpecification","valueRequired":true,"valueName":"search_term_string"}}],"inLanguage":"en-US"},{"@type":"Organization","@id":"https:\/\/houno.com\/en\/#organization","name":"HOUN\u00d6","url":"https:\/\/houno.com\/en\/","logo":{"@type":"ImageObject","inLanguage":"en-US","@id":"https:\/\/houno.com\/en\/#\/schema\/logo\/image\/","url":"https:\/\/houno.com\/wp-content\/uploads\/2021\/08\/cropped-Houno\u00a6e_id_logo-black-e1634730012288.png","contentUrl":"https:\/\/houno.com\/wp-content\/uploads\/2021\/08\/cropped-Houno\u00a6e_id_logo-black-e1634730012288.png","width":250,"height":59,"caption":"HOUN\u00d6"},"image":{"@id":"https:\/\/houno.com\/en\/#\/schema\/logo\/image\/"},"sameAs":["https:\/\/www.facebook.com\/hounocombi","https:\/\/www.linkedin.com\/company\/houno\/"]}]}},"_links":{"self":[{"href":"https:\/\/houno.com\/en\/wp-json\/wp\/v2\/pages\/2802","targetHints":{"allow":["GET"]}}],"collection":[{"href":"https:\/\/houno.com\/en\/wp-json\/wp\/v2\/pages"}],"about":[{"href":"https:\/\/houno.com\/en\/wp-json\/wp\/v2\/types\/page"}],"author":[{"embeddable":true,"href":"https:\/\/houno.com\/en\/wp-json\/wp\/v2\/users\/2"}],"replies":[{"embeddable":true,"href":"https:\/\/houno.com\/en\/wp-json\/wp\/v2\/comments?post=2802"}],"version-history":[{"count":0,"href":"https:\/\/houno.com\/en\/wp-json\/wp\/v2\/pages\/2802\/revisions"}],"up":[{"embeddable":true,"href":"https:\/\/houno.com\/en\/wp-json\/wp\/v2\/pages\/808"}],"wp:attachment":[{"href":"https:\/\/houno.com\/en\/wp-json\/wp\/v2\/media?parent=2802"}],"curies":[{"name":"wp","href":"https:\/\/api.w.org\/{rel}","templated":true}]}}