{"id":16429,"date":"2021-11-27T23:12:10","date_gmt":"2021-11-27T22:12:10","guid":{"rendered":"https:\/\/houno.com\/da.flamingo.ws\/?page_id=16429"},"modified":"2022-04-26T11:33:40","modified_gmt":"2022-04-26T09:33:40","slug":"terms-and-conditions-webshop","status":"publish","type":"page","link":"https:\/\/houno.com\/en\/terms-and-conditions-webshop\/","title":{"rendered":"Terms of sales and delivery &#8211; webshop"},"content":{"rendered":"\n<section class=\"wp-block-morningtrain-text-sections mtt-text-sections style background_element undefined is-style-no_bg\"><div class=\"mtt-text-sections__inner page_container  spacing_top_56\"><p class=\"mtt-text-sections__tagline mtt-tagline\">Webshop<\/p><h2 class=\"mtt-text-sections__title\"><\/h2><div class=\"mtt-text-sections__wrap\"><div class=\"mtt-text-sections__text-container\"><\/div><div class=\"mtt-text-sections__text-container\"><\/div><\/div><\/div><\/section>\n\n\n\r\n<section class=\"mtt-accordion spacing_bottom_120 spacing-classes-added\">\r\n    <div class=\"mtt-accordion__inner\">\r\n        <div class=\"mtt-accordion__wrap page_container\">\r\n\r\n                            <h1 class=\"mtt-accordion__title\">Terms of sales and delivery<\/h1>\r\n            \r\n            <div class=\"mtt-accordion__accordions\">\r\n                                                            <div class=\"mtt-accordion__accordion\">\r\n\r\n                            <div class=\"mtt-accordion__accordion-title\">\r\n                                <p>1. Introduction <\/p>\r\n                            <\/div>\r\n\r\n                            <div class=\"mtt-accordion__accordion-content\">\r\n                                <div class=\"mtt-accordion__accordion-content-inner\">\r\n                                    <p>Houno.com owned and operated by:<\/p>\n<p>HOUN\u00d6 A\/S<br \/>\nAlsvej 1<br \/>\n8940 Randers SV<br \/>\nDenmark<\/p>\n<p>CVR: 82557210<br \/>\nTel: +45 87 11 47 11<br \/>\nE-mail: <a href=\"mailto:shop@houno.com\">shop@houno.com<\/a><\/p>\n<p>These terms and conditions shall apply to all purchases of goods on houno.com<\/p>\n<p>These General Terms of Sales and Delivery for HOUN\u00d6 A\/S (\u201cHOUN\u00d6\u201d) apply to all deliveries of products and services (\u201cProducts\u201d) by HOUN\u00d6 to any customer (\u201cBuyer\u201d).<\/p>\n<p>The terms shall be mutually binding on HOUN\u00d6 and Buyer unless HOUN\u00d6 accepts any discrepancies in writing.<\/p>\n<p>HOUN\u00d6 will not be bound by terms applied by the Buyer, which differ from these terms unless such terms are agreed in writing between HOUN\u00d6 and Buyer.<\/p>\n                                <\/div>\r\n                            <\/div>\r\n\r\n                        <\/div>\r\n                                            <div class=\"mtt-accordion__accordion\">\r\n\r\n                            <div class=\"mtt-accordion__accordion-title\">\r\n                                <p>2. Payment<\/p>\r\n                            <\/div>\r\n\r\n                            <div class=\"mtt-accordion__accordion-content\">\r\n                                <div class=\"mtt-accordion__accordion-content-inner\">\r\n                                    <p>Only business customers can create a user profile and trade on the site.<\/p>\n<p>On the homepage, choose the products you want to buy by putting them in the &#8220;shopping cart&#8221;. It is not possible via the website to purchase goods in batch orders. You can always see in the shopping cart which products you have chosen as well as the price of goods and shipping costs. All prices indicated do not include VAT.<\/p>\n<p>Once you have selected your items and are ready to order, click &#8220;Go to checkout&#8221; where you can choose payment method and delivery method. You can change the contents of the shopping cart right up until you press the &#8220;Go to payment&#8221;. After this, your order has been placed.<\/p>\n<p>If you are an invoice customer, the payment terms must be observed. If the payment deadline is not met you can only buy using a credit card. By exceeding the payment deadline a fee can be applied.<\/p>\n<p>Presentation of goods on Houno.com shall be considered merely as an invitation to make offers. When you press the &#8220;Confirm payment&#8221;, you submit a binding offer to us about wanting to buy the selected items on the indicated terms.<\/p>\n                                <\/div>\r\n                            <\/div>\r\n\r\n                        <\/div>\r\n                                            <div class=\"mtt-accordion__accordion\">\r\n\r\n                            <div class=\"mtt-accordion__accordion-title\">\r\n                                <p>3. Delivery and transfer of risk<\/p>\r\n                            <\/div>\r\n\r\n                            <div class=\"mtt-accordion__accordion-content\">\r\n                                <div class=\"mtt-accordion__accordion-content-inner\">\r\n                                    <p>The expected standard delivery time of products we have in stock, is 2-5 days. If we do not we have the product in stock, it may take longer.<\/p>\n<p>We will as far as possible keep you informed about when to expect delivery.<\/p>\n<p>All items are delivered DAP. We pass the risk when we transfer goods to the independent carrier, who must deliver the goods to you.<\/p>\n<p>We are in no event responsible for the delay in relation to the agreed delivery dates due to force majeure or other reasonably unforeseeable circumstances hindering the delivery.<\/p>\n                                <\/div>\r\n                            <\/div>\r\n\r\n                        <\/div>\r\n                                            <div class=\"mtt-accordion__accordion\">\r\n\r\n                            <div class=\"mtt-accordion__accordion-title\">\r\n                                <p>4. Right of ownership<\/p>\r\n                            <\/div>\r\n\r\n                            <div class=\"mtt-accordion__accordion-content\">\r\n                                <div class=\"mtt-accordion__accordion-content-inner\">\r\n                                    <p>Right of ownership to goods sold remain with HOUN\u00d6 (or a third party to whom the rights have been assigned) until the purchase price is paid in full, including interest and other costs.<\/p>\n                                <\/div>\r\n                            <\/div>\r\n\r\n                        <\/div>\r\n                                            <div class=\"mtt-accordion__accordion\">\r\n\r\n                            <div class=\"mtt-accordion__accordion-title\">\r\n                                <p>5. Defects and Complaints<\/p>\r\n                            <\/div>\r\n\r\n                            <div class=\"mtt-accordion__accordion-content\">\r\n                                <div class=\"mtt-accordion__accordion-content-inner\">\r\n                                    <p>You are required to examine the goods immediately upon receipt for the detection of shortage or other visible defects. Complaints must be placed within 8 days of receipt. Otherwise, you forfeit a right to claim any such defects.<\/p>\n<p>Complaints concerning defective products must be made in writing and without delay to hounoshop@houno.com right after the defect is or should have been discovered. In case of failure to do so, you forfeit a right to any claim against us in respect thereof.<\/p>\n<p>You will receive further instructions from us after our receipt of your complaint.<\/p>\n<p>&nbsp;<\/p>\n<p>On returning a defective good, it must be accompanied by a description of the fault or defect. Return of goods must be made to:<\/p>\n<p>HOUN\u00d6 A\/S<br \/>\nAlsvej 1<br \/>\n8940 Randers SV<br \/>\nDenmark<\/p>\n<p>If it turns out that a lack of performance is due to improper installation or misuse, the complaint is rejected. In case of a justified complaint about a defective product we will refund the purchase price of the goods and the shipping charges you paid for the delivery. Within reasonable limits, we cover your costs of returning the goods to us. Upon a justified complaint about shortage, we will contact you in order to arrange delivery of the missing items as soon as possible.<\/p>\n<p>All purchases on Houno.com are final. You have no right of cancellation or return in relation to goods purchased on Houno.com.<\/p>\n<p>HOUN\u00d6 provides a 1-year warranty on all items purchased on houno.com.<\/p>\n                                <\/div>\r\n                            <\/div>\r\n\r\n                        <\/div>\r\n                                            <div class=\"mtt-accordion__accordion\">\r\n\r\n                            <div class=\"mtt-accordion__accordion-title\">\r\n                                <p>6. Responsibility<\/p>\r\n                            <\/div>\r\n\r\n                            <div class=\"mtt-accordion__accordion-content\">\r\n                                <div class=\"mtt-accordion__accordion-content-inner\">\r\n                                    <p>We do not guarantee that the ordered product will lead to a specific outcome for you.<\/p>\n<p>Regardless of the basis, on which a claim is made, we are not liable for incidental or consequential damages, including loss of profits or the like.<\/p>\n<p>In any case, our liability shall be limited to the amount you paid for the item.<\/p>\n                                <\/div>\r\n                            <\/div>\r\n\r\n                        <\/div>\r\n                                            <div class=\"mtt-accordion__accordion\">\r\n\r\n                            <div class=\"mtt-accordion__accordion-title\">\r\n                                <p>7. Intellectual property rights<\/p>\r\n                            <\/div>\r\n\r\n                            <div class=\"mtt-accordion__accordion-content\">\r\n                                <div class=\"mtt-accordion__accordion-content-inner\">\r\n                                    <p>HOUN\u00d6 A\/S is the owner, or licensee of all rights, including copyright, trademark rights and all other intellectual property rights to the content of the website Houno.com and its sub-pages, as well as to all products marketed thereon. All rights reserved.<\/p>\n<p>HOUN\u00d6 name and HOUN\u00d6 logo are trademarks of HOUN\u00d6 A\/S and must not be used without our explicit consent.<\/p>\n                                <\/div>\r\n                            <\/div>\r\n\r\n                        <\/div>\r\n                                            <div class=\"mtt-accordion__accordion\">\r\n\r\n                            <div class=\"mtt-accordion__accordion-title\">\r\n                                <p>8. Privacy<\/p>\r\n                            <\/div>\r\n\r\n                            <div class=\"mtt-accordion__accordion-content\">\r\n                                <div class=\"mtt-accordion__accordion-content-inner\">\r\n                                    <p>Responsible for the processing of personal data on houno.com are:<\/p>\n<p>HOUN\u00d6 A\/S<br \/>\nAlsvej 1<br \/>\n8940 Randers SV<br \/>\nDenmark<br \/>\nCVR: 82557210<br \/>\nTel: +45 87 11 47 11<\/p>\n<p>E-mail:\u00a0<a href=\"mailto:hounoshop@houno.com\">shop@houno.com<\/a><\/p>\n<p>&nbsp;<\/p>\n<p>To create a user profile or to buy on houno.com you must state at least: company and CVR \/ VAT number, name, address, email address and telephone\/mobile number.<\/p>\n<p>The above data is used to manage your user profile, as well as for the implementation of your orders, payment and delivery.<\/p>\n<p>Your personal information and order information will not be deleted as long as you have a user profile with us. If you close your user profile, the individual information, including which products you have purchased, will be deleted five years from the end of the financial year, to which the information relates, see Bookkeeping Act \u00a7 10<\/p>\n<p>&nbsp;<\/p>\n<p>We will not disclose your information to third parties, except in connection with a restructuring or a full or partial sale of HOUN\u00d6 A\/S. Any disclosure of such a situation would be in accordance with then-current privacy legislation.<\/p>\n<p>As a minimum, we need your name and e-mail address if you want to subscribe to our newsletter. The information you enter at registration, will only be used for sending the newsletter. If you opt out of the newsletter, the information will be erased.<\/p>\n<p>We have implemented security measures to protect the personal information that we collect. Information pertaining to the implementation of payments on the website are sent encrypted.<\/p>\n<p>&nbsp;<\/p>\n<p>As a customer you are entitled to access to our registration data about you. You can object to a registration or request a registration changed or deleted in accordance with the rules on this in the Personal Data Protection Act. Enquiries about this should be directed to us via e-mail to: <a href=\"mailto:hounoshop@houno.com\">shop@houno.com<\/a>.<\/p>\n                                <\/div>\r\n                            <\/div>\r\n\r\n                        <\/div>\r\n                                            <div class=\"mtt-accordion__accordion\">\r\n\r\n                            <div class=\"mtt-accordion__accordion-title\">\r\n                                <p>9. Governing law and disputes<\/p>\r\n                            <\/div>\r\n\r\n                            <div class=\"mtt-accordion__accordion-content\">\r\n                                <div class=\"mtt-accordion__accordion-content-inner\">\r\n                                    <p>All purchases of goods via Houno.com is subject to Danish law. Any disputes between the parties arising out of or in relation to purchases via Houno.com shall be governed by Danish law, except for the International Sale of Goods (CISG). Any dispute, which can not be settled amicably, shall be brought before the court by HOUN\u00d6 A\/S jurisdiction in the Court of Randers.<\/p>\n                                <\/div>\r\n                            <\/div>\r\n\r\n                        <\/div>\r\n                                                                <\/div>\r\n\r\n        <\/div>\r\n    <\/div>\r\n<\/section>","protected":false},"excerpt":{"rendered":"","protected":false},"author":4,"featured_media":0,"parent":0,"menu_order":0,"comment_status":"closed","ping_status":"closed","template":"","meta":{"_acf_changed":false,"_relevanssi_hide_post":"","_relevanssi_hide_content":"","_relevanssi_pin_for_all":"","_relevanssi_pin_keywords":"","_relevanssi_unpin_keywords":"","_relevanssi_related_keywords":"","_relevanssi_related_include_ids":"","_relevanssi_related_exclude_ids":"","_relevanssi_related_no_append":"","_relevanssi_related_not_related":"","_relevanssi_related_posts":"1130,1103,1128,1124,1115,1126","_relevanssi_noindex_reason":"","footnotes":""},"class_list":["post-16429","page","type-page","status-publish","hentry"],"acf":[],"yoast_head":"<!-- This site is optimized with the Yoast SEO Premium plugin v27.4 (Yoast SEO v27.4) - https:\/\/yoast.com\/product\/yoast-seo-premium-wordpress\/ -->\n<title>Terms of sales and delivery - webshop - HOUN\u00d6<\/title>\n<meta name=\"robots\" content=\"index, follow, max-snippet:-1, max-image-preview:large, max-video-preview:-1\" \/>\n<link rel=\"canonical\" href=\"https:\/\/houno.com\/en\/terms-and-conditions-webshop\/\" \/>\n<meta property=\"og:locale\" content=\"en_US\" \/>\n<meta property=\"og:type\" content=\"article\" \/>\n<meta property=\"og:title\" content=\"Terms of sales and delivery - webshop\" \/>\n<meta property=\"og:url\" content=\"https:\/\/houno.com\/en\/terms-and-conditions-webshop\/\" \/>\n<meta property=\"og:site_name\" content=\"HOUN\u00d6\" \/>\n<meta property=\"article:publisher\" content=\"https:\/\/www.facebook.com\/hounocombi\" \/>\n<meta property=\"article:modified_time\" content=\"2022-04-26T09:33:40+00:00\" \/>\n<meta name=\"twitter:card\" content=\"summary_large_image\" \/>\n<meta name=\"twitter:label1\" content=\"Est. reading time\" \/>\n\t<meta name=\"twitter:data1\" content=\"1 minute\" \/>\n<script type=\"application\/ld+json\" class=\"yoast-schema-graph\">{\"@context\":\"https:\\\/\\\/schema.org\",\"@graph\":[{\"@type\":\"WebPage\",\"@id\":\"https:\\\/\\\/houno.com\\\/en\\\/terms-and-conditions-webshop\\\/\",\"url\":\"https:\\\/\\\/houno.com\\\/en\\\/terms-and-conditions-webshop\\\/\",\"name\":\"Terms of sales and delivery - webshop - HOUN\u00d6\",\"isPartOf\":{\"@id\":\"https:\\\/\\\/houno.com\\\/en\\\/#website\"},\"datePublished\":\"2021-11-27T22:12:10+00:00\",\"dateModified\":\"2022-04-26T09:33:40+00:00\",\"breadcrumb\":{\"@id\":\"https:\\\/\\\/houno.com\\\/en\\\/terms-and-conditions-webshop\\\/#breadcrumb\"},\"inLanguage\":\"en-US\",\"potentialAction\":[{\"@type\":\"ReadAction\",\"target\":[\"https:\\\/\\\/houno.com\\\/en\\\/terms-and-conditions-webshop\\\/\"]}]},{\"@type\":\"BreadcrumbList\",\"@id\":\"https:\\\/\\\/houno.com\\\/en\\\/terms-and-conditions-webshop\\\/#breadcrumb\",\"itemListElement\":[{\"@type\":\"ListItem\",\"position\":1,\"name\":\"Home\",\"item\":\"https:\\\/\\\/houno.com\\\/en\\\/\"},{\"@type\":\"ListItem\",\"position\":2,\"name\":\"Terms of sales and delivery &#8211; webshop\"}]},{\"@type\":\"WebSite\",\"@id\":\"https:\\\/\\\/houno.com\\\/en\\\/#website\",\"url\":\"https:\\\/\\\/houno.com\\\/en\\\/\",\"name\":\"HOUN\u00d6\",\"description\":\"Premium commercial combi and bake ovens manufacturer aims for making service simple, smart and efficient\",\"publisher\":{\"@id\":\"https:\\\/\\\/houno.com\\\/en\\\/#organization\"},\"potentialAction\":[{\"@type\":\"SearchAction\",\"target\":{\"@type\":\"EntryPoint\",\"urlTemplate\":\"https:\\\/\\\/houno.com\\\/en\\\/?s={search_term_string}\"},\"query-input\":{\"@type\":\"PropertyValueSpecification\",\"valueRequired\":true,\"valueName\":\"search_term_string\"}}],\"inLanguage\":\"en-US\"},{\"@type\":\"Organization\",\"@id\":\"https:\\\/\\\/houno.com\\\/en\\\/#organization\",\"name\":\"HOUN\u00d6\",\"url\":\"https:\\\/\\\/houno.com\\\/en\\\/\",\"logo\":{\"@type\":\"ImageObject\",\"inLanguage\":\"en-US\",\"@id\":\"https:\\\/\\\/houno.com\\\/en\\\/#\\\/schema\\\/logo\\\/image\\\/\",\"url\":\"https:\\\/\\\/houno.com\\\/wp-content\\\/uploads\\\/2021\\\/08\\\/cropped-Houno\u00a6e_id_logo-black-e1634730012288.png\",\"contentUrl\":\"https:\\\/\\\/houno.com\\\/wp-content\\\/uploads\\\/2021\\\/08\\\/cropped-Houno\u00a6e_id_logo-black-e1634730012288.png\",\"width\":250,\"height\":59,\"caption\":\"HOUN\u00d6\"},\"image\":{\"@id\":\"https:\\\/\\\/houno.com\\\/en\\\/#\\\/schema\\\/logo\\\/image\\\/\"},\"sameAs\":[\"https:\\\/\\\/www.facebook.com\\\/hounocombi\",\"https:\\\/\\\/www.linkedin.com\\\/company\\\/houno\\\/\"]}]}<\/script>\n<!-- \/ Yoast SEO Premium plugin. -->","yoast_head_json":{"title":"Terms of sales and delivery - webshop - HOUN\u00d6","robots":{"index":"index","follow":"follow","max-snippet":"max-snippet:-1","max-image-preview":"max-image-preview:large","max-video-preview":"max-video-preview:-1"},"canonical":"https:\/\/houno.com\/en\/terms-and-conditions-webshop\/","og_locale":"en_US","og_type":"article","og_title":"Terms of sales and delivery - webshop","og_url":"https:\/\/houno.com\/en\/terms-and-conditions-webshop\/","og_site_name":"HOUN\u00d6","article_publisher":"https:\/\/www.facebook.com\/hounocombi","article_modified_time":"2022-04-26T09:33:40+00:00","twitter_card":"summary_large_image","twitter_misc":{"Est. reading time":"1 minute"},"schema":{"@context":"https:\/\/schema.org","@graph":[{"@type":"WebPage","@id":"https:\/\/houno.com\/en\/terms-and-conditions-webshop\/","url":"https:\/\/houno.com\/en\/terms-and-conditions-webshop\/","name":"Terms of sales and delivery - webshop - HOUN\u00d6","isPartOf":{"@id":"https:\/\/houno.com\/en\/#website"},"datePublished":"2021-11-27T22:12:10+00:00","dateModified":"2022-04-26T09:33:40+00:00","breadcrumb":{"@id":"https:\/\/houno.com\/en\/terms-and-conditions-webshop\/#breadcrumb"},"inLanguage":"en-US","potentialAction":[{"@type":"ReadAction","target":["https:\/\/houno.com\/en\/terms-and-conditions-webshop\/"]}]},{"@type":"BreadcrumbList","@id":"https:\/\/houno.com\/en\/terms-and-conditions-webshop\/#breadcrumb","itemListElement":[{"@type":"ListItem","position":1,"name":"Home","item":"https:\/\/houno.com\/en\/"},{"@type":"ListItem","position":2,"name":"Terms of sales and delivery &#8211; webshop"}]},{"@type":"WebSite","@id":"https:\/\/houno.com\/en\/#website","url":"https:\/\/houno.com\/en\/","name":"HOUN\u00d6","description":"Premium commercial combi and bake ovens manufacturer aims for making service simple, smart and efficient","publisher":{"@id":"https:\/\/houno.com\/en\/#organization"},"potentialAction":[{"@type":"SearchAction","target":{"@type":"EntryPoint","urlTemplate":"https:\/\/houno.com\/en\/?s={search_term_string}"},"query-input":{"@type":"PropertyValueSpecification","valueRequired":true,"valueName":"search_term_string"}}],"inLanguage":"en-US"},{"@type":"Organization","@id":"https:\/\/houno.com\/en\/#organization","name":"HOUN\u00d6","url":"https:\/\/houno.com\/en\/","logo":{"@type":"ImageObject","inLanguage":"en-US","@id":"https:\/\/houno.com\/en\/#\/schema\/logo\/image\/","url":"https:\/\/houno.com\/wp-content\/uploads\/2021\/08\/cropped-Houno\u00a6e_id_logo-black-e1634730012288.png","contentUrl":"https:\/\/houno.com\/wp-content\/uploads\/2021\/08\/cropped-Houno\u00a6e_id_logo-black-e1634730012288.png","width":250,"height":59,"caption":"HOUN\u00d6"},"image":{"@id":"https:\/\/houno.com\/en\/#\/schema\/logo\/image\/"},"sameAs":["https:\/\/www.facebook.com\/hounocombi","https:\/\/www.linkedin.com\/company\/houno\/"]}]}},"_links":{"self":[{"href":"https:\/\/houno.com\/en\/wp-json\/wp\/v2\/pages\/16429","targetHints":{"allow":["GET"]}}],"collection":[{"href":"https:\/\/houno.com\/en\/wp-json\/wp\/v2\/pages"}],"about":[{"href":"https:\/\/houno.com\/en\/wp-json\/wp\/v2\/types\/page"}],"author":[{"embeddable":true,"href":"https:\/\/houno.com\/en\/wp-json\/wp\/v2\/users\/4"}],"replies":[{"embeddable":true,"href":"https:\/\/houno.com\/en\/wp-json\/wp\/v2\/comments?post=16429"}],"version-history":[{"count":0,"href":"https:\/\/houno.com\/en\/wp-json\/wp\/v2\/pages\/16429\/revisions"}],"wp:attachment":[{"href":"https:\/\/houno.com\/en\/wp-json\/wp\/v2\/media?parent=16429"}],"curies":[{"name":"wp","href":"https:\/\/api.w.org\/{rel}","templated":true}]}}