{"id":35520,"date":"2025-10-22T09:15:59","date_gmt":"2025-10-22T07:15:59","guid":{"rendered":"https:\/\/houno.com\/accessories\/invoq-carecycle-clean-tablets-ready\/"},"modified":"2026-01-08T11:18:36","modified_gmt":"2026-01-08T10:18:36","slug":"invoq-carecycle-clean-tablets","status":"publish","type":"product","link":"https:\/\/houno.com\/da\/accessories\/invoq-carecycle-clean-tablets\/","title":{"rendered":"Invoq CareCycle Clean"},"content":{"rendered":"\n<section class=\"wp-block-morningtrain-text-sections mtt-text-sections style background_element undefined is-style-bg-white is-style-no_bg\"><div class=\"mtt-text-sections__inner page_container \"><p class=\"mtt-text-sections__tagline mtt-tagline\"><\/p><h2 class=\"mtt-text-sections__title\">Information om produktet<\/h2><div class=\"mtt-text-sections__wrap\"><div class=\"mtt-text-sections__text-container\">Fosfatfrie reng\u00f8ringstabletter, der er h\u00e5rde mod snavs og sk\u00e5nsomme mod milj\u00f8et.<br><br>Invoq Combi-ovnen guider dig til at placere den n\u00f8dvendige m\u00e6ngde reng\u00f8ringstabletter til den \u00f8nskede cyklus. Dette sikrer, at forholdet mellem vaskemiddel og vand altid er korrekt, og at du undg\u00e5r overforbrug. Reng\u00f8ringstablettens fosfatfrie formel er et milj\u00f8bevidst valg, der hj\u00e6lper dig med at opfylde din virksomheds gr\u00f8nne m\u00e5l.  <br> <br>CareCycle Clean-tabletter opfylder alle krav til nem h\u00e5ndtering og forsendelse.<br><br>FORSIGTIG<br>P\u00e5 grund af risikoen for hudirritation anbefaler HOUN\u00d6 altid brug af personlige beskyttelseshandsker for at undg\u00e5 direkte kontakt med CareCycle Clean- og CareCycle Descale-tabletterne.<\/div><div class=\"mtt-text-sections__text-container\"><\/div><\/div><\/div><\/section>\n\n\n\n<section class=\"wp-block-morningtrain-separator mtt-separator undefined spacing_top_104\"><div class=\"mtt-separator__border page_container\"><\/div><\/section>\n\n\n\r\n<section class=\"mtt-accordion\">\r\n    <div class=\"mtt-accordion__inner\">\r\n        <div class=\"mtt-accordion__wrap page_container\">\r\n\r\n            \r\n            <div class=\"mtt-accordion__accordions\">\r\n                                            <\/div>\r\n\r\n        <\/div>\r\n    <\/div>\r\n<\/section>\n\n\r\n<section id=\"information\" class=\"mtt-accordion spacing_bottom_104 spacing-classes-added\">\r\n    <div class=\"mtt-accordion__inner\">\r\n        <div class=\"mtt-accordion__wrap page_container\">\r\n\r\n            \r\n            <div class=\"mtt-accordion__accordions\">\r\n                                                            <div class=\"mtt-accordion__accordion\">\r\n\r\n                            <div class=\"mtt-accordion__accordion-title\">\r\n                                <p>Specifikationer<\/p>\r\n                            <\/div>\r\n\r\n                            <div class=\"mtt-accordion__accordion-content\">\r\n                                <div class=\"mtt-accordion__accordion-content-inner\">\r\n                                    <p>\u2022 S\u00e6lges i kasse<br \/>\n\u2022 Antal pr. kasse: 50 tabletter<br \/>\n\u2022 V\u00e6gt: 1,8 kg<br \/>\n\u2022 L x B x H (mm): 250 x 165 x 120<br \/>\n\u2022 Varenr.: 114141 <\/p>\n<p>Godkendt til forsendelse i f\u00f8lgende lande:<br \/>\nArabiske lande, \u00d8strig, Brasilien, Tjekkiet, Danmark, Tyskland, Gr\u00e6kenland, Storbritannien, Australien, Irland, USA, Spanien, Italien, Mexico, Estland, Finland, Frankrig, Belgien, Kroatien, Ungarn, Litauen, Letland, Holland, Polen, Portugal, Rum\u00e6nien, Sverige, Slovenien, Slovakiet, Serbien, Sydafrika, Schweiz, Tyrkiet<\/p>\n                                <\/div>\r\n                            <\/div>\r\n\r\n                        <\/div>\r\n                                            <div class=\"mtt-accordion__accordion\">\r\n\r\n                            <div class=\"mtt-accordion__accordion-title\">\r\n                                <p>Datasheet<\/p>\r\n                            <\/div>\r\n\r\n                            <div class=\"mtt-accordion__accordion-content\">\r\n                                <div class=\"mtt-accordion__accordion-content-inner\">\r\n                                    <p><a href=\"https:\/\/carecycle-system.net\/\" rel=\"noopener\" target=\"_blank\">Datasheet for Invoq CareCycle Clean<\/a><\/p>\n<p>&nbsp;<\/p>\n                                <\/div>\r\n                            <\/div>\r\n\r\n                        <\/div>\r\n                                                                <\/div>\r\n\r\n        <\/div>\r\n    <\/div>\r\n<\/section>\n\n\n\t<section class=\"mtt-accessories-slider spacing_bottom_184 spacing-classes-added\">\n\t\t<div class=\"mtt-accessories-slider__inner page_container\">\n\n\t\t\t<div class=\"loader mtt-accessories-slider__loader\"><div class=\"loader__inner\"><\/div><\/div>\n\n\t\t\t\n<div class=\"mtt-filter mtt-accessories-slider__filter\">\n\n    <div class=\"mtt-filter__container\">\n                    <h2 class=\"mtt-filter__title\">Relateret tilbeh\u00f8r<\/h2>\n            <\/div>\n    \n    <div class=\"mtt-filter__container\">\n\n        \n                    <div class=\"mtt-filter__arrows slider-arrow-wrap\">\n                                                    <div class=\"swiper-button-prev\"><\/div>\n                    <div class=\"swiper-button-next\"><\/div>\n                            <\/div>\n        \n    <\/div>\n\n<\/div>\n\t\t\t<div class=\"mtt-accessories-slider__target\">\n\t\t\t\t<div class=\"swiper-container\">\n\t\t\t\t\t<div class=\"swiper-wrapper\">\n\t\t\t\t\t\t<li class=\"mtt-product-card swiper-slide product type-product post-11434 status-publish first instock product_cat-rengoeringsmidler has-post-thumbnail taxable shipping-taxable purchasable product-type-variable\">\n\t<a href=\"https:\/\/houno.com\/da\/accessories\/detergent-intense\/\" class=\"woocommerce-LoopProduct-link woocommerce-loop-product__link\">    <div class=\"mtt-product-card__content\">\n        <div class=\"mtt-product-card__brand\">\n            Reng\u00f8ringsmidler        <\/div>\n        <div class=\"mtt-product-card__image\">\n            <img loading=\"lazy\" decoding=\"async\" width=\"300\" height=\"227\" src=\"https:\/\/houno.com\/wp-content\/uploads\/2021\/01\/webshop_houno-protect-detergent-intense-300x227.png\" class=\"attachment-woocommerce_thumbnail size-woocommerce_thumbnail\" alt=\"Detergent Intense\" srcset=\"https:\/\/houno.com\/wp-content\/uploads\/2021\/01\/webshop_houno-protect-detergent-intense-300x227.png 300w, https:\/\/houno.com\/wp-content\/uploads\/2021\/01\/webshop_houno-protect-detergent-intense.png 396w\" sizes=\"auto, (max-width: 300px) 100vw, 300px\" \/>        <\/div>\n\n        <div class=\"mtt-product-card__text-wrap\">\n            <div class=\"mtt-product-card__title\">\n                Detergent Intense            <\/div>\n            <div class=\"mtt-product-card__sub-title\">\n                            <\/div>\n        <\/div>\n\n    <\/div>\n\t<\/a><\/li><li class=\"mtt-product-card swiper-slide product type-product post-11296 status-publish instock product_cat-rengoeringsmidler has-post-thumbnail taxable shipping-taxable purchasable product-type-simple\">\n\t<a href=\"https:\/\/houno.com\/da\/accessories\/houno-protect-rengoringspakke\/\" class=\"woocommerce-LoopProduct-link woocommerce-loop-product__link\">    <div class=\"mtt-product-card__content\">\n        <div class=\"mtt-product-card__brand\">\n            Reng\u00f8ringsmidler        <\/div>\n        <div class=\"mtt-product-card__image\">\n            <img loading=\"lazy\" decoding=\"async\" width=\"300\" height=\"156\" src=\"https:\/\/houno.com\/wp-content\/uploads\/2021\/01\/webshop_HOUN\u00d6-PROTECT-cleaning-package-300x156.png\" class=\"attachment-woocommerce_thumbnail size-woocommerce_thumbnail\" alt=\"HOUN\u00d6 PROTECT Reng\u00f8ringspakke\" srcset=\"https:\/\/houno.com\/wp-content\/uploads\/2021\/01\/webshop_HOUN\u00d6-PROTECT-cleaning-package-300x156.png 300w, https:\/\/houno.com\/wp-content\/uploads\/2021\/01\/webshop_HOUN\u00d6-PROTECT-cleaning-package.png 578w\" sizes=\"auto, (max-width: 300px) 100vw, 300px\" \/>        <\/div>\n\n        <div class=\"mtt-product-card__text-wrap\">\n            <div class=\"mtt-product-card__title\">\n                HOUN\u00d6 PROTECT Reng\u00f8ringspakke            <\/div>\n            <div class=\"mtt-product-card__sub-title\">\n                            <\/div>\n        <\/div>\n\n    <\/div>\n\t<\/a><\/li><li class=\"mtt-product-card swiper-slide product type-product post-11288 status-publish instock product_cat-rengoeringsmidler has-post-thumbnail taxable shipping-taxable purchasable product-type-simple\">\n\t<a href=\"https:\/\/houno.com\/da\/accessories\/suma-extend-d3\/\" class=\"woocommerce-LoopProduct-link woocommerce-loop-product__link\">    <div class=\"mtt-product-card__content\">\n        <div class=\"mtt-product-card__brand\">\n            Reng\u00f8ringsmidler        <\/div>\n        <div class=\"mtt-product-card__image\">\n            <img loading=\"lazy\" decoding=\"async\" width=\"249\" height=\"300\" src=\"https:\/\/houno.com\/wp-content\/uploads\/2021\/01\/webshop_Suma-Extend-D3.png\" class=\"attachment-woocommerce_thumbnail size-woocommerce_thumbnail\" alt=\"Suma Extend D3\" \/>        <\/div>\n\n        <div class=\"mtt-product-card__text-wrap\">\n            <div class=\"mtt-product-card__title\">\n                Suma Extend D3            <\/div>\n            <div class=\"mtt-product-card__sub-title\">\n                            <\/div>\n        <\/div>\n\n    <\/div>\n\t<\/a><\/li>\t\t\t\t\t<\/div>\n\t\t\t\t<\/div>\n\t\t\t<\/div>\n\n\t\t<\/div>\n\t<\/section>\n\n","protected":false},"excerpt":{"rendered":"<ul>\n<li>Invoq reng\u00f8ringstabletter<\/li>\n<li>Kun til Invoq CareCycle<\/li>\n<li>50 tabletter pr. kasse<\/li>\n<\/ul>\n","protected":false},"featured_media":35529,"template":"","meta":{"_acf_changed":false,"_relevanssi_hide_post":"","_relevanssi_hide_content":"","_relevanssi_pin_for_all":"","_relevanssi_pin_keywords":"","_relevanssi_unpin_keywords":"","_relevanssi_related_keywords":"","_relevanssi_related_include_ids":"","_relevanssi_related_exclude_ids":"","_relevanssi_related_no_append":"","_relevanssi_related_not_related":"","_relevanssi_related_posts":"29919,30024,29868,21953,33342,33211","_relevanssi_noindex_reason":""},"certifications":[],"product_brand":[],"product_cat":[312],"product_tag":[],"class_list":{"0":"post-35520","1":"product","2":"type-product","3":"status-publish","4":"has-post-thumbnail","6":"product_cat-invoq-carecycle","7":"product_shipping_class-farligt-gods","9":"last","10":"instock","11":"taxable","12":"shipping-taxable","13":"purchasable","14":"product-type-simple"},"acf":[],"yoast_head":"<!-- This site is optimized with the Yoast SEO Premium plugin v27.5 (Yoast SEO v27.5) - https:\/\/yoast.com\/product\/yoast-seo-premium-wordpress\/ -->\n<title>Invoq CareCycle Clean - HOUN\u00d6<\/title>\n<meta name=\"description\" content=\"Fosfatfri reng\u00f8ringstabletter til Invoq-ovne. Disse tabletter er effektive mod snavs og milj\u00f8venlige.\" \/>\n<meta name=\"robots\" content=\"index, follow, max-snippet:-1, max-image-preview:large, max-video-preview:-1\" \/>\n<link rel=\"canonical\" href=\"https:\/\/houno.com\/da\/accessories\/invoq-carecycle-clean-tablets\/\" \/>\n<meta property=\"og:locale\" content=\"da_DK\" \/>\n<meta property=\"og:type\" content=\"article\" \/>\n<meta property=\"og:title\" content=\"Invoq CareCycle Clean\" \/>\n<meta property=\"og:description\" content=\"Fosfatfri reng\u00f8ringstabletter til Invoq-ovne. Disse tabletter er effektive mod snavs og milj\u00f8venlige.\" \/>\n<meta property=\"og:url\" content=\"https:\/\/houno.com\/da\/accessories\/invoq-carecycle-clean-tablets\/\" \/>\n<meta property=\"og:site_name\" content=\"HOUN\u00d6\" \/>\n<meta property=\"article:publisher\" content=\"https:\/\/www.facebook.com\/hounocombi\" \/>\n<meta property=\"article:modified_time\" content=\"2026-01-08T10:18:36+00:00\" \/>\n<meta property=\"og:image\" content=\"https:\/\/houno.com\/wp-content\/uploads\/2025\/10\/CareCycle-tabs_11414-2-scaled.png\" \/>\n\t<meta property=\"og:image:width\" content=\"2560\" \/>\n\t<meta property=\"og:image:height\" content=\"1440\" \/>\n\t<meta property=\"og:image:type\" content=\"image\/png\" \/>\n<meta name=\"twitter:card\" content=\"summary_large_image\" \/>\n<meta name=\"twitter:label1\" content=\"Estimeret l\u00e6setid\" \/>\n\t<meta name=\"twitter:data1\" content=\"2 minutter\" \/>\n<script type=\"application\/ld+json\" class=\"yoast-schema-graph\">{\"@context\":\"https:\\\/\\\/schema.org\",\"@graph\":[{\"@type\":\"WebPage\",\"@id\":\"https:\\\/\\\/houno.com\\\/da\\\/accessories\\\/invoq-carecycle-clean-tablets\\\/\",\"url\":\"https:\\\/\\\/houno.com\\\/da\\\/accessories\\\/invoq-carecycle-clean-tablets\\\/\",\"name\":\"Invoq CareCycle Clean - HOUN\u00d6\",\"isPartOf\":{\"@id\":\"https:\\\/\\\/houno.com\\\/da\\\/#website\"},\"primaryImageOfPage\":{\"@id\":\"https:\\\/\\\/houno.com\\\/da\\\/accessories\\\/invoq-carecycle-clean-tablets\\\/#primaryimage\"},\"image\":{\"@id\":\"https:\\\/\\\/houno.com\\\/da\\\/accessories\\\/invoq-carecycle-clean-tablets\\\/#primaryimage\"},\"thumbnailUrl\":\"https:\\\/\\\/houno.com\\\/wp-content\\\/uploads\\\/2025\\\/10\\\/CareCycle-tabs_11414-2-scaled.png\",\"datePublished\":\"2025-10-22T07:15:59+00:00\",\"dateModified\":\"2026-01-08T10:18:36+00:00\",\"description\":\"Fosfatfri reng\u00f8ringstabletter til Invoq-ovne. Disse tabletter er effektive mod snavs og milj\u00f8venlige.\",\"breadcrumb\":{\"@id\":\"https:\\\/\\\/houno.com\\\/da\\\/accessories\\\/invoq-carecycle-clean-tablets\\\/#breadcrumb\"},\"inLanguage\":\"da-DK\",\"potentialAction\":[{\"@type\":\"ReadAction\",\"target\":[\"https:\\\/\\\/houno.com\\\/da\\\/accessories\\\/invoq-carecycle-clean-tablets\\\/\"]}]},{\"@type\":\"ImageObject\",\"inLanguage\":\"da-DK\",\"@id\":\"https:\\\/\\\/houno.com\\\/da\\\/accessories\\\/invoq-carecycle-clean-tablets\\\/#primaryimage\",\"url\":\"https:\\\/\\\/houno.com\\\/wp-content\\\/uploads\\\/2025\\\/10\\\/CareCycle-tabs_11414-2-scaled.png\",\"contentUrl\":\"https:\\\/\\\/houno.com\\\/wp-content\\\/uploads\\\/2025\\\/10\\\/CareCycle-tabs_11414-2-scaled.png\",\"width\":2560,\"height\":1440},{\"@type\":\"BreadcrumbList\",\"@id\":\"https:\\\/\\\/houno.com\\\/da\\\/accessories\\\/invoq-carecycle-clean-tablets\\\/#breadcrumb\",\"itemListElement\":[{\"@type\":\"ListItem\",\"position\":1,\"name\":\"Home\",\"item\":\"https:\\\/\\\/houno.com\\\/da\\\/\"},{\"@type\":\"ListItem\",\"position\":2,\"name\":\"Tilbeh\u00f8r til ovn\",\"item\":\"https:\\\/\\\/houno.com\\\/da\\\/tilbehoer\\\/\"},{\"@type\":\"ListItem\",\"position\":3,\"name\":\"Invoq CareCycle Clean\"}]},{\"@type\":\"WebSite\",\"@id\":\"https:\\\/\\\/houno.com\\\/da\\\/#website\",\"url\":\"https:\\\/\\\/houno.com\\\/da\\\/\",\"name\":\"HOUN\u00d6\",\"description\":\"Premium commercial combi and bake ovens manufacturer aims for making service simple, smart and efficient\",\"publisher\":{\"@id\":\"https:\\\/\\\/houno.com\\\/da\\\/#organization\"},\"potentialAction\":[{\"@type\":\"SearchAction\",\"target\":{\"@type\":\"EntryPoint\",\"urlTemplate\":\"https:\\\/\\\/houno.com\\\/da\\\/?s={search_term_string}\"},\"query-input\":{\"@type\":\"PropertyValueSpecification\",\"valueRequired\":true,\"valueName\":\"search_term_string\"}}],\"inLanguage\":\"da-DK\"},{\"@type\":\"Organization\",\"@id\":\"https:\\\/\\\/houno.com\\\/da\\\/#organization\",\"name\":\"HOUN\u00d6\",\"url\":\"https:\\\/\\\/houno.com\\\/da\\\/\",\"logo\":{\"@type\":\"ImageObject\",\"inLanguage\":\"da-DK\",\"@id\":\"https:\\\/\\\/houno.com\\\/da\\\/#\\\/schema\\\/logo\\\/image\\\/\",\"url\":\"https:\\\/\\\/houno.com\\\/wp-content\\\/uploads\\\/2021\\\/08\\\/cropped-Houno\u00a6e_id_logo-black-e1634730012288.png\",\"contentUrl\":\"https:\\\/\\\/houno.com\\\/wp-content\\\/uploads\\\/2021\\\/08\\\/cropped-Houno\u00a6e_id_logo-black-e1634730012288.png\",\"width\":250,\"height\":59,\"caption\":\"HOUN\u00d6\"},\"image\":{\"@id\":\"https:\\\/\\\/houno.com\\\/da\\\/#\\\/schema\\\/logo\\\/image\\\/\"},\"sameAs\":[\"https:\\\/\\\/www.facebook.com\\\/hounocombi\",\"https:\\\/\\\/www.linkedin.com\\\/company\\\/houno\\\/\"]}]}<\/script>\n<!-- \/ Yoast SEO Premium plugin. -->","yoast_head_json":{"title":"Invoq CareCycle Clean - HOUN\u00d6","description":"Fosfatfri reng\u00f8ringstabletter til Invoq-ovne. Disse tabletter er effektive mod snavs og milj\u00f8venlige.","robots":{"index":"index","follow":"follow","max-snippet":"max-snippet:-1","max-image-preview":"max-image-preview:large","max-video-preview":"max-video-preview:-1"},"canonical":"https:\/\/houno.com\/da\/accessories\/invoq-carecycle-clean-tablets\/","og_locale":"da_DK","og_type":"article","og_title":"Invoq CareCycle Clean","og_description":"Fosfatfri reng\u00f8ringstabletter til Invoq-ovne. Disse tabletter er effektive mod snavs og milj\u00f8venlige.","og_url":"https:\/\/houno.com\/da\/accessories\/invoq-carecycle-clean-tablets\/","og_site_name":"HOUN\u00d6","article_publisher":"https:\/\/www.facebook.com\/hounocombi","article_modified_time":"2026-01-08T10:18:36+00:00","og_image":[{"width":2560,"height":1440,"url":"https:\/\/houno.com\/wp-content\/uploads\/2025\/10\/CareCycle-tabs_11414-2-scaled.png","type":"image\/png"}],"twitter_card":"summary_large_image","twitter_misc":{"Estimeret l\u00e6setid":"2 minutter"},"schema":{"@context":"https:\/\/schema.org","@graph":[{"@type":"WebPage","@id":"https:\/\/houno.com\/da\/accessories\/invoq-carecycle-clean-tablets\/","url":"https:\/\/houno.com\/da\/accessories\/invoq-carecycle-clean-tablets\/","name":"Invoq CareCycle Clean - HOUN\u00d6","isPartOf":{"@id":"https:\/\/houno.com\/da\/#website"},"primaryImageOfPage":{"@id":"https:\/\/houno.com\/da\/accessories\/invoq-carecycle-clean-tablets\/#primaryimage"},"image":{"@id":"https:\/\/houno.com\/da\/accessories\/invoq-carecycle-clean-tablets\/#primaryimage"},"thumbnailUrl":"https:\/\/houno.com\/wp-content\/uploads\/2025\/10\/CareCycle-tabs_11414-2-scaled.png","datePublished":"2025-10-22T07:15:59+00:00","dateModified":"2026-01-08T10:18:36+00:00","description":"Fosfatfri reng\u00f8ringstabletter til Invoq-ovne. Disse tabletter er effektive mod snavs og milj\u00f8venlige.","breadcrumb":{"@id":"https:\/\/houno.com\/da\/accessories\/invoq-carecycle-clean-tablets\/#breadcrumb"},"inLanguage":"da-DK","potentialAction":[{"@type":"ReadAction","target":["https:\/\/houno.com\/da\/accessories\/invoq-carecycle-clean-tablets\/"]}]},{"@type":"ImageObject","inLanguage":"da-DK","@id":"https:\/\/houno.com\/da\/accessories\/invoq-carecycle-clean-tablets\/#primaryimage","url":"https:\/\/houno.com\/wp-content\/uploads\/2025\/10\/CareCycle-tabs_11414-2-scaled.png","contentUrl":"https:\/\/houno.com\/wp-content\/uploads\/2025\/10\/CareCycle-tabs_11414-2-scaled.png","width":2560,"height":1440},{"@type":"BreadcrumbList","@id":"https:\/\/houno.com\/da\/accessories\/invoq-carecycle-clean-tablets\/#breadcrumb","itemListElement":[{"@type":"ListItem","position":1,"name":"Home","item":"https:\/\/houno.com\/da\/"},{"@type":"ListItem","position":2,"name":"Tilbeh\u00f8r til ovn","item":"https:\/\/houno.com\/da\/tilbehoer\/"},{"@type":"ListItem","position":3,"name":"Invoq CareCycle Clean"}]},{"@type":"WebSite","@id":"https:\/\/houno.com\/da\/#website","url":"https:\/\/houno.com\/da\/","name":"HOUN\u00d6","description":"Premium commercial combi and bake ovens manufacturer aims for making service simple, smart and efficient","publisher":{"@id":"https:\/\/houno.com\/da\/#organization"},"potentialAction":[{"@type":"SearchAction","target":{"@type":"EntryPoint","urlTemplate":"https:\/\/houno.com\/da\/?s={search_term_string}"},"query-input":{"@type":"PropertyValueSpecification","valueRequired":true,"valueName":"search_term_string"}}],"inLanguage":"da-DK"},{"@type":"Organization","@id":"https:\/\/houno.com\/da\/#organization","name":"HOUN\u00d6","url":"https:\/\/houno.com\/da\/","logo":{"@type":"ImageObject","inLanguage":"da-DK","@id":"https:\/\/houno.com\/da\/#\/schema\/logo\/image\/","url":"https:\/\/houno.com\/wp-content\/uploads\/2021\/08\/cropped-Houno\u00a6e_id_logo-black-e1634730012288.png","contentUrl":"https:\/\/houno.com\/wp-content\/uploads\/2021\/08\/cropped-Houno\u00a6e_id_logo-black-e1634730012288.png","width":250,"height":59,"caption":"HOUN\u00d6"},"image":{"@id":"https:\/\/houno.com\/da\/#\/schema\/logo\/image\/"},"sameAs":["https:\/\/www.facebook.com\/hounocombi","https:\/\/www.linkedin.com\/company\/houno\/"]}]}},"_links":{"self":[{"href":"https:\/\/houno.com\/da\/wp-json\/wp\/v2\/product\/35520","targetHints":{"allow":["GET"]}}],"collection":[{"href":"https:\/\/houno.com\/da\/wp-json\/wp\/v2\/product"}],"about":[{"href":"https:\/\/houno.com\/da\/wp-json\/wp\/v2\/types\/product"}],"wp:featuredmedia":[{"embeddable":true,"href":"https:\/\/houno.com\/da\/wp-json\/wp\/v2\/media\/35529"}],"wp:attachment":[{"href":"https:\/\/houno.com\/da\/wp-json\/wp\/v2\/media?parent=35520"}],"wp:term":[{"taxonomy":"certifications","embeddable":true,"href":"https:\/\/houno.com\/da\/wp-json\/wp\/v2\/certifications?post=35520"},{"taxonomy":"product_brand","embeddable":true,"href":"https:\/\/houno.com\/da\/wp-json\/wp\/v2\/product_brand?post=35520"},{"taxonomy":"product_cat","embeddable":true,"href":"https:\/\/houno.com\/da\/wp-json\/wp\/v2\/product_cat?post=35520"},{"taxonomy":"product_tag","embeddable":true,"href":"https:\/\/houno.com\/da\/wp-json\/wp\/v2\/product_tag?post=35520"}],"curies":[{"name":"wp","href":"https:\/\/api.w.org\/{rel}","templated":true}]}}