{"id":34687,"date":"2025-06-26T15:07:55","date_gmt":"2025-06-26T13:07:55","guid":{"rendered":"https:\/\/houno.com\/accessories\/hydroshield-vandfilter-complete-pakke\/"},"modified":"2026-03-19T10:10:30","modified_gmt":"2026-03-19T09:10:30","slug":"hydroshield-vandfilter-complete-pakke","status":"publish","type":"product","link":"https:\/\/houno.com\/da\/accessories\/hydroshield-vandfilter-complete-pakke\/","title":{"rendered":"HydroShield vandfilter komplet pakke"},"content":{"rendered":"\n<section class=\"wp-block-morningtrain-text-sections mtt-text-sections style background_element undefined is-style-no_bg\"><div class=\"mtt-text-sections__inner page_container  spacing_top_120 spacing_bottom_120\"><p class=\"mtt-text-sections__tagline mtt-tagline\">HOUN\u00d6 HydroShield vandfilter komplet pakke<\/p><h2 class=\"mtt-text-sections__title\">Information om produktet<\/h2><div class=\"mtt-text-sections__wrap\"><div class=\"mtt-text-sections__text-container\">Bevar din ovns levetid og beskyt den mod skadelige virkninger af kalk og mineralaflejringer ved at opretholde den rette vandkvalitet. HydroShield fjerner effektivt b\u00e5de karbonath\u00e5rdhed og totalh\u00e5rdhed, hvilket forhindrer ophobning af rester, der kan f\u00f8re til korrosion og skade rustfrie st\u00e5lelementer i din ovn.  <br><br><strong>Vandkvalitet<\/strong> <br><br>Vandet, der kommer ind i ovnen, skal have en maksimal total h\u00e5rdhed p\u00e5 3 dH. Der b\u00f8r ikke v\u00e6re klor i vandet. <br><br>Vand med en pH-v\u00e6rdi mellem 7 og 8 for at forhindre korrosion, da surhedsgraden vil medf\u00f8re korrosion i ovnen. Vand fra omvendt osmose har typisk en sur pH-v\u00e6rdi p\u00e5 6.  <br><br>Kloridindholdet m\u00e5 h\u00f8jst v\u00e6re 50 mg\/l, og selv dette kr\u00e6ver regelm\u00e6ssig reng\u00f8ring for at undg\u00e5 rester og ophobning af klorid. <\/div><div class=\"mtt-text-sections__text-container\"><strong><strong>Renset vand til din Invoq ovn<\/strong><\/strong><br><br>Vores filtreringsproces fjerner ikke kun partikler, men bruger ogs\u00e5 aktivt kul til at eliminere lugte, smage, sulfater og klor. Ved at filtrere vandet skaber du optimale betingelser for din Invoq ovn. Ved at filtrere vandet skaber du optimale betingelser for din Invoq ovn.  <br><br>HydroShields er specielt designet til Invoq ovne og overholder HACCP-direktiverne for at sikre, at de er godkendt til sikker f\u00f8devareforberedelse. <br><br>\u2013 St\u00f8rrelse L (3600) anbefales til h\u00e5rdhed p\u00e5 dH 3-6.<br>\u2013 St\u00f8rrelse XL (6000) anbefales til h\u00e5rdhed p\u00e5 dH 6-30. <br><br>Fordele ved klart vand: <br><br>\u2013 Sikre optimale madlavnings- og bagningsresultater med ren damp. <br>\u2013 Minimer vedligeholdelseskrav gennem effektiv kalkkontrol. <br>\u2013 Forbedre reng\u00f8ringsresultater og reducere behovet for kemikalier, hvilket sparer omkostninger.<br>\u2013 Nyd et pletfrit og skinnende ovnrum med klart udsyn gennem glasd\u00f8ren. <br>\u2013 Oplev p\u00e5lidelig daglig drift og vedvarende h\u00f8j produktivitet uden afbrydelser. <br>\u2013 Forl\u00e6ng ovnens levetid. <\/div><\/div><\/div><\/section>\n\n\n\n\t<section class=\"mtt-accessories-slider spacing_top_80 spacing_bottom_80 spacing-classes-added\">\n\t\t<div class=\"mtt-accessories-slider__inner page_container\">\n\n\t\t\t<div class=\"loader mtt-accessories-slider__loader\"><div class=\"loader__inner\"><\/div><\/div>\n\n\t\t\t\n<div class=\"mtt-filter mtt-accessories-slider__filter\">\n\n    <div class=\"mtt-filter__container\">\n                    <h2 class=\"mtt-filter__title\">Andet ovntilbeh\u00f8r, du kan f\u00e5 brug for<\/h2>\n            <\/div>\n    \n    <div class=\"mtt-filter__container\">\n\n        \n                    <div class=\"mtt-filter__arrows slider-arrow-wrap\">\n                                                    <div class=\"swiper-button-prev\"><\/div>\n                    <div class=\"swiper-button-next\"><\/div>\n                            <\/div>\n        \n    <\/div>\n\n<\/div>\n\t\t\t<div class=\"mtt-accessories-slider__target\">\n\t\t\t\t<div class=\"swiper-container\">\n\t\t\t\t\t<div class=\"swiper-wrapper\">\n\t\t\t\t\t\t<li class=\"mtt-product-card swiper-slide product type-product post-34522 status-publish first instock product_cat-vandfiltre has-post-thumbnail taxable shipping-taxable purchasable product-type-variable\">\n\t<a href=\"https:\/\/houno.com\/da\/accessories\/hydroshield-udskiftningsfilter\/\" class=\"woocommerce-LoopProduct-link woocommerce-loop-product__link\">    <div class=\"mtt-product-card__content\">\n        <div class=\"mtt-product-card__brand\">\n            Vandfiltre        <\/div>\n        <div class=\"mtt-product-card__image\">\n            <img loading=\"lazy\" decoding=\"async\" width=\"300\" height=\"283\" src=\"https:\/\/houno.com\/wp-content\/uploads\/2025\/06\/HydroShield-two-sizes-300x283.png\" class=\"attachment-woocommerce_thumbnail size-woocommerce_thumbnail\" alt=\"HydroShield udskiftningsfilter\" srcset=\"https:\/\/houno.com\/wp-content\/uploads\/2025\/06\/HydroShield-two-sizes-300x283.png 300w, https:\/\/houno.com\/wp-content\/uploads\/2025\/06\/HydroShield-two-sizes-1024x967.png 1024w, https:\/\/houno.com\/wp-content\/uploads\/2025\/06\/HydroShield-two-sizes-768x726.png 768w, https:\/\/houno.com\/wp-content\/uploads\/2025\/06\/HydroShield-two-sizes-600x567.png 600w, https:\/\/houno.com\/wp-content\/uploads\/2025\/06\/HydroShield-two-sizes.png 1500w\" sizes=\"auto, (max-width: 300px) 100vw, 300px\" \/>        <\/div>\n\n        <div class=\"mtt-product-card__text-wrap\">\n            <div class=\"mtt-product-card__title\">\n                HydroShield udskiftningsfilter            <\/div>\n            <div class=\"mtt-product-card__sub-title\">\n                            <\/div>\n        <\/div>\n\n    <\/div>\n\t<\/a><\/li><li class=\"mtt-product-card swiper-slide product type-product post-11465 status-publish instock product_cat-vandfiltre has-post-thumbnail taxable shipping-taxable purchasable product-type-simple\">\n\t<a href=\"https:\/\/houno.com\/da\/accessories\/monteringssaet-til-filter\/\" class=\"woocommerce-LoopProduct-link woocommerce-loop-product__link\">    <div class=\"mtt-product-card__content\">\n        <div class=\"mtt-product-card__brand\">\n            Vandfiltre        <\/div>\n        <div class=\"mtt-product-card__image\">\n            <img loading=\"lazy\" decoding=\"async\" width=\"300\" height=\"265\" src=\"https:\/\/houno.com\/wp-content\/uploads\/2025\/06\/Mounting-kit_transparent-e1750926301509-300x265.png\" class=\"attachment-woocommerce_thumbnail size-woocommerce_thumbnail\" alt=\"Monteringss\u00e6t til filter\" srcset=\"https:\/\/houno.com\/wp-content\/uploads\/2025\/06\/Mounting-kit_transparent-e1750926301509-300x265.png 300w, https:\/\/houno.com\/wp-content\/uploads\/2025\/06\/Mounting-kit_transparent-e1750926301509-1024x904.png 1024w, https:\/\/houno.com\/wp-content\/uploads\/2025\/06\/Mounting-kit_transparent-e1750926301509-768x678.png 768w, https:\/\/houno.com\/wp-content\/uploads\/2025\/06\/Mounting-kit_transparent-e1750926301509-600x530.png 600w, https:\/\/houno.com\/wp-content\/uploads\/2025\/06\/Mounting-kit_transparent-e1750926301509.png 1348w\" sizes=\"auto, (max-width: 300px) 100vw, 300px\" \/>        <\/div>\n\n        <div class=\"mtt-product-card__text-wrap\">\n            <div class=\"mtt-product-card__title\">\n                Monteringss\u00e6t til filter            <\/div>\n            <div class=\"mtt-product-card__sub-title\">\n                            <\/div>\n        <\/div>\n\n    <\/div>\n\t<\/a><\/li><li class=\"mtt-product-card swiper-slide product type-product post-11312 status-publish instock product_cat-vandfiltre has-post-thumbnail taxable shipping-taxable purchasable product-type-simple\">\n\t<a href=\"https:\/\/houno.com\/da\/accessories\/slangesaet-til-vandfilter\/\" class=\"woocommerce-LoopProduct-link woocommerce-loop-product__link\">    <div class=\"mtt-product-card__content\">\n        <div class=\"mtt-product-card__brand\">\n            Vandfiltre        <\/div>\n        <div class=\"mtt-product-card__image\">\n            <img loading=\"lazy\" decoding=\"async\" width=\"300\" height=\"190\" src=\"https:\/\/houno.com\/wp-content\/uploads\/2021\/01\/webshop_Hose-kit-for-water-filters-300x190.png\" class=\"attachment-woocommerce_thumbnail size-woocommerce_thumbnail\" alt=\"Slanges\u00e6t til vandfilter\" srcset=\"https:\/\/houno.com\/wp-content\/uploads\/2021\/01\/webshop_Hose-kit-for-water-filters-300x190.png 300w, https:\/\/houno.com\/wp-content\/uploads\/2021\/01\/webshop_Hose-kit-for-water-filters.png 473w\" sizes=\"auto, (max-width: 300px) 100vw, 300px\" \/>        <\/div>\n\n        <div class=\"mtt-product-card__text-wrap\">\n            <div class=\"mtt-product-card__title\">\n                Slanges\u00e6t til vandfilter            <\/div>\n            <div class=\"mtt-product-card__sub-title\">\n                            <\/div>\n        <\/div>\n\n    <\/div>\n\t<\/a><\/li><li class=\"mtt-product-card swiper-slide product type-product post-11457 status-publish last instock product_cat-vandfiltre has-post-thumbnail taxable shipping-taxable purchasable product-type-simple\">\n\t<a href=\"https:\/\/houno.com\/da\/accessories\/filterhoved-hoved-til-vandfiltre\/\" class=\"woocommerce-LoopProduct-link woocommerce-loop-product__link\">    <div class=\"mtt-product-card__content\">\n        <div class=\"mtt-product-card__brand\">\n            Vandfiltre        <\/div>\n        <div class=\"mtt-product-card__image\">\n            <img loading=\"lazy\" decoding=\"async\" width=\"300\" height=\"327\" src=\"https:\/\/houno.com\/wp-content\/uploads\/2021\/01\/Filter-head_Houno-1_transparent-300x327.png\" class=\"attachment-woocommerce_thumbnail size-woocommerce_thumbnail\" alt=\"Filterhoved \u2013 hoved til vandfiltre\" srcset=\"https:\/\/houno.com\/wp-content\/uploads\/2021\/01\/Filter-head_Houno-1_transparent-300x327.png 300w, https:\/\/houno.com\/wp-content\/uploads\/2021\/01\/Filter-head_Houno-1_transparent-939x1024.png 939w, https:\/\/houno.com\/wp-content\/uploads\/2021\/01\/Filter-head_Houno-1_transparent-768x838.png 768w, https:\/\/houno.com\/wp-content\/uploads\/2021\/01\/Filter-head_Houno-1_transparent-275x300.png 275w, https:\/\/houno.com\/wp-content\/uploads\/2021\/01\/Filter-head_Houno-1_transparent-600x655.png 600w, https:\/\/houno.com\/wp-content\/uploads\/2021\/01\/Filter-head_Houno-1_transparent.png 1604w\" sizes=\"auto, (max-width: 300px) 100vw, 300px\" \/>        <\/div>\n\n        <div class=\"mtt-product-card__text-wrap\">\n            <div class=\"mtt-product-card__title\">\n                Filterhoved \u2013 hoved til vandfiltre            <\/div>\n            <div class=\"mtt-product-card__sub-title\">\n                            <\/div>\n        <\/div>\n\n    <\/div>\n\t<\/a><\/li><li class=\"mtt-product-card swiper-slide product type-product post-10503 status-publish first instock product_cat-vandfiltre has-post-thumbnail taxable shipping-taxable purchasable product-type-simple\">\n\t<a href=\"https:\/\/houno.com\/da\/accessories\/total-hardhed-test-strips\/\" class=\"woocommerce-LoopProduct-link woocommerce-loop-product__link\">    <div class=\"mtt-product-card__content\">\n        <div class=\"mtt-product-card__brand\">\n            Vandfiltre        <\/div>\n        <div class=\"mtt-product-card__image\">\n            <img loading=\"lazy\" decoding=\"async\" width=\"259\" height=\"200\" src=\"https:\/\/houno.com\/wp-content\/uploads\/2021\/01\/Webshop_test-strips1.png\" class=\"attachment-woocommerce_thumbnail size-woocommerce_thumbnail\" alt=\"Total hardness test strips\" \/>        <\/div>\n\n        <div class=\"mtt-product-card__text-wrap\">\n            <div class=\"mtt-product-card__title\">\n                Total h\u00e5rdhed test &#8211; Strips            <\/div>\n            <div class=\"mtt-product-card__sub-title\">\n                            <\/div>\n        <\/div>\n\n    <\/div>\n\t<\/a><\/li><li class=\"mtt-product-card swiper-slide product type-product post-11397 status-publish instock product_cat-vandfiltre has-post-thumbnail taxable shipping-taxable purchasable product-type-simple\">\n\t<a href=\"https:\/\/houno.com\/da\/accessories\/total-hardhed-test-drabe\/\" class=\"woocommerce-LoopProduct-link woocommerce-loop-product__link\">    <div class=\"mtt-product-card__content\">\n        <div class=\"mtt-product-card__brand\">\n            Vandfiltre        <\/div>\n        <div class=\"mtt-product-card__image\">\n            <img loading=\"lazy\" decoding=\"async\" width=\"300\" height=\"217\" src=\"https:\/\/houno.com\/wp-content\/uploads\/2021\/01\/webshop_total-hardness-test-300x217.png\" class=\"attachment-woocommerce_thumbnail size-woocommerce_thumbnail\" alt=\"Total h\u00e5rdhed test - Dr\u00e5be\" srcset=\"https:\/\/houno.com\/wp-content\/uploads\/2021\/01\/webshop_total-hardness-test-300x217.png 300w, https:\/\/houno.com\/wp-content\/uploads\/2021\/01\/webshop_total-hardness-test.png 415w\" sizes=\"auto, (max-width: 300px) 100vw, 300px\" \/>        <\/div>\n\n        <div class=\"mtt-product-card__text-wrap\">\n            <div class=\"mtt-product-card__title\">\n                Total h\u00e5rdhed test &#8211; Dr\u00e5be            <\/div>\n            <div class=\"mtt-product-card__sub-title\">\n                            <\/div>\n        <\/div>\n\n    <\/div>\n\t<\/a><\/li>\t\t\t\t\t<\/div>\n\t\t\t\t<\/div>\n\t\t\t<\/div>\n\n\t\t<\/div>\n\t<\/section>\n\n","protected":false},"excerpt":{"rendered":"<p>HydroShield vandfilter komplet pakke er en ideel pakke til at forl\u00e6nge levetiden p\u00e5 din Invoq ovne.<\/p>\n<p>&nbsp;<\/p>\n<p>Den inkluderer et HydroShield-filter, et monteringskit til filter med beslag, filterhoved og slanger samt en vanddr\u00e5betest.<\/p>\n","protected":false},"featured_media":34535,"template":"","meta":{"_acf_changed":true,"_relevanssi_hide_post":"","_relevanssi_hide_content":"","_relevanssi_pin_for_all":"","_relevanssi_pin_keywords":"","_relevanssi_unpin_keywords":"","_relevanssi_related_keywords":"","_relevanssi_related_include_ids":"","_relevanssi_related_exclude_ids":"","_relevanssi_related_no_append":"","_relevanssi_related_not_related":"","_relevanssi_related_posts":"28125,29014,29882,20814,24336,30138","_relevanssi_noindex_reason":""},"certifications":[],"product_brand":[],"product_cat":[153],"product_tag":[],"class_list":{"0":"post-34687","1":"product","2":"type-product","3":"status-publish","4":"has-post-thumbnail","6":"product_cat-vandfiltre","7":"product_shipping_class-misc-da","9":"","10":"instock","11":"taxable","12":"shipping-taxable","13":"purchasable","14":"product-type-variable"},"acf":[],"yoast_head":"<!-- This site is optimized with the Yoast SEO Premium plugin v27.3 (Yoast SEO v27.4) - https:\/\/yoast.com\/product\/yoast-seo-premium-wordpress\/ -->\n<title>HydroShield vandfilter komplet pakke til HOUN\u00d6 Invoq ovne<\/title>\n<meta name=\"description\" content=\"HydroShield vandfilter komplet pakke er en ideel pakke til at forl\u00e6nge levetiden p\u00e5 din Invoq ovne. &nbsp; Den inkluderer et HydroShield-filter, et monteringskit til filter med beslag, filterhoved og slanger samt en vanddr\u00e5betest.\" \/>\n<meta name=\"robots\" content=\"index, follow, max-snippet:-1, max-image-preview:large, max-video-preview:-1\" \/>\n<link rel=\"canonical\" href=\"https:\/\/houno.com\/da\/accessories\/hydroshield-vandfilter-complete-pakke\/\" \/>\n<meta property=\"og:locale\" content=\"da_DK\" \/>\n<meta property=\"og:type\" content=\"article\" \/>\n<meta property=\"og:title\" content=\"HydroShield vandfilter komplet pakke\" \/>\n<meta property=\"og:description\" content=\"HydroShield vandfilter komplet pakke er en ideel pakke til at forl\u00e6nge levetiden p\u00e5 din Invoq ovne. &nbsp; Den inkluderer et HydroShield-filter, et monteringskit til filter med beslag, filterhoved og slanger samt en vanddr\u00e5betest.\" \/>\n<meta property=\"og:url\" content=\"https:\/\/houno.com\/da\/accessories\/hydroshield-vandfilter-complete-pakke\/\" \/>\n<meta property=\"og:site_name\" content=\"HOUN\u00d6\" \/>\n<meta property=\"article:publisher\" content=\"https:\/\/www.facebook.com\/hounocombi\" \/>\n<meta property=\"article:modified_time\" content=\"2026-03-19T09:10:30+00:00\" \/>\n<meta property=\"og:image\" content=\"https:\/\/houno.com\/wp-content\/uploads\/2025\/06\/108138_HydroShield_L_C_b-transparent.png\" \/>\n\t<meta property=\"og:image:width\" content=\"500\" \/>\n\t<meta property=\"og:image:height\" content=\"500\" \/>\n\t<meta property=\"og:image:type\" content=\"image\/png\" \/>\n<meta name=\"twitter:card\" content=\"summary_large_image\" \/>\n<meta name=\"twitter:label1\" content=\"Estimeret l\u00e6setid\" \/>\n\t<meta name=\"twitter:data1\" content=\"2 minutter\" \/>\n<script type=\"application\/ld+json\" class=\"yoast-schema-graph\">{\"@context\":\"https:\\\/\\\/schema.org\",\"@graph\":[{\"@type\":\"WebPage\",\"@id\":\"https:\\\/\\\/houno.com\\\/da\\\/accessories\\\/hydroshield-vandfilter-complete-pakke\\\/\",\"url\":\"https:\\\/\\\/houno.com\\\/da\\\/accessories\\\/hydroshield-vandfilter-complete-pakke\\\/\",\"name\":\"HydroShield vandfilter komplet pakke til HOUN\u00d6 Invoq ovne\",\"isPartOf\":{\"@id\":\"https:\\\/\\\/houno.com\\\/da\\\/#website\"},\"primaryImageOfPage\":{\"@id\":\"https:\\\/\\\/houno.com\\\/da\\\/accessories\\\/hydroshield-vandfilter-complete-pakke\\\/#primaryimage\"},\"image\":{\"@id\":\"https:\\\/\\\/houno.com\\\/da\\\/accessories\\\/hydroshield-vandfilter-complete-pakke\\\/#primaryimage\"},\"thumbnailUrl\":\"https:\\\/\\\/houno.com\\\/wp-content\\\/uploads\\\/2025\\\/06\\\/108138_HydroShield_L_C_b-transparent.png\",\"datePublished\":\"2025-06-26T13:07:55+00:00\",\"dateModified\":\"2026-03-19T09:10:30+00:00\",\"description\":\"HydroShield vandfilter komplet pakke er en ideel pakke til at forl\u00e6nge levetiden p\u00e5 din Invoq ovne. &nbsp; Den inkluderer et HydroShield-filter, et monteringskit til filter med beslag, filterhoved og slanger samt en vanddr\u00e5betest.\",\"breadcrumb\":{\"@id\":\"https:\\\/\\\/houno.com\\\/da\\\/accessories\\\/hydroshield-vandfilter-complete-pakke\\\/#breadcrumb\"},\"inLanguage\":\"da-DK\",\"potentialAction\":[{\"@type\":\"ReadAction\",\"target\":[\"https:\\\/\\\/houno.com\\\/da\\\/accessories\\\/hydroshield-vandfilter-complete-pakke\\\/\"]}]},{\"@type\":\"ImageObject\",\"inLanguage\":\"da-DK\",\"@id\":\"https:\\\/\\\/houno.com\\\/da\\\/accessories\\\/hydroshield-vandfilter-complete-pakke\\\/#primaryimage\",\"url\":\"https:\\\/\\\/houno.com\\\/wp-content\\\/uploads\\\/2025\\\/06\\\/108138_HydroShield_L_C_b-transparent.png\",\"contentUrl\":\"https:\\\/\\\/houno.com\\\/wp-content\\\/uploads\\\/2025\\\/06\\\/108138_HydroShield_L_C_b-transparent.png\",\"width\":500,\"height\":500},{\"@type\":\"BreadcrumbList\",\"@id\":\"https:\\\/\\\/houno.com\\\/da\\\/accessories\\\/hydroshield-vandfilter-complete-pakke\\\/#breadcrumb\",\"itemListElement\":[{\"@type\":\"ListItem\",\"position\":1,\"name\":\"Home\",\"item\":\"https:\\\/\\\/houno.com\\\/da\\\/\"},{\"@type\":\"ListItem\",\"position\":2,\"name\":\"Tilbeh\u00f8r til ovn\",\"item\":\"https:\\\/\\\/houno.com\\\/da\\\/tilbehoer\\\/\"},{\"@type\":\"ListItem\",\"position\":3,\"name\":\"HydroShield vandfilter komplet pakke\"}]},{\"@type\":\"WebSite\",\"@id\":\"https:\\\/\\\/houno.com\\\/da\\\/#website\",\"url\":\"https:\\\/\\\/houno.com\\\/da\\\/\",\"name\":\"HOUN\u00d6\",\"description\":\"Premium commercial combi and bake ovens manufacturer aims for making service simple, smart and efficient\",\"publisher\":{\"@id\":\"https:\\\/\\\/houno.com\\\/da\\\/#organization\"},\"potentialAction\":[{\"@type\":\"SearchAction\",\"target\":{\"@type\":\"EntryPoint\",\"urlTemplate\":\"https:\\\/\\\/houno.com\\\/da\\\/?s={search_term_string}\"},\"query-input\":{\"@type\":\"PropertyValueSpecification\",\"valueRequired\":true,\"valueName\":\"search_term_string\"}}],\"inLanguage\":\"da-DK\"},{\"@type\":\"Organization\",\"@id\":\"https:\\\/\\\/houno.com\\\/da\\\/#organization\",\"name\":\"HOUN\u00d6\",\"url\":\"https:\\\/\\\/houno.com\\\/da\\\/\",\"logo\":{\"@type\":\"ImageObject\",\"inLanguage\":\"da-DK\",\"@id\":\"https:\\\/\\\/houno.com\\\/da\\\/#\\\/schema\\\/logo\\\/image\\\/\",\"url\":\"https:\\\/\\\/houno.com\\\/wp-content\\\/uploads\\\/2021\\\/08\\\/cropped-Houno\u00a6e_id_logo-black-e1634730012288.png\",\"contentUrl\":\"https:\\\/\\\/houno.com\\\/wp-content\\\/uploads\\\/2021\\\/08\\\/cropped-Houno\u00a6e_id_logo-black-e1634730012288.png\",\"width\":250,\"height\":59,\"caption\":\"HOUN\u00d6\"},\"image\":{\"@id\":\"https:\\\/\\\/houno.com\\\/da\\\/#\\\/schema\\\/logo\\\/image\\\/\"},\"sameAs\":[\"https:\\\/\\\/www.facebook.com\\\/hounocombi\",\"https:\\\/\\\/www.linkedin.com\\\/company\\\/houno\\\/\"]}]}<\/script>\n<!-- \/ Yoast SEO Premium plugin. -->","yoast_head_json":{"title":"HydroShield vandfilter komplet pakke til HOUN\u00d6 Invoq ovne","description":"HydroShield vandfilter komplet pakke er en ideel pakke til at forl\u00e6nge levetiden p\u00e5 din Invoq ovne. &nbsp; Den inkluderer et HydroShield-filter, et monteringskit til filter med beslag, filterhoved og slanger samt en vanddr\u00e5betest.","robots":{"index":"index","follow":"follow","max-snippet":"max-snippet:-1","max-image-preview":"max-image-preview:large","max-video-preview":"max-video-preview:-1"},"canonical":"https:\/\/houno.com\/da\/accessories\/hydroshield-vandfilter-complete-pakke\/","og_locale":"da_DK","og_type":"article","og_title":"HydroShield vandfilter komplet pakke","og_description":"HydroShield vandfilter komplet pakke er en ideel pakke til at forl\u00e6nge levetiden p\u00e5 din Invoq ovne. &nbsp; Den inkluderer et HydroShield-filter, et monteringskit til filter med beslag, filterhoved og slanger samt en vanddr\u00e5betest.","og_url":"https:\/\/houno.com\/da\/accessories\/hydroshield-vandfilter-complete-pakke\/","og_site_name":"HOUN\u00d6","article_publisher":"https:\/\/www.facebook.com\/hounocombi","article_modified_time":"2026-03-19T09:10:30+00:00","og_image":[{"width":500,"height":500,"url":"https:\/\/houno.com\/wp-content\/uploads\/2025\/06\/108138_HydroShield_L_C_b-transparent.png","type":"image\/png"}],"twitter_card":"summary_large_image","twitter_misc":{"Estimeret l\u00e6setid":"2 minutter"},"schema":{"@context":"https:\/\/schema.org","@graph":[{"@type":"WebPage","@id":"https:\/\/houno.com\/da\/accessories\/hydroshield-vandfilter-complete-pakke\/","url":"https:\/\/houno.com\/da\/accessories\/hydroshield-vandfilter-complete-pakke\/","name":"HydroShield vandfilter komplet pakke til HOUN\u00d6 Invoq ovne","isPartOf":{"@id":"https:\/\/houno.com\/da\/#website"},"primaryImageOfPage":{"@id":"https:\/\/houno.com\/da\/accessories\/hydroshield-vandfilter-complete-pakke\/#primaryimage"},"image":{"@id":"https:\/\/houno.com\/da\/accessories\/hydroshield-vandfilter-complete-pakke\/#primaryimage"},"thumbnailUrl":"https:\/\/houno.com\/wp-content\/uploads\/2025\/06\/108138_HydroShield_L_C_b-transparent.png","datePublished":"2025-06-26T13:07:55+00:00","dateModified":"2026-03-19T09:10:30+00:00","description":"HydroShield vandfilter komplet pakke er en ideel pakke til at forl\u00e6nge levetiden p\u00e5 din Invoq ovne. &nbsp; Den inkluderer et HydroShield-filter, et monteringskit til filter med beslag, filterhoved og slanger samt en vanddr\u00e5betest.","breadcrumb":{"@id":"https:\/\/houno.com\/da\/accessories\/hydroshield-vandfilter-complete-pakke\/#breadcrumb"},"inLanguage":"da-DK","potentialAction":[{"@type":"ReadAction","target":["https:\/\/houno.com\/da\/accessories\/hydroshield-vandfilter-complete-pakke\/"]}]},{"@type":"ImageObject","inLanguage":"da-DK","@id":"https:\/\/houno.com\/da\/accessories\/hydroshield-vandfilter-complete-pakke\/#primaryimage","url":"https:\/\/houno.com\/wp-content\/uploads\/2025\/06\/108138_HydroShield_L_C_b-transparent.png","contentUrl":"https:\/\/houno.com\/wp-content\/uploads\/2025\/06\/108138_HydroShield_L_C_b-transparent.png","width":500,"height":500},{"@type":"BreadcrumbList","@id":"https:\/\/houno.com\/da\/accessories\/hydroshield-vandfilter-complete-pakke\/#breadcrumb","itemListElement":[{"@type":"ListItem","position":1,"name":"Home","item":"https:\/\/houno.com\/da\/"},{"@type":"ListItem","position":2,"name":"Tilbeh\u00f8r til ovn","item":"https:\/\/houno.com\/da\/tilbehoer\/"},{"@type":"ListItem","position":3,"name":"HydroShield vandfilter komplet pakke"}]},{"@type":"WebSite","@id":"https:\/\/houno.com\/da\/#website","url":"https:\/\/houno.com\/da\/","name":"HOUN\u00d6","description":"Premium commercial combi and bake ovens manufacturer aims for making service simple, smart and efficient","publisher":{"@id":"https:\/\/houno.com\/da\/#organization"},"potentialAction":[{"@type":"SearchAction","target":{"@type":"EntryPoint","urlTemplate":"https:\/\/houno.com\/da\/?s={search_term_string}"},"query-input":{"@type":"PropertyValueSpecification","valueRequired":true,"valueName":"search_term_string"}}],"inLanguage":"da-DK"},{"@type":"Organization","@id":"https:\/\/houno.com\/da\/#organization","name":"HOUN\u00d6","url":"https:\/\/houno.com\/da\/","logo":{"@type":"ImageObject","inLanguage":"da-DK","@id":"https:\/\/houno.com\/da\/#\/schema\/logo\/image\/","url":"https:\/\/houno.com\/wp-content\/uploads\/2021\/08\/cropped-Houno\u00a6e_id_logo-black-e1634730012288.png","contentUrl":"https:\/\/houno.com\/wp-content\/uploads\/2021\/08\/cropped-Houno\u00a6e_id_logo-black-e1634730012288.png","width":250,"height":59,"caption":"HOUN\u00d6"},"image":{"@id":"https:\/\/houno.com\/da\/#\/schema\/logo\/image\/"},"sameAs":["https:\/\/www.facebook.com\/hounocombi","https:\/\/www.linkedin.com\/company\/houno\/"]}]}},"_links":{"self":[{"href":"https:\/\/houno.com\/da\/wp-json\/wp\/v2\/product\/34687","targetHints":{"allow":["GET"]}}],"collection":[{"href":"https:\/\/houno.com\/da\/wp-json\/wp\/v2\/product"}],"about":[{"href":"https:\/\/houno.com\/da\/wp-json\/wp\/v2\/types\/product"}],"wp:featuredmedia":[{"embeddable":true,"href":"https:\/\/houno.com\/da\/wp-json\/wp\/v2\/media\/34535"}],"wp:attachment":[{"href":"https:\/\/houno.com\/da\/wp-json\/wp\/v2\/media?parent=34687"}],"wp:term":[{"taxonomy":"certifications","embeddable":true,"href":"https:\/\/houno.com\/da\/wp-json\/wp\/v2\/certifications?post=34687"},{"taxonomy":"product_brand","embeddable":true,"href":"https:\/\/houno.com\/da\/wp-json\/wp\/v2\/product_brand?post=34687"},{"taxonomy":"product_cat","embeddable":true,"href":"https:\/\/houno.com\/da\/wp-json\/wp\/v2\/product_cat?post=34687"},{"taxonomy":"product_tag","embeddable":true,"href":"https:\/\/houno.com\/da\/wp-json\/wp\/v2\/product_tag?post=34687"}],"curies":[{"name":"wp","href":"https:\/\/api.w.org\/{rel}","templated":true}]}}