{"id":34522,"date":"2025-06-26T10:57:15","date_gmt":"2025-06-26T08:57:15","guid":{"rendered":"https:\/\/houno.com\/accessories\/hydroshield-water-filters-replacement\/"},"modified":"2025-07-07T11:58:15","modified_gmt":"2025-07-07T09:58:15","slug":"hydroshield-udskiftningsfilter","status":"publish","type":"product","link":"https:\/\/houno.com\/da\/accessories\/hydroshield-udskiftningsfilter\/","title":{"rendered":"HydroShield udskiftningsfilter"},"content":{"rendered":"\n<section class=\"wp-block-morningtrain-text-sections mtt-text-sections style background_element undefined is-style-no_bg\"><div class=\"mtt-text-sections__inner page_container  spacing_top_120 spacing_bottom_120\"><p class=\"mtt-text-sections__tagline mtt-tagline\">HOUN\u00d6 HydroShield udskiftningsfilter<\/p><h2 class=\"mtt-text-sections__title\">Information om produktet<\/h2><div class=\"mtt-text-sections__wrap\"><div class=\"mtt-text-sections__text-container\">HydroShield-vandfilteret fjerner total h\u00e5rdhed samt skadelige kemikalier for at sikre korrekt vandforsyning til din Invoq ovn. <br><br>Filterkapacitet og behov for udskiftning styres af ovnen. <br><br>HydroShields er specielt udviklet til Invoq ovne og er godkendt til f\u00f8devareforberedelse i henhold til HACCP-direktiverne. <br><br><strong>HydroShield-teknologi<\/strong> <br><br>&#8211; Fem-trins filtrering for ensartet og optimal vandkvalitet. <br>&#8211; Praktisk og kompakt til fleksibel installation (lodret eller vandret). <br>&#8211; Brugervenlig tilslutning via ovnens kontrolenhed. <br>&#8211; Overv\u00e5gning af vandforbrug. <br>&#8211; Brugervejledning til rettidig udskiftning af filteret. <br>&#8211; Hurtig og nem udskiftning af filter. <br>&#8211; Automatisk lukkeventil under filterudskiftning. <br>&#8211; Hygiejnisk h\u00e6tte p\u00e5 filteret ved levering. <\/div><div class=\"mtt-text-sections__text-container\"><strong>Kulfiltreret vand<\/strong><br><br>Beskyt din ovn mod skadelige virkninger af kalk og andre mineraler ved at sikre den rette vandkvalitet. HydroShield fjerner b\u00e5de karbonath\u00e5rdhed og total h\u00e5rdhed, hvilket forhindrer ophobning af rester, der for\u00e5rsager korrosion og skade p\u00e5 rustfrit st\u00e5l i din ovn.  <br><br>Filtreringsprocessen fjerner partikler, og det aktive kul indeni fjerner lugt, smag, sulfater og klor. Filtrer vandet, og skab optimale betingelser for din Invoq ovn. <br><br>&#8211; St\u00f8rrelse L (3600) anbefales til h\u00e5rdhed p\u00e5 dH 3-6. <br>&#8211; St\u00f8rrelse XL (6000) anbefales til h\u00e5rdhed p\u00e5 dH 6-30. <br><br>Fordele ved klart vand:<br><br>&#8211; Ren damp for de allerbedste madlavnings- og bageresultater. <br>&#8211; Mindre vedligeholdelse p\u00e5 grund af kalkkontrol. <br>&#8211; Bedre reng\u00f8ringsresultater med mindre brug af kemikalier, hvilket sparer omkostninger. <br>&#8211; Rent og skinnende ovnrum med klart udsyn gennem glasd\u00f8ren. <br>&#8211; P\u00e5lidelig daglig drift og h\u00f8j produktivitet uden afbrydelser. <br>&#8211; L\u00e6ngere levetid for din ovn. <\/div><\/div><\/div><\/section>\n\n\n\n\t<section class=\"mtt-accessories-slider spacing_top_80 spacing_bottom_80 spacing-classes-added\">\n\t\t<div class=\"mtt-accessories-slider__inner page_container\">\n\n\t\t\t<div class=\"loader mtt-accessories-slider__loader\"><div class=\"loader__inner\"><\/div><\/div>\n\n\t\t\t\n<div class=\"mtt-filter mtt-accessories-slider__filter\">\n\n    <div class=\"mtt-filter__container\">\n                    <h2 class=\"mtt-filter__title\">Andet ovntilbeh\u00f8r, du kan f\u00e5 brug for<\/h2>\n            <\/div>\n    \n    <div class=\"mtt-filter__container\">\n\n        \n                    <div class=\"mtt-filter__arrows slider-arrow-wrap\">\n                                                    <div class=\"swiper-button-prev\"><\/div>\n                    <div class=\"swiper-button-next\"><\/div>\n                            <\/div>\n        \n    <\/div>\n\n<\/div>\n\t\t\t<div class=\"mtt-accessories-slider__target\">\n\t\t\t\t<div class=\"swiper-container\">\n\t\t\t\t\t<div class=\"swiper-wrapper\">\n\t\t\t\t\t\t<li class=\"mtt-product-card swiper-slide product type-product post-34687 status-publish first instock product_cat-vandfiltre has-post-thumbnail taxable shipping-taxable purchasable product-type-variable\">\n\t<a href=\"https:\/\/houno.com\/da\/accessories\/hydroshield-vandfilter-complete-pakke\/\" class=\"woocommerce-LoopProduct-link woocommerce-loop-product__link\">    <div class=\"mtt-product-card__content\">\n        <div class=\"mtt-product-card__brand\">\n            Vandfiltre        <\/div>\n        <div class=\"mtt-product-card__image\">\n            <img loading=\"lazy\" decoding=\"async\" width=\"300\" height=\"300\" src=\"https:\/\/houno.com\/wp-content\/uploads\/2025\/06\/108138_HydroShield_L_C_b-transparent-300x300.png\" class=\"attachment-woocommerce_thumbnail size-woocommerce_thumbnail\" alt=\"HydroShield vandfilter komplet pakke\" srcset=\"https:\/\/houno.com\/wp-content\/uploads\/2025\/06\/108138_HydroShield_L_C_b-transparent-300x300.png 300w, https:\/\/houno.com\/wp-content\/uploads\/2025\/06\/108138_HydroShield_L_C_b-transparent-100x100.png 100w, https:\/\/houno.com\/wp-content\/uploads\/2025\/06\/108138_HydroShield_L_C_b-transparent-150x150.png 150w, https:\/\/houno.com\/wp-content\/uploads\/2025\/06\/108138_HydroShield_L_C_b-transparent.png 500w\" sizes=\"auto, (max-width: 300px) 100vw, 300px\" \/>        <\/div>\n\n        <div class=\"mtt-product-card__text-wrap\">\n            <div class=\"mtt-product-card__title\">\n                HydroShield vandfilter komplet pakke            <\/div>\n            <div class=\"mtt-product-card__sub-title\">\n                            <\/div>\n        <\/div>\n\n    <\/div>\n\t<\/a><\/li><li class=\"mtt-product-card swiper-slide product type-product post-10503 status-publish instock product_cat-vandfiltre has-post-thumbnail taxable shipping-taxable purchasable product-type-simple\">\n\t<a href=\"https:\/\/houno.com\/da\/accessories\/total-hardhed-test-strips\/\" class=\"woocommerce-LoopProduct-link woocommerce-loop-product__link\">    <div class=\"mtt-product-card__content\">\n        <div class=\"mtt-product-card__brand\">\n            Vandfiltre        <\/div>\n        <div class=\"mtt-product-card__image\">\n            <img loading=\"lazy\" decoding=\"async\" width=\"259\" height=\"200\" src=\"https:\/\/houno.com\/wp-content\/uploads\/2021\/01\/Webshop_test-strips1.png\" class=\"attachment-woocommerce_thumbnail size-woocommerce_thumbnail\" alt=\"Total hardness test strips\" \/>        <\/div>\n\n        <div class=\"mtt-product-card__text-wrap\">\n            <div class=\"mtt-product-card__title\">\n                Total h\u00e5rdhed test &#8211; Strips            <\/div>\n            <div class=\"mtt-product-card__sub-title\">\n                            <\/div>\n        <\/div>\n\n    <\/div>\n\t<\/a><\/li><li class=\"mtt-product-card swiper-slide product type-product post-11312 status-publish instock product_cat-vandfiltre has-post-thumbnail taxable shipping-taxable purchasable product-type-simple\">\n\t<a href=\"https:\/\/houno.com\/da\/accessories\/slangesaet-til-vandfilter\/\" class=\"woocommerce-LoopProduct-link woocommerce-loop-product__link\">    <div class=\"mtt-product-card__content\">\n        <div class=\"mtt-product-card__brand\">\n            Vandfiltre        <\/div>\n        <div class=\"mtt-product-card__image\">\n            <img loading=\"lazy\" decoding=\"async\" width=\"300\" height=\"190\" src=\"https:\/\/houno.com\/wp-content\/uploads\/2021\/01\/webshop_Hose-kit-for-water-filters-300x190.png\" class=\"attachment-woocommerce_thumbnail size-woocommerce_thumbnail\" alt=\"Slanges\u00e6t til vandfilter\" srcset=\"https:\/\/houno.com\/wp-content\/uploads\/2021\/01\/webshop_Hose-kit-for-water-filters-300x190.png 300w, https:\/\/houno.com\/wp-content\/uploads\/2021\/01\/webshop_Hose-kit-for-water-filters.png 473w\" sizes=\"auto, (max-width: 300px) 100vw, 300px\" \/>        <\/div>\n\n        <div class=\"mtt-product-card__text-wrap\">\n            <div class=\"mtt-product-card__title\">\n                Slanges\u00e6t til vandfilter            <\/div>\n            <div class=\"mtt-product-card__sub-title\">\n                            <\/div>\n        <\/div>\n\n    <\/div>\n\t<\/a><\/li><li class=\"mtt-product-card swiper-slide product type-product post-11397 status-publish last instock product_cat-vandfiltre has-post-thumbnail taxable shipping-taxable purchasable product-type-simple\">\n\t<a href=\"https:\/\/houno.com\/da\/accessories\/total-hardhed-test-drabe\/\" class=\"woocommerce-LoopProduct-link woocommerce-loop-product__link\">    <div class=\"mtt-product-card__content\">\n        <div class=\"mtt-product-card__brand\">\n            Vandfiltre        <\/div>\n        <div class=\"mtt-product-card__image\">\n            <img loading=\"lazy\" decoding=\"async\" width=\"300\" height=\"217\" src=\"https:\/\/houno.com\/wp-content\/uploads\/2021\/01\/webshop_total-hardness-test-300x217.png\" class=\"attachment-woocommerce_thumbnail size-woocommerce_thumbnail\" alt=\"Total h\u00e5rdhed test - Dr\u00e5be\" srcset=\"https:\/\/houno.com\/wp-content\/uploads\/2021\/01\/webshop_total-hardness-test-300x217.png 300w, https:\/\/houno.com\/wp-content\/uploads\/2021\/01\/webshop_total-hardness-test.png 415w\" sizes=\"auto, (max-width: 300px) 100vw, 300px\" \/>        <\/div>\n\n        <div class=\"mtt-product-card__text-wrap\">\n            <div class=\"mtt-product-card__title\">\n                Total h\u00e5rdhed test &#8211; Dr\u00e5be            <\/div>\n            <div class=\"mtt-product-card__sub-title\">\n                            <\/div>\n        <\/div>\n\n    <\/div>\n\t<\/a><\/li><li class=\"mtt-product-card swiper-slide product type-product post-11457 status-publish first instock product_cat-vandfiltre has-post-thumbnail taxable shipping-taxable purchasable product-type-simple\">\n\t<a href=\"https:\/\/houno.com\/da\/accessories\/filterhoved-hoved-til-vandfiltre\/\" class=\"woocommerce-LoopProduct-link woocommerce-loop-product__link\">    <div class=\"mtt-product-card__content\">\n        <div class=\"mtt-product-card__brand\">\n            Vandfiltre        <\/div>\n        <div class=\"mtt-product-card__image\">\n            <img loading=\"lazy\" decoding=\"async\" width=\"300\" height=\"327\" src=\"https:\/\/houno.com\/wp-content\/uploads\/2021\/01\/Filter-head_Houno-1_transparent-300x327.png\" class=\"attachment-woocommerce_thumbnail size-woocommerce_thumbnail\" alt=\"Filterhoved \u2013 hoved til vandfiltre\" srcset=\"https:\/\/houno.com\/wp-content\/uploads\/2021\/01\/Filter-head_Houno-1_transparent-300x327.png 300w, https:\/\/houno.com\/wp-content\/uploads\/2021\/01\/Filter-head_Houno-1_transparent-939x1024.png 939w, https:\/\/houno.com\/wp-content\/uploads\/2021\/01\/Filter-head_Houno-1_transparent-768x838.png 768w, https:\/\/houno.com\/wp-content\/uploads\/2021\/01\/Filter-head_Houno-1_transparent-275x300.png 275w, https:\/\/houno.com\/wp-content\/uploads\/2021\/01\/Filter-head_Houno-1_transparent-600x655.png 600w, https:\/\/houno.com\/wp-content\/uploads\/2021\/01\/Filter-head_Houno-1_transparent.png 1604w\" sizes=\"auto, (max-width: 300px) 100vw, 300px\" \/>        <\/div>\n\n        <div class=\"mtt-product-card__text-wrap\">\n            <div class=\"mtt-product-card__title\">\n                Filterhoved \u2013 hoved til vandfiltre            <\/div>\n            <div class=\"mtt-product-card__sub-title\">\n                            <\/div>\n        <\/div>\n\n    <\/div>\n\t<\/a><\/li><li class=\"mtt-product-card swiper-slide product type-product post-11465 status-publish instock product_cat-vandfiltre has-post-thumbnail taxable shipping-taxable purchasable product-type-simple\">\n\t<a href=\"https:\/\/houno.com\/da\/accessories\/monteringssaet-til-filter\/\" class=\"woocommerce-LoopProduct-link woocommerce-loop-product__link\">    <div class=\"mtt-product-card__content\">\n        <div class=\"mtt-product-card__brand\">\n            Vandfiltre        <\/div>\n        <div class=\"mtt-product-card__image\">\n            <img loading=\"lazy\" decoding=\"async\" width=\"300\" height=\"265\" src=\"https:\/\/houno.com\/wp-content\/uploads\/2025\/06\/Mounting-kit_transparent-e1750926301509-300x265.png\" class=\"attachment-woocommerce_thumbnail size-woocommerce_thumbnail\" alt=\"Monteringss\u00e6t til filter\" srcset=\"https:\/\/houno.com\/wp-content\/uploads\/2025\/06\/Mounting-kit_transparent-e1750926301509-300x265.png 300w, https:\/\/houno.com\/wp-content\/uploads\/2025\/06\/Mounting-kit_transparent-e1750926301509-1024x904.png 1024w, https:\/\/houno.com\/wp-content\/uploads\/2025\/06\/Mounting-kit_transparent-e1750926301509-768x678.png 768w, https:\/\/houno.com\/wp-content\/uploads\/2025\/06\/Mounting-kit_transparent-e1750926301509-600x530.png 600w, https:\/\/houno.com\/wp-content\/uploads\/2025\/06\/Mounting-kit_transparent-e1750926301509.png 1348w\" sizes=\"auto, (max-width: 300px) 100vw, 300px\" \/>        <\/div>\n\n        <div class=\"mtt-product-card__text-wrap\">\n            <div class=\"mtt-product-card__title\">\n                Monteringss\u00e6t til filter            <\/div>\n            <div class=\"mtt-product-card__sub-title\">\n                            <\/div>\n        <\/div>\n\n    <\/div>\n\t<\/a><\/li>\t\t\t\t\t<\/div>\n\t\t\t\t<\/div>\n\t\t\t<\/div>\n\n\t\t<\/div>\n\t<\/section>\n\n","protected":false},"excerpt":{"rendered":"<p>Forl\u00e6ng levetiden p\u00e5 din ovn ved hj\u00e6lp af HydroShield-vandfiltre. Du forhindrer kalkaflejring og reducerer slid for\u00e5rsaget af vandets h\u00e5rdhed. <\/p>\n","protected":false},"featured_media":34513,"template":"","meta":{"_acf_changed":true,"_relevanssi_hide_post":"","_relevanssi_hide_content":"","_relevanssi_pin_for_all":"","_relevanssi_pin_keywords":"","_relevanssi_unpin_keywords":"","_relevanssi_related_keywords":"","_relevanssi_related_include_ids":"","_relevanssi_related_exclude_ids":"","_relevanssi_related_no_append":"","_relevanssi_related_not_related":"","_relevanssi_related_posts":"28565,31261,30125,30009,29891,32408","_relevanssi_noindex_reason":""},"certifications":[],"product_brand":[],"product_cat":[153],"product_tag":[],"class_list":{"0":"post-34522","1":"product","2":"type-product","3":"status-publish","4":"has-post-thumbnail","6":"product_cat-vandfiltre","7":"product_shipping_class-misc-da","9":"","10":"instock","11":"taxable","12":"shipping-taxable","13":"purchasable","14":"product-type-variable"},"acf":[],"yoast_head":"<!-- This site is optimized with the Yoast SEO Premium plugin v27.3 (Yoast SEO v27.4) - https:\/\/yoast.com\/product\/yoast-seo-premium-wordpress\/ -->\n<title>HydroShield udskiftningsfilter til HOUN\u00d6 Invoq ovne<\/title>\n<meta name=\"description\" content=\"Forl\u00e6ng levetiden p\u00e5 din ovn ved hj\u00e6lp af HydroShield-vandfiltre. Du forhindrer kalkaflejring og reducerer slid for\u00e5rsaget af vandets h\u00e5rdhed.\" \/>\n<meta name=\"robots\" content=\"index, follow, max-snippet:-1, max-image-preview:large, max-video-preview:-1\" \/>\n<link rel=\"canonical\" href=\"https:\/\/houno.com\/da\/accessories\/hydroshield-udskiftningsfilter\/\" \/>\n<meta property=\"og:locale\" content=\"da_DK\" \/>\n<meta property=\"og:type\" content=\"article\" \/>\n<meta property=\"og:title\" content=\"HydroShield udskiftningsfilter\" \/>\n<meta property=\"og:description\" content=\"Forl\u00e6ng levetiden p\u00e5 din ovn ved hj\u00e6lp af HydroShield-vandfiltre. Du forhindrer kalkaflejring og reducerer slid for\u00e5rsaget af vandets h\u00e5rdhed.\" \/>\n<meta property=\"og:url\" content=\"https:\/\/houno.com\/da\/accessories\/hydroshield-udskiftningsfilter\/\" \/>\n<meta property=\"og:site_name\" content=\"HOUN\u00d6\" \/>\n<meta property=\"article:publisher\" content=\"https:\/\/www.facebook.com\/hounocombi\" \/>\n<meta property=\"article:modified_time\" content=\"2025-07-07T09:58:15+00:00\" \/>\n<meta property=\"og:image\" content=\"https:\/\/houno.com\/wp-content\/uploads\/2025\/06\/HydroShield-two-sizes.png\" \/>\n\t<meta property=\"og:image:width\" content=\"1500\" \/>\n\t<meta property=\"og:image:height\" content=\"1417\" \/>\n\t<meta property=\"og:image:type\" content=\"image\/png\" \/>\n<meta name=\"twitter:card\" content=\"summary_large_image\" \/>\n<meta name=\"twitter:label1\" content=\"Estimeret l\u00e6setid\" \/>\n\t<meta name=\"twitter:data1\" content=\"3 minutter\" \/>\n<script type=\"application\/ld+json\" class=\"yoast-schema-graph\">{\"@context\":\"https:\\\/\\\/schema.org\",\"@graph\":[{\"@type\":\"WebPage\",\"@id\":\"https:\\\/\\\/houno.com\\\/da\\\/accessories\\\/hydroshield-udskiftningsfilter\\\/\",\"url\":\"https:\\\/\\\/houno.com\\\/da\\\/accessories\\\/hydroshield-udskiftningsfilter\\\/\",\"name\":\"HydroShield udskiftningsfilter til HOUN\u00d6 Invoq ovne\",\"isPartOf\":{\"@id\":\"https:\\\/\\\/houno.com\\\/da\\\/#website\"},\"primaryImageOfPage\":{\"@id\":\"https:\\\/\\\/houno.com\\\/da\\\/accessories\\\/hydroshield-udskiftningsfilter\\\/#primaryimage\"},\"image\":{\"@id\":\"https:\\\/\\\/houno.com\\\/da\\\/accessories\\\/hydroshield-udskiftningsfilter\\\/#primaryimage\"},\"thumbnailUrl\":\"https:\\\/\\\/houno.com\\\/wp-content\\\/uploads\\\/2025\\\/06\\\/HydroShield-two-sizes.png\",\"datePublished\":\"2025-06-26T08:57:15+00:00\",\"dateModified\":\"2025-07-07T09:58:15+00:00\",\"description\":\"Forl\u00e6ng levetiden p\u00e5 din ovn ved hj\u00e6lp af HydroShield-vandfiltre. Du forhindrer kalkaflejring og reducerer slid for\u00e5rsaget af vandets h\u00e5rdhed.\",\"breadcrumb\":{\"@id\":\"https:\\\/\\\/houno.com\\\/da\\\/accessories\\\/hydroshield-udskiftningsfilter\\\/#breadcrumb\"},\"inLanguage\":\"da-DK\",\"potentialAction\":[{\"@type\":\"ReadAction\",\"target\":[\"https:\\\/\\\/houno.com\\\/da\\\/accessories\\\/hydroshield-udskiftningsfilter\\\/\"]}]},{\"@type\":\"ImageObject\",\"inLanguage\":\"da-DK\",\"@id\":\"https:\\\/\\\/houno.com\\\/da\\\/accessories\\\/hydroshield-udskiftningsfilter\\\/#primaryimage\",\"url\":\"https:\\\/\\\/houno.com\\\/wp-content\\\/uploads\\\/2025\\\/06\\\/HydroShield-two-sizes.png\",\"contentUrl\":\"https:\\\/\\\/houno.com\\\/wp-content\\\/uploads\\\/2025\\\/06\\\/HydroShield-two-sizes.png\",\"width\":1500,\"height\":1417},{\"@type\":\"BreadcrumbList\",\"@id\":\"https:\\\/\\\/houno.com\\\/da\\\/accessories\\\/hydroshield-udskiftningsfilter\\\/#breadcrumb\",\"itemListElement\":[{\"@type\":\"ListItem\",\"position\":1,\"name\":\"Home\",\"item\":\"https:\\\/\\\/houno.com\\\/da\\\/\"},{\"@type\":\"ListItem\",\"position\":2,\"name\":\"Tilbeh\u00f8r til ovn\",\"item\":\"https:\\\/\\\/houno.com\\\/da\\\/tilbehoer\\\/\"},{\"@type\":\"ListItem\",\"position\":3,\"name\":\"HydroShield udskiftningsfilter\"}]},{\"@type\":\"WebSite\",\"@id\":\"https:\\\/\\\/houno.com\\\/da\\\/#website\",\"url\":\"https:\\\/\\\/houno.com\\\/da\\\/\",\"name\":\"HOUN\u00d6\",\"description\":\"Premium commercial combi and bake ovens manufacturer aims for making service simple, smart and efficient\",\"publisher\":{\"@id\":\"https:\\\/\\\/houno.com\\\/da\\\/#organization\"},\"potentialAction\":[{\"@type\":\"SearchAction\",\"target\":{\"@type\":\"EntryPoint\",\"urlTemplate\":\"https:\\\/\\\/houno.com\\\/da\\\/?s={search_term_string}\"},\"query-input\":{\"@type\":\"PropertyValueSpecification\",\"valueRequired\":true,\"valueName\":\"search_term_string\"}}],\"inLanguage\":\"da-DK\"},{\"@type\":\"Organization\",\"@id\":\"https:\\\/\\\/houno.com\\\/da\\\/#organization\",\"name\":\"HOUN\u00d6\",\"url\":\"https:\\\/\\\/houno.com\\\/da\\\/\",\"logo\":{\"@type\":\"ImageObject\",\"inLanguage\":\"da-DK\",\"@id\":\"https:\\\/\\\/houno.com\\\/da\\\/#\\\/schema\\\/logo\\\/image\\\/\",\"url\":\"https:\\\/\\\/houno.com\\\/wp-content\\\/uploads\\\/2021\\\/08\\\/cropped-Houno\u00a6e_id_logo-black-e1634730012288.png\",\"contentUrl\":\"https:\\\/\\\/houno.com\\\/wp-content\\\/uploads\\\/2021\\\/08\\\/cropped-Houno\u00a6e_id_logo-black-e1634730012288.png\",\"width\":250,\"height\":59,\"caption\":\"HOUN\u00d6\"},\"image\":{\"@id\":\"https:\\\/\\\/houno.com\\\/da\\\/#\\\/schema\\\/logo\\\/image\\\/\"},\"sameAs\":[\"https:\\\/\\\/www.facebook.com\\\/hounocombi\",\"https:\\\/\\\/www.linkedin.com\\\/company\\\/houno\\\/\"]}]}<\/script>\n<!-- \/ Yoast SEO Premium plugin. -->","yoast_head_json":{"title":"HydroShield udskiftningsfilter til HOUN\u00d6 Invoq ovne","description":"Forl\u00e6ng levetiden p\u00e5 din ovn ved hj\u00e6lp af HydroShield-vandfiltre. Du forhindrer kalkaflejring og reducerer slid for\u00e5rsaget af vandets h\u00e5rdhed.","robots":{"index":"index","follow":"follow","max-snippet":"max-snippet:-1","max-image-preview":"max-image-preview:large","max-video-preview":"max-video-preview:-1"},"canonical":"https:\/\/houno.com\/da\/accessories\/hydroshield-udskiftningsfilter\/","og_locale":"da_DK","og_type":"article","og_title":"HydroShield udskiftningsfilter","og_description":"Forl\u00e6ng levetiden p\u00e5 din ovn ved hj\u00e6lp af HydroShield-vandfiltre. Du forhindrer kalkaflejring og reducerer slid for\u00e5rsaget af vandets h\u00e5rdhed.","og_url":"https:\/\/houno.com\/da\/accessories\/hydroshield-udskiftningsfilter\/","og_site_name":"HOUN\u00d6","article_publisher":"https:\/\/www.facebook.com\/hounocombi","article_modified_time":"2025-07-07T09:58:15+00:00","og_image":[{"width":1500,"height":1417,"url":"https:\/\/houno.com\/wp-content\/uploads\/2025\/06\/HydroShield-two-sizes.png","type":"image\/png"}],"twitter_card":"summary_large_image","twitter_misc":{"Estimeret l\u00e6setid":"3 minutter"},"schema":{"@context":"https:\/\/schema.org","@graph":[{"@type":"WebPage","@id":"https:\/\/houno.com\/da\/accessories\/hydroshield-udskiftningsfilter\/","url":"https:\/\/houno.com\/da\/accessories\/hydroshield-udskiftningsfilter\/","name":"HydroShield udskiftningsfilter til HOUN\u00d6 Invoq ovne","isPartOf":{"@id":"https:\/\/houno.com\/da\/#website"},"primaryImageOfPage":{"@id":"https:\/\/houno.com\/da\/accessories\/hydroshield-udskiftningsfilter\/#primaryimage"},"image":{"@id":"https:\/\/houno.com\/da\/accessories\/hydroshield-udskiftningsfilter\/#primaryimage"},"thumbnailUrl":"https:\/\/houno.com\/wp-content\/uploads\/2025\/06\/HydroShield-two-sizes.png","datePublished":"2025-06-26T08:57:15+00:00","dateModified":"2025-07-07T09:58:15+00:00","description":"Forl\u00e6ng levetiden p\u00e5 din ovn ved hj\u00e6lp af HydroShield-vandfiltre. Du forhindrer kalkaflejring og reducerer slid for\u00e5rsaget af vandets h\u00e5rdhed.","breadcrumb":{"@id":"https:\/\/houno.com\/da\/accessories\/hydroshield-udskiftningsfilter\/#breadcrumb"},"inLanguage":"da-DK","potentialAction":[{"@type":"ReadAction","target":["https:\/\/houno.com\/da\/accessories\/hydroshield-udskiftningsfilter\/"]}]},{"@type":"ImageObject","inLanguage":"da-DK","@id":"https:\/\/houno.com\/da\/accessories\/hydroshield-udskiftningsfilter\/#primaryimage","url":"https:\/\/houno.com\/wp-content\/uploads\/2025\/06\/HydroShield-two-sizes.png","contentUrl":"https:\/\/houno.com\/wp-content\/uploads\/2025\/06\/HydroShield-two-sizes.png","width":1500,"height":1417},{"@type":"BreadcrumbList","@id":"https:\/\/houno.com\/da\/accessories\/hydroshield-udskiftningsfilter\/#breadcrumb","itemListElement":[{"@type":"ListItem","position":1,"name":"Home","item":"https:\/\/houno.com\/da\/"},{"@type":"ListItem","position":2,"name":"Tilbeh\u00f8r til ovn","item":"https:\/\/houno.com\/da\/tilbehoer\/"},{"@type":"ListItem","position":3,"name":"HydroShield udskiftningsfilter"}]},{"@type":"WebSite","@id":"https:\/\/houno.com\/da\/#website","url":"https:\/\/houno.com\/da\/","name":"HOUN\u00d6","description":"Premium commercial combi and bake ovens manufacturer aims for making service simple, smart and efficient","publisher":{"@id":"https:\/\/houno.com\/da\/#organization"},"potentialAction":[{"@type":"SearchAction","target":{"@type":"EntryPoint","urlTemplate":"https:\/\/houno.com\/da\/?s={search_term_string}"},"query-input":{"@type":"PropertyValueSpecification","valueRequired":true,"valueName":"search_term_string"}}],"inLanguage":"da-DK"},{"@type":"Organization","@id":"https:\/\/houno.com\/da\/#organization","name":"HOUN\u00d6","url":"https:\/\/houno.com\/da\/","logo":{"@type":"ImageObject","inLanguage":"da-DK","@id":"https:\/\/houno.com\/da\/#\/schema\/logo\/image\/","url":"https:\/\/houno.com\/wp-content\/uploads\/2021\/08\/cropped-Houno\u00a6e_id_logo-black-e1634730012288.png","contentUrl":"https:\/\/houno.com\/wp-content\/uploads\/2021\/08\/cropped-Houno\u00a6e_id_logo-black-e1634730012288.png","width":250,"height":59,"caption":"HOUN\u00d6"},"image":{"@id":"https:\/\/houno.com\/da\/#\/schema\/logo\/image\/"},"sameAs":["https:\/\/www.facebook.com\/hounocombi","https:\/\/www.linkedin.com\/company\/houno\/"]}]}},"_links":{"self":[{"href":"https:\/\/houno.com\/da\/wp-json\/wp\/v2\/product\/34522","targetHints":{"allow":["GET"]}}],"collection":[{"href":"https:\/\/houno.com\/da\/wp-json\/wp\/v2\/product"}],"about":[{"href":"https:\/\/houno.com\/da\/wp-json\/wp\/v2\/types\/product"}],"wp:featuredmedia":[{"embeddable":true,"href":"https:\/\/houno.com\/da\/wp-json\/wp\/v2\/media\/34513"}],"wp:attachment":[{"href":"https:\/\/houno.com\/da\/wp-json\/wp\/v2\/media?parent=34522"}],"wp:term":[{"taxonomy":"certifications","embeddable":true,"href":"https:\/\/houno.com\/da\/wp-json\/wp\/v2\/certifications?post=34522"},{"taxonomy":"product_brand","embeddable":true,"href":"https:\/\/houno.com\/da\/wp-json\/wp\/v2\/product_brand?post=34522"},{"taxonomy":"product_cat","embeddable":true,"href":"https:\/\/houno.com\/da\/wp-json\/wp\/v2\/product_cat?post=34522"},{"taxonomy":"product_tag","embeddable":true,"href":"https:\/\/houno.com\/da\/wp-json\/wp\/v2\/product_tag?post=34522"}],"curies":[{"name":"wp","href":"https:\/\/api.w.org\/{rel}","templated":true}]}}