{"id":643,"date":"2020-10-08T15:38:31","date_gmt":"2020-10-08T13:38:31","guid":{"rendered":"https:\/\/houno.com\/da.flamingo.ws\/?page_id=643"},"modified":"2024-03-03T11:24:59","modified_gmt":"2024-03-03T10:24:59","slug":"opskrifter","status":"publish","type":"page","link":"https:\/\/houno.com\/da\/opskrifter\/","title":{"rendered":"Opskrifter"},"content":{"rendered":"\r\n<section class=\"mtt-text-cover-slider\">\r\n    <div class=\"mtt-text-cover-slider__inner page_container\">\r\n\r\n                    <p class=\"mtt-text-cover-slider__tagline mtt-tagline\">Opskrifter<\/p>\r\n        \r\n        <div class=\"mtt-text-cover-slider__wrap\">\r\n            <div class=\"mtt-text-cover-slider__wrap-left\">\r\n                <h1 class=\"mtt-text-cover-slider__title\">L\u00e6kre og velsmagende opskrifter specielt lavet til din kombiovn<\/h1>                            <\/div>\r\n                            <div class=\"mtt-text-cover-slider__wrap-right\">\r\n                    <div class=\"mtt-text-cover-slider__text\"><p>Vi har samlet vores bedste opskrifter. Her finder du alt lige fra grillet b\u00f8f til tarte tartin &#8211; vi har noget for enhver smag. Vores kokke udvikler opskrifterne, s\u00e5 de er nemme at lave i en kombiovn. P\u00e5 hver opskrift f\u00e5r du samtidig de bedste kokke tips og tricks til madlavning i en kombiovn.<\/p>\n<\/div>\r\n                                    <\/div>\r\n                    <\/div>\r\n\r\n    <\/div>\r\n\r\n        <div class=\"vertical-stamp\">Est. 1977 Denmark<\/div><\/section>\n\n\n    <section id=\"recipes-archive\" class=\"mtt-recipes-archive spacing_bottom_120 spacing-classes-added\" data-url=\"https:\/\/houno.com\/da\/opskrifter\/\">\n        <div class=\"mtt-recipes-archive__inner page_container\">\n\n            <div class=\"loader loader--full mtt-recipes-archive__loader\"><div class=\"loader__inner\"><\/div><\/div>\n\n            <div class=\"mtt-filter mtt-recipes-archive__filter\">\n                <div class=\"mtt-filter__container\">\n                                    <\/div>\n                <div class=\"mtt-filter__container\">\n                                            <div class=\"mtt-filter__toggles\">\n                            <div class=\"mtt-filter__toggle mtt-filter__toggle--active\" data-cat=\"0\">\n                                Alle                            <\/div>\n                                                            <div class=\"mtt-filter__toggle\" data-cat=\"214\">\n                                    Br\u00f8d                                <\/div>\n                                                            <div class=\"mtt-filter__toggle\" data-cat=\"217\">\n                                    K\u00f8d                                <\/div>\n                                                            <div class=\"mtt-filter__toggle\" data-cat=\"216\">\n                                    Fisk                                <\/div>\n                                                            <div class=\"mtt-filter__toggle\" data-cat=\"219\">\n                                    Gr\u00f8ntsager                                <\/div>\n                                                            <div class=\"mtt-filter__toggle\" data-cat=\"215\">\n                                    Dessert                                <\/div>\n                                                            <div class=\"mtt-filter__toggle\" data-cat=\"218\">\n                                    Andet                                <\/div>\n                                                    <\/div>\n                                    <\/div>\n            <\/div>\n\n            <div class=\"mtt-recipes-archive__target\">\n                <a href=\"https:\/\/houno.com\/da\/recipes\/dampet-blomkaal-med-brunet-smoer-sauce\/\" class=\"mtt-recipe-card\">\n    <div class=\"mtt-recipe-card__image-container object-fit\">\n                    <img decoding=\"async\" src=\"https:\/\/houno.com\/wp-content\/uploads\/2026\/04\/Steamed_cauliflower_Invoq_web-2-scaled-300x200.jpg\" data-full=\"https:\/\/houno.com\/wp-content\/uploads\/2026\/04\/Steamed_cauliflower_Invoq_web-2-scaled-600x400.jpg\" alt=\"Dampet blomk\u00e5l med brunet sm\u00f8r-sauce Invoq opskrift\" lazy-load>\n            <\/div>\n    <div class=\"mtt-recipe-card__text-container\">\n        <p class=\"mtt-recipe-card__tagline\">Opskrift <span>|<\/span> 29 april 2026<\/p>\n        <h3 class=\"mtt-recipe-card__title\">Dampet blomk\u00e5l med brunet sm\u00f8r-sauce<\/h3>\n                    <div class=\"mtt-recipe-card__excerpt\"><p>Enjoy a flavorful steamed cauliflower recipe with brown butter sauce cooking steps and chef tips for the best results in your kitchen.<\/p>\n<\/div>\n            <\/div>\n<\/a><a href=\"https:\/\/houno.com\/da\/recipes\/jadoh-syier-dohkhleh-syier\/\" class=\"mtt-recipe-card\">\n    <div class=\"mtt-recipe-card__image-container object-fit\">\n                    <img decoding=\"async\" src=\"https:\/\/houno.com\/wp-content\/uploads\/2026\/04\/Jadoh_Syier_India_Invoq-300x300.png\" data-full=\"https:\/\/houno.com\/wp-content\/uploads\/2026\/04\/Jadoh_Syier_India_Invoq-600x600.png\" alt=\"Jadoh_Syier_India_Invoq\" lazy-load>\n            <\/div>\n    <div class=\"mtt-recipe-card__text-container\">\n        <p class=\"mtt-recipe-card__tagline\">Opskrift <span>|<\/span> 29 april 2026<\/p>\n        <h3 class=\"mtt-recipe-card__title\">Jadoh Syier &amp; Dohkhleh Syier<\/h3>\n                    <div class=\"mtt-recipe-card__excerpt\"><p>Oplev Jadohs opskrift p\u00e5 et l\u00e6kkert, traditionelt Khasi-m\u00e5ltid med fyldig kylling med ris og en frisk kyllingesalat.<\/p>\n<\/div>\n            <\/div>\n<\/a><a href=\"https:\/\/houno.com\/da\/recipes\/braiseret-svinebryst\/\" class=\"mtt-recipe-card\">\n    <div class=\"mtt-recipe-card__image-container object-fit\">\n                    <img decoding=\"async\" src=\"https:\/\/houno.com\/wp-content\/uploads\/2026\/04\/Braised_Pork_Belly_Invoq-scaled-300x214.jpeg\" data-full=\"https:\/\/houno.com\/wp-content\/uploads\/2026\/04\/Braised_Pork_Belly_Invoq-scaled-600x429.jpeg\" alt=\"Traditionel kinesisk ret: langtidstegt svinek\u00f8d med ris p\u00e5 en hvid tallerken\" lazy-load>\n            <\/div>\n    <div class=\"mtt-recipe-card__text-container\">\n        <p class=\"mtt-recipe-card__tagline\">Opskrift <span>|<\/span> 29 april 2026<\/p>\n        <h3 class=\"mtt-recipe-card__title\">Braiseret svinebryst<\/h3>\n                    <div class=\"mtt-recipe-card__excerpt\"><p>Nyd smagen af vores opskrift p\u00e5 braiseret svinebryst. F\u00e5 kokkens tips og detaljerede trin, s\u00e5 retten bliver en succes. <\/p>\n<\/div>\n            <\/div>\n<\/a><a href=\"https:\/\/houno.com\/da\/recipes\/poached-eggs-opskrift\/\" class=\"mtt-recipe-card\">\n    <div class=\"mtt-recipe-card__image-container object-fit\">\n                    <img decoding=\"async\" src=\"https:\/\/houno.com\/wp-content\/uploads\/2026\/04\/Poached_eggs_recipe_Invoq-scaled-300x213.jpg\" data-full=\"https:\/\/houno.com\/wp-content\/uploads\/2026\/04\/Poached_eggs_recipe_Invoq-scaled-600x427.jpg\" alt=\"Poached eggs opskrift\" lazy-load>\n            <\/div>\n    <div class=\"mtt-recipe-card__text-container\">\n        <p class=\"mtt-recipe-card__tagline\">Opskrift <span>|<\/span> 29 april 2026<\/p>\n        <h3 class=\"mtt-recipe-card__title\">Pocherede \u00e6g opskrift<\/h3>\n                    <div class=\"mtt-recipe-card__excerpt\"><p>Bliv en mester i k\u00f8kkenet med denne opskrift p\u00e5 pocherede \u00e6g, der er nem at f\u00f8lge med enkle trin til tilberedning og madlavning.<\/p>\n<\/div>\n            <\/div>\n<\/a><a href=\"https:\/\/houno.com\/da\/recipes\/mojo-rojo\/\" class=\"mtt-recipe-card\">\n    <div class=\"mtt-recipe-card__image-container object-fit\">\n                    <img decoding=\"async\" src=\"https:\/\/houno.com\/wp-content\/uploads\/2026\/04\/Mojo_rojo_Invoq_web-29-scaled-300x192.jpg\" data-full=\"https:\/\/houno.com\/wp-content\/uploads\/2026\/04\/Mojo_rojo_Invoq_web-29-scaled-600x383.jpg\" alt=\"Mojo rojo opskrfiter til Invoq ovnen\" lazy-load>\n            <\/div>\n    <div class=\"mtt-recipe-card__text-container\">\n        <p class=\"mtt-recipe-card__tagline\">Opskrift <span>|<\/span> 29 april 2026<\/p>\n        <h3 class=\"mtt-recipe-card__title\">Mojo Rojo<\/h3>\n                    <div class=\"mtt-recipe-card__excerpt\"><p>Se, hvordan du tilbereder en l\u00e6kker Mojo Rojo ret med detaljerede tilberedningsvejledninger og anbefalinger fra professionelle kokke.<\/p>\n<\/div>\n            <\/div>\n<\/a><a href=\"https:\/\/houno.com\/da\/recipes\/tatin-de-loignon-opskrift\/\" class=\"mtt-recipe-card\">\n    <div class=\"mtt-recipe-card__image-container object-fit\">\n                    <img decoding=\"async\" src=\"https:\/\/houno.com\/wp-content\/uploads\/2026\/02\/web-cover-300x223.jpg\" data-full=\"https:\/\/houno.com\/wp-content\/uploads\/2026\/02\/web-cover-600x446.jpg\" alt=\"Tatin de L\u2019Oignon (L\u00f8gtatin)\" lazy-load>\n            <\/div>\n    <div class=\"mtt-recipe-card__text-container\">\n        <p class=\"mtt-recipe-card__tagline\">Opskrift <span>|<\/span> 20 februar 2026<\/p>\n        <h3 class=\"mtt-recipe-card__title\">Tatin de L\u2019Oignon (L\u00f8gtatin)<\/h3>\n                    <div class=\"mtt-recipe-card__excerpt\"><p>Tatin de L\u2019Oignon opskrift, der er perfekt til smagsmenuer og store m\u00e6ngder. Invoq Multi-Tray sikrer j\u00e6vn karamellisering og en spr\u00f8d finish til denne elegante vegetariske forret. <\/p>\n<\/div>\n            <\/div>\n<\/a><a href=\"https:\/\/houno.com\/da\/recipes\/buche-de-noel\/\" class=\"mtt-recipe-card\">\n    <div class=\"mtt-recipe-card__image-container object-fit\">\n                    <img decoding=\"async\" src=\"https:\/\/houno.com\/wp-content\/uploads\/2025\/12\/Buche-de-Noel_1-300x169.jpg\" data-full=\"https:\/\/houno.com\/wp-content\/uploads\/2025\/12\/Buche-de-Noel_1-600x338.jpg\" alt=\"Buche de No\u00ebl_1\" lazy-load>\n            <\/div>\n    <div class=\"mtt-recipe-card__text-container\">\n        <p class=\"mtt-recipe-card__tagline\">Opskrift <span>|<\/span> 12 december 2025<\/p>\n        <h3 class=\"mtt-recipe-card__title\">B\u00fbche de No\u00ebl<\/h3>\n                    <div class=\"mtt-recipe-card__excerpt\"><p>Trin-for-trin vejledning og kokkens tips til professionelle resultater. Perfekt til julemenuer, julebuffeter og bagerudstillinger. <\/p>\n<\/div>\n            <\/div>\n<\/a><a href=\"https:\/\/houno.com\/da\/recipes\/urtecreme\/\" class=\"mtt-recipe-card\">\n    <div class=\"mtt-recipe-card__image-container object-fit\">\n                    <img decoding=\"async\" src=\"https:\/\/houno.com\/wp-content\/uploads\/2025\/07\/Greek-yogur_herb_dressing_Invoq_web-1-scaled-300x207.jpg\" data-full=\"https:\/\/houno.com\/wp-content\/uploads\/2025\/07\/Greek-yogur_herb_dressing_Invoq_web-1-scaled-600x414.jpg\" alt=\"Herb Cream \u2013 fresh and versatile dressing for the professional kitchen\" lazy-load>\n            <\/div>\n    <div class=\"mtt-recipe-card__text-container\">\n        <p class=\"mtt-recipe-card__tagline\">Opskrift <span>|<\/span> 16 juli 2025<\/p>\n        <h3 class=\"mtt-recipe-card__title\">Urtecreme<\/h3>\n                    <div class=\"mtt-recipe-card__excerpt\"><p>Frisk og cremet urtedressing til det professionelle k\u00f8kken. En alsidig og smagfuld creme, som l\u00f8fter alt fra sandwich og fisk til buffet og kolde salater. <\/p>\n<\/div>\n            <\/div>\n<\/a><a href=\"https:\/\/houno.com\/da\/recipes\/kyllingebryst-cordon-bleu-med-serranoskinke-og-brie\/\" class=\"mtt-recipe-card\">\n    <div class=\"mtt-recipe-card__image-container object-fit\">\n                    <img decoding=\"async\" src=\"https:\/\/houno.com\/wp-content\/uploads\/2025\/07\/Chicken-Cordon-Bleu_landscape_Invoq_web-15-1-scaled-300x200.jpg\" data-full=\"https:\/\/houno.com\/wp-content\/uploads\/2025\/07\/Chicken-Cordon-Bleu_landscape_Invoq_web-15-1-scaled-600x400.jpg\" alt=\"Chicken Breast Cordon Bleu with Serrano Ham &#038; Brie made in Invoq oven\" lazy-load>\n            <\/div>\n    <div class=\"mtt-recipe-card__text-container\">\n        <p class=\"mtt-recipe-card__tagline\">Opskrift <span>|<\/span> 15 juli 2025<\/p>\n        <h3 class=\"mtt-recipe-card__title\">Kyllingebryst Cordon Bleu med Serranoskinke &amp; Brie\u00a0\u00a0<\/h3>\n                    <div class=\"mtt-recipe-card__excerpt\"><p>En raffineret version af den klassiske Cordon Bleu \u2013 her med Brie og Serranoskinke. Tilberedt til perfektion i Invoq ovnen med spr\u00f8d skorpe og saftig kerne.<\/p>\n<\/div>\n            <\/div>\n<\/a>            <\/div>\n\n            \n            <div class=\"mtt-recipes-archive__pagination\">\n    \n    <div class=\"mtt-pagination\" data-main-url=\"https:\/\/houno.com\/da\/opskrifter\/\">\n\n        <!-- FIRST -->\n        \n                                    <!-- CURRENT -->\n                <span class=\"mtt-pagination__toggle mtt-pagination__toggle--active\">1<\/span>\n                                                <!-- OTHER -->\n                <a href=\"https:\/\/houno.com\/da\/opskrifter\/?pagenumber=2\" class=\"mtt-pagination__toggle\" data-page=\"2\">2<\/a>\n                                                <!-- OTHER -->\n                <a href=\"https:\/\/houno.com\/da\/opskrifter\/?pagenumber=3\" class=\"mtt-pagination__toggle\" data-page=\"3\">3<\/a>\n                                                                                                                                                                                                                            \n        <!-- LAST -->\n                                    <span class=\"mtt-pagination__toggle mtt-pagination__toggle--dots\">&#8230;<\/span>\n                                    <a href=\"https:\/\/houno.com\/da\/opskrifter\/?pagenumber=14\" class=\"mtt-pagination__toggle\" data-page=\"13\">13<\/a>\n        \n\n    <\/div>\n\n            <\/div>\n    \n            \n        <\/div>\n    <\/section>\n\n","protected":false},"excerpt":{"rendered":"","protected":false},"author":2,"featured_media":0,"parent":0,"menu_order":0,"comment_status":"closed","ping_status":"closed","template":"","meta":{"_acf_changed":false,"_relevanssi_hide_post":"","_relevanssi_hide_content":"","_relevanssi_pin_for_all":"","_relevanssi_pin_keywords":"","_relevanssi_unpin_keywords":"","_relevanssi_related_keywords":"","_relevanssi_related_include_ids":"","_relevanssi_related_exclude_ids":"","_relevanssi_related_no_append":"","_relevanssi_related_not_related":"","_relevanssi_related_posts":"1103,1133,1130,206,1128,193","_relevanssi_noindex_reason":"","footnotes":""},"class_list":["post-643","page","type-page","status-publish","hentry"],"acf":[],"yoast_head":"<!-- This site is optimized with the Yoast SEO Premium plugin v27.5 (Yoast SEO v27.5) - https:\/\/yoast.com\/product\/yoast-seo-premium-wordpress\/ -->\n<title>Find l\u00e6kre opskrifter speciallavet til dn kombiovn | HOUN\u00d6<\/title>\n<meta name=\"robots\" content=\"index, follow, max-snippet:-1, max-image-preview:large, max-video-preview:-1\" \/>\n<link rel=\"canonical\" href=\"https:\/\/houno.com\/da\/opskrifter\/\" \/>\n<meta property=\"og:locale\" content=\"da_DK\" \/>\n<meta property=\"og:type\" content=\"article\" \/>\n<meta property=\"og:title\" content=\"Opskrifter\" \/>\n<meta property=\"og:url\" content=\"https:\/\/houno.com\/da\/opskrifter\/\" \/>\n<meta property=\"og:site_name\" content=\"HOUN\u00d6\" \/>\n<meta property=\"article:publisher\" content=\"https:\/\/www.facebook.com\/hounocombi\" \/>\n<meta property=\"article:modified_time\" content=\"2024-03-03T10:24:59+00:00\" \/>\n<meta name=\"twitter:card\" content=\"summary_large_image\" \/>\n<script type=\"application\/ld+json\" class=\"yoast-schema-graph\">{\"@context\":\"https:\\\/\\\/schema.org\",\"@graph\":[{\"@type\":\"WebPage\",\"@id\":\"https:\\\/\\\/houno.com\\\/da\\\/opskrifter\\\/\",\"url\":\"https:\\\/\\\/houno.com\\\/da\\\/opskrifter\\\/\",\"name\":\"Find l\u00e6kre opskrifter speciallavet til dn kombiovn | HOUN\u00d6\",\"isPartOf\":{\"@id\":\"https:\\\/\\\/houno.com\\\/da\\\/#website\"},\"datePublished\":\"2020-10-08T13:38:31+00:00\",\"dateModified\":\"2024-03-03T10:24:59+00:00\",\"breadcrumb\":{\"@id\":\"https:\\\/\\\/houno.com\\\/da\\\/opskrifter\\\/#breadcrumb\"},\"inLanguage\":\"da-DK\",\"potentialAction\":[{\"@type\":\"ReadAction\",\"target\":[\"https:\\\/\\\/houno.com\\\/da\\\/opskrifter\\\/\"]}]},{\"@type\":\"BreadcrumbList\",\"@id\":\"https:\\\/\\\/houno.com\\\/da\\\/opskrifter\\\/#breadcrumb\",\"itemListElement\":[{\"@type\":\"ListItem\",\"position\":1,\"name\":\"Home\",\"item\":\"https:\\\/\\\/houno.com\\\/da\\\/\"},{\"@type\":\"ListItem\",\"position\":2,\"name\":\"Opskrifter\"}]},{\"@type\":\"WebSite\",\"@id\":\"https:\\\/\\\/houno.com\\\/da\\\/#website\",\"url\":\"https:\\\/\\\/houno.com\\\/da\\\/\",\"name\":\"HOUN\u00d6\",\"description\":\"Premium commercial combi and bake ovens manufacturer aims for making service simple, smart and efficient\",\"publisher\":{\"@id\":\"https:\\\/\\\/houno.com\\\/da\\\/#organization\"},\"potentialAction\":[{\"@type\":\"SearchAction\",\"target\":{\"@type\":\"EntryPoint\",\"urlTemplate\":\"https:\\\/\\\/houno.com\\\/da\\\/?s={search_term_string}\"},\"query-input\":{\"@type\":\"PropertyValueSpecification\",\"valueRequired\":true,\"valueName\":\"search_term_string\"}}],\"inLanguage\":\"da-DK\"},{\"@type\":\"Organization\",\"@id\":\"https:\\\/\\\/houno.com\\\/da\\\/#organization\",\"name\":\"HOUN\u00d6\",\"url\":\"https:\\\/\\\/houno.com\\\/da\\\/\",\"logo\":{\"@type\":\"ImageObject\",\"inLanguage\":\"da-DK\",\"@id\":\"https:\\\/\\\/houno.com\\\/da\\\/#\\\/schema\\\/logo\\\/image\\\/\",\"url\":\"https:\\\/\\\/houno.com\\\/wp-content\\\/uploads\\\/2021\\\/08\\\/cropped-Houno\u00a6e_id_logo-black-e1634730012288.png\",\"contentUrl\":\"https:\\\/\\\/houno.com\\\/wp-content\\\/uploads\\\/2021\\\/08\\\/cropped-Houno\u00a6e_id_logo-black-e1634730012288.png\",\"width\":250,\"height\":59,\"caption\":\"HOUN\u00d6\"},\"image\":{\"@id\":\"https:\\\/\\\/houno.com\\\/da\\\/#\\\/schema\\\/logo\\\/image\\\/\"},\"sameAs\":[\"https:\\\/\\\/www.facebook.com\\\/hounocombi\",\"https:\\\/\\\/www.linkedin.com\\\/company\\\/houno\\\/\"]}]}<\/script>\n<!-- \/ Yoast SEO Premium plugin. -->","yoast_head_json":{"title":"Find l\u00e6kre opskrifter speciallavet til dn kombiovn | HOUN\u00d6","robots":{"index":"index","follow":"follow","max-snippet":"max-snippet:-1","max-image-preview":"max-image-preview:large","max-video-preview":"max-video-preview:-1"},"canonical":"https:\/\/houno.com\/da\/opskrifter\/","og_locale":"da_DK","og_type":"article","og_title":"Opskrifter","og_url":"https:\/\/houno.com\/da\/opskrifter\/","og_site_name":"HOUN\u00d6","article_publisher":"https:\/\/www.facebook.com\/hounocombi","article_modified_time":"2024-03-03T10:24:59+00:00","twitter_card":"summary_large_image","schema":{"@context":"https:\/\/schema.org","@graph":[{"@type":"WebPage","@id":"https:\/\/houno.com\/da\/opskrifter\/","url":"https:\/\/houno.com\/da\/opskrifter\/","name":"Find l\u00e6kre opskrifter speciallavet til dn kombiovn | HOUN\u00d6","isPartOf":{"@id":"https:\/\/houno.com\/da\/#website"},"datePublished":"2020-10-08T13:38:31+00:00","dateModified":"2024-03-03T10:24:59+00:00","breadcrumb":{"@id":"https:\/\/houno.com\/da\/opskrifter\/#breadcrumb"},"inLanguage":"da-DK","potentialAction":[{"@type":"ReadAction","target":["https:\/\/houno.com\/da\/opskrifter\/"]}]},{"@type":"BreadcrumbList","@id":"https:\/\/houno.com\/da\/opskrifter\/#breadcrumb","itemListElement":[{"@type":"ListItem","position":1,"name":"Home","item":"https:\/\/houno.com\/da\/"},{"@type":"ListItem","position":2,"name":"Opskrifter"}]},{"@type":"WebSite","@id":"https:\/\/houno.com\/da\/#website","url":"https:\/\/houno.com\/da\/","name":"HOUN\u00d6","description":"Premium commercial combi and bake ovens manufacturer aims for making service simple, smart and efficient","publisher":{"@id":"https:\/\/houno.com\/da\/#organization"},"potentialAction":[{"@type":"SearchAction","target":{"@type":"EntryPoint","urlTemplate":"https:\/\/houno.com\/da\/?s={search_term_string}"},"query-input":{"@type":"PropertyValueSpecification","valueRequired":true,"valueName":"search_term_string"}}],"inLanguage":"da-DK"},{"@type":"Organization","@id":"https:\/\/houno.com\/da\/#organization","name":"HOUN\u00d6","url":"https:\/\/houno.com\/da\/","logo":{"@type":"ImageObject","inLanguage":"da-DK","@id":"https:\/\/houno.com\/da\/#\/schema\/logo\/image\/","url":"https:\/\/houno.com\/wp-content\/uploads\/2021\/08\/cropped-Houno\u00a6e_id_logo-black-e1634730012288.png","contentUrl":"https:\/\/houno.com\/wp-content\/uploads\/2021\/08\/cropped-Houno\u00a6e_id_logo-black-e1634730012288.png","width":250,"height":59,"caption":"HOUN\u00d6"},"image":{"@id":"https:\/\/houno.com\/da\/#\/schema\/logo\/image\/"},"sameAs":["https:\/\/www.facebook.com\/hounocombi","https:\/\/www.linkedin.com\/company\/houno\/"]}]}},"_links":{"self":[{"href":"https:\/\/houno.com\/da\/wp-json\/wp\/v2\/pages\/643","targetHints":{"allow":["GET"]}}],"collection":[{"href":"https:\/\/houno.com\/da\/wp-json\/wp\/v2\/pages"}],"about":[{"href":"https:\/\/houno.com\/da\/wp-json\/wp\/v2\/types\/page"}],"author":[{"embeddable":true,"href":"https:\/\/houno.com\/da\/wp-json\/wp\/v2\/users\/2"}],"replies":[{"embeddable":true,"href":"https:\/\/houno.com\/da\/wp-json\/wp\/v2\/comments?post=643"}],"version-history":[{"count":0,"href":"https:\/\/houno.com\/da\/wp-json\/wp\/v2\/pages\/643\/revisions"}],"wp:attachment":[{"href":"https:\/\/houno.com\/da\/wp-json\/wp\/v2\/media?parent=643"}],"curies":[{"name":"wp","href":"https:\/\/api.w.org\/{rel}","templated":true}]}}