{"id":604,"date":"2020-10-02T10:34:38","date_gmt":"2020-10-02T08:34:38","guid":{"rendered":"https:\/\/houno.com\/da.flamingo.ws\/?page_id=604"},"modified":"2022-05-18T12:17:38","modified_gmt":"2022-05-18T10:17:38","slug":"virksomhed","status":"publish","type":"page","link":"https:\/\/houno.com\/da\/virksomhed\/","title":{"rendered":"Virksomhed"},"content":{"rendered":"<div class=\"style light_blue\">\r\n<header class=\"woocommerce-products-header shop-cover background_element \">\r\n    <div class=\"woocommerce-products-header__inner page_container\">\r\n        <div class=\"woocommerce-products-header__text\">\r\n            <div class=\"mtt-tagline\">Hvem vi er<\/div>\r\n            <h1>Skandinaviske r\u00f8dder, globalt mindset<\/h1>\r\n            <div class=\"text\"><p>HOUN\u00d6 bygger p\u00e5 en lang tradition af stolt h\u00e5ndv\u00e6rk og premium materialer, hvor vores skandinaviske r\u00f8dder gennemsyrer vores design og ovnkvalitet.<\/p>\n<\/div>\r\n                    <\/div>\r\n        <div class=\"woocommerce-products-header__image\">\r\n            <div class=\"image object-fit\">\r\n                                    <img decoding=\"async\" src=\"https:\/\/houno.com\/wp-content\/uploads\/2021\/12\/per-mandrup-1-300x222.png\" data-full=\"https:\/\/houno.com\/wp-content\/uploads\/2021\/12\/per-mandrup-1-1130x837.png\" alt=\"per mandrup\" lazy-load>\r\n                            <\/div>\r\n        <\/div>\r\n    <\/div>\r\n<\/header><\/div>\n\n<div class=\"style no_bg\">\r\n<section class=\"mtt-text-image mtt-text-image--direction-image_text spacing_top_80 spacing-classes-added\">\r\n    <div class=\"mtt-text-image__inner after_background_element background_element_mobile\">\r\n        <div class=\"mtt-text-image__wrap page_container\">\r\n\r\n            <div class=\"mtt-text-image__text-container text_element\">\r\n                                    <div class=\"mtt-text-image__tagline mtt-tagline\">M\u00f8d os p\u00e5 en lokation n\u00e6r dig<\/div>\r\n                                                    <h2 class=\"mtt-text-image__title\">Internationale messer<\/h2>\r\n                                                    <div class=\"mtt-text-image__text\">M\u00f8d os p\u00e5 en lang r\u00e6kke messer i hele verdenen, hvor du har mulighed for at blive introduceret til vores store udvalg af kombiovne.<\/div>\r\n                                    <div class=\"button-section mtt-text-image__buttons\">\n\n        \n                    <a href=\"https:\/\/houno.com\/en\/events\/\" class=\" button dash\">\n                        Se messer                    <\/a>\n                \n                \n    <\/div>\n            <\/div>\r\n\r\n            <div class=\"mtt-text-image__images-container\">\r\n                                                <div class=\"mtt-text-image__image object-fit\">\r\n                    <picture>\r\n                                                <img decoding=\"async\" src=\"https:\/\/houno.com\/wp-content\/uploads\/2021\/09\/Combiuser_cover-img1.2-300x236.png\" \r\n                             data-full=\"https:\/\/houno.com\/wp-content\/uploads\/2021\/09\/Combiuser_cover-img1.2.png\" \r\n                             alt=\"Combiuser_cover img1.2\" \r\n                             lazy-load\r\n                             loading=\"lazy\">\r\n                    <\/picture>\r\n                <\/div>\r\n                                \t\t\t\t            <\/div>\r\n\r\n        <\/div>\r\n    <\/div>\r\n<\/section><\/div>\n\n<div class=\"style no_bg\">\r\n<section class=\"mtt-text-image mtt-text-image--direction-text_image spacing_bottom_80 spacing-classes-added\">\r\n    <div class=\"mtt-text-image__inner after_background_element background_element_mobile\">\r\n        <div class=\"mtt-text-image__wrap page_container\">\r\n\r\n            <div class=\"mtt-text-image__text-container text_element\">\r\n                                    <div class=\"mtt-text-image__tagline mtt-tagline\">Skab din karriere <\/div>\r\n                                                    <h2 class=\"mtt-text-image__title\">Brug dit talent,<br \/> bliv en del af HOUN\u00d6<\/h2>\r\n                                                    <div class=\"mtt-text-image__text\">Tag med HOUN\u00d6 p\u00e5 rejsen mod at blive kendt som leverand\u00f8ren af verdens bedste madlavningsoplevelser i branchen.<\/div>\r\n                                    <div class=\"button-section mtt-text-image__buttons\">\n\n        \n                    <a href=\"https:\/\/houno.com\/en\/career\/\" class=\" button dash\">\n                        Se vores ledige stillinger                    <\/a>\n                \n                \n    <\/div>\n            <\/div>\r\n\r\n            <div class=\"mtt-text-image__images-container\">\r\n                                                <div class=\"mtt-text-image__image object-fit\">\r\n                    <picture>\r\n                                                <img decoding=\"async\" src=\"https:\/\/houno.com\/wp-content\/uploads\/2021\/08\/DSC9902-scaled-300x169.jpg\" \r\n                             data-full=\"https:\/\/houno.com\/wp-content\/uploads\/2021\/08\/DSC9902-scaled.jpg\" \r\n                             alt=\"_DSC9902\" \r\n                             lazy-load\r\n                             loading=\"lazy\">\r\n                    <\/picture>\r\n                <\/div>\r\n                                \t\t\t\t            <\/div>\r\n\r\n        <\/div>\r\n    <\/div>\r\n<\/section><\/div>\n\n\n<section class=\"wp-block-morningtrain-counter-line mtt-counter-line mtt-counter-line--count-3 undefined mtt-counter-line--count-6 is-style-color-black\"><div class=\"mtt-counter-line__inner page_container  spacing_bottom_56\"><h2 class=\"mtt-counter-line__title\">HOUN\u00d6 i tal<\/h2><div class=\"mtt-counter-line__wrap\"><div class=\"mtt-counter-line__item\"><div class=\"mtt-counter-line__item-inner\"><p class=\"mtt-counter-line__number\">100+<\/p><p class=\"mtt-counter-line__text\"> medarbejdere<\/p><\/div><\/div><span class=\"mtt-counter-line__separator\"><\/span><div class=\"mtt-counter-line__item\"><div class=\"mtt-counter-line__item-inner\"><p class=\"mtt-counter-line__number\">+8<\/p><p class=\"mtt-counter-line__text\">forskellige nationaliteter<\/p><\/div><\/div><span class=\"mtt-counter-line__separator\"><\/span><div class=\"mtt-counter-line__item\"><div class=\"mtt-counter-line__item-inner\"><p class=\"mtt-counter-line__number\">+360<\/p><p class=\"mtt-counter-line__text\">kopper kaffe drikkes hver dag<\/p><\/div><\/div><span class=\"mtt-counter-line__separator\"><\/span><div class=\"mtt-counter-line__item\"><div class=\"mtt-counter-line__item-inner\"><p class=\"mtt-counter-line__number\">+40<\/p><p class=\"mtt-counter-line__text\">\u00e5rs erfaring med kombiovne<\/p><\/div><\/div><span class=\"mtt-counter-line__separator\"><\/span><div class=\"mtt-counter-line__item\"><div class=\"mtt-counter-line__item-inner\"><p class=\"mtt-counter-line__number\">100%<\/p><p class=\"mtt-counter-line__text\">DAnsk kvalitet<\/p><\/div><\/div><span class=\"mtt-counter-line__separator\"><\/span><div class=\"mtt-counter-line__item\"><div class=\"mtt-counter-line__item-inner\"><p class=\"mtt-counter-line__number\">+60.000<\/p><p class=\"mtt-counter-line__text\">leverede ovne<\/p><\/div><\/div><span class=\"mtt-counter-line__separator\"><\/span><\/div><\/div><\/section>\n\n\n<div class=\"style no_bg\">\r\n<section class=\"mtt-text-image mtt-text-image--direction-image_text\">\r\n    <div class=\"mtt-text-image__inner after_background_element background_element_mobile\">\r\n        <div class=\"mtt-text-image__wrap page_container\">\r\n\r\n            <div class=\"mtt-text-image__text-container text_element\">\r\n                                    <div class=\"mtt-text-image__tagline mtt-tagline\">Til begyndelsen<\/div>\r\n                                                    <h2 class=\"mtt-text-image__title\">Historien bag HOUN\u00d6<\/h2>\r\n                                                    <div class=\"mtt-text-image__text\">To br\u00f8dre, en restaurant og et v\u00e5gent \u00f8je for at spotte en oplagt mulighed. S\u00e5dan startede HOUN\u00d6s rejse.<\/div>\r\n                                    <div class=\"button-section mtt-text-image__buttons\">\n\n        \n                    <a href=\"https:\/\/houno.com\/en\/company\/houno-story\/\" class=\" button dash\">\n                        L\u00e6s mere om hvordan det hele startede                    <\/a>\n                \n                \n    <\/div>\n            <\/div>\r\n\r\n            <div class=\"mtt-text-image__images-container\">\r\n                                                <div class=\"mtt-text-image__image object-fit\">\r\n                    <picture>\r\n                                                <img decoding=\"async\" src=\"https:\/\/houno.com\/wp-content\/uploads\/2021\/12\/gl.img_.-300x222.png\" \r\n                             data-full=\"https:\/\/houno.com\/wp-content\/uploads\/2021\/12\/gl.img_..png\" \r\n                             alt=\"gl.img.\" \r\n                             lazy-load\r\n                             loading=\"lazy\">\r\n                    <\/picture>\r\n                <\/div>\r\n                                \t\t\t\t            <\/div>\r\n\r\n        <\/div>\r\n    <\/div>\r\n<\/section><\/div>\n\n<div class=\"style no_bg\">\r\n<section class=\"mtt-text-image mtt-text-image--direction-text_image\">\r\n    <div class=\"mtt-text-image__inner after_background_element background_element_mobile\">\r\n        <div class=\"mtt-text-image__wrap page_container\">\r\n\r\n            <div class=\"mtt-text-image__text-container text_element\">\r\n                                                    <h2 class=\"mtt-text-image__title\">En del af Middleby Corporation<\/h2>\r\n                                                    <div class=\"mtt-text-image__text\">Siden 2006 har HOUN\u00d6 v\u00e6ret en del af det amerikanske Middleby Corporation.\r\n\r\nMiddleby Corporation er en samling af f\u00f8rende internationale brands, som alle fremstiller og distribuerer mange af de kendte k\u00f8kkenmaskiner i verdenen.<\/div>\r\n                                    <div class=\"button-section mtt-text-image__buttons\">\n\n        \n                    <a href=\"https:\/\/www.middleby.com\/\" target=\"_blank\" class=\" button dash\">\n                        Bes\u00f8g middleby corporation                    <\/a>\n                \n                \n    <\/div>\n            <\/div>\r\n\r\n            <div class=\"mtt-text-image__images-container\">\r\n                                                <div class=\"mtt-text-image__image object-fit\">\r\n                    <picture>\r\n                                                <img decoding=\"async\" src=\"https:\/\/houno.com\/wp-content\/uploads\/2021\/12\/Middleby_Corporation-Logo.wine_-300x200.png\" \r\n                             data-full=\"https:\/\/houno.com\/wp-content\/uploads\/2021\/12\/Middleby_Corporation-Logo.wine_.png\" \r\n                             alt=\"Middleby_Corporation-Logo.wine\" \r\n                             lazy-load\r\n                             loading=\"lazy\">\r\n                    <\/picture>\r\n                <\/div>\r\n                                \t\t\t\t            <\/div>\r\n\r\n        <\/div>\r\n    <\/div>\r\n<\/section><\/div>","protected":false},"excerpt":{"rendered":"","protected":false},"author":2,"featured_media":0,"parent":0,"menu_order":0,"comment_status":"closed","ping_status":"closed","template":"","meta":{"_acf_changed":false,"_relevanssi_hide_post":"","_relevanssi_hide_content":"","_relevanssi_pin_for_all":"","_relevanssi_pin_keywords":"","_relevanssi_unpin_keywords":"","_relevanssi_related_keywords":"","_relevanssi_related_include_ids":"","_relevanssi_related_exclude_ids":"","_relevanssi_related_no_append":"","_relevanssi_related_not_related":"","_relevanssi_related_posts":"1103,1124,1128,1122,1117,206","_relevanssi_noindex_reason":"","footnotes":""},"class_list":["post-604","page","type-page","status-publish","hentry"],"acf":[],"yoast_head":"<!-- This site is optimized with the Yoast SEO Premium plugin v27.6 (Yoast SEO v27.6) - https:\/\/yoast.com\/product\/yoast-seo-premium-wordpress\/ -->\n<title>Learn more about HOUN\u00d6 | HOUN\u00d6<\/title>\n<meta name=\"robots\" content=\"index, follow, max-snippet:-1, max-image-preview:large, max-video-preview:-1\" \/>\n<link rel=\"canonical\" href=\"https:\/\/houno.com\/da\/virksomhed\/\" \/>\n<meta property=\"og:locale\" content=\"da_DK\" \/>\n<meta property=\"og:type\" content=\"article\" \/>\n<meta property=\"og:title\" content=\"Virksomhed\" \/>\n<meta property=\"og:url\" content=\"https:\/\/houno.com\/da\/virksomhed\/\" \/>\n<meta property=\"og:site_name\" content=\"HOUN\u00d6\" \/>\n<meta property=\"article:publisher\" content=\"https:\/\/www.facebook.com\/hounocombi\" \/>\n<meta property=\"article:modified_time\" content=\"2022-05-18T10:17:38+00:00\" \/>\n<meta name=\"twitter:card\" content=\"summary_large_image\" \/>\n<meta name=\"twitter:label1\" content=\"Estimeret l\u00e6setid\" \/>\n\t<meta name=\"twitter:data1\" content=\"1 minut\" \/>\n<script type=\"application\/ld+json\" class=\"yoast-schema-graph\">{\"@context\":\"https:\\\/\\\/schema.org\",\"@graph\":[{\"@type\":\"WebPage\",\"@id\":\"https:\\\/\\\/houno.com\\\/da\\\/virksomhed\\\/\",\"url\":\"https:\\\/\\\/houno.com\\\/da\\\/virksomhed\\\/\",\"name\":\"Learn more about HOUN\u00d6 | HOUN\u00d6\",\"isPartOf\":{\"@id\":\"https:\\\/\\\/houno.com\\\/da\\\/#website\"},\"datePublished\":\"2020-10-02T08:34:38+00:00\",\"dateModified\":\"2022-05-18T10:17:38+00:00\",\"breadcrumb\":{\"@id\":\"https:\\\/\\\/houno.com\\\/da\\\/virksomhed\\\/#breadcrumb\"},\"inLanguage\":\"da-DK\",\"potentialAction\":[{\"@type\":\"ReadAction\",\"target\":[\"https:\\\/\\\/houno.com\\\/da\\\/virksomhed\\\/\"]}]},{\"@type\":\"BreadcrumbList\",\"@id\":\"https:\\\/\\\/houno.com\\\/da\\\/virksomhed\\\/#breadcrumb\",\"itemListElement\":[{\"@type\":\"ListItem\",\"position\":1,\"name\":\"Home\",\"item\":\"https:\\\/\\\/houno.com\\\/da\\\/\"},{\"@type\":\"ListItem\",\"position\":2,\"name\":\"Virksomhed\"}]},{\"@type\":\"WebSite\",\"@id\":\"https:\\\/\\\/houno.com\\\/da\\\/#website\",\"url\":\"https:\\\/\\\/houno.com\\\/da\\\/\",\"name\":\"HOUN\u00d6\",\"description\":\"Premium commercial combi and bake ovens manufacturer aims for making service simple, smart and efficient\",\"publisher\":{\"@id\":\"https:\\\/\\\/houno.com\\\/da\\\/#organization\"},\"potentialAction\":[{\"@type\":\"SearchAction\",\"target\":{\"@type\":\"EntryPoint\",\"urlTemplate\":\"https:\\\/\\\/houno.com\\\/da\\\/?s={search_term_string}\"},\"query-input\":{\"@type\":\"PropertyValueSpecification\",\"valueRequired\":true,\"valueName\":\"search_term_string\"}}],\"inLanguage\":\"da-DK\"},{\"@type\":\"Organization\",\"@id\":\"https:\\\/\\\/houno.com\\\/da\\\/#organization\",\"name\":\"HOUN\u00d6\",\"url\":\"https:\\\/\\\/houno.com\\\/da\\\/\",\"logo\":{\"@type\":\"ImageObject\",\"inLanguage\":\"da-DK\",\"@id\":\"https:\\\/\\\/houno.com\\\/da\\\/#\\\/schema\\\/logo\\\/image\\\/\",\"url\":\"https:\\\/\\\/houno.com\\\/wp-content\\\/uploads\\\/2021\\\/08\\\/cropped-Houno\u00a6e_id_logo-black-e1634730012288.png\",\"contentUrl\":\"https:\\\/\\\/houno.com\\\/wp-content\\\/uploads\\\/2021\\\/08\\\/cropped-Houno\u00a6e_id_logo-black-e1634730012288.png\",\"width\":250,\"height\":59,\"caption\":\"HOUN\u00d6\"},\"image\":{\"@id\":\"https:\\\/\\\/houno.com\\\/da\\\/#\\\/schema\\\/logo\\\/image\\\/\"},\"sameAs\":[\"https:\\\/\\\/www.facebook.com\\\/hounocombi\",\"https:\\\/\\\/www.linkedin.com\\\/company\\\/houno\\\/\"]}]}<\/script>\n<!-- \/ Yoast SEO Premium plugin. -->","yoast_head_json":{"title":"Learn more about HOUN\u00d6 | HOUN\u00d6","robots":{"index":"index","follow":"follow","max-snippet":"max-snippet:-1","max-image-preview":"max-image-preview:large","max-video-preview":"max-video-preview:-1"},"canonical":"https:\/\/houno.com\/da\/virksomhed\/","og_locale":"da_DK","og_type":"article","og_title":"Virksomhed","og_url":"https:\/\/houno.com\/da\/virksomhed\/","og_site_name":"HOUN\u00d6","article_publisher":"https:\/\/www.facebook.com\/hounocombi","article_modified_time":"2022-05-18T10:17:38+00:00","twitter_card":"summary_large_image","twitter_misc":{"Estimeret l\u00e6setid":"1 minut"},"schema":{"@context":"https:\/\/schema.org","@graph":[{"@type":"WebPage","@id":"https:\/\/houno.com\/da\/virksomhed\/","url":"https:\/\/houno.com\/da\/virksomhed\/","name":"Learn more about HOUN\u00d6 | HOUN\u00d6","isPartOf":{"@id":"https:\/\/houno.com\/da\/#website"},"datePublished":"2020-10-02T08:34:38+00:00","dateModified":"2022-05-18T10:17:38+00:00","breadcrumb":{"@id":"https:\/\/houno.com\/da\/virksomhed\/#breadcrumb"},"inLanguage":"da-DK","potentialAction":[{"@type":"ReadAction","target":["https:\/\/houno.com\/da\/virksomhed\/"]}]},{"@type":"BreadcrumbList","@id":"https:\/\/houno.com\/da\/virksomhed\/#breadcrumb","itemListElement":[{"@type":"ListItem","position":1,"name":"Home","item":"https:\/\/houno.com\/da\/"},{"@type":"ListItem","position":2,"name":"Virksomhed"}]},{"@type":"WebSite","@id":"https:\/\/houno.com\/da\/#website","url":"https:\/\/houno.com\/da\/","name":"HOUN\u00d6","description":"Premium commercial combi and bake ovens manufacturer aims for making service simple, smart and efficient","publisher":{"@id":"https:\/\/houno.com\/da\/#organization"},"potentialAction":[{"@type":"SearchAction","target":{"@type":"EntryPoint","urlTemplate":"https:\/\/houno.com\/da\/?s={search_term_string}"},"query-input":{"@type":"PropertyValueSpecification","valueRequired":true,"valueName":"search_term_string"}}],"inLanguage":"da-DK"},{"@type":"Organization","@id":"https:\/\/houno.com\/da\/#organization","name":"HOUN\u00d6","url":"https:\/\/houno.com\/da\/","logo":{"@type":"ImageObject","inLanguage":"da-DK","@id":"https:\/\/houno.com\/da\/#\/schema\/logo\/image\/","url":"https:\/\/houno.com\/wp-content\/uploads\/2021\/08\/cropped-Houno\u00a6e_id_logo-black-e1634730012288.png","contentUrl":"https:\/\/houno.com\/wp-content\/uploads\/2021\/08\/cropped-Houno\u00a6e_id_logo-black-e1634730012288.png","width":250,"height":59,"caption":"HOUN\u00d6"},"image":{"@id":"https:\/\/houno.com\/da\/#\/schema\/logo\/image\/"},"sameAs":["https:\/\/www.facebook.com\/hounocombi","https:\/\/www.linkedin.com\/company\/houno\/"]}]}},"_links":{"self":[{"href":"https:\/\/houno.com\/da\/wp-json\/wp\/v2\/pages\/604","targetHints":{"allow":["GET"]}}],"collection":[{"href":"https:\/\/houno.com\/da\/wp-json\/wp\/v2\/pages"}],"about":[{"href":"https:\/\/houno.com\/da\/wp-json\/wp\/v2\/types\/page"}],"author":[{"embeddable":true,"href":"https:\/\/houno.com\/da\/wp-json\/wp\/v2\/users\/2"}],"replies":[{"embeddable":true,"href":"https:\/\/houno.com\/da\/wp-json\/wp\/v2\/comments?post=604"}],"version-history":[{"count":0,"href":"https:\/\/houno.com\/da\/wp-json\/wp\/v2\/pages\/604\/revisions"}],"wp:attachment":[{"href":"https:\/\/houno.com\/da\/wp-json\/wp\/v2\/media?parent=604"}],"curies":[{"name":"wp","href":"https:\/\/api.w.org\/{rel}","templated":true}]}}