{"id":29557,"date":"2024-10-23T00:47:51","date_gmt":"2024-10-22T22:47:51","guid":{"rendered":"https:\/\/houno.com\/virksomhed\/press-hub\/"},"modified":"2024-10-23T01:29:05","modified_gmt":"2024-10-22T23:29:05","slug":"pressecenter","status":"publish","type":"page","link":"https:\/\/houno.com\/da\/virksomhed\/pressecenter\/","title":{"rendered":"Velkommen til HOUN\u00d6 pressecenter"},"content":{"rendered":"\r\n<section class=\"mtt-text-cover-slider\">\r\n    <div class=\"mtt-text-cover-slider__inner page_container\">\r\n\r\n                    <p class=\"mtt-text-cover-slider__tagline mtt-tagline\">HOUN\u00d6 nyhedsrum<\/p>\r\n        \r\n        <div class=\"mtt-text-cover-slider__wrap\">\r\n            <div class=\"mtt-text-cover-slider__wrap-left\">\r\n                <h1 class=\"mtt-text-cover-slider__title\">Velkommen til HOUN\u00d6 pressecenter<\/h1>                            <\/div>\r\n                            <div class=\"mtt-text-cover-slider__wrap-right no-controls\">\r\n                    <div class=\"mtt-text-cover-slider__text\"><p>Vi er glade for, at du er interesseret i de seneste nyheder fra HOUN\u00d6. Vores pressehub indeholder de seneste pressemeddelelser, PR-kontakter og adgang til vores digitale mediebibliotek.<\/p>\n<\/div>\r\n                                    <\/div>\r\n                    <\/div>\r\n\r\n    <\/div>\r\n\r\n            <div class=\"mtt-text-cover-slider__images-container\">\r\n            <div class=\"swiper-container\">\r\n                <div class=\"swiper-wrapper\">\r\n                                                <div class=\"mtt-text-cover-slider__image-slide swiper-slide object-fit\">\r\n                                <img decoding=\"async\" src=\"https:\/\/houno.com\/wp-content\/uploads\/2021\/12\/headquarter_himmel-300x207.png\" data-full=\"https:\/\/houno.com\/wp-content\/uploads\/2021\/12\/headquarter_himmel-1100x758.png\" alt=\"headquarter_himmel\" lazy-load>\r\n                            <\/div>\r\n                                        <\/div>\r\n            <\/div>\r\n        <\/div>\r\n        <div class=\"vertical-stamp\">Est. 1977 Denmark<\/div><\/section>\n\n\n<div style=\"height:80px\" aria-hidden=\"true\" class=\"wp-block-spacer\"><\/div>\n\n\n<div class=\"wp-text-block page_container styled-text\"><div class=\"wp-text-block__inner\">\n<h3 class=\"wp-block-heading\" id=\"h-lad-os-komme-i-gang-med-at-finde-ud-af-hvad-der-er-nyt-i-vores-produkter-og-tjenester\">Lad os komme i gang med at finde ud af, hvad der er nyt i vores produkter og tjenester.<\/h3>\n<\/div><\/div>\n\n\n    <section id=\"press-releases-archive\" class=\"mtt-press-releases-archive spacing_top_120 spacing_bottom_120 spacing-classes-added\" data-url=\"\">\n        <div class=\"mtt-press-releases-archive__inner page_container\">\n\n            <div class=\"loader loader--full mtt-press-releases-archive__loader\"><div class=\"loader__inner\"><\/div><\/div>\n\n            <div class=\"mtt-filter mtt-press-releases-archive__filter\">\n                <div class=\"mtt-filter__container\">\n                                            <h2 class=\"mtt-filter__title\">Alle de seneste pressenyheder<\/h2>\n                                    <\/div>\n            <\/div>\n\n            <div class=\"mtt-press-releases-archive__target\">\n                <a href=\"https:\/\/houno.com\/da\/press\/houno-climate-report-2025\/\" class=\"mtt-news-card\">\n    <div class=\"mtt-news-card__image-container object-fit\">\n                    <img decoding=\"async\" src=\"https:\/\/houno.com\/wp-content\/uploads\/2025\/05\/Invoq-Climate-report-2025_cover-212x300.jpg\" data-full=\"https:\/\/houno.com\/wp-content\/uploads\/2025\/05\/Invoq-Climate-report-2025_cover-424x600.jpg\" alt=\"Invoq-Climate-report-2025_cover\" lazy-load>\n            <\/div>\n    <div class=\"mtt-news-card__text-container\">\n        <p class=\"mtt-news-card__tagline\">Press release<span>|<\/span>02 maj 2025, 07:57<\/p>\n        <h3 class=\"mtt-news-card__title\">HOUN\u00d6 Klimarapport 2025<\/h3>\n        <div class=\"mtt-news-card__excerpt\"><p>HOUN\u00d6 er p\u00e5 vej mod en klimaneutral produktion i 2030. Download vores klimarapport for at se vores fremskridt og indsats.  <\/p>\n<\/div>\n    <\/div>\n<\/a><a href=\"https:\/\/houno.com\/da\/press\/houno-certifikater\/\" class=\"mtt-news-card\">\n    <div class=\"mtt-news-card__image-container object-fit\">\n                    <img decoding=\"async\" src=\"https:\/\/houno.com\/wp-content\/themes\/houno\/assets\/img\/houno-placeholder-small.jpg\" data-full=\"https:\/\/houno.com\/wp-content\/themes\/houno\/assets\/img\/houno-placeholder.jpg\" alt=\"placeholder\" lazy-load>\n            <\/div>\n    <div class=\"mtt-news-card__text-container\">\n        <p class=\"mtt-news-card__tagline\">Press release<span>|<\/span>28 oktober 2024, 13:43<\/p>\n        <h3 class=\"mtt-news-card__title\">Definitioner af HOUN\u00d6&#8217;s certifikater<\/h3>\n        <div class=\"mtt-news-card__excerpt\"><p>F\u00e5 mere at vide om definitionen af de certifikater, som HOUN\u00d6s ovnprodukter og fremstillingsproces har opn\u00e5et <\/p>\n<\/div>\n    <\/div>\n<\/a><a href=\"https:\/\/houno.com\/da\/press\/invoq-oven-er-energy-star-certificeret\/\" class=\"mtt-news-card\">\n    <div class=\"mtt-news-card__image-container object-fit\">\n                    <img decoding=\"async\" src=\"https:\/\/houno.com\/wp-content\/uploads\/2024\/10\/Energy-star-Energy-Star_blue-Invoq-240x300.jpg\" data-full=\"https:\/\/houno.com\/wp-content\/uploads\/2024\/10\/Energy-star-Energy-Star_blue-Invoq-480x600.jpg\" alt=\"Energy star-Energy Star_blue &#8211; Invoq\" lazy-load>\n            <\/div>\n    <div class=\"mtt-news-card__text-container\">\n        <p class=\"mtt-news-card__tagline\">Press release<span>|<\/span>22 oktober 2024, 09:53<\/p>\n        <h3 class=\"mtt-news-card__title\">ENERGY STAR\u00ae-certificeret milj\u00f8venlig innovation: Fremtidens industriovn\u00a0<\/h3>\n        <div class=\"mtt-news-card__excerpt\"><p>F\u00e5 mere at vide om, hvordan HOUN\u00d6 Invoq ovne som de ENERGY STAR\u00ae-certificeret milj\u00f8venlige industriovne sparer dine omkostninger.<\/p>\n<\/div>\n    <\/div>\n<\/a><a href=\"https:\/\/houno.com\/da\/press\/hounoe-opnaar-iso-certificeringer\/\" class=\"mtt-news-card\">\n    <div class=\"mtt-news-card__image-container object-fit\">\n                    <img decoding=\"async\" src=\"https:\/\/houno.com\/wp-content\/themes\/houno\/assets\/img\/houno-placeholder-small.jpg\" data-full=\"https:\/\/houno.com\/wp-content\/themes\/houno\/assets\/img\/houno-placeholder.jpg\" alt=\"placeholder\" lazy-load>\n            <\/div>\n    <div class=\"mtt-news-card__text-container\">\n        <p class=\"mtt-news-card__tagline\">Press release<span>|<\/span>22 oktober 2024, 08:51<\/p>\n        <h3 class=\"mtt-news-card__title\">HOUN\u00d6 opn\u00e5r ISO 9001:2015 og 14001:2015 certificeringer<\/h3>\n        <div class=\"mtt-news-card__excerpt\"><p>HOUN\u00d6 er certificeret med ISO 9001:2015 og ISO 14001:2015 &#8211; En vigtig skridt i retning af fremragende drift og b\u00e6redygtighed.<\/p>\n<\/div>\n    <\/div>\n<\/a>            <\/div>\n\n                        \n        <\/div>\n    <\/section>\n\n","protected":false},"excerpt":{"rendered":"<p>Du kan finde de seneste pressenyheder fra HOUN\u00d6, vores PR-kontaktperson, samt f\u00e5 adgang til vores digitale mediehub.<\/p>\n","protected":false},"author":298,"featured_media":17191,"parent":604,"menu_order":0,"comment_status":"closed","ping_status":"closed","template":"","meta":{"_acf_changed":false,"_relevanssi_hide_post":"","_relevanssi_hide_content":"","_relevanssi_pin_for_all":"","_relevanssi_pin_keywords":"","_relevanssi_unpin_keywords":"","_relevanssi_related_keywords":"","_relevanssi_related_include_ids":"","_relevanssi_related_exclude_ids":"","_relevanssi_related_no_append":"","_relevanssi_related_not_related":"","_relevanssi_related_posts":"1117,24558,21284,22392,1124,1135","_relevanssi_noindex_reason":"","footnotes":""},"class_list":["post-29557","page","type-page","status-publish","has-post-thumbnail","hentry"],"acf":[],"yoast_head":"<!-- This site is optimized with the Yoast SEO Premium plugin v27.4 (Yoast SEO v27.4) - https:\/\/yoast.com\/product\/yoast-seo-premium-wordpress\/ -->\n<title>Velkommen til HOUN\u00d6 pressecenter - HOUN\u00d6<\/title>\n<meta name=\"description\" content=\"Du kan finde de seneste pressenyheder fra HOUN\u00d6, vores PR-kontaktperson, samt f\u00e5 adgang til vores digitale mediehub.\" \/>\n<meta name=\"robots\" content=\"index, follow, max-snippet:-1, max-image-preview:large, max-video-preview:-1\" \/>\n<link rel=\"canonical\" href=\"https:\/\/houno.com\/da\/virksomhed\/pressecenter\/\" \/>\n<meta property=\"og:locale\" content=\"da_DK\" \/>\n<meta property=\"og:type\" content=\"article\" \/>\n<meta property=\"og:title\" content=\"Velkommen til HOUN\u00d6 pressecenter\" \/>\n<meta property=\"og:description\" content=\"Du kan finde de seneste pressenyheder fra HOUN\u00d6, vores PR-kontaktperson, samt f\u00e5 adgang til vores digitale mediehub.\" \/>\n<meta property=\"og:url\" content=\"https:\/\/houno.com\/da\/virksomhed\/pressecenter\/\" \/>\n<meta property=\"og:site_name\" content=\"HOUN\u00d6\" \/>\n<meta property=\"article:publisher\" content=\"https:\/\/www.facebook.com\/hounocombi\" \/>\n<meta property=\"article:modified_time\" content=\"2024-10-22T23:29:05+00:00\" \/>\n<meta property=\"og:image\" content=\"https:\/\/houno.com\/wp-content\/uploads\/2021\/12\/headquarter_himmel.png\" \/>\n\t<meta property=\"og:image:width\" content=\"2000\" \/>\n\t<meta property=\"og:image:height\" content=\"1378\" \/>\n\t<meta property=\"og:image:type\" content=\"image\/png\" \/>\n<meta name=\"twitter:card\" content=\"summary_large_image\" \/>\n<meta name=\"twitter:label1\" content=\"Estimeret l\u00e6setid\" \/>\n\t<meta name=\"twitter:data1\" content=\"1 minut\" \/>\n<script type=\"application\/ld+json\" class=\"yoast-schema-graph\">{\"@context\":\"https:\\\/\\\/schema.org\",\"@graph\":[{\"@type\":\"WebPage\",\"@id\":\"https:\\\/\\\/houno.com\\\/da\\\/virksomhed\\\/pressecenter\\\/\",\"url\":\"https:\\\/\\\/houno.com\\\/da\\\/virksomhed\\\/pressecenter\\\/\",\"name\":\"Velkommen til HOUN\u00d6 pressecenter - HOUN\u00d6\",\"isPartOf\":{\"@id\":\"https:\\\/\\\/houno.com\\\/da\\\/#website\"},\"primaryImageOfPage\":{\"@id\":\"https:\\\/\\\/houno.com\\\/da\\\/virksomhed\\\/pressecenter\\\/#primaryimage\"},\"image\":{\"@id\":\"https:\\\/\\\/houno.com\\\/da\\\/virksomhed\\\/pressecenter\\\/#primaryimage\"},\"thumbnailUrl\":\"https:\\\/\\\/houno.com\\\/wp-content\\\/uploads\\\/2021\\\/12\\\/headquarter_himmel.png\",\"datePublished\":\"2024-10-22T22:47:51+00:00\",\"dateModified\":\"2024-10-22T23:29:05+00:00\",\"description\":\"Du kan finde de seneste pressenyheder fra HOUN\u00d6, vores PR-kontaktperson, samt f\u00e5 adgang til vores digitale mediehub.\",\"breadcrumb\":{\"@id\":\"https:\\\/\\\/houno.com\\\/da\\\/virksomhed\\\/pressecenter\\\/#breadcrumb\"},\"inLanguage\":\"da-DK\",\"potentialAction\":[{\"@type\":\"ReadAction\",\"target\":[\"https:\\\/\\\/houno.com\\\/da\\\/virksomhed\\\/pressecenter\\\/\"]}]},{\"@type\":\"ImageObject\",\"inLanguage\":\"da-DK\",\"@id\":\"https:\\\/\\\/houno.com\\\/da\\\/virksomhed\\\/pressecenter\\\/#primaryimage\",\"url\":\"https:\\\/\\\/houno.com\\\/wp-content\\\/uploads\\\/2021\\\/12\\\/headquarter_himmel.png\",\"contentUrl\":\"https:\\\/\\\/houno.com\\\/wp-content\\\/uploads\\\/2021\\\/12\\\/headquarter_himmel.png\",\"width\":2000,\"height\":1378},{\"@type\":\"BreadcrumbList\",\"@id\":\"https:\\\/\\\/houno.com\\\/da\\\/virksomhed\\\/pressecenter\\\/#breadcrumb\",\"itemListElement\":[{\"@type\":\"ListItem\",\"position\":1,\"name\":\"Home\",\"item\":\"https:\\\/\\\/houno.com\\\/da\\\/\"},{\"@type\":\"ListItem\",\"position\":2,\"name\":\"Virksomhed\",\"item\":\"https:\\\/\\\/houno.com\\\/da\\\/virksomhed\\\/\"},{\"@type\":\"ListItem\",\"position\":3,\"name\":\"Velkommen til HOUN\u00d6 pressecenter\"}]},{\"@type\":\"WebSite\",\"@id\":\"https:\\\/\\\/houno.com\\\/da\\\/#website\",\"url\":\"https:\\\/\\\/houno.com\\\/da\\\/\",\"name\":\"HOUN\u00d6\",\"description\":\"Premium commercial combi and bake ovens manufacturer aims for making service simple, smart and efficient\",\"publisher\":{\"@id\":\"https:\\\/\\\/houno.com\\\/da\\\/#organization\"},\"potentialAction\":[{\"@type\":\"SearchAction\",\"target\":{\"@type\":\"EntryPoint\",\"urlTemplate\":\"https:\\\/\\\/houno.com\\\/da\\\/?s={search_term_string}\"},\"query-input\":{\"@type\":\"PropertyValueSpecification\",\"valueRequired\":true,\"valueName\":\"search_term_string\"}}],\"inLanguage\":\"da-DK\"},{\"@type\":\"Organization\",\"@id\":\"https:\\\/\\\/houno.com\\\/da\\\/#organization\",\"name\":\"HOUN\u00d6\",\"url\":\"https:\\\/\\\/houno.com\\\/da\\\/\",\"logo\":{\"@type\":\"ImageObject\",\"inLanguage\":\"da-DK\",\"@id\":\"https:\\\/\\\/houno.com\\\/da\\\/#\\\/schema\\\/logo\\\/image\\\/\",\"url\":\"https:\\\/\\\/houno.com\\\/wp-content\\\/uploads\\\/2021\\\/08\\\/cropped-Houno\u00a6e_id_logo-black-e1634730012288.png\",\"contentUrl\":\"https:\\\/\\\/houno.com\\\/wp-content\\\/uploads\\\/2021\\\/08\\\/cropped-Houno\u00a6e_id_logo-black-e1634730012288.png\",\"width\":250,\"height\":59,\"caption\":\"HOUN\u00d6\"},\"image\":{\"@id\":\"https:\\\/\\\/houno.com\\\/da\\\/#\\\/schema\\\/logo\\\/image\\\/\"},\"sameAs\":[\"https:\\\/\\\/www.facebook.com\\\/hounocombi\",\"https:\\\/\\\/www.linkedin.com\\\/company\\\/houno\\\/\"]}]}<\/script>\n<!-- \/ Yoast SEO Premium plugin. -->","yoast_head_json":{"title":"Velkommen til HOUN\u00d6 pressecenter - HOUN\u00d6","description":"Du kan finde de seneste pressenyheder fra HOUN\u00d6, vores PR-kontaktperson, samt f\u00e5 adgang til vores digitale mediehub.","robots":{"index":"index","follow":"follow","max-snippet":"max-snippet:-1","max-image-preview":"max-image-preview:large","max-video-preview":"max-video-preview:-1"},"canonical":"https:\/\/houno.com\/da\/virksomhed\/pressecenter\/","og_locale":"da_DK","og_type":"article","og_title":"Velkommen til HOUN\u00d6 pressecenter","og_description":"Du kan finde de seneste pressenyheder fra HOUN\u00d6, vores PR-kontaktperson, samt f\u00e5 adgang til vores digitale mediehub.","og_url":"https:\/\/houno.com\/da\/virksomhed\/pressecenter\/","og_site_name":"HOUN\u00d6","article_publisher":"https:\/\/www.facebook.com\/hounocombi","article_modified_time":"2024-10-22T23:29:05+00:00","og_image":[{"width":2000,"height":1378,"url":"https:\/\/houno.com\/wp-content\/uploads\/2021\/12\/headquarter_himmel.png","type":"image\/png"}],"twitter_card":"summary_large_image","twitter_misc":{"Estimeret l\u00e6setid":"1 minut"},"schema":{"@context":"https:\/\/schema.org","@graph":[{"@type":"WebPage","@id":"https:\/\/houno.com\/da\/virksomhed\/pressecenter\/","url":"https:\/\/houno.com\/da\/virksomhed\/pressecenter\/","name":"Velkommen til HOUN\u00d6 pressecenter - HOUN\u00d6","isPartOf":{"@id":"https:\/\/houno.com\/da\/#website"},"primaryImageOfPage":{"@id":"https:\/\/houno.com\/da\/virksomhed\/pressecenter\/#primaryimage"},"image":{"@id":"https:\/\/houno.com\/da\/virksomhed\/pressecenter\/#primaryimage"},"thumbnailUrl":"https:\/\/houno.com\/wp-content\/uploads\/2021\/12\/headquarter_himmel.png","datePublished":"2024-10-22T22:47:51+00:00","dateModified":"2024-10-22T23:29:05+00:00","description":"Du kan finde de seneste pressenyheder fra HOUN\u00d6, vores PR-kontaktperson, samt f\u00e5 adgang til vores digitale mediehub.","breadcrumb":{"@id":"https:\/\/houno.com\/da\/virksomhed\/pressecenter\/#breadcrumb"},"inLanguage":"da-DK","potentialAction":[{"@type":"ReadAction","target":["https:\/\/houno.com\/da\/virksomhed\/pressecenter\/"]}]},{"@type":"ImageObject","inLanguage":"da-DK","@id":"https:\/\/houno.com\/da\/virksomhed\/pressecenter\/#primaryimage","url":"https:\/\/houno.com\/wp-content\/uploads\/2021\/12\/headquarter_himmel.png","contentUrl":"https:\/\/houno.com\/wp-content\/uploads\/2021\/12\/headquarter_himmel.png","width":2000,"height":1378},{"@type":"BreadcrumbList","@id":"https:\/\/houno.com\/da\/virksomhed\/pressecenter\/#breadcrumb","itemListElement":[{"@type":"ListItem","position":1,"name":"Home","item":"https:\/\/houno.com\/da\/"},{"@type":"ListItem","position":2,"name":"Virksomhed","item":"https:\/\/houno.com\/da\/virksomhed\/"},{"@type":"ListItem","position":3,"name":"Velkommen til HOUN\u00d6 pressecenter"}]},{"@type":"WebSite","@id":"https:\/\/houno.com\/da\/#website","url":"https:\/\/houno.com\/da\/","name":"HOUN\u00d6","description":"Premium commercial combi and bake ovens manufacturer aims for making service simple, smart and efficient","publisher":{"@id":"https:\/\/houno.com\/da\/#organization"},"potentialAction":[{"@type":"SearchAction","target":{"@type":"EntryPoint","urlTemplate":"https:\/\/houno.com\/da\/?s={search_term_string}"},"query-input":{"@type":"PropertyValueSpecification","valueRequired":true,"valueName":"search_term_string"}}],"inLanguage":"da-DK"},{"@type":"Organization","@id":"https:\/\/houno.com\/da\/#organization","name":"HOUN\u00d6","url":"https:\/\/houno.com\/da\/","logo":{"@type":"ImageObject","inLanguage":"da-DK","@id":"https:\/\/houno.com\/da\/#\/schema\/logo\/image\/","url":"https:\/\/houno.com\/wp-content\/uploads\/2021\/08\/cropped-Houno\u00a6e_id_logo-black-e1634730012288.png","contentUrl":"https:\/\/houno.com\/wp-content\/uploads\/2021\/08\/cropped-Houno\u00a6e_id_logo-black-e1634730012288.png","width":250,"height":59,"caption":"HOUN\u00d6"},"image":{"@id":"https:\/\/houno.com\/da\/#\/schema\/logo\/image\/"},"sameAs":["https:\/\/www.facebook.com\/hounocombi","https:\/\/www.linkedin.com\/company\/houno\/"]}]}},"_links":{"self":[{"href":"https:\/\/houno.com\/da\/wp-json\/wp\/v2\/pages\/29557","targetHints":{"allow":["GET"]}}],"collection":[{"href":"https:\/\/houno.com\/da\/wp-json\/wp\/v2\/pages"}],"about":[{"href":"https:\/\/houno.com\/da\/wp-json\/wp\/v2\/types\/page"}],"author":[{"embeddable":true,"href":"https:\/\/houno.com\/da\/wp-json\/wp\/v2\/users\/298"}],"replies":[{"embeddable":true,"href":"https:\/\/houno.com\/da\/wp-json\/wp\/v2\/comments?post=29557"}],"version-history":[{"count":0,"href":"https:\/\/houno.com\/da\/wp-json\/wp\/v2\/pages\/29557\/revisions"}],"up":[{"embeddable":true,"href":"https:\/\/houno.com\/da\/wp-json\/wp\/v2\/pages\/604"}],"wp:featuredmedia":[{"embeddable":true,"href":"https:\/\/houno.com\/da\/wp-json\/wp\/v2\/media\/17191"}],"wp:attachment":[{"href":"https:\/\/houno.com\/da\/wp-json\/wp\/v2\/media?parent=29557"}],"curies":[{"name":"wp","href":"https:\/\/api.w.org\/{rel}","templated":true}]}}