{"id":11711,"date":"2021-10-04T22:11:17","date_gmt":"2021-10-04T20:11:17","guid":{"rendered":"https:\/\/houno.com\/da.flamingo.ws\/?page_id=11711"},"modified":"2026-05-06T15:57:46","modified_gmt":"2026-05-06T13:57:46","slug":"open-kitchen-cloud-solution","status":"publish","type":"page","link":"https:\/\/houno.com\/da\/open-kitchen-cloud-solution\/","title":{"rendered":"Invoq CLOUD Solution"},"content":{"rendered":"<div class=\"style light_sand\">\r\n<section class=\"mtt-cover-slider background_element  horizontal\">\r\n    <div class=\"mtt-cover-slider__inner page_container\">\r\n\r\n        <div class=\"mtt-cover-slider__text-container\">\r\n            <div class=\"mtt-cover-slider__text-container-inner\">\r\n\r\n                                    <p class=\"mtt-cover-slider__tagline\">Invoq Cloud Solution<\/p>\r\n                \r\n                                    <h1 class=\"mtt-cover-slider__title\">Open Kitchen<\/h1>\r\n                \r\n                                    <div class=\"mtt-cover-slider__text\"><p>F\u00e5 det fulde udbytte af dine HOUN\u00d6 Invoq ovne med smart automatisering, realtidsalarmer og handlingsorienterede indsigter, der er designet til at maksimere oppetid og effektivitet.<\/p>\n<\/div>\r\n                \r\n                    <div class=\"button-section mtt-cover-slider__buttons\">\n\n        \n                    <a href=\"https:\/\/connect.powerhousedynamics.com\/open-kitchen-and-invoq-integration\" target=\"_blank\" class=\" button dash white\">\n                        Tilslut dine ovne nu                    <\/a>\n                \n                \n    <\/div>\n\r\n                \r\n                    <div class=\"mtt-cover-slider__social-media always-in-text\">\n        <span class=\"mtt-cover-slider__social-text\">F\u00f8lg os<\/span>\n        <div class=\"mtt-cover-slider__social-text-line social-text-line\"><\/div>\n        <div class=\"mtt-cover-slider__social-media-icons\">\n                                <a href=\"https:\/\/da-dk.facebook.com\/hounocombi\" class=\"mtt-cover-slider__social-icon\" target=\"_blank\" rel=\"noopener noreferrer\"  >\n                        <svg xmlns=\"http:\/\/www.w3.org\/2000\/svg\" width=\"8.356\" height=\"16\" viewBox=\"0 0 8.356 16\">\n  <path id=\"Path_8440\" data-name=\"Path 8440\" d=\"M85.422,16V8.711h2.489l.356-2.844H85.422V4.089c0-.8.267-1.422,1.422-1.422h1.511V.089C88,.089,87.111,0,86.133,0a3.431,3.431,0,0,0-3.644,3.733V5.867H80V8.711h2.489V16Z\" transform=\"translate(-80)\" fill=\"#F4EFEA\" fill-rule=\"evenodd\"\/>\n<\/svg>\n                    <\/a>\n                                    <a href=\"https:\/\/www.youtube.com\/@invoqoven\" class=\"mtt-cover-slider__social-icon\" target=\"_blank\" rel=\"noopener noreferrer\"  >\n                        <svg xmlns=\"http:\/\/www.w3.org\/2000\/svg\" width=\"21.124\" height=\"14.948\" viewBox=\"0 0 21.124 14.948\">\n  <path id=\"youtube\" d=\"M16.737,67.393H4.387A4.387,4.387,0,0,0,0,71.78v6.173a4.387,4.387,0,0,0,4.387,4.387h12.35a4.387,4.387,0,0,0,4.387-4.387V71.78A4.387,4.387,0,0,0,16.737,67.393ZM13.77,75.167,7.993,77.922a.232.232,0,0,1-.332-.209V72.031A.232.232,0,0,1,8,71.824l5.776,2.927A.232.232,0,0,1,13.77,75.167Z\" transform=\"translate(0 -67.393)\" fill=\"#F4EFEA\"\/>\n<\/svg>\n                    <\/a>\n                                    <a href=\"https:\/\/dk.linkedin.com\/company\/houno\" class=\"mtt-cover-slider__social-icon\" target=\"_blank\" rel=\"noopener noreferrer\" style=\"margin-top: -3px;\" >\n                        <svg xmlns=\"http:\/\/www.w3.org\/2000\/svg\" width=\"15.693\" height=\"15\" viewBox=\"0 0 15.693 15\">\n  <g id=\"linkedin\" transform=\"translate(0 0.668)\">\n    <path id=\"Path_9304\" data-name=\"Path 9304\" d=\"M1.9-.668a1.753,1.753,0,1,0-.044,3.5h.022A1.754,1.754,0,1,0,1.9-.668Zm0,0\" fill=\"#F4EFEA\"\/>\n    <path id=\"Path_9305\" data-name=\"Path 9305\" d=\"M8.109,198.313h3.364v10.121H8.109Zm0,0\" transform=\"translate(-7.911 -194.101)\" fill=\"#F4EFEA\"\/>\n    <path id=\"Path_9306\" data-name=\"Path 9306\" d=\"M227.611,188.625a4.215,4.215,0,0,0-3.032,1.705v-1.468h-3.364v10.121h3.364v-5.652a2.305,2.305,0,0,1,.111-.821,1.841,1.841,0,0,1,1.726-1.23c1.217,0,1.7.928,1.7,2.289v5.414h3.364v-5.8C231.484,190.072,229.824,188.625,227.611,188.625Zm0,0\" transform=\"translate(-215.791 -184.651)\" fill=\"#F4EFEA\"\/>\n  <\/g>\n<\/svg>\n                    <\/a>\n                                    <a href=\"https:\/\/www.instagram.com\/hounouniverse\/?hl=da\" class=\"mtt-cover-slider__social-icon\" target=\"_blank\" rel=\"noopener noreferrer\"  >\n                        <svg xmlns=\"http:\/\/www.w3.org\/2000\/svg\" width=\"16\" height=\"16\" viewBox=\"0 0 16 16\">\n  <g id=\"instagram\" transform=\"translate(-0.005)\">\n    <g id=\"Group_11850\" data-name=\"Group 11850\" transform=\"translate(0.005)\">\n      <g id=\"Group_11849\" data-name=\"Group 11849\" transform=\"translate(0)\">\n        <path id=\"Path_8789\" data-name=\"Path 8789\" d=\"M12,0H4A4.012,4.012,0,0,0,0,4v8a4.012,4.012,0,0,0,4,4h8a4.012,4.012,0,0,0,4-4V4A4.012,4.012,0,0,0,12,0Zm2.667,12A2.67,2.67,0,0,1,12,14.667H4A2.67,2.67,0,0,1,1.338,12V4A2.67,2.67,0,0,1,4,1.333h8A2.669,2.669,0,0,1,14.671,4v8Z\" transform=\"translate(-0.005)\" fill=\"#F4EFEA\"\/>\n      <\/g>\n    <\/g>\n    <g id=\"Group_11852\" data-name=\"Group 11852\" transform=\"translate(11.339 2.667)\">\n      <g id=\"Group_11851\" data-name=\"Group 11851\">\n        <circle id=\"Ellipse_16\" data-name=\"Ellipse 16\" cx=\"1\" cy=\"1\" r=\"1\" fill=\"#F4EFEA\"\/>\n      <\/g>\n    <\/g>\n    <g id=\"Group_11854\" data-name=\"Group 11854\" transform=\"translate(4.005 4)\">\n      <g id=\"Group_11853\" data-name=\"Group 11853\">\n        <path id=\"Path_8790\" data-name=\"Path 8790\" d=\"M106.4,102.4a4,4,0,1,0,4,4A4,4,0,0,0,106.4,102.4Zm0,6.667a2.667,2.667,0,1,1,2.667-2.667A2.667,2.667,0,0,1,106.4,109.067Z\" transform=\"translate(-102.405 -102.4)\" fill=\"#F4EFEA\"\/>\n      <\/g>\n    <\/g>\n  <\/g>\n<\/svg>\n                    <\/a>\n                        <\/div>\n    <\/div>\n\r\n            <\/div>\r\n                    <\/div>\r\n\r\n        <div class=\"mtt-cover-slider__images-container\">\r\n\r\n            <div class=\"swiper-container\">\r\n                <div class=\"swiper-wrapper\">\r\n                                                                        <div class=\"mtt-cover-slider__image-slide swiper-slide object-fit\">\r\n\t\t\t\t\t                                                                        <img decoding=\"async\" src=\"https:\/\/houno.com\/wp-content\/uploads\/2024\/05\/Invoq-Open-Kitchen-Hybrid-Oven-Laptop-and-Mobile-web-300x202.png\" data-full=\"https:\/\/houno.com\/wp-content\/uploads\/2024\/05\/Invoq-Open-Kitchen-Hybrid-Oven-Laptop-and-Mobile-web-1100x742.png\" alt=\"Invoq-Open Kitchen Hybrid- Oven-Laptop and Mobile-web\" lazy-load>\r\n                                                        <\/div>\r\n                                                            <\/div>\r\n            <\/div>\r\n\r\n        <\/div>\r\n\r\n    <\/div>\r\n\r\n    \r\n    <div class=\"vertical-stamp\">Est. 1977 Denmark<\/div>\r\n<\/section><\/div><div class=\"style no_bg\">\r\n<section class=\"text-info-repeater background_element spacing_top_152 spacing_bottom_120 spacing-classes-added\">\r\n    <div class=\"text-info-repeater__inner page_container\">\r\n                    <div class=\"text-info-repeater__title-container\">\r\n                                    <div class=\"text-info-repeater__tagline mtt-tagline\">Hvad er det du f\u00e5r?<\/div>\r\n                                                    <h2 class=\"text-info-repeater__title\">Alle fordelene med Open Kitchen<\/h2>\r\n                            <\/div>\r\n                <div class=\"text-info-repeater__text-container\">\r\n                                                <div class=\"text-info-repeater__text size-3\">\r\n                        <h3>Maksimer din investering i udstyr<\/h3>\r\n                        <p>Med Open Kitchen-cloudl\u00f8sningen kan du hurtigt h\u00e5ndtere udfordringer med automatiske servicealarmer. Realtidsdiagnostiske data g\u00f8r det muligt at fremskynde reparationer og reducere nedetid, hvilket sparer p\u00e5 reparations- og vedligeholdelsesomkostninger gennem pr\u00e6diktiv brugeranalyse. <\/p>\r\n                                            <\/div>\r\n                                    <div class=\"text-info-repeater__text size-3\">\r\n                        <h3>F\u00e5 optimal driftseffektivitet<\/h3>\r\n                        <p>Open Kitchen-cloudl\u00f8sningen sikrer ensartethed i madproduktionen med automatiseret menuadministration. Potentielle kvalitetsproblemer kan identificeres via HACCP-rapporter, der overv\u00e5ger ovnens brugsm\u00f8nstre og afhj\u00e6lper driftsm\u00e6ssige flaskehalse. Derudover er muligheden for at distribuere opskrifter i realtid fra hovedkontoret til franchises for optimal effektivitet.  <\/p>\r\n                                            <\/div>\r\n                                    <div class=\"text-info-repeater__text size-3\">\r\n                        <h3>Tr\u00e6f indsigtbaserede beslutninger i stor skala<\/h3>\r\n                        <p>Open Kitchen-cloudl\u00f8sningen hj\u00e6lper medarbejdere med at f\u00f8lge de fastsatte tilberednings- og reng\u00f8ringsprocedurer med realtidsnotifikationer og undtagelsesrapporter. L\u00f8sningen validerer kapaciteten for fremtidige investeringer i udstyr. <\/p>\r\n                                            <\/div>\r\n                                    <\/div>\r\n    <\/div>\r\n<\/section><\/div><div class=\"wp-text-block page_container styled-text\"><div class=\"wp-text-block__inner\">\n<h2 class=\"wp-block-heading\" id=\"h-embrace-the-kitchen-of-tomorrow-so-you-can-thrive-today\">Tag fremtidens k\u00f8kken til dig allerede i dag<\/h2>\n<\/div><\/div>\n<div style=\"height:40px\" aria-hidden=\"true\" class=\"wp-block-spacer\"><\/div>\n\n<div class=\"wp-block-columns is-layout-flex wp-container-core-columns-is-layout-9d6595d7 wp-block-columns-is-layout-flex\">\n<div class=\"wp-block-column is-vertically-aligned-center is-layout-flow wp-block-column-is-layout-flow\" style=\"flex-basis:38%\">\n<figure class=\"wp-block-image size-large\"><img loading=\"lazy\" decoding=\"async\" width=\"1024\" height=\"544\" src=\"https:\/\/houno.com\/wp-content\/uploads\/2024\/05\/Invoq-Open-Kitchen-Hybrid-Oven-Exploded-web-1024x544.jpg\" alt=\"\" class=\"wp-image-27118\" srcset=\"https:\/\/houno.com\/wp-content\/uploads\/2024\/05\/Invoq-Open-Kitchen-Hybrid-Oven-Exploded-web-1024x544.jpg 1024w, https:\/\/houno.com\/wp-content\/uploads\/2024\/05\/Invoq-Open-Kitchen-Hybrid-Oven-Exploded-web-300x159.jpg 300w, https:\/\/houno.com\/wp-content\/uploads\/2024\/05\/Invoq-Open-Kitchen-Hybrid-Oven-Exploded-web.jpg 1500w\" sizes=\"auto, (max-width: 1024px) 100vw, 1024px\" \/><\/figure>\n<\/div>\n\n\n\n<div class=\"wp-block-column is-layout-flow wp-block-column-is-layout-flow\" style=\"flex-basis:5%\"><\/div>\n\n\n\n<div class=\"wp-block-column is-layout-flow wp-block-column-is-layout-flow\" style=\"flex-basis:55%\"><div class=\"wp-text-block page_container styled-text\"><div class=\"wp-text-block__inner\">\n<h3 class=\"wp-block-heading\" id=\"h-future-proof-your-investment\">Fremtidssikret investering<\/h3>\n<\/div><\/div>\n\n<div class=\"wp-text-block page_container styled-text\"><div class=\"wp-text-block__inner\">\n<p>Automatiske firmwareopdateringer og forbedrede diagnostiske data hj\u00e6lper med at opretholde optimal ydeevne og forl\u00e6nge ovnens levetid.<\/p>\n<\/div><\/div>\n\n<div class=\"wp-text-block page_container styled-text\"><div class=\"wp-text-block__inner\">\n<h3 class=\"wp-block-heading\" id=\"h-access-your-kitchen-anywhere-anytime\">F\u00e5 adgang til dit k\u00f8kken overalt, n\u00e5r som helst<\/h3>\n<\/div><\/div>\n\n<div class=\"wp-text-block page_container styled-text\"><div class=\"wp-text-block__inner\">\n<p>Overv\u00e5g og administr\u00e9r dit k\u00f8kken via en browser eller mobilapp.<\/p>\n<\/div><\/div><\/div>\n<\/div>\n<div class=\"style light_blue\">\r\n<section class=\"mtt-featured-post  spacing_top_56 spacing_bottom_120 spacing-classes-added\">\r\n    <div class=\"mtt-featured-post__inner page_container background_element mtt-featured-post__inner--flip\">\r\n\r\n        <div class=\"mtt-featured-post__text-container\">\r\n            <div class=\"mtt-featured-post__text-container-inner\">\r\n\r\n                                    <p class=\"mtt-featured-post__tagline mtt-tagline\">\r\n                        F\u00e5 adgang p\u00e5 alle enheder                    <\/p>\r\n                \r\n                                    <h2 class=\"mtt-featured-post__title\">Open Kitchen <\/h2>\r\n                \r\n                                    <div class=\"mtt-featured-post__text\"><p>Opret en konto og f\u00e5 adgang til alle fordelene ved cloudl\u00f8sningen.<\/p>\n<\/div>\r\n                \r\n                                    <div class=\"mtt-featured-post__button\">\r\n                        <a href=\"https:\/\/connect.powerhousedynamics.com\/open-kitchen-and-invoq-integration\" class=\"button dash prim\" target=\"_blank\">\r\n                            Forbind nu                        <\/a>\r\n                    <\/div>\r\n                \r\n            <\/div>\r\n        <\/div>\r\n\r\n                    <div class=\"mtt-featured-post__image-container object-fit\">\r\n                <img decoding=\"async\" src=\"https:\/\/houno.com\/wp-content\/uploads\/2024\/05\/OpenKitchen-InvoqLPHeader1200x600-300x209.png\" data-full=\"https:\/\/houno.com\/wp-content\/uploads\/2024\/05\/OpenKitchen-InvoqLPHeader1200x600.png\" alt=\"OpenKitchen-InvoqLPHeader1200x600\" lazy-load>\r\n            <\/div>\r\n        \r\n    <\/div>\r\n<\/section><\/div>","protected":false},"excerpt":{"rendered":"<p>Forbedr ydeevnen p\u00e5 Invoq-ovnene med cloud-l\u00f8sningen Open Kitchen, der tilbyder realtidsdiagnostik og automatiske serviceadvarsler.<\/p>\n","protected":false},"author":4,"featured_media":0,"parent":0,"menu_order":0,"comment_status":"closed","ping_status":"closed","template":"","meta":{"_acf_changed":false,"_relevanssi_hide_post":"","_relevanssi_hide_content":"","_relevanssi_pin_for_all":"","_relevanssi_pin_keywords":"","_relevanssi_unpin_keywords":"","_relevanssi_related_keywords":"","_relevanssi_related_include_ids":"","_relevanssi_related_exclude_ids":"","_relevanssi_related_no_append":"","_relevanssi_related_not_related":"","_relevanssi_related_posts":"1115,1120,206,1122,1133,1126","_relevanssi_noindex_reason":"","footnotes":""},"class_list":["post-11711","page","type-page","status-publish","hentry"],"acf":[],"yoast_head":"<!-- This site is optimized with the Yoast SEO Premium plugin v27.5 (Yoast SEO v27.5) - https:\/\/yoast.com\/product\/yoast-seo-premium-wordpress\/ -->\n<title>Mulighederne med Open Kitchen cloudl\u00f8sningen<\/title>\n<meta name=\"description\" content=\"Forbedr ydeevnen p\u00e5 Invoq-ovnene med cloud-l\u00f8sningen Open Kitchen, der tilbyder realtidsdiagnostik og automatiske serviceadvarsler.\" \/>\n<meta name=\"robots\" content=\"index, follow, max-snippet:-1, max-image-preview:large, max-video-preview:-1\" \/>\n<link rel=\"canonical\" href=\"https:\/\/houno.com\/da\/open-kitchen-cloud-solution\/\" \/>\n<meta property=\"og:locale\" content=\"da_DK\" \/>\n<meta property=\"og:type\" content=\"article\" \/>\n<meta property=\"og:title\" content=\"Invoq CLOUD Solution\" \/>\n<meta property=\"og:description\" content=\"Forbedr ydeevnen p\u00e5 Invoq-ovnene med cloud-l\u00f8sningen Open Kitchen, der tilbyder realtidsdiagnostik og automatiske serviceadvarsler.\" \/>\n<meta property=\"og:url\" content=\"https:\/\/houno.com\/da\/open-kitchen-cloud-solution\/\" \/>\n<meta property=\"og:site_name\" content=\"HOUN\u00d6\" \/>\n<meta property=\"article:publisher\" content=\"https:\/\/www.facebook.com\/hounocombi\" \/>\n<meta property=\"article:modified_time\" content=\"2026-05-06T13:57:46+00:00\" \/>\n<meta property=\"og:image\" content=\"https:\/\/houno.com\/wp-content\/uploads\/2024\/05\/Invoq-Open-Kitchen-Hybrid-Oven-Exploded-web-1024x544.jpg\" \/>\n<meta name=\"twitter:card\" content=\"summary_large_image\" \/>\n<meta name=\"twitter:label1\" content=\"Estimeret l\u00e6setid\" \/>\n\t<meta name=\"twitter:data1\" content=\"1 minut\" \/>\n<script type=\"application\/ld+json\" class=\"yoast-schema-graph\">{\"@context\":\"https:\\\/\\\/schema.org\",\"@graph\":[{\"@type\":\"WebPage\",\"@id\":\"https:\\\/\\\/houno.com\\\/da\\\/open-kitchen-cloud-solution\\\/\",\"url\":\"https:\\\/\\\/houno.com\\\/da\\\/open-kitchen-cloud-solution\\\/\",\"name\":\"Mulighederne med Open Kitchen cloudl\u00f8sningen\",\"isPartOf\":{\"@id\":\"https:\\\/\\\/houno.com\\\/da\\\/#website\"},\"primaryImageOfPage\":{\"@id\":\"https:\\\/\\\/houno.com\\\/da\\\/open-kitchen-cloud-solution\\\/#primaryimage\"},\"image\":{\"@id\":\"https:\\\/\\\/houno.com\\\/da\\\/open-kitchen-cloud-solution\\\/#primaryimage\"},\"thumbnailUrl\":\"https:\\\/\\\/houno.com\\\/wp-content\\\/uploads\\\/2024\\\/05\\\/Invoq-Open-Kitchen-Hybrid-Oven-Exploded-web-1024x544.jpg\",\"datePublished\":\"2021-10-04T20:11:17+00:00\",\"dateModified\":\"2026-05-06T13:57:46+00:00\",\"description\":\"Forbedr ydeevnen p\u00e5 Invoq-ovnene med cloud-l\u00f8sningen Open Kitchen, der tilbyder realtidsdiagnostik og automatiske serviceadvarsler.\",\"breadcrumb\":{\"@id\":\"https:\\\/\\\/houno.com\\\/da\\\/open-kitchen-cloud-solution\\\/#breadcrumb\"},\"inLanguage\":\"da-DK\",\"potentialAction\":[{\"@type\":\"ReadAction\",\"target\":[\"https:\\\/\\\/houno.com\\\/da\\\/open-kitchen-cloud-solution\\\/\"]}]},{\"@type\":\"ImageObject\",\"inLanguage\":\"da-DK\",\"@id\":\"https:\\\/\\\/houno.com\\\/da\\\/open-kitchen-cloud-solution\\\/#primaryimage\",\"url\":\"https:\\\/\\\/houno.com\\\/wp-content\\\/uploads\\\/2024\\\/05\\\/Invoq-Open-Kitchen-Hybrid-Oven-Exploded-web-1024x544.jpg\",\"contentUrl\":\"https:\\\/\\\/houno.com\\\/wp-content\\\/uploads\\\/2024\\\/05\\\/Invoq-Open-Kitchen-Hybrid-Oven-Exploded-web-1024x544.jpg\"},{\"@type\":\"BreadcrumbList\",\"@id\":\"https:\\\/\\\/houno.com\\\/da\\\/open-kitchen-cloud-solution\\\/#breadcrumb\",\"itemListElement\":[{\"@type\":\"ListItem\",\"position\":1,\"name\":\"Home\",\"item\":\"https:\\\/\\\/houno.com\\\/da\\\/\"},{\"@type\":\"ListItem\",\"position\":2,\"name\":\"Invoq CLOUD Solution\"}]},{\"@type\":\"WebSite\",\"@id\":\"https:\\\/\\\/houno.com\\\/da\\\/#website\",\"url\":\"https:\\\/\\\/houno.com\\\/da\\\/\",\"name\":\"HOUN\u00d6\",\"description\":\"Premium commercial combi and bake ovens manufacturer aims for making service simple, smart and efficient\",\"publisher\":{\"@id\":\"https:\\\/\\\/houno.com\\\/da\\\/#organization\"},\"potentialAction\":[{\"@type\":\"SearchAction\",\"target\":{\"@type\":\"EntryPoint\",\"urlTemplate\":\"https:\\\/\\\/houno.com\\\/da\\\/?s={search_term_string}\"},\"query-input\":{\"@type\":\"PropertyValueSpecification\",\"valueRequired\":true,\"valueName\":\"search_term_string\"}}],\"inLanguage\":\"da-DK\"},{\"@type\":\"Organization\",\"@id\":\"https:\\\/\\\/houno.com\\\/da\\\/#organization\",\"name\":\"HOUN\u00d6\",\"url\":\"https:\\\/\\\/houno.com\\\/da\\\/\",\"logo\":{\"@type\":\"ImageObject\",\"inLanguage\":\"da-DK\",\"@id\":\"https:\\\/\\\/houno.com\\\/da\\\/#\\\/schema\\\/logo\\\/image\\\/\",\"url\":\"https:\\\/\\\/houno.com\\\/wp-content\\\/uploads\\\/2021\\\/08\\\/cropped-Houno\u00a6e_id_logo-black-e1634730012288.png\",\"contentUrl\":\"https:\\\/\\\/houno.com\\\/wp-content\\\/uploads\\\/2021\\\/08\\\/cropped-Houno\u00a6e_id_logo-black-e1634730012288.png\",\"width\":250,\"height\":59,\"caption\":\"HOUN\u00d6\"},\"image\":{\"@id\":\"https:\\\/\\\/houno.com\\\/da\\\/#\\\/schema\\\/logo\\\/image\\\/\"},\"sameAs\":[\"https:\\\/\\\/www.facebook.com\\\/hounocombi\",\"https:\\\/\\\/www.linkedin.com\\\/company\\\/houno\\\/\"]}]}<\/script>\n<!-- \/ Yoast SEO Premium plugin. -->","yoast_head_json":{"title":"Mulighederne med Open Kitchen cloudl\u00f8sningen","description":"Forbedr ydeevnen p\u00e5 Invoq-ovnene med cloud-l\u00f8sningen Open Kitchen, der tilbyder realtidsdiagnostik og automatiske serviceadvarsler.","robots":{"index":"index","follow":"follow","max-snippet":"max-snippet:-1","max-image-preview":"max-image-preview:large","max-video-preview":"max-video-preview:-1"},"canonical":"https:\/\/houno.com\/da\/open-kitchen-cloud-solution\/","og_locale":"da_DK","og_type":"article","og_title":"Invoq CLOUD Solution","og_description":"Forbedr ydeevnen p\u00e5 Invoq-ovnene med cloud-l\u00f8sningen Open Kitchen, der tilbyder realtidsdiagnostik og automatiske serviceadvarsler.","og_url":"https:\/\/houno.com\/da\/open-kitchen-cloud-solution\/","og_site_name":"HOUN\u00d6","article_publisher":"https:\/\/www.facebook.com\/hounocombi","article_modified_time":"2026-05-06T13:57:46+00:00","og_image":[{"url":"https:\/\/houno.com\/wp-content\/uploads\/2024\/05\/Invoq-Open-Kitchen-Hybrid-Oven-Exploded-web-1024x544.jpg","type":"","width":"","height":""}],"twitter_card":"summary_large_image","twitter_misc":{"Estimeret l\u00e6setid":"1 minut"},"schema":{"@context":"https:\/\/schema.org","@graph":[{"@type":"WebPage","@id":"https:\/\/houno.com\/da\/open-kitchen-cloud-solution\/","url":"https:\/\/houno.com\/da\/open-kitchen-cloud-solution\/","name":"Mulighederne med Open Kitchen cloudl\u00f8sningen","isPartOf":{"@id":"https:\/\/houno.com\/da\/#website"},"primaryImageOfPage":{"@id":"https:\/\/houno.com\/da\/open-kitchen-cloud-solution\/#primaryimage"},"image":{"@id":"https:\/\/houno.com\/da\/open-kitchen-cloud-solution\/#primaryimage"},"thumbnailUrl":"https:\/\/houno.com\/wp-content\/uploads\/2024\/05\/Invoq-Open-Kitchen-Hybrid-Oven-Exploded-web-1024x544.jpg","datePublished":"2021-10-04T20:11:17+00:00","dateModified":"2026-05-06T13:57:46+00:00","description":"Forbedr ydeevnen p\u00e5 Invoq-ovnene med cloud-l\u00f8sningen Open Kitchen, der tilbyder realtidsdiagnostik og automatiske serviceadvarsler.","breadcrumb":{"@id":"https:\/\/houno.com\/da\/open-kitchen-cloud-solution\/#breadcrumb"},"inLanguage":"da-DK","potentialAction":[{"@type":"ReadAction","target":["https:\/\/houno.com\/da\/open-kitchen-cloud-solution\/"]}]},{"@type":"ImageObject","inLanguage":"da-DK","@id":"https:\/\/houno.com\/da\/open-kitchen-cloud-solution\/#primaryimage","url":"https:\/\/houno.com\/wp-content\/uploads\/2024\/05\/Invoq-Open-Kitchen-Hybrid-Oven-Exploded-web-1024x544.jpg","contentUrl":"https:\/\/houno.com\/wp-content\/uploads\/2024\/05\/Invoq-Open-Kitchen-Hybrid-Oven-Exploded-web-1024x544.jpg"},{"@type":"BreadcrumbList","@id":"https:\/\/houno.com\/da\/open-kitchen-cloud-solution\/#breadcrumb","itemListElement":[{"@type":"ListItem","position":1,"name":"Home","item":"https:\/\/houno.com\/da\/"},{"@type":"ListItem","position":2,"name":"Invoq CLOUD Solution"}]},{"@type":"WebSite","@id":"https:\/\/houno.com\/da\/#website","url":"https:\/\/houno.com\/da\/","name":"HOUN\u00d6","description":"Premium commercial combi and bake ovens manufacturer aims for making service simple, smart and efficient","publisher":{"@id":"https:\/\/houno.com\/da\/#organization"},"potentialAction":[{"@type":"SearchAction","target":{"@type":"EntryPoint","urlTemplate":"https:\/\/houno.com\/da\/?s={search_term_string}"},"query-input":{"@type":"PropertyValueSpecification","valueRequired":true,"valueName":"search_term_string"}}],"inLanguage":"da-DK"},{"@type":"Organization","@id":"https:\/\/houno.com\/da\/#organization","name":"HOUN\u00d6","url":"https:\/\/houno.com\/da\/","logo":{"@type":"ImageObject","inLanguage":"da-DK","@id":"https:\/\/houno.com\/da\/#\/schema\/logo\/image\/","url":"https:\/\/houno.com\/wp-content\/uploads\/2021\/08\/cropped-Houno\u00a6e_id_logo-black-e1634730012288.png","contentUrl":"https:\/\/houno.com\/wp-content\/uploads\/2021\/08\/cropped-Houno\u00a6e_id_logo-black-e1634730012288.png","width":250,"height":59,"caption":"HOUN\u00d6"},"image":{"@id":"https:\/\/houno.com\/da\/#\/schema\/logo\/image\/"},"sameAs":["https:\/\/www.facebook.com\/hounocombi","https:\/\/www.linkedin.com\/company\/houno\/"]}]}},"_links":{"self":[{"href":"https:\/\/houno.com\/da\/wp-json\/wp\/v2\/pages\/11711","targetHints":{"allow":["GET"]}}],"collection":[{"href":"https:\/\/houno.com\/da\/wp-json\/wp\/v2\/pages"}],"about":[{"href":"https:\/\/houno.com\/da\/wp-json\/wp\/v2\/types\/page"}],"author":[{"embeddable":true,"href":"https:\/\/houno.com\/da\/wp-json\/wp\/v2\/users\/4"}],"replies":[{"embeddable":true,"href":"https:\/\/houno.com\/da\/wp-json\/wp\/v2\/comments?post=11711"}],"version-history":[{"count":3,"href":"https:\/\/houno.com\/da\/wp-json\/wp\/v2\/pages\/11711\/revisions"}],"predecessor-version":[{"id":37315,"href":"https:\/\/houno.com\/da\/wp-json\/wp\/v2\/pages\/11711\/revisions\/37315"}],"wp:attachment":[{"href":"https:\/\/houno.com\/da\/wp-json\/wp\/v2\/media?parent=11711"}],"curies":[{"name":"wp","href":"https:\/\/api.w.org\/{rel}","templated":true}]}}