{"id":11401,"date":"2021-10-02T17:51:51","date_gmt":"2021-10-02T15:51:51","guid":{"rendered":"https:\/\/houno.com\/da.flamingo.ws\/?page_id=11401"},"modified":"2026-01-08T13:38:47","modified_gmt":"2026-01-08T12:38:47","slug":"garanti","status":"publish","type":"page","link":"https:\/\/houno.com\/da\/support\/garanti\/","title":{"rendered":"Garanti"},"content":{"rendered":"<div class=\"style sand\">\r\n<header class=\"woocommerce-products-header shop-cover background_element \">\r\n    <div class=\"woocommerce-products-header__inner page_container\">\r\n        <div class=\"woocommerce-products-header__text\">\r\n            <div class=\"mtt-tagline\">Garanti<\/div>\r\n            <h1>Vi har styr p\u00e5 det<\/h1>\r\n            <div class=\"text\"><p>HOUN\u00d6 producerer kombiovne af h\u00f8j kvalitet, der er bygget til at holde. Der er kun brugt komponenter af h\u00f8j kvalitet, som alle er designet og testet til at overleve det moderne k\u00f8kkenliv.<\/p>\n<p>&nbsp;<\/p>\n<\/div>\r\n                <div class=\"button-section buttons\">\n\n        \n                    <a href=\"https:\/\/houno.com\/download\/23746\/\" target=\"_blank\" class=\" button dash\">\n                        HOUN\u00d6 manufacturer warranty terms                     <\/a>\n                \n                \n    <\/div>\n        <\/div>\r\n        <div class=\"woocommerce-products-header__image\">\r\n            <div class=\"image object-fit\">\r\n                                    <img decoding=\"async\" src=\"https:\/\/houno.com\/wp-content\/uploads\/2023\/08\/Invoq_1-1-GN-300x169.jpg\" data-full=\"https:\/\/houno.com\/wp-content\/uploads\/2023\/08\/Invoq_1-1-GN-1130x636.jpg\" alt=\"Invoq oven series\" lazy-load>\r\n                            <\/div>\r\n        <\/div>\r\n    <\/div>\r\n<\/header><\/div>\n<div style=\"height:60px\" aria-hidden=\"true\" class=\"wp-block-spacer\"><\/div>\n<div class=\"wp-text-block page_container styled-text\"><div class=\"wp-text-block__inner\">\n<p>F\u00f8lg processen &#8211; s\u00e5 enkelt er det!<\/p>\n<\/div><\/div><div class=\"wp-text-block page_container styled-text\"><div class=\"wp-text-block__inner\">\n<h2 class=\"wp-block-heading\" id=\"h-how-to-secure-the-warranty\">S\u00e5dan sikrer du garantien<\/h2>\n<\/div><\/div><div class=\"style no_bg\"><section class=\"product-registration-widget page_container\">\n\t<div class=\"product-registration-widget__inner background_element\">\n\t\t\t\t<div class=\"product-registration-widget__text\">\n\t\t\t<h2>Step 1 &#8211; Register your oven for warranty<\/h2>\t\t\t<p>Registration must be completed within 8 weeks of installing the oven.<\/p>\n<p>&nbsp;<\/p>\n\t\t\t<div class=\"product-registration-widget__form\">\n                <form action=\"\" method=\"post\">\n                    <input type=\"hidden\" name=\"post_id\" value=\"11401\">\n                    <div class=\"input-wrap float-label product-registration-widget__form-row\">\n                        <label for=\"name\">Navn<\/label>\n                        <input type=\"text\" id=\"name\" name=\"name\" value=\"\" required title=\"Navn\">\n                    <\/div>\n                    <div class=\"product-registration-widget__form-row\">\n                        <div class=\"input-wrap float-label\">\n                            <label for=\"serial\">Serienummer<\/label>\n                            <input type=\"text\" id=\"serial\" name=\"serial\" maxlength=\"13\" required pattern=\"(\\d){6}-(\\d){6}\" title=\"Formatet skal v\u00e6re XXXXXX-XXXXXX hvor X er et bogstav eller et tal\">\n                        <\/div>\n\n                        <div class=\"input-wrap float-label\">\n                            <label for=\"installation_date\">Dato for installation<\/label>\n                            <input type=\"text\" id=\"installation_date\" name=\"installation_date\" value=\"\" required title=\"Dato for installation\" autocomplete=\"off\">\n                        <\/div>\n                    <\/div>\n                    <div class=\"product-registration-widget__form-row\">\n                        <div class=\"input-wrap float-label\">\n                            <label for=\"installed_at\">Placering af installation<\/label>\n                            <input type=\"text\" id=\"installed_at\" name=\"installed_at\" value=\"\" required title=\"Placering af installation\">\n                        <\/div>\n\n                        <div class=\"input-wrap float-label\">\n                            <label for=\"installed_by\">Installeret af<\/label>\n                            <input type=\"text\" id=\"installed_by\" name=\"installed_by\" value=\"\" required title=\"Installeret af\">\n                        <\/div>\n                    <\/div>\n                    <div class=\"product-registration-widget__form-row submit\">\n                        <div class=\"product-registration-widget__form-message\" style=\"width: auto;\">\n                            <button type=\"submit\" class=\"button primary\">Register product<\/button>\n                        <\/div>\n                        <div class=\"product-registration-widget__form-message hidden\" style=\"padding-left: 18px;\">\n                            <div class=\"product-registration-widget__form-message-indicator\">\n                                <p><\/p>\n                            <\/div>\n                        <\/div>\n                    <\/div>\n                <\/form>\n\t\t\t<\/div>\n\t\t<\/div>\n\t<\/div>\n<\/section>\n<\/div>\n<section class=\"wp-block-morningtrain-text-sections mtt-text-sections style background_element undefined\"><div class=\"mtt-text-sections__inner page_container  spacing_top_120 spacing_bottom_120\"><p class=\"mtt-text-sections__tagline mtt-tagline\"><a href=\"https:\/\/houno.com\/download\/16078\/\"><strong>Download the installation checklist here<\/strong><\/a><\/p><h2 class=\"mtt-text-sections__title\"><a href=\"https:\/\/houno.com\/download\/16078\/\">Get your installation checklist to be filled in &amp; finalized<\/a><\/h2><div class=\"mtt-text-sections__wrap\"><div class=\"mtt-text-sections__text-container\"><strong>Step 2 &#8211; Fill in the installation checklist<\/strong><br><br>To ensure that the oven is covered by the warranty, the installation checklist must be filled in after installation of the oven.<br><br><\/div><div class=\"mtt-text-sections__text-container\"><strong>Step 3 &#8211; Review, sign and save your checklist<\/strong><br><br>Review the installation checklist with the end-user, then get the signature from both the service technician and the end-user on the checklist. Save it in case of the warranty claim as the following information.<br> <br>*Checklist must be presented on the request from HOUN\u00d6<\/div><\/div><\/div><\/section>\n<div class=\"style no_bg\">\r\n<section class=\"mtt-text-list-image\">\r\n    <div class=\"mtt-text-list-image__inner after_background_element\">\r\n        <div class=\"mtt-text-list-image__wrap page_container\">\r\n\r\n            <div class=\"mtt-text-list-image__text-container\">\r\n                                    <div class=\"mtt-text-list-image__tagline mtt-tagline\">Kun for servicepartnere <\/div>\r\n                                                    <h2 class=\"mtt-text-list-image__title\">Reklamation<\/h2>\r\n                                                    <div class=\"mtt-text-list-image__list\">\r\n                                                    <div class=\"mtt-text-list-image__list-item\">\r\n                                <span>Trin 1<\/span>\r\n                                <h4>Udskift defekt komponent<\/h4>\r\n\t                            <div class=\"mtt-text-list-image__list-item__text\">\r\n\t\t                            <p>For at undg\u00e5 un\u00f8dig driftsstop p\u00e5 ovnen, udskifter servicepartneren det defekte komponent f\u00f8r HOUN\u00d6 kontaktes.<\/p>\n\t                            <\/div>\r\n                                                            <\/div>\r\n                                                    <div class=\"mtt-text-list-image__list-item\">\r\n                                <span>Trin 2<\/span>\r\n                                <h4>Send foresp\u00f8rgsel<\/h4>\r\n\t                            <div class=\"mtt-text-list-image__list-item__text\">\r\n\t\t                            <p>Udfyld formularen for at komme i gang med din garantisag. For at g\u00f8re det nemmere og hurtigere for os at hj\u00e6lpe dig, bedes du sende detaljeret beskrivelse af problemet samt billeder og\/eller video dokumention. Send foresp\u00f8rgslen til techsupport@houno.com.  <\/p>\n\t                            <\/div>\r\n                                                                                                        <a class=\"button dash\" href=\"https:\/\/houno.com\/wp-content\/uploads\/2026\/01\/Warranty-Claim-ENG.xlsx\"  target=\"_blank\">Download claim form<\/a>\r\n                                                            <\/div>\r\n                                                    <div class=\"mtt-text-list-image__list-item\">\r\n                                <span>Trin 3<\/span>\r\n                                <h4>Verifikation<\/h4>\r\n\t                            <div class=\"mtt-text-list-image__list-item__text\">\r\n\t\t                            <p>S\u00e5 snart vi modtager din garantisag, gennemf\u00e5r vores tekniske team din foresp\u00f8rgsel. Hvis du sender din foresp\u00f8rgsel p\u00e5 en hverdag indenfor vores \u00e5bningstid, g\u00f8r vi v\u00f8res bedste for at du f\u00e5r svar samme dag. <\/p>\n\t                            <\/div>\r\n                                                            <\/div>\r\n                                                    <div class=\"mtt-text-list-image__list-item\">\r\n                                <span>Trin 4<\/span>\r\n                                <h4>Kreditering<\/h4>\r\n\t                            <div class=\"mtt-text-list-image__list-item__text\">\r\n\t\t                            <p>S\u00e5fremt reklamationen accepteres, krediteres servicepartneren for det udskiftede komponent.<\/p>\n\t                            <\/div>\r\n                                                            <\/div>\r\n                                            <\/div>\r\n                            <\/div>\r\n\r\n            <div class=\"mtt-text-list-image__images-container\">\r\n\t\t\t\t                <div class=\"mtt-text-list-image__image object-fit\">\r\n                    <picture>\r\n                                                                            <img decoding=\"async\" src=\"https:\/\/houno.com\/wp-content\/uploads\/2021\/08\/QUOTE-til-claim1-292x300.png\" data-full=\"https:\/\/houno.com\/wp-content\/uploads\/2021\/08\/QUOTE-til-claim1.png\" alt=\"QUOTE til claim1\" lazy-load>\r\n                                            <\/picture>\r\n                <\/div>\r\n                \t\t\t\t            <\/div>\r\n\r\n        <\/div>\r\n    <\/div>\r\n<\/section><\/div><div class=\"style light_sand\">\r\n<section class=\"mtt-text-image mtt-text-image--direction-text_image spacing_bottom_152 spacing-classes-added\">\r\n    <div class=\"mtt-text-image__inner after_background_element background_element_mobile\">\r\n        <div class=\"mtt-text-image__wrap page_container\">\r\n\r\n            <div class=\"mtt-text-image__text-container text_element\">\r\n                                    <div class=\"mtt-text-image__tagline mtt-tagline\">FAQ<\/div>\r\n                                                    <h2 class=\"mtt-text-image__title\">Sp\u00f8rgsm\u00e5l til garantien?<\/h2>\r\n                                                    <div class=\"mtt-text-image__text\">Vi har samlet de mest stillede sp\u00f8rgsm\u00e5l om vores garanti sammen med en andre sp\u00f8rgsm\u00e5l. <\/div>\r\n                                    <div class=\"button-section mtt-text-image__buttons\">\n\n        \n                    <a href=\"https:\/\/houno.com\/en\/faq\/faq-warranty\/\" class=\" button dash\">\n                        See questions about warranty                    <\/a>\n                \n                \n    <\/div>\n            <\/div>\r\n\r\n            <div class=\"mtt-text-image__images-container\">\r\n                                                <div class=\"mtt-text-image__image object-fit\">\r\n                    <picture>\r\n                                                <img decoding=\"async\" src=\"https:\/\/houno.com\/wp-content\/uploads\/2022\/03\/FAQ_beige-300x222.png\" \r\n                             data-full=\"https:\/\/houno.com\/wp-content\/uploads\/2022\/03\/FAQ_beige.png\" \r\n                             alt=\"FAQ_beige\" \r\n                             lazy-load\r\n                             loading=\"lazy\">\r\n                    <\/picture>\r\n                <\/div>\r\n                                \t\t\t\t            <\/div>\r\n\r\n        <\/div>\r\n    <\/div>\r\n<\/section><\/div>","protected":false},"excerpt":{"rendered":"<p>F\u00f8lg processen &#8211; s\u00e5 enkelt er det! S\u00e5dan sikrer du garantien<\/p>\n","protected":false},"author":4,"featured_media":0,"parent":431,"menu_order":0,"comment_status":"closed","ping_status":"closed","template":"","meta":{"_acf_changed":false,"_relevanssi_hide_post":"","_relevanssi_hide_content":"","_relevanssi_pin_for_all":"","_relevanssi_pin_keywords":"","_relevanssi_unpin_keywords":"","_relevanssi_related_keywords":"","_relevanssi_related_include_ids":"","_relevanssi_related_exclude_ids":"","_relevanssi_related_no_append":"","_relevanssi_related_not_related":"","_relevanssi_related_posts":"1120,1133,1117,1113,1122,206","_relevanssi_noindex_reason":"","footnotes":""},"class_list":["post-11401","page","type-page","status-publish","hentry"],"acf":[],"yoast_head":"<!-- This site is optimized with the Yoast SEO Premium plugin v27.5 (Yoast SEO v27.6) - https:\/\/yoast.com\/product\/yoast-seo-premium-wordpress\/ -->\n<title>Din garanti p\u00e5 din HOUN\u00d6 ovn | HOUN\u00d6<\/title>\n<meta name=\"robots\" content=\"index, follow, max-snippet:-1, max-image-preview:large, max-video-preview:-1\" \/>\n<link rel=\"canonical\" href=\"https:\/\/houno.com\/da\/support\/garanti\/\" \/>\n<meta property=\"og:locale\" content=\"da_DK\" \/>\n<meta property=\"og:type\" content=\"article\" \/>\n<meta property=\"og:title\" content=\"Garanti\" \/>\n<meta property=\"og:description\" content=\"F\u00f8lg processen &#8211; s\u00e5 enkelt er det! S\u00e5dan sikrer du garantien\" \/>\n<meta property=\"og:url\" content=\"https:\/\/houno.com\/da\/support\/garanti\/\" \/>\n<meta property=\"og:site_name\" content=\"HOUN\u00d6\" \/>\n<meta property=\"article:publisher\" content=\"https:\/\/www.facebook.com\/hounocombi\" \/>\n<meta property=\"article:modified_time\" content=\"2026-01-08T12:38:47+00:00\" \/>\n<meta name=\"twitter:card\" content=\"summary_large_image\" \/>\n<meta name=\"twitter:label1\" content=\"Estimeret l\u00e6setid\" \/>\n\t<meta name=\"twitter:data1\" content=\"1 minut\" \/>\n<script type=\"application\/ld+json\" class=\"yoast-schema-graph\">{\"@context\":\"https:\\\/\\\/schema.org\",\"@graph\":[{\"@type\":\"WebPage\",\"@id\":\"https:\\\/\\\/houno.com\\\/da\\\/support\\\/garanti\\\/\",\"url\":\"https:\\\/\\\/houno.com\\\/da\\\/support\\\/garanti\\\/\",\"name\":\"Din garanti p\u00e5 din HOUN\u00d6 ovn | HOUN\u00d6\",\"isPartOf\":{\"@id\":\"https:\\\/\\\/houno.com\\\/da\\\/#website\"},\"datePublished\":\"2021-10-02T15:51:51+00:00\",\"dateModified\":\"2026-01-08T12:38:47+00:00\",\"breadcrumb\":{\"@id\":\"https:\\\/\\\/houno.com\\\/da\\\/support\\\/garanti\\\/#breadcrumb\"},\"inLanguage\":\"da-DK\",\"potentialAction\":[{\"@type\":\"ReadAction\",\"target\":[\"https:\\\/\\\/houno.com\\\/da\\\/support\\\/garanti\\\/\"]}]},{\"@type\":\"BreadcrumbList\",\"@id\":\"https:\\\/\\\/houno.com\\\/da\\\/support\\\/garanti\\\/#breadcrumb\",\"itemListElement\":[{\"@type\":\"ListItem\",\"position\":1,\"name\":\"Home\",\"item\":\"https:\\\/\\\/houno.com\\\/da\\\/\"},{\"@type\":\"ListItem\",\"position\":2,\"name\":\"Support\",\"item\":\"https:\\\/\\\/houno.com\\\/da\\\/support\\\/\"},{\"@type\":\"ListItem\",\"position\":3,\"name\":\"Garanti\"}]},{\"@type\":\"WebSite\",\"@id\":\"https:\\\/\\\/houno.com\\\/da\\\/#website\",\"url\":\"https:\\\/\\\/houno.com\\\/da\\\/\",\"name\":\"HOUN\u00d6\",\"description\":\"Premium commercial combi and bake ovens manufacturer aims for making service simple, smart and efficient\",\"publisher\":{\"@id\":\"https:\\\/\\\/houno.com\\\/da\\\/#organization\"},\"potentialAction\":[{\"@type\":\"SearchAction\",\"target\":{\"@type\":\"EntryPoint\",\"urlTemplate\":\"https:\\\/\\\/houno.com\\\/da\\\/?s={search_term_string}\"},\"query-input\":{\"@type\":\"PropertyValueSpecification\",\"valueRequired\":true,\"valueName\":\"search_term_string\"}}],\"inLanguage\":\"da-DK\"},{\"@type\":\"Organization\",\"@id\":\"https:\\\/\\\/houno.com\\\/da\\\/#organization\",\"name\":\"HOUN\u00d6\",\"url\":\"https:\\\/\\\/houno.com\\\/da\\\/\",\"logo\":{\"@type\":\"ImageObject\",\"inLanguage\":\"da-DK\",\"@id\":\"https:\\\/\\\/houno.com\\\/da\\\/#\\\/schema\\\/logo\\\/image\\\/\",\"url\":\"https:\\\/\\\/houno.com\\\/wp-content\\\/uploads\\\/2021\\\/08\\\/cropped-Houno\u00a6e_id_logo-black-e1634730012288.png\",\"contentUrl\":\"https:\\\/\\\/houno.com\\\/wp-content\\\/uploads\\\/2021\\\/08\\\/cropped-Houno\u00a6e_id_logo-black-e1634730012288.png\",\"width\":250,\"height\":59,\"caption\":\"HOUN\u00d6\"},\"image\":{\"@id\":\"https:\\\/\\\/houno.com\\\/da\\\/#\\\/schema\\\/logo\\\/image\\\/\"},\"sameAs\":[\"https:\\\/\\\/www.facebook.com\\\/hounocombi\",\"https:\\\/\\\/www.linkedin.com\\\/company\\\/houno\\\/\"]}]}<\/script>\n<!-- \/ Yoast SEO Premium plugin. -->","yoast_head_json":{"title":"Din garanti p\u00e5 din HOUN\u00d6 ovn | HOUN\u00d6","robots":{"index":"index","follow":"follow","max-snippet":"max-snippet:-1","max-image-preview":"max-image-preview:large","max-video-preview":"max-video-preview:-1"},"canonical":"https:\/\/houno.com\/da\/support\/garanti\/","og_locale":"da_DK","og_type":"article","og_title":"Garanti","og_description":"F\u00f8lg processen &#8211; s\u00e5 enkelt er det! S\u00e5dan sikrer du garantien","og_url":"https:\/\/houno.com\/da\/support\/garanti\/","og_site_name":"HOUN\u00d6","article_publisher":"https:\/\/www.facebook.com\/hounocombi","article_modified_time":"2026-01-08T12:38:47+00:00","twitter_card":"summary_large_image","twitter_misc":{"Estimeret l\u00e6setid":"1 minut"},"schema":{"@context":"https:\/\/schema.org","@graph":[{"@type":"WebPage","@id":"https:\/\/houno.com\/da\/support\/garanti\/","url":"https:\/\/houno.com\/da\/support\/garanti\/","name":"Din garanti p\u00e5 din HOUN\u00d6 ovn | HOUN\u00d6","isPartOf":{"@id":"https:\/\/houno.com\/da\/#website"},"datePublished":"2021-10-02T15:51:51+00:00","dateModified":"2026-01-08T12:38:47+00:00","breadcrumb":{"@id":"https:\/\/houno.com\/da\/support\/garanti\/#breadcrumb"},"inLanguage":"da-DK","potentialAction":[{"@type":"ReadAction","target":["https:\/\/houno.com\/da\/support\/garanti\/"]}]},{"@type":"BreadcrumbList","@id":"https:\/\/houno.com\/da\/support\/garanti\/#breadcrumb","itemListElement":[{"@type":"ListItem","position":1,"name":"Home","item":"https:\/\/houno.com\/da\/"},{"@type":"ListItem","position":2,"name":"Support","item":"https:\/\/houno.com\/da\/support\/"},{"@type":"ListItem","position":3,"name":"Garanti"}]},{"@type":"WebSite","@id":"https:\/\/houno.com\/da\/#website","url":"https:\/\/houno.com\/da\/","name":"HOUN\u00d6","description":"Premium commercial combi and bake ovens manufacturer aims for making service simple, smart and efficient","publisher":{"@id":"https:\/\/houno.com\/da\/#organization"},"potentialAction":[{"@type":"SearchAction","target":{"@type":"EntryPoint","urlTemplate":"https:\/\/houno.com\/da\/?s={search_term_string}"},"query-input":{"@type":"PropertyValueSpecification","valueRequired":true,"valueName":"search_term_string"}}],"inLanguage":"da-DK"},{"@type":"Organization","@id":"https:\/\/houno.com\/da\/#organization","name":"HOUN\u00d6","url":"https:\/\/houno.com\/da\/","logo":{"@type":"ImageObject","inLanguage":"da-DK","@id":"https:\/\/houno.com\/da\/#\/schema\/logo\/image\/","url":"https:\/\/houno.com\/wp-content\/uploads\/2021\/08\/cropped-Houno\u00a6e_id_logo-black-e1634730012288.png","contentUrl":"https:\/\/houno.com\/wp-content\/uploads\/2021\/08\/cropped-Houno\u00a6e_id_logo-black-e1634730012288.png","width":250,"height":59,"caption":"HOUN\u00d6"},"image":{"@id":"https:\/\/houno.com\/da\/#\/schema\/logo\/image\/"},"sameAs":["https:\/\/www.facebook.com\/hounocombi","https:\/\/www.linkedin.com\/company\/houno\/"]}]}},"_links":{"self":[{"href":"https:\/\/houno.com\/da\/wp-json\/wp\/v2\/pages\/11401","targetHints":{"allow":["GET"]}}],"collection":[{"href":"https:\/\/houno.com\/da\/wp-json\/wp\/v2\/pages"}],"about":[{"href":"https:\/\/houno.com\/da\/wp-json\/wp\/v2\/types\/page"}],"author":[{"embeddable":true,"href":"https:\/\/houno.com\/da\/wp-json\/wp\/v2\/users\/4"}],"replies":[{"embeddable":true,"href":"https:\/\/houno.com\/da\/wp-json\/wp\/v2\/comments?post=11401"}],"version-history":[{"count":2,"href":"https:\/\/houno.com\/da\/wp-json\/wp\/v2\/pages\/11401\/revisions"}],"predecessor-version":[{"id":35545,"href":"https:\/\/houno.com\/da\/wp-json\/wp\/v2\/pages\/11401\/revisions\/35545"}],"up":[{"embeddable":true,"href":"https:\/\/houno.com\/da\/wp-json\/wp\/v2\/pages\/431"}],"wp:attachment":[{"href":"https:\/\/houno.com\/da\/wp-json\/wp\/v2\/media?parent=11401"}],"curies":[{"name":"wp","href":"https:\/\/api.w.org\/{rel}","templated":true}]}}