{"id":11333,"date":"2021-10-02T11:33:11","date_gmt":"2021-10-02T09:33:11","guid":{"rendered":"https:\/\/houno.com\/da.flamingo.ws\/?page_id=11333"},"modified":"2024-10-01T11:37:33","modified_gmt":"2024-10-01T09:37:33","slug":"begivenheder","status":"publish","type":"page","link":"https:\/\/houno.com\/da\/begivenheder\/","title":{"rendered":"Begivenheder"},"content":{"rendered":"\r\n<section class=\"mtt-text-cover-slider\">\r\n    <div class=\"mtt-text-cover-slider__inner page_container\">\r\n\r\n                    <p class=\"mtt-text-cover-slider__tagline mtt-tagline\">M\u00f8d os i Randers, Danmark<\/p>\r\n        \r\n        <div class=\"mtt-text-cover-slider__wrap\">\r\n            <div class=\"mtt-text-cover-slider__wrap-left\">\r\n                <h1 class=\"mtt-text-cover-slider__title\">HOUN\u00d6 Begivenheder<\/h1>                            <\/div>\r\n                            <div class=\"mtt-text-cover-slider__wrap-right no-controls\">\r\n                    <div class=\"mtt-text-cover-slider__text\"><p>Oplev vores HOUN\u00d6 ovne p\u00e5 en r\u00e6kke nationale og internationale messer, hvor du har mulighed for at betjene og m\u00e6rke kvaliteten af vores produkter og se seneste nyheder.<\/p>\n<p>I samarbejde med vores partnere, tilbyder vi forskellige events samt kokke- og teknisk tr\u00e6ning.<\/p>\n<\/div>\r\n                                    <\/div>\r\n                    <\/div>\r\n\r\n    <\/div>\r\n\r\n            <div class=\"mtt-text-cover-slider__images-container\">\r\n            <div class=\"swiper-container\">\r\n                <div class=\"swiper-wrapper\">\r\n                                                <div class=\"mtt-text-cover-slider__image-slide swiper-slide object-fit\">\r\n                                <img decoding=\"async\" src=\"https:\/\/houno.com\/wp-content\/uploads\/2021\/02\/Houno_headquarter-300x148.jpg\" data-full=\"https:\/\/houno.com\/wp-content\/uploads\/2021\/02\/Houno_headquarter-1100x544.jpg\" alt=\"HOUNO_headquarter\" lazy-load>\r\n                            <\/div>\r\n                                        <\/div>\r\n            <\/div>\r\n        <\/div>\r\n        <div class=\"vertical-stamp\">Est. 1977 Denmark<\/div><\/section>\n\n\n<div style=\"height:80px\" aria-hidden=\"true\" class=\"wp-block-spacer\"><\/div>\n\n\n\r\n<section class=\"mtt-events\">\r\n    <div class=\"mtt-events__inner page_container\">\r\n\r\n        <div class=\"mtt-events__text-container\">\r\n            <h2>Kom og bliv inspireret<\/h2>\r\n            <div class=\"mtt-events__text\">\r\n                            <\/div>\r\n                    <\/div>\r\n\r\n        <div class=\"mtt-events__events\">\r\n                    <\/div>\r\n\r\n    <\/div>\r\n<\/section>\n\n\n<div style=\"height:80px\" aria-hidden=\"true\" class=\"wp-block-spacer\"><\/div>\n","protected":false},"excerpt":{"rendered":"","protected":false},"author":2,"featured_media":0,"parent":0,"menu_order":0,"comment_status":"closed","ping_status":"closed","template":"","meta":{"_acf_changed":false,"_relevanssi_hide_post":"","_relevanssi_hide_content":"","_relevanssi_pin_for_all":"","_relevanssi_pin_keywords":"","_relevanssi_unpin_keywords":"","_relevanssi_related_keywords":"","_relevanssi_related_include_ids":"","_relevanssi_related_exclude_ids":"","_relevanssi_related_no_append":"","_relevanssi_related_not_related":"","_relevanssi_related_posts":"1117,193,1133,206,1113,1120","_relevanssi_noindex_reason":"","footnotes":""},"class_list":["post-11333","page","type-page","status-publish","hentry"],"acf":[],"yoast_head":"<!-- This site is optimized with the Yoast SEO Premium plugin v27.4 (Yoast SEO v27.4) - https:\/\/yoast.com\/product\/yoast-seo-premium-wordpress\/ -->\n<title>Messer | M\u00f8d os p\u00e5 en lokation n\u00e6r dig | HOUN\u00d6<\/title>\n<meta name=\"robots\" content=\"index, follow, max-snippet:-1, max-image-preview:large, max-video-preview:-1\" \/>\n<link rel=\"canonical\" href=\"https:\/\/houno.com\/da\/begivenheder\/\" \/>\n<meta property=\"og:locale\" content=\"da_DK\" \/>\n<meta property=\"og:type\" content=\"article\" \/>\n<meta property=\"og:title\" content=\"Begivenheder\" \/>\n<meta property=\"og:url\" content=\"https:\/\/houno.com\/da\/begivenheder\/\" \/>\n<meta property=\"og:site_name\" content=\"HOUN\u00d6\" \/>\n<meta property=\"article:publisher\" content=\"https:\/\/www.facebook.com\/hounocombi\" \/>\n<meta property=\"article:modified_time\" content=\"2024-10-01T09:37:33+00:00\" \/>\n<meta name=\"twitter:card\" content=\"summary_large_image\" \/>\n<script type=\"application\/ld+json\" class=\"yoast-schema-graph\">{\"@context\":\"https:\\\/\\\/schema.org\",\"@graph\":[{\"@type\":\"WebPage\",\"@id\":\"https:\\\/\\\/houno.com\\\/da\\\/begivenheder\\\/\",\"url\":\"https:\\\/\\\/houno.com\\\/da\\\/begivenheder\\\/\",\"name\":\"Messer | M\u00f8d os p\u00e5 en lokation n\u00e6r dig | HOUN\u00d6\",\"isPartOf\":{\"@id\":\"https:\\\/\\\/houno.com\\\/da\\\/#website\"},\"datePublished\":\"2021-10-02T09:33:11+00:00\",\"dateModified\":\"2024-10-01T09:37:33+00:00\",\"breadcrumb\":{\"@id\":\"https:\\\/\\\/houno.com\\\/da\\\/begivenheder\\\/#breadcrumb\"},\"inLanguage\":\"da-DK\",\"potentialAction\":[{\"@type\":\"ReadAction\",\"target\":[\"https:\\\/\\\/houno.com\\\/da\\\/begivenheder\\\/\"]}]},{\"@type\":\"BreadcrumbList\",\"@id\":\"https:\\\/\\\/houno.com\\\/da\\\/begivenheder\\\/#breadcrumb\",\"itemListElement\":[{\"@type\":\"ListItem\",\"position\":1,\"name\":\"Home\",\"item\":\"https:\\\/\\\/houno.com\\\/da\\\/\"},{\"@type\":\"ListItem\",\"position\":2,\"name\":\"Begivenheder\"}]},{\"@type\":\"WebSite\",\"@id\":\"https:\\\/\\\/houno.com\\\/da\\\/#website\",\"url\":\"https:\\\/\\\/houno.com\\\/da\\\/\",\"name\":\"HOUN\u00d6\",\"description\":\"Premium commercial combi and bake ovens manufacturer aims for making service simple, smart and efficient\",\"publisher\":{\"@id\":\"https:\\\/\\\/houno.com\\\/da\\\/#organization\"},\"potentialAction\":[{\"@type\":\"SearchAction\",\"target\":{\"@type\":\"EntryPoint\",\"urlTemplate\":\"https:\\\/\\\/houno.com\\\/da\\\/?s={search_term_string}\"},\"query-input\":{\"@type\":\"PropertyValueSpecification\",\"valueRequired\":true,\"valueName\":\"search_term_string\"}}],\"inLanguage\":\"da-DK\"},{\"@type\":\"Organization\",\"@id\":\"https:\\\/\\\/houno.com\\\/da\\\/#organization\",\"name\":\"HOUN\u00d6\",\"url\":\"https:\\\/\\\/houno.com\\\/da\\\/\",\"logo\":{\"@type\":\"ImageObject\",\"inLanguage\":\"da-DK\",\"@id\":\"https:\\\/\\\/houno.com\\\/da\\\/#\\\/schema\\\/logo\\\/image\\\/\",\"url\":\"https:\\\/\\\/houno.com\\\/wp-content\\\/uploads\\\/2021\\\/08\\\/cropped-Houno\u00a6e_id_logo-black-e1634730012288.png\",\"contentUrl\":\"https:\\\/\\\/houno.com\\\/wp-content\\\/uploads\\\/2021\\\/08\\\/cropped-Houno\u00a6e_id_logo-black-e1634730012288.png\",\"width\":250,\"height\":59,\"caption\":\"HOUN\u00d6\"},\"image\":{\"@id\":\"https:\\\/\\\/houno.com\\\/da\\\/#\\\/schema\\\/logo\\\/image\\\/\"},\"sameAs\":[\"https:\\\/\\\/www.facebook.com\\\/hounocombi\",\"https:\\\/\\\/www.linkedin.com\\\/company\\\/houno\\\/\"]}]}<\/script>\n<!-- \/ Yoast SEO Premium plugin. -->","yoast_head_json":{"title":"Messer | M\u00f8d os p\u00e5 en lokation n\u00e6r dig | HOUN\u00d6","robots":{"index":"index","follow":"follow","max-snippet":"max-snippet:-1","max-image-preview":"max-image-preview:large","max-video-preview":"max-video-preview:-1"},"canonical":"https:\/\/houno.com\/da\/begivenheder\/","og_locale":"da_DK","og_type":"article","og_title":"Begivenheder","og_url":"https:\/\/houno.com\/da\/begivenheder\/","og_site_name":"HOUN\u00d6","article_publisher":"https:\/\/www.facebook.com\/hounocombi","article_modified_time":"2024-10-01T09:37:33+00:00","twitter_card":"summary_large_image","schema":{"@context":"https:\/\/schema.org","@graph":[{"@type":"WebPage","@id":"https:\/\/houno.com\/da\/begivenheder\/","url":"https:\/\/houno.com\/da\/begivenheder\/","name":"Messer | M\u00f8d os p\u00e5 en lokation n\u00e6r dig | HOUN\u00d6","isPartOf":{"@id":"https:\/\/houno.com\/da\/#website"},"datePublished":"2021-10-02T09:33:11+00:00","dateModified":"2024-10-01T09:37:33+00:00","breadcrumb":{"@id":"https:\/\/houno.com\/da\/begivenheder\/#breadcrumb"},"inLanguage":"da-DK","potentialAction":[{"@type":"ReadAction","target":["https:\/\/houno.com\/da\/begivenheder\/"]}]},{"@type":"BreadcrumbList","@id":"https:\/\/houno.com\/da\/begivenheder\/#breadcrumb","itemListElement":[{"@type":"ListItem","position":1,"name":"Home","item":"https:\/\/houno.com\/da\/"},{"@type":"ListItem","position":2,"name":"Begivenheder"}]},{"@type":"WebSite","@id":"https:\/\/houno.com\/da\/#website","url":"https:\/\/houno.com\/da\/","name":"HOUN\u00d6","description":"Premium commercial combi and bake ovens manufacturer aims for making service simple, smart and efficient","publisher":{"@id":"https:\/\/houno.com\/da\/#organization"},"potentialAction":[{"@type":"SearchAction","target":{"@type":"EntryPoint","urlTemplate":"https:\/\/houno.com\/da\/?s={search_term_string}"},"query-input":{"@type":"PropertyValueSpecification","valueRequired":true,"valueName":"search_term_string"}}],"inLanguage":"da-DK"},{"@type":"Organization","@id":"https:\/\/houno.com\/da\/#organization","name":"HOUN\u00d6","url":"https:\/\/houno.com\/da\/","logo":{"@type":"ImageObject","inLanguage":"da-DK","@id":"https:\/\/houno.com\/da\/#\/schema\/logo\/image\/","url":"https:\/\/houno.com\/wp-content\/uploads\/2021\/08\/cropped-Houno\u00a6e_id_logo-black-e1634730012288.png","contentUrl":"https:\/\/houno.com\/wp-content\/uploads\/2021\/08\/cropped-Houno\u00a6e_id_logo-black-e1634730012288.png","width":250,"height":59,"caption":"HOUN\u00d6"},"image":{"@id":"https:\/\/houno.com\/da\/#\/schema\/logo\/image\/"},"sameAs":["https:\/\/www.facebook.com\/hounocombi","https:\/\/www.linkedin.com\/company\/houno\/"]}]}},"_links":{"self":[{"href":"https:\/\/houno.com\/da\/wp-json\/wp\/v2\/pages\/11333","targetHints":{"allow":["GET"]}}],"collection":[{"href":"https:\/\/houno.com\/da\/wp-json\/wp\/v2\/pages"}],"about":[{"href":"https:\/\/houno.com\/da\/wp-json\/wp\/v2\/types\/page"}],"author":[{"embeddable":true,"href":"https:\/\/houno.com\/da\/wp-json\/wp\/v2\/users\/2"}],"replies":[{"embeddable":true,"href":"https:\/\/houno.com\/da\/wp-json\/wp\/v2\/comments?post=11333"}],"version-history":[{"count":0,"href":"https:\/\/houno.com\/da\/wp-json\/wp\/v2\/pages\/11333\/revisions"}],"wp:attachment":[{"href":"https:\/\/houno.com\/da\/wp-json\/wp\/v2\/media?parent=11333"}],"curies":[{"name":"wp","href":"https:\/\/api.w.org\/{rel}","templated":true}]}}