{"id":11218,"date":"2021-09-28T08:23:22","date_gmt":"2021-09-28T06:23:22","guid":{"rendered":"https:\/\/houno.com\/da.flamingo.ws\/?page_id=11218"},"modified":"2021-12-15T23:47:21","modified_gmt":"2021-12-15T22:47:21","slug":"faq-vandfiltre","status":"publish","type":"page","link":"https:\/\/houno.com\/da\/support\/faq\/faq-vandfiltre\/","title":{"rendered":"FAQ Vandfiltre"},"content":{"rendered":"\r\n<section class=\"mtt-accordion spacing_top_120 spacing-classes-added\">\r\n    <div class=\"mtt-accordion__inner\">\r\n        <div class=\"mtt-accordion__wrap page_container\">\r\n\r\n                            <h2 class=\"mtt-accordion__title\">Vandfiltre<\/h2>\r\n            \r\n            <div class=\"mtt-accordion__accordions\">\r\n                                                            <div class=\"mtt-accordion__accordion\">\r\n\r\n                            <div class=\"mtt-accordion__accordion-title\">\r\n                                <p>Beh\u00f8ver jeg et vandfilter?<\/p>\r\n                            <\/div>\r\n\r\n                            <div class=\"mtt-accordion__accordion-content\">\r\n                                <div class=\"mtt-accordion__accordion-content-inner\">\r\n                                    <p>Ja, i langt de fleste tilf\u00e6lde skal du bruge et vandfilter. For at sikre din ovn, skal du leve op til de krav om vandforsyning og vandkvalitet, der er specificeret i <a href=\"https:\/\/houno.com\/da\/support\/manualer\/\">installationsmanualen<\/a>. Det betyder, at vandet, der kommer ind i ovnen, skal have en h\u00e5rdhed p\u00e5 maks 3 dH og maks 100mg\/L klor.<\/p>\n                                <\/div>\r\n                            <\/div>\r\n\r\n                        <\/div>\r\n                                            <div class=\"mtt-accordion__accordion\">\r\n\r\n                            <div class=\"mtt-accordion__accordion-title\">\r\n                                <p>Hvordan finder jeg vandets aktuelle h\u00e5rdhed?<\/p>\r\n                            <\/div>\r\n\r\n                            <div class=\"mtt-accordion__accordion-content\">\r\n                                <div class=\"mtt-accordion__accordion-content-inner\">\r\n                                    <p>Brug <a href=\"https:\/\/houno.com\/da\/vare\/total-hardhed-test-strips\/\">HOUN\u00d6 PROTECT Test Strips<\/a>, som er en billig og enkel m\u00e5de at m\u00e5le vandets h\u00e5rdhed i intervaller. Alternativt kan du kontakte din lokale vandforsyning.<\/p>\n                                <\/div>\r\n                            <\/div>\r\n\r\n                        <\/div>\r\n                                            <div class=\"mtt-accordion__accordion\">\r\n\r\n                            <div class=\"mtt-accordion__accordion-title\">\r\n                                <p>Kan jeg m\u00e5le den pr\u00e6cise vandh\u00e5rdhed?<\/p>\r\n                            <\/div>\r\n\r\n                            <div class=\"mtt-accordion__accordion-content\">\r\n                                <div class=\"mtt-accordion__accordion-content-inner\">\r\n                                    <p>Brug <a href=\"https:\/\/houno.com\/da\/vare\/total-hardhed-test-drabe\/\">HOUN\u00d6 PROTECT dr\u00e5betest<\/a>, hvis du vil m\u00e5le vandh\u00e5rdheden helt pr\u00e6cist. Vi anbefaler, at du m\u00e5ler den pr\u00e6cise vandh\u00e5rdhed, da du p\u00e5 den m\u00e5de kan udnytte filterkapaciteten mere effektivt og pr\u00e6cist \u2013 og dermed forl\u00e6nge levetiden for dit vandfilter.<\/p>\n                                <\/div>\r\n                            <\/div>\r\n\r\n                        <\/div>\r\n                                            <div class=\"mtt-accordion__accordion\">\r\n\r\n                            <div class=\"mtt-accordion__accordion-title\">\r\n                                <p>Hvilken filter st\u00f8rrelse skal jeg v\u00e6lge?<\/p>\r\n                            <\/div>\r\n\r\n                            <div class=\"mtt-accordion__accordion-content\">\r\n                                <div class=\"mtt-accordion__accordion-content-inner\">\r\n                                    <p>Vandfiltrets st\u00f8rrelse afh\u00e6nger af st\u00f8rrelsen p\u00e5 ovnen og dets samlede vandforbrug. Jo st\u00f8rre ovn og vandforbrug, jo st\u00f8rre filter er n\u00f8dvendigt.<\/p>\n<p>Eksempel:<\/p>\n<p>For en CombiSlim er et mindre filter <a href=\"https:\/\/houno.com\/da\/vare\/hydro-shield-3600\/\">Hydro Shield 3600<\/a> tilstr\u00e6kkeligt.<\/p>\n<p>For en Visual Cooking, hvor injektionsdamp ofte anvendes resulterende i et h\u00f8jere vandforbrug, er et st\u00f8rre filter n\u00f8dvendigt <a href=\"https:\/\/houno.com\/da\/vare\/hydro-shield-6000\/\">Hydro Shield 6000<\/a>.<\/p>\n<p>Brug nedenst\u00e5ende tabel til at finde frem til, hvilket vandfilter der passer dit behov.<\/p>\n<p><img loading=\"lazy\" decoding=\"async\" class=\"alignnone wp-image-3340\" src=\"https:\/\/houno.com\/wp-content\/uploads\/2021\/02\/Water-hardness-guide-1-300x170.png\" alt=\"\" width=\"660\" height=\"374\" srcset=\"https:\/\/houno.com\/wp-content\/uploads\/2021\/02\/Water-hardness-guide-1-300x170.png 300w, https:\/\/houno.com\/wp-content\/uploads\/2021\/02\/Water-hardness-guide-1.png 950w\" sizes=\"auto, (max-width: 660px) 100vw, 660px\" \/><\/p>\n                                <\/div>\r\n                            <\/div>\r\n\r\n                        <\/div>\r\n                                            <div class=\"mtt-accordion__accordion\">\r\n\r\n                            <div class=\"mtt-accordion__accordion-title\">\r\n                                <p>Fjerner Hydro Shield organiske partikler?<\/p>\r\n                            <\/div>\r\n\r\n                            <div class=\"mtt-accordion__accordion-content\">\r\n                                <div class=\"mtt-accordion__accordion-content-inner\">\r\n                                    <p>Ja, Hydro Shield-filteret fjerner organiske partikler, da de behandles med et 50 my selvskyllende filter.<\/p>\n<p>Hvis der er store m\u00e6ngder humus i vandet, tilstoppes filteret tidligere sammenlignet med filterets normale levetid. I dette tilf\u00e6lde anbefales det at installere et selvskyllende filter forud for Hydro Shield-filteret.<\/p>\n                                <\/div>\r\n                            <\/div>\r\n\r\n                        <\/div>\r\n                                            <div class=\"mtt-accordion__accordion\">\r\n\r\n                            <div class=\"mtt-accordion__accordion-title\">\r\n                                <p>Hvordan m\u00e5ler jeg vandforbrug?<\/p>\r\n                            <\/div>\r\n\r\n                            <div class=\"mtt-accordion__accordion-content\">\r\n                                <div class=\"mtt-accordion__accordion-content-inner\">\r\n                                    <p>Hvis du har en SmartTouch-ovn, er din ovn udstyret med vandforbrugsm\u00e5ler. Er din ovn \u00e6ldre end december 2015, skal du opdatere dit software til version 1.3.0 eller h\u00f8jere for at f\u00e5 adgang til vandforbrugsm\u00e5leren.<\/p>\n<p>Hvis du har en ovn med manuelt betjeningspanel, skal du tilk\u00f8be et\u00a0<a href=\"https:\/\/houno.com\/da\/vare\/vandmaler-aquameter\/\">aquameter<\/a>\u00a0for at m\u00e5le dit vandforbrug. Tilkobl aquameter og indstil kapaciteten som beskrevet i tabellen bagerst i filtermanualen.<\/p>\n                                <\/div>\r\n                            <\/div>\r\n\r\n                        <\/div>\r\n                                            <div class=\"mtt-accordion__accordion\">\r\n\r\n                            <div class=\"mtt-accordion__accordion-title\">\r\n                                <p>Hvorn\u00e5r skal vandfilteret udskiftes?<\/p>\r\n                            <\/div>\r\n\r\n                            <div class=\"mtt-accordion__accordion-content\">\r\n                                <div class=\"mtt-accordion__accordion-content-inner\">\r\n                                    <p>Hvis du har en SmartTouch ovn med en opdateret software, vil ovnen give en alarm p\u00e5 ovnpanelet, n\u00e5r filteret skal udskiftes.<\/p>\n<p>Har du en ovn med et manuelt betjeningspanel, skal du monitorere via en <a href=\"https:\/\/houno.com\/da\/vare\/vandmaler-aquameter\/\">vandm\u00e5ler<\/a> filterets l\u00f8bende kapacitet og skifte filter, n\u00e5r filteret er tomt.<\/p>\n                                <\/div>\r\n                            <\/div>\r\n\r\n                        <\/div>\r\n                                            <div class=\"mtt-accordion__accordion\">\r\n\r\n                            <div class=\"mtt-accordion__accordion-title\">\r\n                                <p>Hvilken h\u00e5rdhed skal indtastes p\u00e5 ovnens filterstyring?<\/p>\r\n                            <\/div>\r\n\r\n                            <div class=\"mtt-accordion__accordion-content\">\r\n                                <div class=\"mtt-accordion__accordion-content-inner\">\r\n                                    <p>Det er vandets aktuelle h\u00e5rdhed, der skal registreres i vandm\u00e5lingssoftwaren. Test vandets h\u00e5rdhed med <a href=\"https:\/\/houno.com\/da\/vare\/total-hardhed-test-drabe\/\">Total h\u00e5rdstest med dr\u00e5ber<\/a>, som kan k\u00f8bes HOUN\u00d6s webshop. Hydro Shield sikrer, at vandet til ovnen er inden for de tilladte v\u00e6rdier for bl.a. vandh\u00e5rdhed og klor.<\/p>\n                                <\/div>\r\n                            <\/div>\r\n\r\n                        <\/div>\r\n                                            <div class=\"mtt-accordion__accordion\">\r\n\r\n                            <div class=\"mtt-accordion__accordion-title\">\r\n                                <p>Hvilke krav er der til en HOUN\u00d6 ovns vandforsyning?<\/p>\r\n                            <\/div>\r\n\r\n                            <div class=\"mtt-accordion__accordion-content\">\r\n                                <div class=\"mtt-accordion__accordion-content-inner\">\r\n                                    <p>Se ovnens installationsmanual for pr\u00e6cise krav for ovnen. <a href=\"https:\/\/houno.com\/da\/support\/manualer\/\">Find manualen her.<\/a><\/p>\n                                <\/div>\r\n                            <\/div>\r\n\r\n                        <\/div>\r\n                                            <div class=\"mtt-accordion__accordion\">\r\n\r\n                            <div class=\"mtt-accordion__accordion-title\">\r\n                                <p>Kan jeg bruge alternative vandfiltre?<\/p>\r\n                            <\/div>\r\n\r\n                            <div class=\"mtt-accordion__accordion-content\">\r\n                                <div class=\"mtt-accordion__accordion-content-inner\">\r\n                                    <p>Hydro Shield\u00a0er designet til at beskytte mod de skadelige stoffer i vandet, som \u00a0kan g\u00f8re skade p\u00e5 HOUN\u00d6 kombiovne. Hvis du bruger andre vandfiltre, er du ikke i samme grad sikret mod disse skadelige stoffer, og du risikerer en forringelse af ovnen.<\/p>\n                                <\/div>\r\n                            <\/div>\r\n\r\n                        <\/div>\r\n                                            <div class=\"mtt-accordion__accordion\">\r\n\r\n                            <div class=\"mtt-accordion__accordion-title\">\r\n                                <p>Kan jeg selv installere filtermonteringss\u00e6ttet?<\/p>\r\n                            <\/div>\r\n\r\n                            <div class=\"mtt-accordion__accordion-content\">\r\n                                <div class=\"mtt-accordion__accordion-content-inner\">\r\n                                    <p>Du kan selv installere\u00a0monteringss\u00e6ttet, hvis du har kendskab til montering af pakninger og korrekt tilsp\u00e6nding. Monteringss\u00e6ttets slanger skal forbindes til vandforsyningen, og hvis der er en vandhane, kan du selv montere slangerne.<\/p>\n                                <\/div>\r\n                            <\/div>\r\n\r\n                        <\/div>\r\n                                            <div class=\"mtt-accordion__accordion\">\r\n\r\n                            <div class=\"mtt-accordion__accordion-title\">\r\n                                <p>Kan flere ovne bruge samme filter?<\/p>\r\n                            <\/div>\r\n\r\n                            <div class=\"mtt-accordion__accordion-content\">\r\n                                <div class=\"mtt-accordion__accordion-content-inner\">\r\n                                    <p>Nej, hver ovn skal have et separat filter. Hvis to ovne er bygget sammen, skal der monteres to seperate vandfiltre. Hvis du har to ovne tilknyttet til samme filter, og de begge tr\u00e6kker vand ind samtidig, begr\u00e6nser det f\u00e6lles filter vandtilstr\u00f8mningen til ovnen.<\/p>\n                                <\/div>\r\n                            <\/div>\r\n\r\n                        <\/div>\r\n                                                                <\/div>\r\n\r\n        <\/div>\r\n    <\/div>\r\n<\/section>\n\n<div class=\"wp-text-block page_container styled-text\"><div class=\"wp-text-block__inner\">\n<h2 class=\"wp-block-heading\"><br>Andre FAQ<\/h2>\n<\/div><\/div>\n\n<div class=\"style light_blue\">\r\n<section class=\"mtt-support-boxes spacing_top_56 spacing_bottom_184 spacing-classes-added\">\r\n    <div class=\"mtt-support-boxes__inner page_container\">\r\n        <div class=\"mtt-support-boxes__wrap\">\r\n                                                <div class=\"mtt-support-boxes__box background_element\">\r\n\r\n                                                    <div class=\"mtt-support-boxes__box-icon\">\r\n                                <img loading=\"lazy\" decoding=\"async\" width=\"50\" height=\"50\" src=\"https:\/\/houno.com\/wp-content\/uploads\/2021\/08\/Detergent_istock_black-1-e1628681428292.png\" class=\"attachment-170x100x size-170x100x\" alt=\"\" \/>                            <\/div>\r\n                        \r\n                        <div class=\"mtt-support-boxes__box-title\">\r\n                                                            Reng\u00f8ringsmidler                                                    <\/div>\r\n\r\n                        <div class=\"mtt-support-boxes__box-text\">\r\n                                                    <\/div>\r\n\r\n                        <div class=\"mtt-support-boxes__button border_element\">\r\n\t                        \t\t                            <a href=\"https:\/\/houno.com\/da\/support\/faq\/faq-rengoringsmidler\/\" class=\"button dash\">\r\n\t\t\t                            FAQ Reng\u00f8ringsmidler\t\t                            <\/a>\r\n\t\t                                                    <\/div>\r\n\r\n                    <\/div>\r\n                                    <div class=\"mtt-support-boxes__box background_element\">\r\n\r\n                                                    <div class=\"mtt-support-boxes__box-icon\">\r\n                                <img loading=\"lazy\" decoding=\"async\" width=\"48\" height=\"48\" src=\"https:\/\/houno.com\/wp-content\/uploads\/2021\/08\/outline_view_headline_black_24dp.png\" class=\"attachment-170x100x size-170x100x\" alt=\"\" \/>                            <\/div>\r\n                        \r\n                        <div class=\"mtt-support-boxes__box-title\">\r\n                                                            Kantiner og plader                                                    <\/div>\r\n\r\n                        <div class=\"mtt-support-boxes__box-text\">\r\n                                                    <\/div>\r\n\r\n                        <div class=\"mtt-support-boxes__button border_element\">\r\n\t                        \t\t                            <a href=\"https:\/\/houno.com\/da\/support\/faq\/faq-kantiner-og-plader\/\" class=\"button dash\">\r\n\t\t\t                            FAQ Kantiner og plader\t\t                            <\/a>\r\n\t\t                                                    <\/div>\r\n\r\n                    <\/div>\r\n                                    <div class=\"mtt-support-boxes__box background_element\">\r\n\r\n                                                    <div class=\"mtt-support-boxes__box-icon\">\r\n                                <img loading=\"lazy\" decoding=\"async\" width=\"48\" height=\"48\" src=\"https:\/\/houno.com\/wp-content\/uploads\/2021\/08\/outline_shopping_cart_black_24dp-e1628579976648.png\" class=\"attachment-170x100x size-170x100x\" alt=\"\" \/>                            <\/div>\r\n                        \r\n                        <div class=\"mtt-support-boxes__box-title\">\r\n                                                            Shop online                                                    <\/div>\r\n\r\n                        <div class=\"mtt-support-boxes__box-text\">\r\n                                                    <\/div>\r\n\r\n                        <div class=\"mtt-support-boxes__button border_element\">\r\n\t                        \t\t                            <a href=\"https:\/\/houno.com\/da\/support\/faq\/faq-webshop\/\" class=\"button dash\">\r\n\t\t\t                            FAQ Shop\t\t                            <\/a>\r\n\t\t                                                    <\/div>\r\n\r\n                    <\/div>\r\n                                    <div class=\"mtt-support-boxes__box background_element\">\r\n\r\n                                                    <div class=\"mtt-support-boxes__box-icon\">\r\n                                <img loading=\"lazy\" decoding=\"async\" width=\"48\" height=\"48\" src=\"https:\/\/houno.com\/wp-content\/uploads\/2021\/06\/outline_record_voice_over_black_24dp.png\" class=\"attachment-170x100x size-170x100x\" alt=\"\" \/>                            <\/div>\r\n                        \r\n                        <div class=\"mtt-support-boxes__box-title\">\r\n                                                            Teknisk support                                                    <\/div>\r\n\r\n                        <div class=\"mtt-support-boxes__box-text\">\r\n                                                    <\/div>\r\n\r\n                        <div class=\"mtt-support-boxes__button border_element\">\r\n\t                        \t\t                            <a href=\"https:\/\/houno.com\/da\/support\/faq\/faq-tech-support\/\" class=\"button dash\">\r\n\t\t\t                            FAQ tech support\t\t                            <\/a>\r\n\t\t                                                    <\/div>\r\n\r\n                    <\/div>\r\n                                        \r\n        <\/div>\r\n    <\/div>\r\n<\/section><\/div>","protected":false},"excerpt":{"rendered":"<p>Andre FAQ<\/p>\n","protected":false},"author":2,"featured_media":0,"parent":11134,"menu_order":0,"comment_status":"closed","ping_status":"closed","template":"","meta":{"_acf_changed":false,"_relevanssi_hide_post":"","_relevanssi_hide_content":"","_relevanssi_pin_for_all":"","_relevanssi_pin_keywords":"","_relevanssi_unpin_keywords":"","_relevanssi_related_keywords":"","_relevanssi_related_include_ids":"","_relevanssi_related_exclude_ids":"","_relevanssi_related_no_append":"","_relevanssi_related_not_related":"","_relevanssi_related_posts":"1111,206,204,1115,1124,1133","_relevanssi_noindex_reason":"","footnotes":""},"class_list":["post-11218","page","type-page","status-publish","hentry"],"acf":[],"yoast_head":"<!-- This site is optimized with the Yoast SEO Premium plugin v27.5 (Yoast SEO v27.5) - https:\/\/yoast.com\/product\/yoast-seo-premium-wordpress\/ -->\n<title>FAQ vandfiltre | F\u00e5 svarene p\u00e5 alle dine sp\u00f8rgsm\u00e5l her | HOUN\u00d6<\/title>\n<meta name=\"robots\" content=\"index, follow, max-snippet:-1, max-image-preview:large, max-video-preview:-1\" \/>\n<link rel=\"canonical\" href=\"https:\/\/houno.com\/da\/support\/faq\/faq-vandfiltre\/\" \/>\n<meta property=\"og:locale\" content=\"da_DK\" \/>\n<meta property=\"og:type\" content=\"article\" \/>\n<meta property=\"og:title\" content=\"FAQ Vandfiltre\" \/>\n<meta property=\"og:description\" content=\"Andre FAQ\" \/>\n<meta property=\"og:url\" content=\"https:\/\/houno.com\/da\/support\/faq\/faq-vandfiltre\/\" \/>\n<meta property=\"og:site_name\" content=\"HOUN\u00d6\" \/>\n<meta property=\"article:publisher\" content=\"https:\/\/www.facebook.com\/hounocombi\" \/>\n<meta property=\"article:modified_time\" content=\"2021-12-15T22:47:21+00:00\" \/>\n<meta name=\"twitter:card\" content=\"summary_large_image\" \/>\n<meta name=\"twitter:label1\" content=\"Estimeret l\u00e6setid\" \/>\n\t<meta name=\"twitter:data1\" content=\"1 minut\" \/>\n<script type=\"application\/ld+json\" class=\"yoast-schema-graph\">{\"@context\":\"https:\\\/\\\/schema.org\",\"@graph\":[{\"@type\":\"WebPage\",\"@id\":\"https:\\\/\\\/houno.com\\\/da\\\/support\\\/faq\\\/faq-vandfiltre\\\/\",\"url\":\"https:\\\/\\\/houno.com\\\/da\\\/support\\\/faq\\\/faq-vandfiltre\\\/\",\"name\":\"FAQ vandfiltre | F\u00e5 svarene p\u00e5 alle dine sp\u00f8rgsm\u00e5l her | HOUN\u00d6\",\"isPartOf\":{\"@id\":\"https:\\\/\\\/houno.com\\\/da\\\/#website\"},\"datePublished\":\"2021-09-28T06:23:22+00:00\",\"dateModified\":\"2021-12-15T22:47:21+00:00\",\"breadcrumb\":{\"@id\":\"https:\\\/\\\/houno.com\\\/da\\\/support\\\/faq\\\/faq-vandfiltre\\\/#breadcrumb\"},\"inLanguage\":\"da-DK\",\"potentialAction\":[{\"@type\":\"ReadAction\",\"target\":[\"https:\\\/\\\/houno.com\\\/da\\\/support\\\/faq\\\/faq-vandfiltre\\\/\"]}]},{\"@type\":\"BreadcrumbList\",\"@id\":\"https:\\\/\\\/houno.com\\\/da\\\/support\\\/faq\\\/faq-vandfiltre\\\/#breadcrumb\",\"itemListElement\":[{\"@type\":\"ListItem\",\"position\":1,\"name\":\"Home\",\"item\":\"https:\\\/\\\/houno.com\\\/da\\\/\"},{\"@type\":\"ListItem\",\"position\":2,\"name\":\"Support\",\"item\":\"https:\\\/\\\/houno.com\\\/da\\\/support\\\/\"},{\"@type\":\"ListItem\",\"position\":3,\"name\":\"FAQ\",\"item\":\"https:\\\/\\\/houno.com\\\/da\\\/support\\\/faq\\\/\"},{\"@type\":\"ListItem\",\"position\":4,\"name\":\"FAQ Vandfiltre\"}]},{\"@type\":\"WebSite\",\"@id\":\"https:\\\/\\\/houno.com\\\/da\\\/#website\",\"url\":\"https:\\\/\\\/houno.com\\\/da\\\/\",\"name\":\"HOUN\u00d6\",\"description\":\"Premium commercial combi and bake ovens manufacturer aims for making service simple, smart and efficient\",\"publisher\":{\"@id\":\"https:\\\/\\\/houno.com\\\/da\\\/#organization\"},\"potentialAction\":[{\"@type\":\"SearchAction\",\"target\":{\"@type\":\"EntryPoint\",\"urlTemplate\":\"https:\\\/\\\/houno.com\\\/da\\\/?s={search_term_string}\"},\"query-input\":{\"@type\":\"PropertyValueSpecification\",\"valueRequired\":true,\"valueName\":\"search_term_string\"}}],\"inLanguage\":\"da-DK\"},{\"@type\":\"Organization\",\"@id\":\"https:\\\/\\\/houno.com\\\/da\\\/#organization\",\"name\":\"HOUN\u00d6\",\"url\":\"https:\\\/\\\/houno.com\\\/da\\\/\",\"logo\":{\"@type\":\"ImageObject\",\"inLanguage\":\"da-DK\",\"@id\":\"https:\\\/\\\/houno.com\\\/da\\\/#\\\/schema\\\/logo\\\/image\\\/\",\"url\":\"https:\\\/\\\/houno.com\\\/wp-content\\\/uploads\\\/2021\\\/08\\\/cropped-Houno\u00a6e_id_logo-black-e1634730012288.png\",\"contentUrl\":\"https:\\\/\\\/houno.com\\\/wp-content\\\/uploads\\\/2021\\\/08\\\/cropped-Houno\u00a6e_id_logo-black-e1634730012288.png\",\"width\":250,\"height\":59,\"caption\":\"HOUN\u00d6\"},\"image\":{\"@id\":\"https:\\\/\\\/houno.com\\\/da\\\/#\\\/schema\\\/logo\\\/image\\\/\"},\"sameAs\":[\"https:\\\/\\\/www.facebook.com\\\/hounocombi\",\"https:\\\/\\\/www.linkedin.com\\\/company\\\/houno\\\/\"]}]}<\/script>\n<!-- \/ Yoast SEO Premium plugin. -->","yoast_head_json":{"title":"FAQ vandfiltre | F\u00e5 svarene p\u00e5 alle dine sp\u00f8rgsm\u00e5l her | HOUN\u00d6","robots":{"index":"index","follow":"follow","max-snippet":"max-snippet:-1","max-image-preview":"max-image-preview:large","max-video-preview":"max-video-preview:-1"},"canonical":"https:\/\/houno.com\/da\/support\/faq\/faq-vandfiltre\/","og_locale":"da_DK","og_type":"article","og_title":"FAQ Vandfiltre","og_description":"Andre FAQ","og_url":"https:\/\/houno.com\/da\/support\/faq\/faq-vandfiltre\/","og_site_name":"HOUN\u00d6","article_publisher":"https:\/\/www.facebook.com\/hounocombi","article_modified_time":"2021-12-15T22:47:21+00:00","twitter_card":"summary_large_image","twitter_misc":{"Estimeret l\u00e6setid":"1 minut"},"schema":{"@context":"https:\/\/schema.org","@graph":[{"@type":"WebPage","@id":"https:\/\/houno.com\/da\/support\/faq\/faq-vandfiltre\/","url":"https:\/\/houno.com\/da\/support\/faq\/faq-vandfiltre\/","name":"FAQ vandfiltre | F\u00e5 svarene p\u00e5 alle dine sp\u00f8rgsm\u00e5l her | HOUN\u00d6","isPartOf":{"@id":"https:\/\/houno.com\/da\/#website"},"datePublished":"2021-09-28T06:23:22+00:00","dateModified":"2021-12-15T22:47:21+00:00","breadcrumb":{"@id":"https:\/\/houno.com\/da\/support\/faq\/faq-vandfiltre\/#breadcrumb"},"inLanguage":"da-DK","potentialAction":[{"@type":"ReadAction","target":["https:\/\/houno.com\/da\/support\/faq\/faq-vandfiltre\/"]}]},{"@type":"BreadcrumbList","@id":"https:\/\/houno.com\/da\/support\/faq\/faq-vandfiltre\/#breadcrumb","itemListElement":[{"@type":"ListItem","position":1,"name":"Home","item":"https:\/\/houno.com\/da\/"},{"@type":"ListItem","position":2,"name":"Support","item":"https:\/\/houno.com\/da\/support\/"},{"@type":"ListItem","position":3,"name":"FAQ","item":"https:\/\/houno.com\/da\/support\/faq\/"},{"@type":"ListItem","position":4,"name":"FAQ Vandfiltre"}]},{"@type":"WebSite","@id":"https:\/\/houno.com\/da\/#website","url":"https:\/\/houno.com\/da\/","name":"HOUN\u00d6","description":"Premium commercial combi and bake ovens manufacturer aims for making service simple, smart and efficient","publisher":{"@id":"https:\/\/houno.com\/da\/#organization"},"potentialAction":[{"@type":"SearchAction","target":{"@type":"EntryPoint","urlTemplate":"https:\/\/houno.com\/da\/?s={search_term_string}"},"query-input":{"@type":"PropertyValueSpecification","valueRequired":true,"valueName":"search_term_string"}}],"inLanguage":"da-DK"},{"@type":"Organization","@id":"https:\/\/houno.com\/da\/#organization","name":"HOUN\u00d6","url":"https:\/\/houno.com\/da\/","logo":{"@type":"ImageObject","inLanguage":"da-DK","@id":"https:\/\/houno.com\/da\/#\/schema\/logo\/image\/","url":"https:\/\/houno.com\/wp-content\/uploads\/2021\/08\/cropped-Houno\u00a6e_id_logo-black-e1634730012288.png","contentUrl":"https:\/\/houno.com\/wp-content\/uploads\/2021\/08\/cropped-Houno\u00a6e_id_logo-black-e1634730012288.png","width":250,"height":59,"caption":"HOUN\u00d6"},"image":{"@id":"https:\/\/houno.com\/da\/#\/schema\/logo\/image\/"},"sameAs":["https:\/\/www.facebook.com\/hounocombi","https:\/\/www.linkedin.com\/company\/houno\/"]}]}},"_links":{"self":[{"href":"https:\/\/houno.com\/da\/wp-json\/wp\/v2\/pages\/11218","targetHints":{"allow":["GET"]}}],"collection":[{"href":"https:\/\/houno.com\/da\/wp-json\/wp\/v2\/pages"}],"about":[{"href":"https:\/\/houno.com\/da\/wp-json\/wp\/v2\/types\/page"}],"author":[{"embeddable":true,"href":"https:\/\/houno.com\/da\/wp-json\/wp\/v2\/users\/2"}],"replies":[{"embeddable":true,"href":"https:\/\/houno.com\/da\/wp-json\/wp\/v2\/comments?post=11218"}],"version-history":[{"count":0,"href":"https:\/\/houno.com\/da\/wp-json\/wp\/v2\/pages\/11218\/revisions"}],"up":[{"embeddable":true,"href":"https:\/\/houno.com\/da\/wp-json\/wp\/v2\/pages\/11134"}],"wp:attachment":[{"href":"https:\/\/houno.com\/da\/wp-json\/wp\/v2\/media?parent=11218"}],"curies":[{"name":"wp","href":"https:\/\/api.w.org\/{rel}","templated":true}]}}