{"id":11215,"date":"2021-09-27T16:02:51","date_gmt":"2021-09-27T14:02:51","guid":{"rendered":"https:\/\/houno.com\/da.flamingo.ws\/?page_id=11215"},"modified":"2021-12-15T23:51:36","modified_gmt":"2021-12-15T22:51:36","slug":"faq-kantiner-og-plader","status":"publish","type":"page","link":"https:\/\/houno.com\/da\/support\/faq\/faq-kantiner-og-plader\/","title":{"rendered":"FAQ Kantiner og plader"},"content":{"rendered":"\n<div class=\"wp-block-columns is-layout-flex wp-container-core-columns-is-layout-9d6595d7 wp-block-columns-is-layout-flex\">\n<div class=\"wp-block-column is-layout-flow wp-block-column-is-layout-flow\"><div class=\"wp-text-block page_container styled-text\"><div class=\"wp-text-block__inner\">\n<p><\/p>\n<\/div><\/div>\n\n<div class=\"wp-text-block page_container styled-text\"><div class=\"wp-text-block__inner\">\n<p><\/p>\n<\/div><\/div><\/div>\n<\/div>\n\n\n\r\n<section class=\"mtt-accordion\">\r\n    <div class=\"mtt-accordion__inner\">\r\n        <div class=\"mtt-accordion__wrap page_container\">\r\n\r\n                            <h2 class=\"mtt-accordion__title\">Kantiner og plader<\/h2>\r\n            \r\n            <div class=\"mtt-accordion__accordions\">\r\n                                                            <div class=\"mtt-accordion__accordion\">\r\n\r\n                            <div class=\"mtt-accordion__accordion-title\">\r\n                                <p>Hvordan reng\u00f8r og vedligeholder jeg min kantine?<\/p>\r\n                            <\/div>\r\n\r\n                            <div class=\"mtt-accordion__accordion-content\">\r\n                                <div class=\"mtt-accordion__accordion-content-inner\">\r\n                                    <p>HOUN\u00d6 Imperial kantiner er produceret i aluminium med en non-stick coating, som g\u00f8r kantinerne nemme at reng\u00f8re, men kr\u00e6ver den rette plejer for at forl\u00e6nge kaninernes levetid.<\/p>\n<p>4 tips til at \u00f8ge kantinens levetid:<\/p>\n<ol>\n<li>Fjern madrester og fedt med k\u00f8kkenrulle, inden kantinen vaskes af. Brug varmt vand og s\u00e6be. Undg\u00e5 at h\u00e6lde koldt vand p\u00e5 en varm kantine, da kantinen kan blive sk\u00e6v.<\/li>\n<li>Brug en klud eller en bl\u00f8d b\u00f8rste til at reng\u00f8re kantinen. Undg\u00e5 skuresvampe og skurepulver da det beskadiger bel\u00e6gningen p\u00e5 kantinen.<\/li>\n<li>Brug lav til medium varme, n\u00e5r der laves mad med kantinerne. Undg\u00e5 h\u00f8je temperaturer da dette kan for\u00e5rsage b\u00f8jning af aluminiummet, som kantinen produceret i.<\/li>\n<li>Undg\u00e5 k\u00f8kkenredskaber lavet af metal, da det ridser og beskadiger bel\u00e6gningen.<\/li>\n<\/ol>\n                                <\/div>\r\n                            <\/div>\r\n\r\n                        <\/div>\r\n                                            <div class=\"mtt-accordion__accordion\">\r\n\r\n                            <div class=\"mtt-accordion__accordion-title\">\r\n                                <p>Passer kantinerne til andre kombiovne end HOUN\u00d6?<\/p>\r\n                            <\/div>\r\n\r\n                            <div class=\"mtt-accordion__accordion-content\">\r\n                                <div class=\"mtt-accordion__accordion-content-inner\">\r\n                                    <p>Ja, alle bakker er lavet ud fra standart m\u00e5l for professionelle k\u00f8kkener med undtagelse af USA.<\/p>\n                                <\/div>\r\n                            <\/div>\r\n\r\n                        <\/div>\r\n                                            <div class=\"mtt-accordion__accordion\">\r\n\r\n                            <div class=\"mtt-accordion__accordion-title\">\r\n                                <p>Hvor k\u00f8bes riste, kantinerne og plader?<\/p>\r\n                            <\/div>\r\n\r\n                            <div class=\"mtt-accordion__accordion-content\">\r\n                                <div class=\"mtt-accordion__accordion-content-inner\">\r\n                                    <p>Alle vores riste, kantiner og plader kan k\u00f8bes online p\u00e5 vores webshop med direkte levering.<\/p>\n<p><a href=\"https:\/\/houno.com\/da\/tilbehoer\/\">Find vores webshop her.<\/a><\/p>\n<p>V\u00e6r venligst opm\u00e6rksom p\u00e5, at vi ikke s\u00e6lger til private.<\/p>\n                                <\/div>\r\n                            <\/div>\r\n\r\n                        <\/div>\r\n                                            <div class=\"mtt-accordion__accordion\">\r\n\r\n                            <div class=\"mtt-accordion__accordion-title\">\r\n                                <p>Kan jeg f\u00e5 inspiration til madlavning med jeres forskellige tilbeh\u00f8r?<\/p>\r\n                            <\/div>\r\n\r\n                            <div class=\"mtt-accordion__accordion-content\">\r\n                                <div class=\"mtt-accordion__accordion-content-inner\">\r\n                                    <p>Vi har samlet mange smagfulde opskrifter, som nemt kan laves i en HOUN\u00d6 kombiovn. Alle opskrifter kommer med en anbefaling til, hvilket tilbeh\u00f8r der med fordel kan anvendes til inspiration til dig i din daglige madlavning.<\/p>\n<p><a href=\"https:\/\/houno.com\/da\/opskrifter\/\">Find alle opskrifterne her.<\/a><\/p>\n                                <\/div>\r\n                            <\/div>\r\n\r\n                        <\/div>\r\n                                                                <\/div>\r\n\r\n        <\/div>\r\n    <\/div>\r\n<\/section>\n\n<div class=\"wp-text-block page_container styled-text\"><div class=\"wp-text-block__inner\">\n<p><\/p>\n<\/div><\/div>\n\n<div class=\"wp-text-block page_container styled-text\"><div class=\"wp-text-block__inner\">\n<h2 class=\"wp-block-heading\">Andre FAQ<\/h2>\n<\/div><\/div>\n\n<div class=\"style light_blue\">\r\n<section class=\"mtt-support-boxes spacing_top_56 spacing_bottom_184 spacing-classes-added\">\r\n    <div class=\"mtt-support-boxes__inner page_container\">\r\n        <div class=\"mtt-support-boxes__wrap\">\r\n                                                <div class=\"mtt-support-boxes__box background_element\">\r\n\r\n                                                    <div class=\"mtt-support-boxes__box-icon\">\r\n                                <img loading=\"lazy\" decoding=\"async\" width=\"50\" height=\"50\" src=\"https:\/\/houno.com\/wp-content\/uploads\/2021\/08\/Detergent_istock_black-1-e1628681428292.png\" class=\"attachment-170x100x size-170x100x\" alt=\"\" \/>                            <\/div>\r\n                        \r\n                        <div class=\"mtt-support-boxes__box-title\">\r\n                                                            Reng\u00f8ringsmidler                                                    <\/div>\r\n\r\n                        <div class=\"mtt-support-boxes__box-text\">\r\n                                                    <\/div>\r\n\r\n                        <div class=\"mtt-support-boxes__button border_element\">\r\n\t                        \t\t                            <a href=\"https:\/\/houno.com\/da\/support\/faq\/faq-rengoringsmidler\/\" class=\"button dash\">\r\n\t\t\t                            FAQ Reng\u00f8ringsmidler\t\t                            <\/a>\r\n\t\t                                                    <\/div>\r\n\r\n                    <\/div>\r\n                                    <div class=\"mtt-support-boxes__box background_element\">\r\n\r\n                                                    <div class=\"mtt-support-boxes__box-icon\">\r\n                                <img loading=\"lazy\" decoding=\"async\" width=\"48\" height=\"48\" src=\"https:\/\/houno.com\/wp-content\/uploads\/2021\/08\/outline_water_drop_black_24dp.png\" class=\"attachment-170x100x size-170x100x\" alt=\"\" \/>                            <\/div>\r\n                        \r\n                        <div class=\"mtt-support-boxes__box-title\">\r\n                                                            Vandfiltre                                                    <\/div>\r\n\r\n                        <div class=\"mtt-support-boxes__box-text\">\r\n                                                    <\/div>\r\n\r\n                        <div class=\"mtt-support-boxes__button border_element\">\r\n\t                        \t\t                            <a href=\"https:\/\/houno.com\/da\/support\/faq\/faq-vandfiltre\/\" class=\"button dash\">\r\n\t\t\t                            FAQ vandfiltre\t\t                            <\/a>\r\n\t\t                                                    <\/div>\r\n\r\n                    <\/div>\r\n                                    <div class=\"mtt-support-boxes__box background_element\">\r\n\r\n                                                    <div class=\"mtt-support-boxes__box-icon\">\r\n                                <img loading=\"lazy\" decoding=\"async\" width=\"48\" height=\"48\" src=\"https:\/\/houno.com\/wp-content\/uploads\/2021\/08\/outline_shopping_cart_black_24dp-e1628579976648.png\" class=\"attachment-170x100x size-170x100x\" alt=\"\" \/>                            <\/div>\r\n                        \r\n                        <div class=\"mtt-support-boxes__box-title\">\r\n                                                            Shop online                                                    <\/div>\r\n\r\n                        <div class=\"mtt-support-boxes__box-text\">\r\n                                                    <\/div>\r\n\r\n                        <div class=\"mtt-support-boxes__button border_element\">\r\n\t                        \t\t                            <a href=\"https:\/\/houno.com\/da\/support\/faq\/faq-webshop\/\" class=\"button dash\">\r\n\t\t\t                            FAQ Shop\t\t                            <\/a>\r\n\t\t                                                    <\/div>\r\n\r\n                    <\/div>\r\n                                    <div class=\"mtt-support-boxes__box background_element\">\r\n\r\n                                                    <div class=\"mtt-support-boxes__box-icon\">\r\n                                <img loading=\"lazy\" decoding=\"async\" width=\"48\" height=\"48\" src=\"https:\/\/houno.com\/wp-content\/uploads\/2021\/06\/outline_record_voice_over_black_24dp.png\" class=\"attachment-170x100x size-170x100x\" alt=\"\" \/>                            <\/div>\r\n                        \r\n                        <div class=\"mtt-support-boxes__box-title\">\r\n                                                            Teknisk support                                                    <\/div>\r\n\r\n                        <div class=\"mtt-support-boxes__box-text\">\r\n                                                    <\/div>\r\n\r\n                        <div class=\"mtt-support-boxes__button border_element\">\r\n\t                        \t\t                            <a href=\"https:\/\/houno.com\/da\/support\/faq\/faq-tech-support\/\" class=\"button dash\">\r\n\t\t\t                            FAQ tech support\t\t                            <\/a>\r\n\t\t                                                    <\/div>\r\n\r\n                    <\/div>\r\n                                        \r\n        <\/div>\r\n    <\/div>\r\n<\/section><\/div>","protected":false},"excerpt":{"rendered":"<p>Andre FAQ<\/p>\n","protected":false},"author":2,"featured_media":0,"parent":11134,"menu_order":0,"comment_status":"closed","ping_status":"closed","template":"","meta":{"_acf_changed":false,"_relevanssi_hide_post":"","_relevanssi_hide_content":"","_relevanssi_pin_for_all":"","_relevanssi_pin_keywords":"","_relevanssi_unpin_keywords":"","_relevanssi_related_keywords":"","_relevanssi_related_include_ids":"","_relevanssi_related_exclude_ids":"","_relevanssi_related_no_append":"","_relevanssi_related_not_related":"","_relevanssi_related_posts":"206,1111,1113,204,1120,1115","_relevanssi_noindex_reason":"","footnotes":""},"class_list":["post-11215","page","type-page","status-publish","hentry"],"acf":[],"yoast_head":"<!-- This site is optimized with the Yoast SEO Premium plugin v27.5 (Yoast SEO v27.5) - https:\/\/yoast.com\/product\/yoast-seo-premium-wordpress\/ -->\n<title>FAQ kaniner og plader | F\u00e5 svarene p\u00e5 alle dine sp\u00f8rgsm\u00e5l her | HOUN\u00d6<\/title>\n<meta name=\"robots\" content=\"index, follow, max-snippet:-1, max-image-preview:large, max-video-preview:-1\" \/>\n<link rel=\"canonical\" href=\"https:\/\/houno.com\/da\/support\/faq\/faq-kantiner-og-plader\/\" \/>\n<meta property=\"og:locale\" content=\"da_DK\" \/>\n<meta property=\"og:type\" content=\"article\" \/>\n<meta property=\"og:title\" content=\"FAQ Kantiner og plader\" \/>\n<meta property=\"og:description\" content=\"Andre FAQ\" \/>\n<meta property=\"og:url\" content=\"https:\/\/houno.com\/da\/support\/faq\/faq-kantiner-og-plader\/\" \/>\n<meta property=\"og:site_name\" content=\"HOUN\u00d6\" \/>\n<meta property=\"article:publisher\" content=\"https:\/\/www.facebook.com\/hounocombi\" \/>\n<meta property=\"article:modified_time\" content=\"2021-12-15T22:51:36+00:00\" \/>\n<meta name=\"twitter:card\" content=\"summary_large_image\" \/>\n<meta name=\"twitter:label1\" content=\"Estimeret l\u00e6setid\" \/>\n\t<meta name=\"twitter:data1\" content=\"1 minut\" \/>\n<script type=\"application\/ld+json\" class=\"yoast-schema-graph\">{\"@context\":\"https:\\\/\\\/schema.org\",\"@graph\":[{\"@type\":\"WebPage\",\"@id\":\"https:\\\/\\\/houno.com\\\/da\\\/support\\\/faq\\\/faq-kantiner-og-plader\\\/\",\"url\":\"https:\\\/\\\/houno.com\\\/da\\\/support\\\/faq\\\/faq-kantiner-og-plader\\\/\",\"name\":\"FAQ kaniner og plader | F\u00e5 svarene p\u00e5 alle dine sp\u00f8rgsm\u00e5l her | HOUN\u00d6\",\"isPartOf\":{\"@id\":\"https:\\\/\\\/houno.com\\\/da\\\/#website\"},\"datePublished\":\"2021-09-27T14:02:51+00:00\",\"dateModified\":\"2021-12-15T22:51:36+00:00\",\"breadcrumb\":{\"@id\":\"https:\\\/\\\/houno.com\\\/da\\\/support\\\/faq\\\/faq-kantiner-og-plader\\\/#breadcrumb\"},\"inLanguage\":\"da-DK\",\"potentialAction\":[{\"@type\":\"ReadAction\",\"target\":[\"https:\\\/\\\/houno.com\\\/da\\\/support\\\/faq\\\/faq-kantiner-og-plader\\\/\"]}]},{\"@type\":\"BreadcrumbList\",\"@id\":\"https:\\\/\\\/houno.com\\\/da\\\/support\\\/faq\\\/faq-kantiner-og-plader\\\/#breadcrumb\",\"itemListElement\":[{\"@type\":\"ListItem\",\"position\":1,\"name\":\"Home\",\"item\":\"https:\\\/\\\/houno.com\\\/da\\\/\"},{\"@type\":\"ListItem\",\"position\":2,\"name\":\"Support\",\"item\":\"https:\\\/\\\/houno.com\\\/da\\\/support\\\/\"},{\"@type\":\"ListItem\",\"position\":3,\"name\":\"FAQ\",\"item\":\"https:\\\/\\\/houno.com\\\/da\\\/support\\\/faq\\\/\"},{\"@type\":\"ListItem\",\"position\":4,\"name\":\"FAQ Kantiner og plader\"}]},{\"@type\":\"WebSite\",\"@id\":\"https:\\\/\\\/houno.com\\\/da\\\/#website\",\"url\":\"https:\\\/\\\/houno.com\\\/da\\\/\",\"name\":\"HOUN\u00d6\",\"description\":\"Premium commercial combi and bake ovens manufacturer aims for making service simple, smart and efficient\",\"publisher\":{\"@id\":\"https:\\\/\\\/houno.com\\\/da\\\/#organization\"},\"potentialAction\":[{\"@type\":\"SearchAction\",\"target\":{\"@type\":\"EntryPoint\",\"urlTemplate\":\"https:\\\/\\\/houno.com\\\/da\\\/?s={search_term_string}\"},\"query-input\":{\"@type\":\"PropertyValueSpecification\",\"valueRequired\":true,\"valueName\":\"search_term_string\"}}],\"inLanguage\":\"da-DK\"},{\"@type\":\"Organization\",\"@id\":\"https:\\\/\\\/houno.com\\\/da\\\/#organization\",\"name\":\"HOUN\u00d6\",\"url\":\"https:\\\/\\\/houno.com\\\/da\\\/\",\"logo\":{\"@type\":\"ImageObject\",\"inLanguage\":\"da-DK\",\"@id\":\"https:\\\/\\\/houno.com\\\/da\\\/#\\\/schema\\\/logo\\\/image\\\/\",\"url\":\"https:\\\/\\\/houno.com\\\/wp-content\\\/uploads\\\/2021\\\/08\\\/cropped-Houno\u00a6e_id_logo-black-e1634730012288.png\",\"contentUrl\":\"https:\\\/\\\/houno.com\\\/wp-content\\\/uploads\\\/2021\\\/08\\\/cropped-Houno\u00a6e_id_logo-black-e1634730012288.png\",\"width\":250,\"height\":59,\"caption\":\"HOUN\u00d6\"},\"image\":{\"@id\":\"https:\\\/\\\/houno.com\\\/da\\\/#\\\/schema\\\/logo\\\/image\\\/\"},\"sameAs\":[\"https:\\\/\\\/www.facebook.com\\\/hounocombi\",\"https:\\\/\\\/www.linkedin.com\\\/company\\\/houno\\\/\"]}]}<\/script>\n<!-- \/ Yoast SEO Premium plugin. -->","yoast_head_json":{"title":"FAQ kaniner og plader | F\u00e5 svarene p\u00e5 alle dine sp\u00f8rgsm\u00e5l her | HOUN\u00d6","robots":{"index":"index","follow":"follow","max-snippet":"max-snippet:-1","max-image-preview":"max-image-preview:large","max-video-preview":"max-video-preview:-1"},"canonical":"https:\/\/houno.com\/da\/support\/faq\/faq-kantiner-og-plader\/","og_locale":"da_DK","og_type":"article","og_title":"FAQ Kantiner og plader","og_description":"Andre FAQ","og_url":"https:\/\/houno.com\/da\/support\/faq\/faq-kantiner-og-plader\/","og_site_name":"HOUN\u00d6","article_publisher":"https:\/\/www.facebook.com\/hounocombi","article_modified_time":"2021-12-15T22:51:36+00:00","twitter_card":"summary_large_image","twitter_misc":{"Estimeret l\u00e6setid":"1 minut"},"schema":{"@context":"https:\/\/schema.org","@graph":[{"@type":"WebPage","@id":"https:\/\/houno.com\/da\/support\/faq\/faq-kantiner-og-plader\/","url":"https:\/\/houno.com\/da\/support\/faq\/faq-kantiner-og-plader\/","name":"FAQ kaniner og plader | F\u00e5 svarene p\u00e5 alle dine sp\u00f8rgsm\u00e5l her | HOUN\u00d6","isPartOf":{"@id":"https:\/\/houno.com\/da\/#website"},"datePublished":"2021-09-27T14:02:51+00:00","dateModified":"2021-12-15T22:51:36+00:00","breadcrumb":{"@id":"https:\/\/houno.com\/da\/support\/faq\/faq-kantiner-og-plader\/#breadcrumb"},"inLanguage":"da-DK","potentialAction":[{"@type":"ReadAction","target":["https:\/\/houno.com\/da\/support\/faq\/faq-kantiner-og-plader\/"]}]},{"@type":"BreadcrumbList","@id":"https:\/\/houno.com\/da\/support\/faq\/faq-kantiner-og-plader\/#breadcrumb","itemListElement":[{"@type":"ListItem","position":1,"name":"Home","item":"https:\/\/houno.com\/da\/"},{"@type":"ListItem","position":2,"name":"Support","item":"https:\/\/houno.com\/da\/support\/"},{"@type":"ListItem","position":3,"name":"FAQ","item":"https:\/\/houno.com\/da\/support\/faq\/"},{"@type":"ListItem","position":4,"name":"FAQ Kantiner og plader"}]},{"@type":"WebSite","@id":"https:\/\/houno.com\/da\/#website","url":"https:\/\/houno.com\/da\/","name":"HOUN\u00d6","description":"Premium commercial combi and bake ovens manufacturer aims for making service simple, smart and efficient","publisher":{"@id":"https:\/\/houno.com\/da\/#organization"},"potentialAction":[{"@type":"SearchAction","target":{"@type":"EntryPoint","urlTemplate":"https:\/\/houno.com\/da\/?s={search_term_string}"},"query-input":{"@type":"PropertyValueSpecification","valueRequired":true,"valueName":"search_term_string"}}],"inLanguage":"da-DK"},{"@type":"Organization","@id":"https:\/\/houno.com\/da\/#organization","name":"HOUN\u00d6","url":"https:\/\/houno.com\/da\/","logo":{"@type":"ImageObject","inLanguage":"da-DK","@id":"https:\/\/houno.com\/da\/#\/schema\/logo\/image\/","url":"https:\/\/houno.com\/wp-content\/uploads\/2021\/08\/cropped-Houno\u00a6e_id_logo-black-e1634730012288.png","contentUrl":"https:\/\/houno.com\/wp-content\/uploads\/2021\/08\/cropped-Houno\u00a6e_id_logo-black-e1634730012288.png","width":250,"height":59,"caption":"HOUN\u00d6"},"image":{"@id":"https:\/\/houno.com\/da\/#\/schema\/logo\/image\/"},"sameAs":["https:\/\/www.facebook.com\/hounocombi","https:\/\/www.linkedin.com\/company\/houno\/"]}]}},"_links":{"self":[{"href":"https:\/\/houno.com\/da\/wp-json\/wp\/v2\/pages\/11215","targetHints":{"allow":["GET"]}}],"collection":[{"href":"https:\/\/houno.com\/da\/wp-json\/wp\/v2\/pages"}],"about":[{"href":"https:\/\/houno.com\/da\/wp-json\/wp\/v2\/types\/page"}],"author":[{"embeddable":true,"href":"https:\/\/houno.com\/da\/wp-json\/wp\/v2\/users\/2"}],"replies":[{"embeddable":true,"href":"https:\/\/houno.com\/da\/wp-json\/wp\/v2\/comments?post=11215"}],"version-history":[{"count":0,"href":"https:\/\/houno.com\/da\/wp-json\/wp\/v2\/pages\/11215\/revisions"}],"up":[{"embeddable":true,"href":"https:\/\/houno.com\/da\/wp-json\/wp\/v2\/pages\/11134"}],"wp:attachment":[{"href":"https:\/\/houno.com\/da\/wp-json\/wp\/v2\/media?parent=11215"}],"curies":[{"name":"wp","href":"https:\/\/api.w.org\/{rel}","templated":true}]}}