{"id":11203,"date":"2021-09-27T15:49:23","date_gmt":"2021-09-27T13:49:23","guid":{"rendered":"https:\/\/houno.com\/da.flamingo.ws\/?page_id=11203"},"modified":"2021-12-15T23:46:12","modified_gmt":"2021-12-15T22:46:12","slug":"faq-webshop","status":"publish","type":"page","link":"https:\/\/houno.com\/da\/support\/faq\/faq-webshop\/","title":{"rendered":"FAQ Webshop"},"content":{"rendered":"\r\n<section class=\"mtt-accordion\">\r\n    <div class=\"mtt-accordion__inner\">\r\n        <div class=\"mtt-accordion__wrap page_container\">\r\n\r\n            \r\n            <div class=\"mtt-accordion__accordions\">\r\n                                            <\/div>\r\n\r\n        <\/div>\r\n    <\/div>\r\n<\/section>\n\n\r\n<section class=\"mtt-accordion spacing_top_120 spacing-classes-added\">\r\n    <div class=\"mtt-accordion__inner\">\r\n        <div class=\"mtt-accordion__wrap page_container\">\r\n\r\n                            <h1 class=\"mtt-accordion__title\">Webshop<\/h1>\r\n            \r\n            <div class=\"mtt-accordion__accordions\">\r\n                                                            <div class=\"mtt-accordion__accordion\">\r\n\r\n                            <div class=\"mtt-accordion__accordion-title\">\r\n                                <p>Skal jeg oprette en konto for at k\u00f8be tilbeh\u00f8r hos jer?<\/p>\r\n                            <\/div>\r\n\r\n                            <div class=\"mtt-accordion__accordion-content\">\r\n                                <div class=\"mtt-accordion__accordion-content-inner\">\r\n                                    <p>Ja for at k\u00f8be vores tilbeh\u00f8r p\u00e5 vores webshop, skal alle kunder oprette en konto. Det er simpelt og tager kun et \u00f8jeblik.<\/p>\n<p>Kontakt HOUN\u00d6 hvis du har brug for support.<\/p>\n                                <\/div>\r\n                            <\/div>\r\n\r\n                        <\/div>\r\n                                            <div class=\"mtt-accordion__accordion\">\r\n\r\n                            <div class=\"mtt-accordion__accordion-title\">\r\n                                <p>Hvorn\u00e5r sender I min ordre?<\/p>\r\n                            <\/div>\r\n\r\n                            <div class=\"mtt-accordion__accordion-content\">\r\n                                <div class=\"mtt-accordion__accordion-content-inner\">\r\n                                    <p>Bestiller du dine varer inden kl 12:00 p\u00e5 alle hvedage, vil vi g\u00f8re vores bedste for at sende varene samme dag. Hvis varene bestilles i en weekend p\u00e5 helligdage, sendes varerne den efterf\u00f8lgende hverdag. Alle ordrer afsendes fra vores varelager i Randers, Danmark.<\/p>\n                                <\/div>\r\n                            <\/div>\r\n\r\n                        <\/div>\r\n                                            <div class=\"mtt-accordion__accordion\">\r\n\r\n                            <div class=\"mtt-accordion__accordion-title\">\r\n                                <p>Hvad er jeres retur politik?<\/p>\r\n                            <\/div>\r\n\r\n                            <div class=\"mtt-accordion__accordion-content\">\r\n                                <div class=\"mtt-accordion__accordion-content-inner\">\r\n                                    <p>Alle k\u00f8b foretaget p\u00e5 webshoppen er endelige. Det betyder, at du ikke har returret p\u00e5 dine varer medmindre disse har fejl og mangler.<\/p>\n                                <\/div>\r\n                            <\/div>\r\n\r\n                        <\/div>\r\n                                            <div class=\"mtt-accordion__accordion\">\r\n\r\n                            <div class=\"mtt-accordion__accordion-title\">\r\n                                <p>Kan jeg k\u00f8be tilbeh\u00f8r som privat person?<\/p>\r\n                            <\/div>\r\n\r\n                            <div class=\"mtt-accordion__accordion-content\">\r\n                                <div class=\"mtt-accordion__accordion-content-inner\">\r\n                                    <p>Alle k\u00f8b der foretages som privat person, skal g\u00e5 igennem en forhandler. Find din lokale forhandler her. Det er kun muligt for virksomheder med et validt momsnummer at k\u00f8be tilbeh\u00f8r p\u00e5 webshoppen.<\/p>\n                                <\/div>\r\n                            <\/div>\r\n\r\n                        <\/div>\r\n                                                                <\/div>\r\n\r\n        <\/div>\r\n    <\/div>\r\n<\/section>\n\n<div class=\"wp-text-block page_container styled-text\"><div class=\"wp-text-block__inner\">\n<p><\/p>\n<\/div><\/div>\n\n<div class=\"wp-text-block page_container styled-text\"><div class=\"wp-text-block__inner\">\n<h2 class=\"wp-block-heading\">Andre FAQ<\/h2>\n<\/div><\/div>\n\n<div class=\"style light_blue\">\r\n<section class=\"mtt-support-boxes spacing_top_56 spacing_bottom_184 spacing-classes-added\">\r\n    <div class=\"mtt-support-boxes__inner page_container\">\r\n        <div class=\"mtt-support-boxes__wrap\">\r\n                                                <div class=\"mtt-support-boxes__box background_element\">\r\n\r\n                                                    <div class=\"mtt-support-boxes__box-icon\">\r\n                                <img loading=\"lazy\" decoding=\"async\" width=\"50\" height=\"50\" src=\"https:\/\/houno.com\/wp-content\/uploads\/2021\/08\/Detergent_istock_black-1-e1628681428292.png\" class=\"attachment-170x100x size-170x100x\" alt=\"\" \/>                            <\/div>\r\n                        \r\n                        <div class=\"mtt-support-boxes__box-title\">\r\n                                                            Reng\u00f8ringsmidler                                                    <\/div>\r\n\r\n                        <div class=\"mtt-support-boxes__box-text\">\r\n                                                    <\/div>\r\n\r\n                        <div class=\"mtt-support-boxes__button border_element\">\r\n\t                        \t\t                            <a href=\"https:\/\/houno.com\/da\/support\/faq\/faq-rengoringsmidler\/\" class=\"button dash\">\r\n\t\t\t                            FAQ Reng\u00f8ringsmidler\t\t                            <\/a>\r\n\t\t                                                    <\/div>\r\n\r\n                    <\/div>\r\n                                    <div class=\"mtt-support-boxes__box background_element\">\r\n\r\n                                                    <div class=\"mtt-support-boxes__box-icon\">\r\n                                <img loading=\"lazy\" decoding=\"async\" width=\"48\" height=\"48\" src=\"https:\/\/houno.com\/wp-content\/uploads\/2021\/08\/outline_water_drop_black_24dp.png\" class=\"attachment-170x100x size-170x100x\" alt=\"\" \/>                            <\/div>\r\n                        \r\n                        <div class=\"mtt-support-boxes__box-title\">\r\n                                                            Vandfiltre                                                    <\/div>\r\n\r\n                        <div class=\"mtt-support-boxes__box-text\">\r\n                                                    <\/div>\r\n\r\n                        <div class=\"mtt-support-boxes__button border_element\">\r\n\t                        \t\t                            <a href=\"https:\/\/houno.com\/da\/faq\/faq-vandfiltre\/\" class=\"button dash\">\r\n\t\t\t                            FAQ vandfiltre\t\t                            <\/a>\r\n\t\t                                                    <\/div>\r\n\r\n                    <\/div>\r\n                                    <div class=\"mtt-support-boxes__box background_element\">\r\n\r\n                                                    <div class=\"mtt-support-boxes__box-icon\">\r\n                                <img loading=\"lazy\" decoding=\"async\" width=\"48\" height=\"48\" src=\"https:\/\/houno.com\/wp-content\/uploads\/2021\/08\/outline_view_headline_black_24dp.png\" class=\"attachment-170x100x size-170x100x\" alt=\"\" \/>                            <\/div>\r\n                        \r\n                        <div class=\"mtt-support-boxes__box-title\">\r\n                                                            Kantiner og plader                                                    <\/div>\r\n\r\n                        <div class=\"mtt-support-boxes__box-text\">\r\n                                                    <\/div>\r\n\r\n                        <div class=\"mtt-support-boxes__button border_element\">\r\n\t                        \t\t                            <a href=\"https:\/\/houno.com\/da\/faq\/faq-kantiner-og-plader\/\" class=\"button dash\">\r\n\t\t\t                            FAQ kantiner og bakker\t\t                            <\/a>\r\n\t\t                                                    <\/div>\r\n\r\n                    <\/div>\r\n                                    <div class=\"mtt-support-boxes__box background_element\">\r\n\r\n                                                    <div class=\"mtt-support-boxes__box-icon\">\r\n                                <img loading=\"lazy\" decoding=\"async\" width=\"48\" height=\"48\" src=\"https:\/\/houno.com\/wp-content\/uploads\/2021\/06\/outline_record_voice_over_black_24dp.png\" class=\"attachment-170x100x size-170x100x\" alt=\"\" \/>                            <\/div>\r\n                        \r\n                        <div class=\"mtt-support-boxes__box-title\">\r\n                                                            Teknisk support                                                    <\/div>\r\n\r\n                        <div class=\"mtt-support-boxes__box-text\">\r\n                                                    <\/div>\r\n\r\n                        <div class=\"mtt-support-boxes__button border_element\">\r\n\t                        \t\t                            <a href=\"https:\/\/houno.com\/da\/support\/faq\/faq-tech-support\/\" class=\"button dash\">\r\n\t\t\t                            FAQ tech support\t\t                            <\/a>\r\n\t\t                                                    <\/div>\r\n\r\n                    <\/div>\r\n                                        \r\n        <\/div>\r\n    <\/div>\r\n<\/section><\/div>","protected":false},"excerpt":{"rendered":"<p>Andre FAQ<\/p>\n","protected":false},"author":2,"featured_media":0,"parent":11134,"menu_order":0,"comment_status":"closed","ping_status":"closed","template":"","meta":{"_acf_changed":false,"_relevanssi_hide_post":"","_relevanssi_hide_content":"","_relevanssi_pin_for_all":"","_relevanssi_pin_keywords":"","_relevanssi_unpin_keywords":"","_relevanssi_related_keywords":"","_relevanssi_related_include_ids":"","_relevanssi_related_exclude_ids":"","_relevanssi_related_no_append":"","_relevanssi_related_not_related":"","_relevanssi_related_posts":"1126,1124,1122,1135,1120,206","_relevanssi_noindex_reason":"","footnotes":""},"class_list":["post-11203","page","type-page","status-publish","hentry"],"acf":[],"yoast_head":"<!-- This site is optimized with the Yoast SEO Premium plugin v27.5 (Yoast SEO v27.5) - https:\/\/yoast.com\/product\/yoast-seo-premium-wordpress\/ -->\n<title>FAQ for webshop | F\u00e5 alle svarene p\u00e5 dine sp\u00f8rgsm\u00e5l her | HOUN\u00d6<\/title>\n<meta name=\"robots\" content=\"index, follow, max-snippet:-1, max-image-preview:large, max-video-preview:-1\" \/>\n<link rel=\"canonical\" href=\"https:\/\/houno.com\/da\/support\/faq\/faq-webshop\/\" \/>\n<meta property=\"og:locale\" content=\"da_DK\" \/>\n<meta property=\"og:type\" content=\"article\" \/>\n<meta property=\"og:title\" content=\"FAQ Webshop\" \/>\n<meta property=\"og:description\" content=\"Andre FAQ\" \/>\n<meta property=\"og:url\" content=\"https:\/\/houno.com\/da\/support\/faq\/faq-webshop\/\" \/>\n<meta property=\"og:site_name\" content=\"HOUN\u00d6\" \/>\n<meta property=\"article:publisher\" content=\"https:\/\/www.facebook.com\/hounocombi\" \/>\n<meta property=\"article:modified_time\" content=\"2021-12-15T22:46:12+00:00\" \/>\n<meta name=\"twitter:card\" content=\"summary_large_image\" \/>\n<meta name=\"twitter:label1\" content=\"Estimeret l\u00e6setid\" \/>\n\t<meta name=\"twitter:data1\" content=\"1 minut\" \/>\n<script type=\"application\/ld+json\" class=\"yoast-schema-graph\">{\"@context\":\"https:\\\/\\\/schema.org\",\"@graph\":[{\"@type\":\"WebPage\",\"@id\":\"https:\\\/\\\/houno.com\\\/da\\\/support\\\/faq\\\/faq-webshop\\\/\",\"url\":\"https:\\\/\\\/houno.com\\\/da\\\/support\\\/faq\\\/faq-webshop\\\/\",\"name\":\"FAQ for webshop | F\u00e5 alle svarene p\u00e5 dine sp\u00f8rgsm\u00e5l her | HOUN\u00d6\",\"isPartOf\":{\"@id\":\"https:\\\/\\\/houno.com\\\/da\\\/#website\"},\"datePublished\":\"2021-09-27T13:49:23+00:00\",\"dateModified\":\"2021-12-15T22:46:12+00:00\",\"breadcrumb\":{\"@id\":\"https:\\\/\\\/houno.com\\\/da\\\/support\\\/faq\\\/faq-webshop\\\/#breadcrumb\"},\"inLanguage\":\"da-DK\",\"potentialAction\":[{\"@type\":\"ReadAction\",\"target\":[\"https:\\\/\\\/houno.com\\\/da\\\/support\\\/faq\\\/faq-webshop\\\/\"]}]},{\"@type\":\"BreadcrumbList\",\"@id\":\"https:\\\/\\\/houno.com\\\/da\\\/support\\\/faq\\\/faq-webshop\\\/#breadcrumb\",\"itemListElement\":[{\"@type\":\"ListItem\",\"position\":1,\"name\":\"Home\",\"item\":\"https:\\\/\\\/houno.com\\\/da\\\/\"},{\"@type\":\"ListItem\",\"position\":2,\"name\":\"Support\",\"item\":\"https:\\\/\\\/houno.com\\\/da\\\/support\\\/\"},{\"@type\":\"ListItem\",\"position\":3,\"name\":\"FAQ\",\"item\":\"https:\\\/\\\/houno.com\\\/da\\\/support\\\/faq\\\/\"},{\"@type\":\"ListItem\",\"position\":4,\"name\":\"FAQ Webshop\"}]},{\"@type\":\"WebSite\",\"@id\":\"https:\\\/\\\/houno.com\\\/da\\\/#website\",\"url\":\"https:\\\/\\\/houno.com\\\/da\\\/\",\"name\":\"HOUN\u00d6\",\"description\":\"Premium commercial combi and bake ovens manufacturer aims for making service simple, smart and efficient\",\"publisher\":{\"@id\":\"https:\\\/\\\/houno.com\\\/da\\\/#organization\"},\"potentialAction\":[{\"@type\":\"SearchAction\",\"target\":{\"@type\":\"EntryPoint\",\"urlTemplate\":\"https:\\\/\\\/houno.com\\\/da\\\/?s={search_term_string}\"},\"query-input\":{\"@type\":\"PropertyValueSpecification\",\"valueRequired\":true,\"valueName\":\"search_term_string\"}}],\"inLanguage\":\"da-DK\"},{\"@type\":\"Organization\",\"@id\":\"https:\\\/\\\/houno.com\\\/da\\\/#organization\",\"name\":\"HOUN\u00d6\",\"url\":\"https:\\\/\\\/houno.com\\\/da\\\/\",\"logo\":{\"@type\":\"ImageObject\",\"inLanguage\":\"da-DK\",\"@id\":\"https:\\\/\\\/houno.com\\\/da\\\/#\\\/schema\\\/logo\\\/image\\\/\",\"url\":\"https:\\\/\\\/houno.com\\\/wp-content\\\/uploads\\\/2021\\\/08\\\/cropped-Houno\u00a6e_id_logo-black-e1634730012288.png\",\"contentUrl\":\"https:\\\/\\\/houno.com\\\/wp-content\\\/uploads\\\/2021\\\/08\\\/cropped-Houno\u00a6e_id_logo-black-e1634730012288.png\",\"width\":250,\"height\":59,\"caption\":\"HOUN\u00d6\"},\"image\":{\"@id\":\"https:\\\/\\\/houno.com\\\/da\\\/#\\\/schema\\\/logo\\\/image\\\/\"},\"sameAs\":[\"https:\\\/\\\/www.facebook.com\\\/hounocombi\",\"https:\\\/\\\/www.linkedin.com\\\/company\\\/houno\\\/\"]}]}<\/script>\n<!-- \/ Yoast SEO Premium plugin. -->","yoast_head_json":{"title":"FAQ for webshop | F\u00e5 alle svarene p\u00e5 dine sp\u00f8rgsm\u00e5l her | HOUN\u00d6","robots":{"index":"index","follow":"follow","max-snippet":"max-snippet:-1","max-image-preview":"max-image-preview:large","max-video-preview":"max-video-preview:-1"},"canonical":"https:\/\/houno.com\/da\/support\/faq\/faq-webshop\/","og_locale":"da_DK","og_type":"article","og_title":"FAQ Webshop","og_description":"Andre FAQ","og_url":"https:\/\/houno.com\/da\/support\/faq\/faq-webshop\/","og_site_name":"HOUN\u00d6","article_publisher":"https:\/\/www.facebook.com\/hounocombi","article_modified_time":"2021-12-15T22:46:12+00:00","twitter_card":"summary_large_image","twitter_misc":{"Estimeret l\u00e6setid":"1 minut"},"schema":{"@context":"https:\/\/schema.org","@graph":[{"@type":"WebPage","@id":"https:\/\/houno.com\/da\/support\/faq\/faq-webshop\/","url":"https:\/\/houno.com\/da\/support\/faq\/faq-webshop\/","name":"FAQ for webshop | F\u00e5 alle svarene p\u00e5 dine sp\u00f8rgsm\u00e5l her | HOUN\u00d6","isPartOf":{"@id":"https:\/\/houno.com\/da\/#website"},"datePublished":"2021-09-27T13:49:23+00:00","dateModified":"2021-12-15T22:46:12+00:00","breadcrumb":{"@id":"https:\/\/houno.com\/da\/support\/faq\/faq-webshop\/#breadcrumb"},"inLanguage":"da-DK","potentialAction":[{"@type":"ReadAction","target":["https:\/\/houno.com\/da\/support\/faq\/faq-webshop\/"]}]},{"@type":"BreadcrumbList","@id":"https:\/\/houno.com\/da\/support\/faq\/faq-webshop\/#breadcrumb","itemListElement":[{"@type":"ListItem","position":1,"name":"Home","item":"https:\/\/houno.com\/da\/"},{"@type":"ListItem","position":2,"name":"Support","item":"https:\/\/houno.com\/da\/support\/"},{"@type":"ListItem","position":3,"name":"FAQ","item":"https:\/\/houno.com\/da\/support\/faq\/"},{"@type":"ListItem","position":4,"name":"FAQ Webshop"}]},{"@type":"WebSite","@id":"https:\/\/houno.com\/da\/#website","url":"https:\/\/houno.com\/da\/","name":"HOUN\u00d6","description":"Premium commercial combi and bake ovens manufacturer aims for making service simple, smart and efficient","publisher":{"@id":"https:\/\/houno.com\/da\/#organization"},"potentialAction":[{"@type":"SearchAction","target":{"@type":"EntryPoint","urlTemplate":"https:\/\/houno.com\/da\/?s={search_term_string}"},"query-input":{"@type":"PropertyValueSpecification","valueRequired":true,"valueName":"search_term_string"}}],"inLanguage":"da-DK"},{"@type":"Organization","@id":"https:\/\/houno.com\/da\/#organization","name":"HOUN\u00d6","url":"https:\/\/houno.com\/da\/","logo":{"@type":"ImageObject","inLanguage":"da-DK","@id":"https:\/\/houno.com\/da\/#\/schema\/logo\/image\/","url":"https:\/\/houno.com\/wp-content\/uploads\/2021\/08\/cropped-Houno\u00a6e_id_logo-black-e1634730012288.png","contentUrl":"https:\/\/houno.com\/wp-content\/uploads\/2021\/08\/cropped-Houno\u00a6e_id_logo-black-e1634730012288.png","width":250,"height":59,"caption":"HOUN\u00d6"},"image":{"@id":"https:\/\/houno.com\/da\/#\/schema\/logo\/image\/"},"sameAs":["https:\/\/www.facebook.com\/hounocombi","https:\/\/www.linkedin.com\/company\/houno\/"]}]}},"_links":{"self":[{"href":"https:\/\/houno.com\/da\/wp-json\/wp\/v2\/pages\/11203","targetHints":{"allow":["GET"]}}],"collection":[{"href":"https:\/\/houno.com\/da\/wp-json\/wp\/v2\/pages"}],"about":[{"href":"https:\/\/houno.com\/da\/wp-json\/wp\/v2\/types\/page"}],"author":[{"embeddable":true,"href":"https:\/\/houno.com\/da\/wp-json\/wp\/v2\/users\/2"}],"replies":[{"embeddable":true,"href":"https:\/\/houno.com\/da\/wp-json\/wp\/v2\/comments?post=11203"}],"version-history":[{"count":0,"href":"https:\/\/houno.com\/da\/wp-json\/wp\/v2\/pages\/11203\/revisions"}],"up":[{"embeddable":true,"href":"https:\/\/houno.com\/da\/wp-json\/wp\/v2\/pages\/11134"}],"wp:attachment":[{"href":"https:\/\/houno.com\/da\/wp-json\/wp\/v2\/media?parent=11203"}],"curies":[{"name":"wp","href":"https:\/\/api.w.org\/{rel}","templated":true}]}}