{"id":11184,"date":"2021-09-27T15:26:56","date_gmt":"2021-09-27T13:26:56","guid":{"rendered":"https:\/\/houno.com\/da.flamingo.ws\/?page_id=11184"},"modified":"2022-11-04T10:13:24","modified_gmt":"2022-11-04T09:13:24","slug":"faq-kombiovne","status":"publish","type":"page","link":"https:\/\/houno.com\/da\/support\/faq\/faq-kombiovne\/","title":{"rendered":"FAQ Kombiovne"},"content":{"rendered":"\r\n<section class=\"mtt-accordion\">\r\n    <div class=\"mtt-accordion__inner\">\r\n        <div class=\"mtt-accordion__wrap page_container\">\r\n\r\n            \r\n            <div class=\"mtt-accordion__accordions\">\r\n                                            <\/div>\r\n\r\n        <\/div>\r\n    <\/div>\r\n<\/section>\n\n\r\n<section class=\"mtt-accordion spacing_top_120 spacing-classes-added\">\r\n    <div class=\"mtt-accordion__inner\">\r\n        <div class=\"mtt-accordion__wrap page_container\">\r\n\r\n                            <h1 class=\"mtt-accordion__title\">Kombiovne<\/h1>\r\n            \r\n            <div class=\"mtt-accordion__accordions\">\r\n                                                            <div class=\"mtt-accordion__accordion\">\r\n\r\n                            <div class=\"mtt-accordion__accordion-title\">\r\n                                <p>Hvorfor bager min ovn ikke j\u00e6vnt?<\/p>\r\n                            <\/div>\r\n\r\n                            <div class=\"mtt-accordion__accordion-content\">\r\n                                <div class=\"mtt-accordion__accordion-content-inner\">\r\n                                    <p>Forvarmning af ovnen er en foruds\u00e6tning for at skabe et j\u00e6vnt bageresultat. Det anbefales derfor, at ovnen forvarmes 40-50 grader h\u00f8jere end den \u00f8nskede temperatur for selve bagningen.<\/p>\n<p>Efter forvarmning af ovnen, inds\u00e6t bageplader, riste osv. hurtigt for at undg\u00e5 et temperaturfald i ovnen.<\/p>\n<p>For at sikre et ensartet bageresultat p\u00e5 alle hylder, hvilket is\u00e6r er vigtigt ved bagning af frosne produkter, \u00e5bn spj\u00e6ldet for at fjerne fugt fra ovnkammeret.<\/p>\n                                <\/div>\r\n                            <\/div>\r\n\r\n                        <\/div>\r\n                                            <div class=\"mtt-accordion__accordion\">\r\n\r\n                            <div class=\"mtt-accordion__accordion-title\">\r\n                                <p>Hvorfor popper mine sv\u00e6r ikke?<\/p>\r\n                            <\/div>\r\n\r\n                            <div class=\"mtt-accordion__accordion-content\">\r\n                                <div class=\"mtt-accordion__accordion-content-inner\">\r\n                                    <p>For at opn\u00e5 spr\u00f8de sv\u00e6r, \u00e5ben spj\u00e6ldet for at fjerne fugt i ovnkammeret. Dette er ogs\u00e5 relevant, n\u00e5r der bages br\u00f8d for at sikre en spr\u00f8d skorpe.<\/p>\n                                <\/div>\r\n                            <\/div>\r\n\r\n                        <\/div>\r\n                                            <div class=\"mtt-accordion__accordion\">\r\n\r\n                            <div class=\"mtt-accordion__accordion-title\">\r\n                                <p>Kan ovnen bruges til sous-vide?<\/p>\r\n                            <\/div>\r\n\r\n                            <div class=\"mtt-accordion__accordion-content\">\r\n                                <div class=\"mtt-accordion__accordion-content-inner\">\r\n                                    <p>Ja det er muligt at anvende teknikken sous-vide i en HOUN\u00d6 kombiovn, idet ovnen leverer pr\u00e6cise temperaturer.<\/p>\n<p>Inds\u00e6t det \u00f8nskede produkt i en vakuum pose med forsegling, l\u00e6g posen i ovnen, v\u00e6lg programmet CombiSmart med 30% luftfugtighed.<\/p>\n                                <\/div>\r\n                            <\/div>\r\n\r\n                        <\/div>\r\n                                            <div class=\"mtt-accordion__accordion\">\r\n\r\n                            <div class=\"mtt-accordion__accordion-title\">\r\n                                <p>Hvordan bruger jeg Total Fan Control?<\/p>\r\n                            <\/div>\r\n\r\n                            <div class=\"mtt-accordion__accordion-content\">\r\n                                <div class=\"mtt-accordion__accordion-content-inner\">\r\n                                    <p>N\u00e5r du anvender funktionen Total Fan Control, styrer du ovnens bl\u00e6sehastighed. V\u00e6lg mellem 9 hastigheder.<\/p>\n<p>Lav bl\u00e6sehastighed er ideelt til bagning af vandbakkelser, marengs, souffl\u00e9 samt langtidsstegning af k\u00f8d.<\/p>\n<p>Medium bl\u00e6sehastighed er ideelt til bagning af kager, croissanter, laks og til anvendelsen af teknikken sous-vide.<\/p>\n<p>H\u00f8j bl\u00e6sehastighed bruges prim\u00e6rt til gr\u00f8ntsager, br\u00f8d, kylling etc., hvor en spr\u00f8d skorpe eller overflade er et must.<\/p>\n                                <\/div>\r\n                            <\/div>\r\n\r\n                        <\/div>\r\n                                                                <\/div>\r\n\r\n        <\/div>\r\n    <\/div>\r\n<\/section>\n\n<div class=\"wp-text-block page_container styled-text\"><div class=\"wp-text-block__inner\">\n<p><\/p>\n<\/div><\/div>\n\n<div class=\"wp-text-block page_container styled-text\"><div class=\"wp-text-block__inner\">\n<h2 class=\"wp-block-heading\">Andre FAQ<\/h2>\n<\/div><\/div>\n\n<div class=\"style light_blue\">\r\n<section class=\"mtt-support-boxes spacing_top_56 spacing_bottom_184 spacing-classes-added\">\r\n    <div class=\"mtt-support-boxes__inner page_container\">\r\n        <div class=\"mtt-support-boxes__wrap\">\r\n                                                <div class=\"mtt-support-boxes__box background_element\">\r\n\r\n                                                    <div class=\"mtt-support-boxes__box-icon\">\r\n                                <img loading=\"lazy\" decoding=\"async\" width=\"50\" height=\"50\" src=\"https:\/\/houno.com\/wp-content\/uploads\/2021\/08\/Detergent_istock_black-1-e1628681428292.png\" class=\"attachment-170x100x size-170x100x\" alt=\"\" \/>                            <\/div>\r\n                        \r\n                        <div class=\"mtt-support-boxes__box-title\">\r\n                                                            Reng\u00f8ringsmidler                                                    <\/div>\r\n\r\n                        <div class=\"mtt-support-boxes__box-text\">\r\n                                                    <\/div>\r\n\r\n                        <div class=\"mtt-support-boxes__button border_element\">\r\n\t                        \t\t                            <a href=\"https:\/\/houno.com\/da\/support\/faq\/faq-rengoringsmidler\/\" class=\"button dash\">\r\n\t\t\t                            FAQ Reng\u00f8ringsmidler\t\t                            <\/a>\r\n\t\t                                                    <\/div>\r\n\r\n                    <\/div>\r\n                                    <div class=\"mtt-support-boxes__box background_element\">\r\n\r\n                                                    <div class=\"mtt-support-boxes__box-icon\">\r\n                                <img loading=\"lazy\" decoding=\"async\" width=\"48\" height=\"48\" src=\"https:\/\/houno.com\/wp-content\/uploads\/2021\/08\/outline_water_drop_black_24dp.png\" class=\"attachment-170x100x size-170x100x\" alt=\"\" \/>                            <\/div>\r\n                        \r\n                        <div class=\"mtt-support-boxes__box-title\">\r\n                                                            Vandfiltre                                                    <\/div>\r\n\r\n                        <div class=\"mtt-support-boxes__box-text\">\r\n                                                    <\/div>\r\n\r\n                        <div class=\"mtt-support-boxes__button border_element\">\r\n\t                        \t\t                            <a href=\"https:\/\/houno.com\/da\/faq\/faq-vandfiltre\/\" class=\"button dash\">\r\n\t\t\t                            FAQ vandfiltre\t\t                            <\/a>\r\n\t\t                                                    <\/div>\r\n\r\n                    <\/div>\r\n                                    <div class=\"mtt-support-boxes__box background_element\">\r\n\r\n                                                    <div class=\"mtt-support-boxes__box-icon\">\r\n                                <img loading=\"lazy\" decoding=\"async\" width=\"48\" height=\"48\" src=\"https:\/\/houno.com\/wp-content\/uploads\/2021\/08\/outline_view_headline_black_24dp.png\" class=\"attachment-170x100x size-170x100x\" alt=\"\" \/>                            <\/div>\r\n                        \r\n                        <div class=\"mtt-support-boxes__box-title\">\r\n                                                            Kantiner og plader                                                    <\/div>\r\n\r\n                        <div class=\"mtt-support-boxes__box-text\">\r\n                                                    <\/div>\r\n\r\n                        <div class=\"mtt-support-boxes__button border_element\">\r\n\t                        \t\t                            <a href=\"https:\/\/houno.com\/da\/faq\/faq-kantiner-og-plader\/\" class=\"button dash\">\r\n\t\t\t                            FAQ Kantiner og plader\t\t                            <\/a>\r\n\t\t                                                    <\/div>\r\n\r\n                    <\/div>\r\n                                    <div class=\"mtt-support-boxes__box background_element\">\r\n\r\n                                                    <div class=\"mtt-support-boxes__box-icon\">\r\n                                <img loading=\"lazy\" decoding=\"async\" width=\"48\" height=\"48\" src=\"https:\/\/houno.com\/wp-content\/uploads\/2021\/08\/outline_cloud_black_24dp.png\" class=\"attachment-170x100x size-170x100x\" alt=\"\" \/>                            <\/div>\r\n                        \r\n                        <div class=\"mtt-support-boxes__box-title\">\r\n                                                            Generelle sp\u00f8rgsm\u00e5l                                                    <\/div>\r\n\r\n                        <div class=\"mtt-support-boxes__box-text\">\r\n                                                    <\/div>\r\n\r\n                        <div class=\"mtt-support-boxes__button border_element\">\r\n\t                        \t\t                            <a href=\"https:\/\/houno.com\/da\/kontakt\/\" class=\"button dash\" target=\"_blank\">\r\n\t\t\t                            Kontakt os\t\t                            <\/a>\r\n\t\t                                                    <\/div>\r\n\r\n                    <\/div>\r\n                                        \r\n        <\/div>\r\n    <\/div>\r\n<\/section><\/div>","protected":false},"excerpt":{"rendered":"<p>Andre FAQ<\/p>\n","protected":false},"author":2,"featured_media":0,"parent":11134,"menu_order":0,"comment_status":"closed","ping_status":"closed","template":"","meta":{"_acf_changed":false,"_relevanssi_hide_post":"","_relevanssi_hide_content":"","_relevanssi_pin_for_all":"","_relevanssi_pin_keywords":"","_relevanssi_unpin_keywords":"","_relevanssi_related_keywords":"","_relevanssi_related_include_ids":"","_relevanssi_related_exclude_ids":"","_relevanssi_related_no_append":"","_relevanssi_related_not_related":"","_relevanssi_related_posts":"1117,1124,1122,1135,1113,1133","_relevanssi_noindex_reason":"","footnotes":""},"class_list":["post-11184","page","type-page","status-publish","hentry"],"acf":[],"yoast_head":"<!-- This site is optimized with the Yoast SEO Premium plugin v27.5 (Yoast SEO v27.5) - https:\/\/yoast.com\/product\/yoast-seo-premium-wordpress\/ -->\n<title>FAQ kombiovne | F\u00e5 svarene p\u00e5 alle dine sp\u00f8rgsm\u00e5l her | HOUN\u00d6<\/title>\n<meta name=\"robots\" content=\"index, follow, max-snippet:-1, max-image-preview:large, max-video-preview:-1\" \/>\n<link rel=\"canonical\" href=\"https:\/\/houno.com\/da\/support\/faq\/faq-kombiovne\/\" \/>\n<meta property=\"og:locale\" content=\"da_DK\" \/>\n<meta property=\"og:type\" content=\"article\" \/>\n<meta property=\"og:title\" content=\"FAQ Kombiovne\" \/>\n<meta property=\"og:description\" content=\"Andre FAQ\" \/>\n<meta property=\"og:url\" content=\"https:\/\/houno.com\/da\/support\/faq\/faq-kombiovne\/\" \/>\n<meta property=\"og:site_name\" content=\"HOUN\u00d6\" \/>\n<meta property=\"article:publisher\" content=\"https:\/\/www.facebook.com\/hounocombi\" \/>\n<meta property=\"article:modified_time\" content=\"2022-11-04T09:13:24+00:00\" \/>\n<meta name=\"twitter:card\" content=\"summary_large_image\" \/>\n<meta name=\"twitter:label1\" content=\"Estimeret l\u00e6setid\" \/>\n\t<meta name=\"twitter:data1\" content=\"1 minut\" \/>\n<script type=\"application\/ld+json\" class=\"yoast-schema-graph\">{\"@context\":\"https:\\\/\\\/schema.org\",\"@graph\":[{\"@type\":\"WebPage\",\"@id\":\"https:\\\/\\\/houno.com\\\/da\\\/support\\\/faq\\\/faq-kombiovne\\\/\",\"url\":\"https:\\\/\\\/houno.com\\\/da\\\/support\\\/faq\\\/faq-kombiovne\\\/\",\"name\":\"FAQ kombiovne | F\u00e5 svarene p\u00e5 alle dine sp\u00f8rgsm\u00e5l her | HOUN\u00d6\",\"isPartOf\":{\"@id\":\"https:\\\/\\\/houno.com\\\/da\\\/#website\"},\"datePublished\":\"2021-09-27T13:26:56+00:00\",\"dateModified\":\"2022-11-04T09:13:24+00:00\",\"breadcrumb\":{\"@id\":\"https:\\\/\\\/houno.com\\\/da\\\/support\\\/faq\\\/faq-kombiovne\\\/#breadcrumb\"},\"inLanguage\":\"da-DK\",\"potentialAction\":[{\"@type\":\"ReadAction\",\"target\":[\"https:\\\/\\\/houno.com\\\/da\\\/support\\\/faq\\\/faq-kombiovne\\\/\"]}]},{\"@type\":\"BreadcrumbList\",\"@id\":\"https:\\\/\\\/houno.com\\\/da\\\/support\\\/faq\\\/faq-kombiovne\\\/#breadcrumb\",\"itemListElement\":[{\"@type\":\"ListItem\",\"position\":1,\"name\":\"Home\",\"item\":\"https:\\\/\\\/houno.com\\\/da\\\/\"},{\"@type\":\"ListItem\",\"position\":2,\"name\":\"Support\",\"item\":\"https:\\\/\\\/houno.com\\\/da\\\/support\\\/\"},{\"@type\":\"ListItem\",\"position\":3,\"name\":\"FAQ\",\"item\":\"https:\\\/\\\/houno.com\\\/da\\\/support\\\/faq\\\/\"},{\"@type\":\"ListItem\",\"position\":4,\"name\":\"FAQ Kombiovne\"}]},{\"@type\":\"WebSite\",\"@id\":\"https:\\\/\\\/houno.com\\\/da\\\/#website\",\"url\":\"https:\\\/\\\/houno.com\\\/da\\\/\",\"name\":\"HOUN\u00d6\",\"description\":\"Premium commercial combi and bake ovens manufacturer aims for making service simple, smart and efficient\",\"publisher\":{\"@id\":\"https:\\\/\\\/houno.com\\\/da\\\/#organization\"},\"potentialAction\":[{\"@type\":\"SearchAction\",\"target\":{\"@type\":\"EntryPoint\",\"urlTemplate\":\"https:\\\/\\\/houno.com\\\/da\\\/?s={search_term_string}\"},\"query-input\":{\"@type\":\"PropertyValueSpecification\",\"valueRequired\":true,\"valueName\":\"search_term_string\"}}],\"inLanguage\":\"da-DK\"},{\"@type\":\"Organization\",\"@id\":\"https:\\\/\\\/houno.com\\\/da\\\/#organization\",\"name\":\"HOUN\u00d6\",\"url\":\"https:\\\/\\\/houno.com\\\/da\\\/\",\"logo\":{\"@type\":\"ImageObject\",\"inLanguage\":\"da-DK\",\"@id\":\"https:\\\/\\\/houno.com\\\/da\\\/#\\\/schema\\\/logo\\\/image\\\/\",\"url\":\"https:\\\/\\\/houno.com\\\/wp-content\\\/uploads\\\/2021\\\/08\\\/cropped-Houno\u00a6e_id_logo-black-e1634730012288.png\",\"contentUrl\":\"https:\\\/\\\/houno.com\\\/wp-content\\\/uploads\\\/2021\\\/08\\\/cropped-Houno\u00a6e_id_logo-black-e1634730012288.png\",\"width\":250,\"height\":59,\"caption\":\"HOUN\u00d6\"},\"image\":{\"@id\":\"https:\\\/\\\/houno.com\\\/da\\\/#\\\/schema\\\/logo\\\/image\\\/\"},\"sameAs\":[\"https:\\\/\\\/www.facebook.com\\\/hounocombi\",\"https:\\\/\\\/www.linkedin.com\\\/company\\\/houno\\\/\"]}]}<\/script>\n<!-- \/ Yoast SEO Premium plugin. -->","yoast_head_json":{"title":"FAQ kombiovne | F\u00e5 svarene p\u00e5 alle dine sp\u00f8rgsm\u00e5l her | HOUN\u00d6","robots":{"index":"index","follow":"follow","max-snippet":"max-snippet:-1","max-image-preview":"max-image-preview:large","max-video-preview":"max-video-preview:-1"},"canonical":"https:\/\/houno.com\/da\/support\/faq\/faq-kombiovne\/","og_locale":"da_DK","og_type":"article","og_title":"FAQ Kombiovne","og_description":"Andre FAQ","og_url":"https:\/\/houno.com\/da\/support\/faq\/faq-kombiovne\/","og_site_name":"HOUN\u00d6","article_publisher":"https:\/\/www.facebook.com\/hounocombi","article_modified_time":"2022-11-04T09:13:24+00:00","twitter_card":"summary_large_image","twitter_misc":{"Estimeret l\u00e6setid":"1 minut"},"schema":{"@context":"https:\/\/schema.org","@graph":[{"@type":"WebPage","@id":"https:\/\/houno.com\/da\/support\/faq\/faq-kombiovne\/","url":"https:\/\/houno.com\/da\/support\/faq\/faq-kombiovne\/","name":"FAQ kombiovne | F\u00e5 svarene p\u00e5 alle dine sp\u00f8rgsm\u00e5l her | HOUN\u00d6","isPartOf":{"@id":"https:\/\/houno.com\/da\/#website"},"datePublished":"2021-09-27T13:26:56+00:00","dateModified":"2022-11-04T09:13:24+00:00","breadcrumb":{"@id":"https:\/\/houno.com\/da\/support\/faq\/faq-kombiovne\/#breadcrumb"},"inLanguage":"da-DK","potentialAction":[{"@type":"ReadAction","target":["https:\/\/houno.com\/da\/support\/faq\/faq-kombiovne\/"]}]},{"@type":"BreadcrumbList","@id":"https:\/\/houno.com\/da\/support\/faq\/faq-kombiovne\/#breadcrumb","itemListElement":[{"@type":"ListItem","position":1,"name":"Home","item":"https:\/\/houno.com\/da\/"},{"@type":"ListItem","position":2,"name":"Support","item":"https:\/\/houno.com\/da\/support\/"},{"@type":"ListItem","position":3,"name":"FAQ","item":"https:\/\/houno.com\/da\/support\/faq\/"},{"@type":"ListItem","position":4,"name":"FAQ Kombiovne"}]},{"@type":"WebSite","@id":"https:\/\/houno.com\/da\/#website","url":"https:\/\/houno.com\/da\/","name":"HOUN\u00d6","description":"Premium commercial combi and bake ovens manufacturer aims for making service simple, smart and efficient","publisher":{"@id":"https:\/\/houno.com\/da\/#organization"},"potentialAction":[{"@type":"SearchAction","target":{"@type":"EntryPoint","urlTemplate":"https:\/\/houno.com\/da\/?s={search_term_string}"},"query-input":{"@type":"PropertyValueSpecification","valueRequired":true,"valueName":"search_term_string"}}],"inLanguage":"da-DK"},{"@type":"Organization","@id":"https:\/\/houno.com\/da\/#organization","name":"HOUN\u00d6","url":"https:\/\/houno.com\/da\/","logo":{"@type":"ImageObject","inLanguage":"da-DK","@id":"https:\/\/houno.com\/da\/#\/schema\/logo\/image\/","url":"https:\/\/houno.com\/wp-content\/uploads\/2021\/08\/cropped-Houno\u00a6e_id_logo-black-e1634730012288.png","contentUrl":"https:\/\/houno.com\/wp-content\/uploads\/2021\/08\/cropped-Houno\u00a6e_id_logo-black-e1634730012288.png","width":250,"height":59,"caption":"HOUN\u00d6"},"image":{"@id":"https:\/\/houno.com\/da\/#\/schema\/logo\/image\/"},"sameAs":["https:\/\/www.facebook.com\/hounocombi","https:\/\/www.linkedin.com\/company\/houno\/"]}]}},"_links":{"self":[{"href":"https:\/\/houno.com\/da\/wp-json\/wp\/v2\/pages\/11184","targetHints":{"allow":["GET"]}}],"collection":[{"href":"https:\/\/houno.com\/da\/wp-json\/wp\/v2\/pages"}],"about":[{"href":"https:\/\/houno.com\/da\/wp-json\/wp\/v2\/types\/page"}],"author":[{"embeddable":true,"href":"https:\/\/houno.com\/da\/wp-json\/wp\/v2\/users\/2"}],"replies":[{"embeddable":true,"href":"https:\/\/houno.com\/da\/wp-json\/wp\/v2\/comments?post=11184"}],"version-history":[{"count":0,"href":"https:\/\/houno.com\/da\/wp-json\/wp\/v2\/pages\/11184\/revisions"}],"up":[{"embeddable":true,"href":"https:\/\/houno.com\/da\/wp-json\/wp\/v2\/pages\/11134"}],"wp:attachment":[{"href":"https:\/\/houno.com\/da\/wp-json\/wp\/v2\/media?parent=11184"}],"curies":[{"name":"wp","href":"https:\/\/api.w.org\/{rel}","templated":true}]}}